{"id":6129,"date":"2022-02-22T06:44:59","date_gmt":"2022-02-22T05:44:59","guid":{"rendered":"https:\/\/fengchashop.com\/cz\/product\/shiitake-lentinula-edodes-bio-125-g\/"},"modified":"2026-05-05T13:29:14","modified_gmt":"2026-05-05T11:29:14","slug":"shiitake-lentinula-edodes-bio-eu-puvod","status":"publish","type":"product","link":"https:\/\/fengchashop.com\/cz\/product\/shiitake-lentinula-edodes-bio-eu-puvod\/","title":{"rendered":"Shiitake (Lentinula edodes) BIO EU p\u016fvod 125 g"},"content":{"rendered":"<h2><span style=\"color: #000000\">\u0160itake (Lentinula edodes) BIO pr\u00e1\u0161ek<\/span><\/h2>\n<p><span style=\"color: #000000\">Lentinula edodes neboli shiitake je jednou z nejd\u016fle\u017eit\u011bj\u0161\u00edch l\u00e9\u010div\u00fdch hub v tradi\u010dn\u00ed \u010d\u00ednsk\u00e9 medic\u00edn\u011b. Pou\u017e\u00edv\u00e1 se zde ji\u017e nejm\u00e9n\u011b 2000 let a \u010dasto se o n\u00ed mluv\u00ed jako o &#8222;kr\u00e1lovn\u011b hub&#8220;. Pou\u017e\u00edv\u00e1 se tak\u00e9 v cel\u00e9 asijsk\u00e9 kuchyni. \u010cesky se mu \u0159\u00edk\u00e1 <strong>hou\u017eevnatec jedl\u00fd<\/strong>.<\/span><\/p>\n<p><span style=\"color: #000000\">Ve form\u011b pr\u00e1\u0161ku obsahuje shiitake mnoho \u017eivin a jeho pozitivn\u00ed \u00fa\u010dinky byly v\u011bdecky prok\u00e1z\u00e1ny. Studie v r\u016fzn\u00fdch zem\u00edch sv\u011bta zjistily mnoho p\u0159\u00edzniv\u00fdch \u00fa\u010dink\u016f spojen\u00fdch s pravidelnou konzumac\u00ed hub shiitake. Zejm\u00e9na <strong>posiluje imunitn\u00ed syst\u00e9m a p\u016fsob\u00ed preventivn\u011b proti \u0159ad\u011b onemocn\u011bn\u00ed vnit\u0159n\u00edch org\u00e1n\u016f<\/strong>.<\/span><\/p>\n<p><span style=\"color: #000000\">Houby shiitake jsou \u010dasto p\u0159edm\u011btem v\u00fdzkumu kv\u016fli sv\u00fdm <strong>antivirov\u00fdm \u00fa\u010dink\u016fm, pozitivn\u00edm \u00fa\u010dink\u016fm na j\u00e1tra a sni\u017eov\u00e1n\u00ed hladiny cukru v krvi<\/strong>.<\/span><\/p>\n<p><span style=\"color: #000000\">Produkce na\u0161\u00ed houby Lentinula edodes je p\u0159\u00edsn\u011b kontrolov\u00e1na, bez pou\u017eit\u00ed chemik\u00e1li\u00ed a pesticid\u016f a <strong>100% ekologick\u00e1<\/strong>. Kvalitu hub pravideln\u011b kontroluj\u00ed nez\u00e1visl\u00e9 laborato\u0159e ve Slovinsku a USA.<\/span><\/p>\n<h2><span style=\"color: #000000\">Co obsahuje a pro koho je ur\u010dena?<\/span><\/h2>\n<p><span style=\"color: #000000\">Houby shiitake obsahuj\u00ed aminokyseliny (isoleucin, leucin, lysin, methionin, fenylalanin, threonin a valin), vitaminy (B1, B2, B12), miner\u00e1ln\u00ed soli (drasl\u00edk, v\u00e1pn\u00edk, fosfor, \u017eelezo a zinek), polysacharidy (nejd\u016fle\u017eit\u011bj\u0161\u00ed je \u03b2-glukan lentinan) a dal\u0161\u00ed antioxidanty. Z tohoto d\u016fvodu se houba doporu\u010duje i vegetari\u00e1n\u016fm a vegan\u016fm, proto\u017ee je bohat\u00fdm zdrojem b\u00edlkovin s esenci\u00e1ln\u00edmi aminokyselinami, vitam\u00edny, miner\u00e1ly atd.<\/span><\/p>\n<p><span style=\"color: #000000\">Houby shiitake <strong>se vyzna\u010duj\u00ed slou\u010deninou lentinin<\/strong>, kter\u00e1 je pova\u017eov\u00e1na za antivirovou a protirakovinnou l\u00e1tku. Lentinin je komplexn\u00ed polysacharid, kter\u00fd je <strong>pova\u017eov\u00e1n za imunitn\u00ed stimulant<\/strong> a je sou\u010d\u00e1st\u00ed n\u011bkolika p\u0159\u00edrodn\u00edch dopl\u0148k\u016f stravy na podporu imunity (beta-1,3-glukan).<\/span><\/p>\n<p><span style=\"color: #000000\">V\u0161echny prvky v houb\u011b jsou p\u0159\u00edtomny ve velk\u00e9m mno\u017estv\u00ed a maj\u00ed velmi pozitivn\u00ed vliv na n\u00e1\u0161 organismus.<\/span><\/p>\n<p><span style=\"color: #000000\">Spolu s pestrobarevnou ploskoh\u0159betkou (Trametes versicolor) je \u0161iitake <strong>jednou z nejstudovan\u011bj\u0161\u00edch hub<\/strong>, kter\u00e1 se t\u011b\u0161\u00ed velk\u00e9 oblib\u011b d\u00edky mnoha farmakologicky \u00fa\u010dinn\u00fdm l\u00e1tk\u00e1m. Jej\u00ed l\u00e9\u010div\u00e9 \u00fa\u010dinky byly rovn\u011b\u017e v\u011bdecky prok\u00e1z\u00e1ny. Pou\u017e\u00edv\u00e1 se p\u0159edev\u0161\u00edm proti r\u016fzn\u00fdm druh\u016fm rakoviny a k regulaci cholesterolu.<\/span><\/p>\n<p><span style=\"color: #000000\">D\u00edky sv\u00e9mu slo\u017een\u00ed m\u00e1 neuv\u011b\u0159iteln\u011b \u0161irokou \u0161k\u00e1lu \u00fa\u010dink\u016f:<\/span><\/p>\n<p><span style=\"color: #000000\"> \ud83d\udc9a protirakovinn\u00e9 a protin\u00e1dorov\u00e9 vlastnosti,<\/span><br \/>\n<span style=\"color: #000000\"> <strong> \ud83d\udc9a posiluje imunitn\u00ed syst\u00e9m,<\/strong><\/span><br \/>\n<span style=\"color: #000000\"> <strong> \ud83d\udc9a sni\u017euje krevn\u00ed tlak, hladinu cholesterolu a cukru,<\/strong><\/span><br \/>\n<span style=\"color: #000000\"> \ud83d\udc9a <strong>antioxida\u010dn\u00ed a protiz\u00e1n\u011btliv\u00fd<\/strong>,<\/span><br \/>\n<span style=\"color: #000000\"> <strong> \ud83d\udc9a zabra\u0148uje r\u016fstu bakteri\u00e1ln\u00edch a virov\u00fdch infekc\u00ed,<\/strong><\/span><br \/>\n<span style=\"color: #000000\"> \ud83d\udc9a pom\u00e1h\u00e1 p\u0159i <strong>bronchitid\u011b<\/strong> a <strong>alergi\u00edch<\/strong>,<\/span><br \/>\n<span style=\"color: #000000\"> \ud83d\udc9a v kombinaci s b\u011b\u017enou chemoterapi\u00ed nab\u00edz\u00ed pacient\u016fm s rakovinou del\u0161\u00ed a kvalitn\u011bj\u0161\u00ed \u017eivot.<\/span><\/p>\n<p><span style=\"color: #000000\">A co je nesm\u00edrn\u011b d\u016fle\u017eit\u00e9, houba shiitake <strong>je 100% p\u0159\u00edrodn\u00ed produkt<\/strong>, kter\u00fd n\u00e1m m\u016f\u017ee pomoci p\u0159irozen\u00fdm zp\u016fsobem. Zlep\u0161uje p\u0159\u00edznaky na\u0161ich probl\u00e9m\u016f a m\u00e1 pozitivn\u00ed vliv na na\u0161i celkovou pohodu.<\/span><\/p>\n<h2><span style=\"color: #000000\">Pro\u010d zrovna houby?<\/span><\/h2>\n<p><span style=\"color: #000000\">Houby jsou velmi zaj\u00edmav\u00e9. Nejsou to ani rostliny, ani \u017eivo\u010dichov\u00e9, ale a\u0165 u\u017e jsou \u010d\u00edmkoli, jsou to rozhodn\u011b neuv\u011b\u0159iteln\u00e9 organismy, kter\u00e9 dok\u00e1zaly p\u0159e\u017e\u00edt vlastn\u011b t\u00e9m\u011b\u0159 od po\u010d\u00e1tku sv\u011bta. Vyvinuli si zvl\u00e1\u0161tn\u00ed strategii p\u0159e\u017eit\u00ed, kter\u00e1 jim vydr\u017eela dodnes. Tyto v\u00fdhody m\u016f\u017eeme vyu\u017e\u00edvat i my lid\u00e9, a to konzumac\u00ed l\u00e9\u010div\u00fdch hub. P\u0159in\u00e1\u0161ej\u00ed n\u00e1m rovnov\u00e1hu na fyzick\u00e9 \u00farovni a chr\u00e1n\u00ed n\u00e1s p\u0159ed mnoha nemocemi. Mohou b\u00fdt <strong>preventivn\u00edm<\/strong> nebo <strong>podp\u016frn\u00fdm l\u00e9\u010debn\u00fdm<\/strong> prost\u0159edkem u mnoha (modern\u00edch) nemoc\u00ed, a\u0165 u\u017e konven\u010dn\u00edch nebo jinak netradi\u010dn\u00edch. Tradi\u010dn\u011b se houb\u00e1m p\u0159isuzuj\u00ed \u00fa\u010dinky v p\u0159\u00edpadech rakoviny, autoimunitn\u00edch onemocn\u011bn\u00ed a alergi\u00ed. Jsou tak\u00e9 dobr\u00e9 pro zdravou a silnou reakci imunitn\u00edho syst\u00e9mu. L\u00e9ka\u0159sk\u00e9 v\u00fdzkumy prov\u00e1d\u011bn\u00e9 v posledn\u00edch desetilet\u00edch, kdy se houby dostaly do pop\u0159ed\u00ed z\u00e1jmu z\u00e1padn\u00edho sv\u011bta, v\u0161ak potvrdily mnoh\u00e9 jejich l\u00e9\u010debn\u00e9 \u00fa\u010dinky.<\/span><\/p>\n<p><span style=\"color: #000000\">Vzhledem k tomu, \u017ee n\u011bkter\u00e9 p\u0159\u00edrodn\u00ed \u00fa\u010dinn\u00e9 l\u00e1tky jsou pro n\u00e1s nestraviteln\u00e9 nebo obt\u00ed\u017en\u011b straviteln\u00e9, je velmi d\u016fle\u017eit\u00e9 konzumovat pouze ty nejlep\u0161\u00ed houbov\u00e9 pr\u00e1\u0161ky. Houby mus\u00ed b\u00fdt spr\u00e1vn\u011b vyp\u011bstov\u00e1ny, usu\u0161eny a p\u0159ipraveny. Mus\u00ed b\u00fdt rozemlet\u00e9 na jemn\u00fd pr\u00e1\u0161ek bez kousk\u016f. Barva pr\u00e1\u0161ku je sv\u011btlej\u0161\u00ed, ale jinak z\u00e1le\u017e\u00ed tak\u00e9 na druhu konzumovan\u00e9 houby. Jeliko\u017e jsou houby tak \u00fa\u010dinn\u00e9 pr\u00e1v\u011b proto, \u017ee maj\u00ed schopnost absorbovat z prost\u0159ed\u00ed v\u0161e dobr\u00e9 i \u0161patn\u00e9, je d\u016fle\u017eit\u00e9 pou\u017e\u00edvat ekologicky p\u011bstovan\u00e9 houby.<\/span><\/p>\n<h2><span style=\"color: #000000\">Balen\u00ed<\/span><\/h2>\n<p><span style=\"color: #000000\">Neprody\u0161n\u00fd s\u00e1\u010dek na zip, ve kter\u00e9m si v\u00fdrobek uchov\u00e1 ve\u0161kerou \u010derstvost a v\u016fni. Obal chr\u00e1n\u00ed v\u00fdrobek p\u0159ed sv\u011btlem a vzduchem, proto\u017ee se skl\u00e1d\u00e1 z n\u011bkolika ochrann\u00fdch vrstev, kter\u00e9 zachov\u00e1vaj\u00ed vlastnosti obsahu.<\/span><\/p>\n<p><span style=\"color: #000000\">Obal je velmi praktick\u00fd a recyklovateln\u00fd.<\/span><\/p>\n<h2><span style=\"color: #000000\">Skladov\u00e1n\u00ed a varov\u00e1n\u00ed<\/span><\/h2>\n<p><span style=\"color: #000000\">Skladujte na chladn\u00e9m a such\u00e9m m\u00edst\u011b. Dopln\u011bk stravy uchov\u00e1vejte mimo dosah d\u011bt\u00ed!<\/span><\/p>\n<p><span style=\"color: #000000\">Nezapom\u00ednejte na d\u016fle\u017eitost pestr\u00e9 stravy a zdrav\u00e9ho \u017eivotn\u00edho stylu, dopln\u011bk stravy proto nenahrazuje vyv\u00e1\u017eenou a pestrou stravu. Doporu\u010den\u00e9 denn\u00ed mno\u017estv\u00ed nebo d\u00e1vka by nem\u011bly b\u00fdt p\u0159ekro\u010deny. T\u011bhotn\u00fdm a koj\u00edc\u00edm \u017een\u00e1m se v\u017edy doporu\u010duje, aby se p\u0159ed pou\u017eit\u00edm p\u0159\u00edpravku poradily s l\u00e9ka\u0159em.<\/span><\/p>\n<h2><span style=\"color: #000000\">Dobr\u00e9 v\u011bd\u011bt<\/span><\/h2>\n<p><span style=\"color: #000000\">V\u00fdrobek je vhodn\u00fd i pro zv\u00ed\u0159ata. L\u00e9\u010div\u00e9 houby jsou ve v\u011bt\u0161in\u011b p\u0159\u00edpad\u016f velmi \u00fa\u010dinn\u00e9 p\u0159i posilov\u00e1n\u00ed imunitn\u00edho syst\u00e9mu, odstra\u0148ov\u00e1n\u00ed alergi\u00ed a ko\u017en\u00edch onemocn\u011bn\u00ed, stejn\u011b jako virov\u00fdch a bakteri\u00e1ln\u00edch infekc\u00ed. P\u0159ed pou\u017eit\u00edm se pora\u010fte se sv\u00fdm veterin\u00e1rn\u00edm l\u00e9ka\u0159em o vhodnosti u\u017e\u00edv\u00e1n\u00ed a doporu\u010den\u00e9m denn\u00edm mno\u017estv\u00ed.<\/span><\/p>\n<h2><span style=\"color: #000000\">P\u016fvod<\/span><\/h2>\n<p><span style=\"color: #000000\">EU<\/span><\/p>\n","protected":false},"excerpt":{"rendered":"<p>Lentinula edodes (hou\u017eevnatec jedl\u00fd) neboli shiitake je jednou z nejd\u016fle\u017eit\u011bj\u0161\u00edch l\u00e9\u010div\u00fdch hub v tradi\u010dn\u00ed \u010d\u00ednsk\u00e9 medic\u00edn\u011b. Pou\u017e\u00edv\u00e1 se tam ji\u017e nejm\u00e9n\u011b 2000 let a \u010dasto se o n\u00ed mluv\u00ed jako o &#8222;kr\u00e1lovn\u011b hub&#8220;, proto\u017ee:<\/p>\n<p>\ud83d\udc9a m\u00e1 protirakovinn\u00e9 a protin\u00e1dorov\u00e9 vlastnosti,<br \/>\n\ud83d\udc9a posiluje imunitn\u00ed syst\u00e9m,<br \/>\n\ud83d\udc9a sni\u017euje krevn\u00ed tlak, hladinu cholesterolu a cukru,<br \/>\n\ud83d\udc9a je antioxida\u010dn\u00ed a protiz\u00e1n\u011btliv\u00fd,<br \/>\n\ud83d\udc9a zabra\u0148uje r\u016fstu bakteri\u00e1ln\u00edch a virov\u00fdch infekc\u00ed.<\/p>\n","protected":false},"featured_media":5989,"comment_status":"open","ping_status":"closed","template":"","meta":{"_acf_changed":false},"product_brand":[],"product_cat":[15,229,226,227],"product_tag":[],"class_list":{"0":"post-6129","1":"product","2":"type-product","3":"status-publish","4":"has-post-thumbnail","6":"product_cat-uncategorized","7":"product_cat-lecive-houby","8":"product_cat-nabidka","9":"product_cat-vsechny-produkty","11":"first","12":"instock","13":"taxable","14":"shipping-taxable","15":"purchasable","16":"product-type-simple"},"acf":[],"_links":{"self":[{"href":"https:\/\/fengchashop.com\/cz\/wp-json\/wp\/v2\/product\/6129","targetHints":{"allow":["GET"]}}],"collection":[{"href":"https:\/\/fengchashop.com\/cz\/wp-json\/wp\/v2\/product"}],"about":[{"href":"https:\/\/fengchashop.com\/cz\/wp-json\/wp\/v2\/types\/product"}],"replies":[{"embeddable":true,"href":"https:\/\/fengchashop.com\/cz\/wp-json\/wp\/v2\/comments?post=6129"}],"wp:featuredmedia":[{"embeddable":true,"href":"https:\/\/fengchashop.com\/cz\/wp-json\/wp\/v2\/media\/5989"}],"wp:attachment":[{"href":"https:\/\/fengchashop.com\/cz\/wp-json\/wp\/v2\/media?parent=6129"}],"wp:term":[{"taxonomy":"product_brand","embeddable":true,"href":"https:\/\/fengchashop.com\/cz\/wp-json\/wp\/v2\/product_brand?post=6129"},{"taxonomy":"product_cat","embeddable":true,"href":"https:\/\/fengchashop.com\/cz\/wp-json\/wp\/v2\/product_cat?post=6129"},{"taxonomy":"product_tag","embeddable":true,"href":"https:\/\/fengchashop.com\/cz\/wp-json\/wp\/v2\/product_tag?post=6129"}],"curies":[{"name":"wp","href":"https:\/\/api.w.org\/{rel}","templated":true}]}}