{"id":6128,"date":"2022-02-11T22:23:40","date_gmt":"2022-02-11T21:23:40","guid":{"rendered":"https:\/\/fengchashop.com\/cz\/product\/sibirsky-zensen-v-prasku-bio-250-g\/"},"modified":"2026-04-30T22:16:35","modified_gmt":"2026-04-30T20:16:35","slug":"sibirsky-zensen-v-prasku-bio","status":"publish","type":"product","link":"https:\/\/fengchashop.com\/cz\/product\/sibirsky-zensen-v-prasku-bio\/","title":{"rendered":"Sibi\u0159sk\u00fd \u017een\u0161en v pr\u00e1\u0161ku BIO 250 g"},"content":{"rendered":"<h2><span style=\"color: #000000\">Sibi\u0159sk\u00fd \u017een\u0161en v pr\u00e1\u0161ku z ekologick\u00e9 produkce<\/span><\/h2>\n<p><span style=\"color: #000000\">Sibi\u0159sk\u00fd \u017een\u0161en roste p\u0159edev\u0161\u00edm v severn\u00ed \u010c\u00edn\u011b a na Sibi\u0159i (oblast v Rusku). Vyskytuje se tak\u00e9 v Koreji a Japonsku. Je to vytrval\u00e1 rostlina, kter\u00e1 obvykle roste v chladn\u011bj\u0161\u00edm podneb\u00ed. M\u00e1 d\u0159evnat\u00fd k\u016flov\u00fd ko\u0159en a roste ve vysok\u00fdch horsk\u00fdch oblastech, ale tak\u00e9 na slunn\u00fdch chr\u00e1n\u011bn\u00fdch m\u00edstech v \u00fadol\u00ed. Je tak\u00e9 zn\u00e1m\u00fd jako sibi\u0159sk\u00fd \u017een\u0161en nebo eleuthero (Eleutherococcus senticosus).<\/span><\/p>\n<p><span style=\"color: #000000\">Ko\u0159en \u017een\u0161enu je jednou z <strong>nejd\u016fle\u017eit\u011bj\u0161\u00edch rostlin<\/strong> v tradi\u010dn\u00edm \u010d\u00ednsk\u00e9m a rusk\u00e9m bylink\u00e1\u0159stv\u00ed, kde se jako dopln\u011bk stravy pou\u017e\u00edv\u00e1 ji\u017e po stalet\u00ed, ne-li tis\u00edcilet\u00ed. V \u010c\u00edn\u011b je dob\u0159e zn\u00e1mo, \u017ee \u017een\u0161en prosp\u00edv\u00e1 na\u0161emu zdrav\u00ed z hlediska <strong>dlouhov\u011bkosti<\/strong> (brzd\u00ed proces st\u00e1rnut\u00ed),<strong> posiluje imunitn\u00ed syst\u00e9m, p\u016fsob\u00ed proti \u00fanav\u011b, stresu a zlep\u0161uje sexu\u00e1ln\u00ed potenci<\/strong>.<\/span><\/p>\n<p><span style=\"color: #000000\">\u00da\u010dinn\u00e9 l\u00e1tky \u017een\u0161enu, zvan\u00e9 eleutherosidy (obsahuje jich 7 r\u016fzn\u00fdch), p\u016fsob\u00ed podobn\u011b jako steroidy. \u017den\u0161en je tak\u00e9 <strong>adaptogenn\u00ed bylina<\/strong>. Jedn\u00e1 se o rostliny, kter\u00e9 pom\u00e1haj\u00ed t\u011blu p\u0159izp\u016fsobit se r\u016fzn\u00fdm negativn\u00edm faktor\u016fm prost\u0159ed\u00ed. M\u00e1 schopnost regulovat a \u0159\u00eddit \u017el\u00e1zov\u00fd a hormon\u00e1ln\u00ed syst\u00e9m, nervov\u00fd a kardiovaskul\u00e1rn\u00ed syst\u00e9m a svaly. Adaptogeny \u00fa\u010dinn\u011b pom\u00e1haj\u00ed t\u011blu vyrovnat se s fyzick\u00fdm, chemick\u00fdm a biologick\u00fdm stresem.<\/span><\/p>\n<p><span style=\"color: #000000\">N\u00e1\u0161 sibi\u0159sk\u00fd \u017een\u0161en <strong>poch\u00e1z\u00ed z ekologick\u00e9ho zem\u011bd\u011blstv\u00ed a neobsahuje \u017e\u00e1dn\u00e1 plnidla ani p\u0159\u00edsady.<\/strong> Po sklizni se ko\u0159eny \u017een\u0161enu usu\u0161\u00ed a pot\u00e9 se jemn\u011b rozemelou na pr\u00e1\u0161ek.<\/span><br \/>\n<span style=\"color: #000000\">Sibi\u0159sk\u00fd \u017een\u0161en (Eleutherosid) by nem\u011bl b\u00fdt zam\u011b\u0148ov\u00e1n se zn\u00e1m\u011bj\u0161\u00edm asijsk\u00fdm \u017een\u0161enem (ginsenosid), i kdy\u017e maj\u00ed podobn\u00e9 adaptogenn\u00ed vlastnosti.<\/span><\/p>\n<h2><span style=\"color: #000000\">Pro\u010d ho pou\u017e\u00edv\u00e1me?<\/span><\/h2>\n<p><span style=\"color: #000000\">\u017den\u0161en m\u016f\u017ee pomoci <strong>p\u0159ekon\u00e1vat stres, dod\u00e1v\u00e1 t\u011blu energii a celkovou vitalitu<\/strong>. Proto\u017ee obsahuje komplexn\u00ed polysacharidy, je \u010dasto spojov\u00e1n s posilov\u00e1n\u00edm imunitn\u00edho syst\u00e9mu. V\u011bdci zjistili, \u017ee \u00fa\u010dinek \u017een\u0161enu se je\u0161t\u011b <strong>zesiluje<\/strong> v kombinaci s dal\u0161\u00edmi tradi\u010dn\u00edmi \u010d\u00ednsk\u00fdmi bylinami. \u017den\u0161en p\u016fsob\u00ed tak\u00e9 <strong>protiz\u00e1n\u011btliv\u011b, proti voln\u00fdm radik\u00e1l\u016fm, zlep\u0161uje krevn\u00ed ob\u011bh a sni\u017euje krevn\u00ed tlak<\/strong>.\u00a0Stimuluje hypof\u00fdzu a<strong> zvy\u0161uje libido<\/strong>.<\/span><br \/>\n<span style=\"color: #000000\">Je velmi obl\u00edben\u00fd mezi sportovci, proto\u017ee zvy\u0161uje vytrvalost, sni\u017euje \u00fanavu a pom\u00e1h\u00e1 rychlej\u0161\u00ed regeneraci.<\/span><br \/>\n<span style=\"color: #000000\">Pom\u00e1h\u00e1 tak\u00e9 zlep\u0161ovat du\u0161evn\u00ed a kognitivn\u00ed funkce mozku. Ovliv\u0148uje tedy u\u010den\u00ed, pam\u011b\u0165 a pozn\u00e1v\u00e1n\u00ed. To v\u0161e znamen\u00e1, \u017ee m\u016f\u017ee m\u00edt p\u0159\u00edm\u00fd vliv na potla\u010den\u00ed <strong>zhor\u0161ov\u00e1n\u00ed stavu mozku.<\/strong>\u00a0D\u00edky tomu tak\u00e9 zlep\u0161uje sp\u00e1nek a zabra\u0148uje depresi.<\/span><br \/>\n<span style=\"color: #000000\">Tradi\u010dn\u011b se pou\u017e\u00edv\u00e1 tak\u00e9 p\u0159i nachlazen\u00ed a ch\u0159ipce, proto\u017ee n\u011bkter\u00e9 studie zjistily, \u017ee m\u016f\u017ee pomoci v boji proti vir\u016fm, kter\u00e9 tato onemocn\u011bn\u00ed zp\u016fsobuj\u00ed.<\/span><br \/>\n<span style=\"color: #000000\">M\u016f\u017ee tak\u00e9 pomoci zm\u00edrnit typick\u00e9 probl\u00e9my, s nimi\u017e se \u017eeny obvykle pot\u00fdkaj\u00ed p\u0159i p\u0159echodu do menopauzy, a z\u00e1rove\u0148 poskytnout ochranu p\u0159ed \u00fabytkem kostn\u00ed hmoty (osteopor\u00f3zou), kter\u00fd se v tomto obdob\u00ed \u010dasto zhor\u0161uje v d\u016fsledku hormon\u00e1ln\u00edch zm\u011bn.<\/span><\/p>\n<h2><span style=\"color: #000000\">Skladov\u00e1n\u00ed a varov\u00e1n\u00ed<\/span><\/h2>\n<p><span style=\"color: #000000\">Skladujte na chladn\u00e9m a such\u00e9m m\u00edst\u011b. Dopln\u011bk stravy uchov\u00e1vejte mimo dosah d\u011bt\u00ed!<\/span><br \/>\n<span style=\"color: #000000\">Nezapom\u00ednejte na d\u016fle\u017eitost pestr\u00e9 stravy a zdrav\u00e9ho \u017eivotn\u00edho stylu, dopln\u011bk stravy nen\u00ed n\u00e1hradou vyv\u00e1\u017een\u00e9 a pestr\u00e9 stravy. Doporu\u010den\u00e9 denn\u00ed mno\u017estv\u00ed nebo d\u00e1vka by nem\u011bly b\u00fdt p\u0159ekro\u010deny. T\u011bhotn\u00fdm \u017een\u00e1m, koj\u00edc\u00edm matk\u00e1m a osob\u00e1m u\u017e\u00edvaj\u00edc\u00edm l\u00e9ky se v\u017edy doporu\u010duje, aby se p\u0159ed pou\u017eit\u00edm poradily s l\u00e9ka\u0159em.<\/span><\/p>\n<h2><span style=\"color: #000000\">Balen\u00ed<\/span><\/h2>\n<p><span style=\"color: #000000\">Neprody\u0161n\u00fd uzav\u00edrateln\u00fd s\u00e1\u010dek, ve kter\u00e9m si v\u00fdrobek zachov\u00e1v\u00e1 ve\u0161kerou \u010derstvost a v\u016fni. Obal chr\u00e1n\u00ed p\u0159ed sv\u011btlem a vzduchem, proto\u017ee se skl\u00e1d\u00e1 z n\u011bkolika ochrann\u00fdch vrstev, kter\u00e9 zachov\u00e1vaj\u00ed vlastnosti obsahu.<\/span><br \/>\n<span style=\"color: #000000\">Obal je velmi praktick\u00fd a recyklovateln\u00fd.<\/span><\/p>\n<h2><span style=\"color: #000000\">P\u016fvod<\/span><\/h2>\n<p><span style=\"color: #000000\">\u010c\u00edna.<\/span><\/p>\n<p><span style=\"color: #000000\"> M\u00e1me velmi spolehliv\u00e9 dodavatele, kte\u0159\u00ed n\u00e1m pro ka\u017edou \u0161ar\u017ei zas\u00edlaj\u00ed podrobn\u00fd chemick\u00fd rozbor v\u00fdrobku. Za v\u00edce ne\u017e 10 let jsme s t\u00edmto v\u00fdrobkem ani s \u017e\u00e1dn\u00fdm jin\u00fdm v\u00fdrobkem od stejn\u00e9ho dodavatele nem\u011bli nikdy \u017e\u00e1dn\u00fd probl\u00e9m. <\/span><\/p>\n<p><span style=\"color: #000000\">Polo\u017eka je 100% certifikovan\u00e1 jako ekologick\u00e1.<\/span><\/p>\n","protected":false},"excerpt":{"rendered":"<p align=\"JUSTIFY\">Ko\u0159en \u017een\u0161enu je jednou z nejd\u016fle\u017eit\u011bj\u0161\u00edch rostlin v tradi\u010dn\u00edm \u010d\u00ednsk\u00e9m a rusk\u00e9m bylink\u00e1\u0159stv\u00ed, kde se jako dopln\u011bk stravy pou\u017e\u00edv\u00e1 ji\u017e po stalet\u00ed, ne-li tis\u00edcilet\u00ed. V \u010c\u00edn\u011b je dob\u0159e zn\u00e1mo, \u017ee \u017een\u0161en prosp\u00edv\u00e1 na\u0161emu zdrav\u00ed z hlediska:<\/p>\n<p align=\"JUSTIFY\">\ud83d\udc9a dlouhov\u011bkosti (brzd\u00ed proces st\u00e1rnut\u00ed),<br \/>\n\ud83d\udc9a posiluje imunitn\u00ed syst\u00e9m,<br \/>\n\ud83d\udc9a p\u016fsob\u00ed proti \u00fanav\u011b,<br \/>\n\ud83d\udc9a proti stresu,<br \/>\n\ud83d\udc9a zlep\u0161uje sexu\u00e1ln\u00ed potenci.<\/p>\n","protected":false},"featured_media":5889,"comment_status":"open","ping_status":"closed","template":"","meta":{"_acf_changed":false},"product_brand":[],"product_cat":[226,227],"product_tag":[],"class_list":{"0":"post-6128","1":"product","2":"type-product","3":"status-publish","4":"has-post-thumbnail","6":"product_cat-nabidka","7":"product_cat-vsechny-produkty","9":"first","10":"instock","11":"sale","12":"taxable","13":"shipping-taxable","14":"purchasable","15":"product-type-simple"},"acf":[],"_links":{"self":[{"href":"https:\/\/fengchashop.com\/cz\/wp-json\/wp\/v2\/product\/6128","targetHints":{"allow":["GET"]}}],"collection":[{"href":"https:\/\/fengchashop.com\/cz\/wp-json\/wp\/v2\/product"}],"about":[{"href":"https:\/\/fengchashop.com\/cz\/wp-json\/wp\/v2\/types\/product"}],"replies":[{"embeddable":true,"href":"https:\/\/fengchashop.com\/cz\/wp-json\/wp\/v2\/comments?post=6128"}],"wp:featuredmedia":[{"embeddable":true,"href":"https:\/\/fengchashop.com\/cz\/wp-json\/wp\/v2\/media\/5889"}],"wp:attachment":[{"href":"https:\/\/fengchashop.com\/cz\/wp-json\/wp\/v2\/media?parent=6128"}],"wp:term":[{"taxonomy":"product_brand","embeddable":true,"href":"https:\/\/fengchashop.com\/cz\/wp-json\/wp\/v2\/product_brand?post=6128"},{"taxonomy":"product_cat","embeddable":true,"href":"https:\/\/fengchashop.com\/cz\/wp-json\/wp\/v2\/product_cat?post=6128"},{"taxonomy":"product_tag","embeddable":true,"href":"https:\/\/fengchashop.com\/cz\/wp-json\/wp\/v2\/product_tag?post=6128"}],"curies":[{"name":"wp","href":"https:\/\/api.w.org\/{rel}","templated":true}]}}