{"id":6126,"date":"2022-02-11T22:07:41","date_gmt":"2022-02-11T21:07:41","guid":{"rendered":"https:\/\/fengchashop.com\/cz\/product\/psilium-nebo-indicky-jitrocel-v-prasku-99-cistoty-bio-250-g\/"},"modified":"2026-04-29T02:30:42","modified_gmt":"2026-04-29T00:30:42","slug":"psilium-nebo-indicky-jitrocel-v-prasku-99-cistoty-bio","status":"publish","type":"product","link":"https:\/\/fengchashop.com\/cz\/product\/psilium-nebo-indicky-jitrocel-v-prasku-99-cistoty-bio\/","title":{"rendered":"Psilium nebo indick\u00fd jitrocel v pr\u00e1\u0161ku 99% \u010distoty BIO 250 g"},"content":{"rendered":"<h2><span style=\"color: #000000\">Psyllium nebo indick\u00fd jitrocel v pr\u00e1\u0161ku 99% \u010distoty BIO<\/span><\/h2>\n<p><span style=\"color: #000000\">Psyllium neboli Ispaghula je slupka semen rostliny zvan\u00e9 jitrocel. Psyllium se pou\u017e\u00edv\u00e1 jako dopln\u011bk stravy p\u0159i gastrointestin\u00e1ln\u00edch pot\u00ed\u017e\u00edch, kter\u00e9 se projevuj\u00ed p\u0159edev\u0161\u00edm ve st\u0159evech. Extr\u00e9mn\u011b vysok\u00fd obsah vl\u00e1kniny <strong>pom\u00e1h\u00e1 p\u0159i z\u00e1cp\u011b, odstra\u0148uje nad\u00fdm\u00e1n\u00ed a dod\u00e1v\u00e1 pocit sytosti.<\/strong> 99% \u010distota znamen\u00e1 vysoce vy\u010di\u0161t\u011bn\u00fd produkt a tak\u00e9 v\u011bt\u0161\u00ed objem. Stru\u010dn\u011b \u0159e\u010deno, jedn\u00e1 se o <strong>pr\u00e9miov\u00e9 psyllium<\/strong>.<\/span><br \/>\n<span style=\"color: #000000\">Ka\u017ed\u00fd m\u016f\u017ee potvrdit, \u017ee na\u0161e celkov\u00e9 zdrav\u00ed a pohoda do zna\u010dn\u00e9 m\u00edry z\u00e1vis\u00ed na fungov\u00e1n\u00ed a zdrav\u00ed na\u0161ich st\u0159ev, ale v\u00fdznam zdrav\u00fdch st\u0159ev jako kl\u00ed\u010dov\u00e9ho org\u00e1nu na\u0161eho t\u011bla si za\u010dneme uv\u011bdomovat a\u017e ve chv\u00edli, kdy za\u010dneme m\u00edt probl\u00e9my se z\u00e1cpou, pr\u016fjmem, nad\u00fdm\u00e1n\u00edm nebo jin\u00fdmi z\u00e1va\u017en\u011bj\u0161\u00edmi zdravotn\u00edmi probl\u00e9my.<\/span><br \/>\n<span style=\"color: #000000\">Proto je <strong>pravideln\u00fd p\u0159\u00edjem vl\u00e1kniny<\/strong> nezbytn\u00fd pro usnadn\u011bn\u00ed vyprazd\u0148ov\u00e1n\u00ed. D\u016fle\u017eitou roli p\u0159itom hraje psyllium, jeho\u017e slupky p\u0159i kontaktu s vodou rychle nabobtnaj\u00ed a vytvo\u0159\u00ed gel, kter\u00fd stimuluje stahov\u00e1n\u00ed st\u0159ev, a t\u00edm umo\u017e\u0148uje pravidelnou stolici. To p\u0159irozen\u011b \u010dist\u00ed st\u0159eva a udr\u017euje je bez ucp\u00e1n\u00ed, kter\u00e9 by jinak mohlo zp\u016fsobit z\u00e1n\u011bt nebo r\u016fst \u0161patn\u00fdch bakteri\u00ed, kter\u00e9 mohou napadnout na\u0161e t\u011blo.<\/span><\/p>\n<p><span style=\"color: #000000\">Tato verze psyllia je:<\/span><br \/>\n<span style=\"color: #000000\">\ud83d\udc9a <strong>99% \u010dist\u00e1<\/strong>,<\/span><br \/>\n<span style=\"color: #000000\">\ud83d\udc9a <strong>snadn\u011bji straviteln\u00e1<\/strong>,<\/span><br \/>\n<span style=\"color: #000000\">\ud83d\udc9a pr\u00e9miov\u00e9 <strong>kvality<\/strong>,<\/span><br \/>\n<span style=\"color: #000000\">\ud83d\udc9a <strong>certifikovan\u00e1 organick\u00e1<\/strong>.<\/span><\/p>\n<h2><span style=\"color: #000000\">Jak psyllium funguje a s jak\u00fdmi probl\u00e9my pom\u00e1h\u00e1?<\/span><\/h2>\n<p><span style=\"color: #000000\">Proto\u017ee m\u00e1 skute\u010dn\u011b pozoruhodn\u00e9 vlastnosti, doporu\u010duje se v\u0161em, kte\u0159\u00ed r\u00e1di pe\u010duj\u00ed o sv\u00e9 zdrav\u00ed a celkovou pohodu, a doporu\u010duje se zejm\u00e9na pro:<\/span><br \/>\n<span style=\"color: #000000\">\ud83d\udc9a pro ty, kte\u0159\u00ed trp\u00ed \u010dastou a opakuj\u00edc\u00ed se<strong> z\u00e1cpou a nad\u00fdm\u00e1n\u00edm<\/strong>. <\/span><br \/>\n<span style=\"color: #000000\">\ud83d\udc9a pro lep\u0161\u00ed celkovou pohodu a prevenci \u00fanavy. <\/span><br \/>\n<span style=\"color: #000000\">\ud83d\udc9a jako<strong> pomocn\u00edk p\u0159i hubnut\u00ed<\/strong>, dod\u00e1v\u00e1 pocit sytosti a tak\u00e9 velmi dob\u0159e p\u016fsob\u00ed na n\u00e1\u0161 metabolismus, kter\u00fd p\u0159irozen\u00fdm zp\u016fsobem stimuluje. <\/span><br \/>\n<span style=\"color: #000000\">\ud83d\udc9a pro v\u0161echny, kte\u0159\u00ed cht\u011bj\u00ed p\u0159\u00edrodn\u00ed proj\u00edmadlo bez ne\u017e\u00e1douc\u00edch \u00fa\u010dink\u016f, jako je nad\u00fdm\u00e1n\u00ed a plynatost. <\/span><br \/>\n<span style=\"color: #000000\">\ud83d\udc9a pod l\u00e9ka\u0159sk\u00fdm dohledem se m\u016f\u017ee pou\u017e\u00edvat tak\u00e9 p\u0159i probl\u00e9mech s <strong>vysok\u00fdm cholesterolem<\/strong>, cukrovce, hemoroidech, dr\u00e1\u017ediv\u00e9m tra\u010dn\u00edku, Crohnov\u011b chorob\u011b atd. <\/span><br \/>\n<span style=\"color: #000000\">\ud83d\udc9a vhodn\u00e9 pro vegany a vegetari\u00e1ny. <\/span><br \/>\n<span style=\"color: #000000\">\ud83d\udc9a bez lepku. <\/span><br \/>\n<span style=\"color: #000000\">\ud83d\udc9a univerz\u00e1ln\u011b pou\u017eiteln\u00e9 p\u0159i pe\u010den\u00ed a va\u0159en\u00ed.<\/span><\/p>\n<h2><span style=\"color: #000000\">Balen\u00ed<\/span><\/h2>\n<p><span style=\"color: #000000\">Neprody\u0161n\u00fd uzav\u00edrateln\u00fd s\u00e1\u010dek nebo krabi\u010dka, ve kter\u00e9 si v\u00fdrobek zachov\u00e1 ve\u0161kerou \u010derstvost a chu\u0165. Obal chr\u00e1n\u00ed p\u0159ed sv\u011btlem a vzduchem. Skl\u00e1d\u00e1 se z n\u011bkolika ochrann\u00fdch vrstev, kter\u00e9 zachov\u00e1vaj\u00ed vlastnosti v\u00fdrobku.<\/span><\/p>\n<p><span style=\"color: #000000\">Obal je velmi praktick\u00fd a recyklovateln\u00fd.<\/span><\/p>\n<h2><span style=\"color: #000000\">P\u016fvod<\/span><\/h2>\n<p><span style=\"color: #000000\">Indie<\/span><\/p>\n","protected":false},"excerpt":{"rendered":"<p align=\"JUSTIFY\">Psyllium neboli Ispaghula je slupka semen rostliny zvan\u00e9 jitrocel. Psyllium se pou\u017e\u00edv\u00e1 jako dopln\u011bk stravy p\u0159i gastrointestin\u00e1ln\u00edch pot\u00ed\u017e\u00edch, kter\u00e9 se projevuj\u00ed p\u0159edev\u0161\u00edm ve st\u0159evech. Proto\u017ee m\u00e1 skute\u010dn\u011b pozoruhodn\u00e9 vlastnosti, doporu\u010duje se v\u0161em, kte\u0159\u00ed r\u00e1di pe\u010duj\u00ed o sv\u00e9 zdrav\u00ed a celkovou pohodu, a doporu\u010duje se zejm\u00e9na pro:<\/p>\n<p align=\"JUSTIFY\">\ud83d\udc9a pom\u00e1h\u00e1 p\u0159i z\u00e1cp\u011b,<br \/>\n\ud83d\udc9a odstra\u0148uje nad\u00fdm\u00e1n\u00ed,<br \/>\n\ud83d\udc9a dod\u00e1v\u00e1 pocit sytosti,<br \/>\n\ud83d\udc9a pomocn\u00edk p\u0159i hubnut\u00ed.<\/p>\n","protected":false},"featured_media":5921,"comment_status":"open","ping_status":"closed","template":"","meta":{"_acf_changed":false},"product_brand":[],"product_cat":[15,194,226,227],"product_tag":[],"class_list":{"0":"post-6126","1":"product","2":"type-product","3":"status-publish","4":"has-post-thumbnail","6":"product_cat-uncategorized","7":"product_cat-ajurveda","8":"product_cat-nabidka","9":"product_cat-vsechny-produkty","11":"first","12":"instock","13":"sale","14":"taxable","15":"shipping-taxable","16":"purchasable","17":"product-type-simple"},"acf":[],"_links":{"self":[{"href":"https:\/\/fengchashop.com\/cz\/wp-json\/wp\/v2\/product\/6126","targetHints":{"allow":["GET"]}}],"collection":[{"href":"https:\/\/fengchashop.com\/cz\/wp-json\/wp\/v2\/product"}],"about":[{"href":"https:\/\/fengchashop.com\/cz\/wp-json\/wp\/v2\/types\/product"}],"replies":[{"embeddable":true,"href":"https:\/\/fengchashop.com\/cz\/wp-json\/wp\/v2\/comments?post=6126"}],"wp:featuredmedia":[{"embeddable":true,"href":"https:\/\/fengchashop.com\/cz\/wp-json\/wp\/v2\/media\/5921"}],"wp:attachment":[{"href":"https:\/\/fengchashop.com\/cz\/wp-json\/wp\/v2\/media?parent=6126"}],"wp:term":[{"taxonomy":"product_brand","embeddable":true,"href":"https:\/\/fengchashop.com\/cz\/wp-json\/wp\/v2\/product_brand?post=6126"},{"taxonomy":"product_cat","embeddable":true,"href":"https:\/\/fengchashop.com\/cz\/wp-json\/wp\/v2\/product_cat?post=6126"},{"taxonomy":"product_tag","embeddable":true,"href":"https:\/\/fengchashop.com\/cz\/wp-json\/wp\/v2\/product_tag?post=6126"}],"curies":[{"name":"wp","href":"https:\/\/api.w.org\/{rel}","templated":true}]}}