{"id":6125,"date":"2022-02-11T21:55:28","date_gmt":"2022-02-11T20:55:28","guid":{"rendered":"https:\/\/fengchashop.com\/cz\/product\/maca-v-tabletach-bio-125-g\/"},"modified":"2026-05-03T17:00:37","modified_gmt":"2026-05-03T15:00:37","slug":"mac-v-tabletach-bio","status":"publish","type":"product","link":"https:\/\/fengchashop.com\/cz\/product\/mac-v-tabletach-bio\/","title":{"rendered":"Maca v tablet\u00e1ch BIO 125 g"},"content":{"rendered":"<h2><span style=\"color: #000000\">Maca v tablet\u00e1ch BIO<\/span><\/h2>\n<p><span style=\"color: #000000\">Maca je rostlina, kter\u00e1 se v posledn\u00edch letech stala jedn\u00edm z pil\u00ed\u0159\u016f dopl\u0148k\u016f stravy a d\u00edky sv\u00e9 popularit\u011b se dostala do mnoha dom\u00e1cnost\u00ed. \u0158\u00edk\u00e1 se j\u00ed tak\u00e9<strong> peru\u00e1nsk\u00fd \u017een\u0161en<\/strong>. A p\u0159esto\u017ee se tradi\u010dn\u011b pou\u017e\u00edv\u00e1 ke zv\u00fd\u0161en\u00ed plodnosti a sexu\u00e1ln\u00edho apetitu, odstran\u011bn\u00ed vy\u010derp\u00e1n\u00ed a pos\u00edlen\u00ed fyzick\u00e9 s\u00edly, konzumace macy n\u00e1m m\u016f\u017ee p\u0159in\u00e9st mnohem v\u00edce.<\/span><br \/>\n<span style=\"color: #000000\">Je to adaptogenn\u00ed bylina, kter\u00e1 <strong>zvy\u0161uje energii, vytrvalost, vitalitu a fyzickou s\u00edlu<\/strong>. Pom\u00e1h\u00e1 n\u00e1m l\u00e9pe reagovat na stres a p\u0159izp\u016fsobovat se zm\u011bn\u00e1m. Da\u0159\u00ed se j\u00ed p\u0159edev\u0161\u00edm v And\u00e1ch ve st\u0159edn\u00edm Peru, v drsn\u00fdch podm\u00ednk\u00e1ch a ve velmi vysok\u00fdch nadmo\u0159sk\u00fdch v\u00fd\u0161k\u00e1ch &#8211; nad 4000 metr\u016f. Je to brukvovit\u00e1 zelenina jako brokolice, kv\u011bt\u00e1k, tu\u0159\u00edn, zel\u00ed, kapusta a \u0159edkvi\u010dky. Nejjedlej\u0161\u00ed \u010d\u00e1st\u00ed rostliny je ko\u0159en nebo hl\u00edza. Existuje v n\u011bkolika barv\u00e1ch, od b\u00edl\u00e9 po \u010dernou. Nejobl\u00edben\u011bj\u0161\u00ed jsou<strong> \u017elut\u00e1, \u010derven\u00e1 a \u010dern\u00e1.<\/strong> Maca \u017elut\u00e1 se pou\u017e\u00edv\u00e1 ke ka\u017edodenn\u00ed a dlouhodob\u00e9 konzumaci. \u010cerven\u00e1 a \u010dern\u00e1 maca jsou pova\u017eov\u00e1ny za posv\u00e1tn\u00e9 odr\u016fdy a pou\u017e\u00edvaj\u00ed se p\u0159i chronick\u00fdch l\u00e9\u010debn\u00fdch pot\u00ed\u017e\u00edch.<\/span><br \/>\n<span style=\"color: #000000\">Maca se nej\u010dast\u011bji konzumuje ve form\u011b pr\u00e1\u0161ku. Tablety Maca se snadn\u011bji pou\u017e\u00edvaj\u00ed a snadn\u011bji d\u00e1vkuj\u00ed. Na\u0161e tablety maca jsou vyr\u00e1b\u011bny ekologicky.<\/span><\/p>\n<h2><span style=\"color: #000000\">S jak\u00fdmi probl\u00e9my pom\u00e1h\u00e1 nebo komu je doporu\u010dujeme?<\/span><\/h2>\n<p><span style=\"color: #000000\">Maca je adaptogenn\u00ed rostlina, co\u017e znamen\u00e1, \u017ee se ur\u010dit\u00fdm zp\u016fsobem p\u0159izp\u016fsobuje pot\u0159eb\u00e1m jedince. Adaptogeny posiluj\u00ed org\u00e1nov\u00e9 syst\u00e9my (d\u00fdchac\u00ed, tr\u00e1vic\u00ed, mo\u010dov\u00fd atd.), ani\u017e by je nadm\u011brn\u011b stimulovaly nebo jinak naru\u0161ovaly jejich funkci. Doporu\u010dujeme ji lidem, kte\u0159\u00ed pot\u0159ebuj\u00ed pomoc s:<\/span><br \/>\n<span style=\"color: #000000\">\ud83d\udc9a p\u0159ekon\u00e1n\u00edm probl\u00e9m\u016f s <strong>v\u00fdkyvy n\u00e1lad<\/strong>, <\/span><br \/>\n<span style=\"color: #000000\">\ud83d\udc9a neplodnost\u00ed a probl\u00e9my s<strong> menopauzou<\/strong>, <\/span><br \/>\n<span style=\"color: #000000\">\ud83d\udc9a dosa\u017een\u00edm vy\u0161\u0161\u00edho<strong> du\u0161evn\u00edho a fyzick\u00e9ho v\u00fdkonu<\/strong>, <\/span><br \/>\n<span style=\"color: #000000\">\ud83d\udc9a zv\u00fd\u0161en\u00edm <strong>sexu\u00e1ln\u00ed potence<\/strong> a <\/span><br \/>\n<span style=\"color: #000000\">\ud83d\udc9a pro mnoho dal\u0161\u00edch zdravotn\u00edch probl\u00e9m\u016f.<\/span><\/p>\n<h2><span style=\"color: #000000\">\u00a0Jak\u00e9 jsou kl\u00ed\u010dov\u00e9 vlastnosti, kter\u00e9 n\u00e1m maca nab\u00edz\u00ed?<\/span><\/h2>\n<p><span style=\"color: #000000\">\ud83d\udc9a<strong>Je velmi v\u00fd\u017eivn\u00e1<\/strong><\/span><br \/>\n<span style=\"color: #000000\">Maca je vynikaj\u00edc\u00edm zdrojem n\u011bkolika d\u016fle\u017eit\u00fdch vitamin\u016f a miner\u00e1l\u016f jako jsou vitamin C, A, E, B2, B6, B12, m\u011b\u010f, ho\u0159\u010d\u00edk, selen, v\u00e1pn\u00edk, drasl\u00edk, sod\u00edk, fosfor, mangan a \u017eelezo. Je dobr\u00fdm zdrojem sacharid\u016f, aminokyselin a tuk\u016f a m\u00e1 vysok\u00fd obsah vl\u00e1kniny a dal\u0161\u00edch fytonutrient\u016f. Obsahuje tak\u00e9 r\u016fzn\u00e9 rostlinn\u00e9 slou\u010deniny, jako jsou glukosinol\u00e1ty, polyfenoly a fytosteroly, kter\u00e9 br\u00e1n\u00ed vst\u0159eb\u00e1v\u00e1n\u00ed cholesterolu a mohou dokonce sni\u017eovat jeho hladinu v krvi.<\/span><br \/>\n<span style=\"color: #000000\"> \ud83d\udc9a <\/span><strong><span style=\"color: #000000\">Zvy\u0161uje libido<\/span><\/strong><br \/>\n<span style=\"color: #000000\">Zvy\u0161uje sexu\u00e1ln\u00ed apetit u mu\u017e\u016f i \u017een. Je to p\u0159\u00edrodn\u00ed afrodiziakum. Odstra\u0148uje erektiln\u00ed dysfunkci. Maca \u00fa\u010dinn\u011b zlep\u0161uje sexu\u00e1ln\u00ed touhu a toto tvrzen\u00ed je podlo\u017eeno r\u016fzn\u00fdmi studiemi. Studie z roku 2010 zahrnuj\u00edc\u00ed \u010dty\u0159i klinick\u00e9 studie s celkem 131 \u00fa\u010dastn\u00edky uk\u00e1zala, \u017ee maca zlep\u0161uje sexu\u00e1ln\u00ed touhu po nejm\u00e9n\u011b \u0161esti t\u00fddnech konzumace. Jin\u00e1 studie zjistila, \u017ee maca sni\u017euje sexu\u00e1ln\u00ed dysfunkce zp\u016fsoben\u00e9 l\u00e9ky pou\u017e\u00edvan\u00fdmi k l\u00e9\u010db\u011b deprese.<\/span><br \/>\n<span style=\"color: #000000\">\u00a0<\/span><span style=\"color: #000000\">\ud83d\udc9a<strong> Zvy\u0161uje plodnost<\/strong><\/span><br \/>\n<span style=\"color: #000000\">Maca zvy\u0161uje plodnost u mu\u017e\u016f i \u017een. P\u0159ehled p\u011bti mal\u00fdch studi\u00ed uk\u00e1zal, \u017ee maca zvy\u0161uje produkci spermi\u00ed a zlep\u0161uje kvalitu spermatu u neplodn\u00fdch, ale jinak zdrav\u00fdch mu\u017e\u016f. Po 4 m\u011bs\u00edc\u00edch u\u017e\u00edv\u00e1n\u00ed maca se zv\u00fd\u0161il objem, po\u010det a pohyb spermi\u00ed. U \u017een upravuje menstrua\u010dn\u00ed cyklus a zm\u00edr\u0148uje p\u0159\u00edznaky PMS a menstrua\u010dn\u00ed bolesti.<\/span><br \/>\n<span style=\"color: #000000\"> \ud83d\udc9a <\/span><strong><span style=\"color: #000000\">Zmen\u0161uje velikost prostaty<\/span><\/strong><br \/>\n<span style=\"color: #000000\">N\u011bkter\u00e9 studie prok\u00e1zaly, \u017ee \u010derven\u00e1 maca zmen\u0161uje velikost prostaty, proto\u017ee obsahuje velk\u00e9 mno\u017estv\u00ed glukosinol\u00e1t\u016f. Jsou tak\u00e9 spojeny s ni\u017e\u0161\u00edm rizikem rakoviny prostaty a zdrav\u011bj\u0161\u00ed prostatou.<\/span><br \/>\n<span style=\"color: #000000\"> \ud83d\udc9a <\/span><strong><span style=\"color: #000000\">Hormon\u00e1ln\u00ed rovnov\u00e1ha<\/span><\/strong><br \/>\n<span style=\"color: #000000\">Podporuje endokrinn\u00ed syst\u00e9m, kter\u00fd mimo jin\u00e9 p\u0159en\u00e1\u0161\u00ed kysl\u00edk v t\u011ble.\u00a0Stimuluje spr\u00e1vnou funkci \u017el\u00e1z ( hypotalamu, hypof\u00fdzy, nadledvinek, \u0161t\u00edtn\u00e9 \u017el\u00e1zy), \u010d\u00edm\u017e stimuluje produkci hormon\u016f (progesteronu, testosteronu, DHEA) a reguluje fungov\u00e1n\u00ed cel\u00e9ho hormon\u00e1ln\u00edho syst\u00e9mu. Spr\u00e1vn\u00e9 fungov\u00e1n\u00ed endokrinn\u00edho syst\u00e9mu souvis\u00ed tak\u00e9 se spr\u00e1vn\u00fdm fungov\u00e1n\u00edm imunitn\u00edho syst\u00e9mu. Pokud je rovnov\u00e1ha kdekoli v endokrinn\u00edm syst\u00e9mu naru\u0161ena, sni\u017euje se schopnost na\u0161eho obrann\u00e9ho mechanismu.<\/span><br \/>\n<span style=\"color: #000000\">\u00a0<\/span><span style=\"color: #000000\">\ud83d\udc9a <strong>Zm\u00edr\u0148uje p\u0159\u00edznaky menopauzy a andropauzy (mu\u017esk\u00e9 menopauzy)<\/strong><\/span><br \/>\n<span style=\"color: #000000\">P\u0159irozen\u00fd \u00fabytek estrogenu, ke kter\u00e9mu doch\u00e1z\u00ed b\u011bhem menopauzy, m\u016f\u017ee zp\u016fsobit \u0159adu nep\u0159\u00edjemn\u00fdch p\u0159\u00edznak\u016f, jako jsou n\u00e1valy horka, vagin\u00e1ln\u00ed suchost, zm\u011bny n\u00e1lad, probl\u00e9my se sp\u00e1nkem a podr\u00e1\u017ed\u011bnost. Jedna studie u \u017een v menopauze uk\u00e1zala, \u017ee maca pom\u00e1h\u00e1 zm\u00edrnit p\u0159\u00edznaky menopauzy, v\u010detn\u011b n\u00e1val\u016f horka a probl\u00e9m\u016f se sp\u00e1nkem. Maca tak\u00e9 pom\u00e1h\u00e1 chr\u00e1nit zdrav\u00ed kost\u00ed a sni\u017euje riziko osteopor\u00f3zy. Zpomaluje proces st\u00e1rnut\u00ed.<\/span><br \/>\n<span style=\"color: #000000\"> \ud83d\udc9a <\/span><strong><span style=\"color: #000000\">Zlep\u0161uje n\u00e1ladu<\/span><\/strong><br \/>\n<span style=\"color: #000000\">N\u011bkolik studi\u00ed ji\u017e prok\u00e1zalo, \u017ee maca m\u016f\u017ee zlep\u0161it n\u00e1ladu a du\u0161evn\u00ed pohodu, proto\u017ee obsahuje flavonoidy. Sni\u017euje tak\u00e9 \u00fazkost a p\u0159\u00edznaky deprese, zejm\u00e9na u \u017een v menopauze. Pom\u00e1h\u00e1 sni\u017eovat stres a nervov\u00e9 nap\u011bt\u00ed t\u00edm, \u017ee zvy\u0161uje mno\u017estv\u00ed kysl\u00edku v krvi.<\/span><br \/>\n<span style=\"color: #000000\">\u00a0<\/span><span style=\"color: #000000\">\ud83d\udc9a <strong>Zvy\u0161uje energii a sportovn\u00ed v\u00fdkon<\/strong><\/span><br \/>\n<span style=\"color: #000000\">Macu u\u017e\u00edvaj\u00ed tak\u00e9 sportovci. Pom\u00e1h\u00e1 n\u00e1m nabrat svalovou hmotu, zv\u00fd\u0161it s\u00edlu, energii, vytrvalost a zlep\u0161it v\u00fdkon p\u0159i cvi\u010den\u00ed. Konzumace macy m\u016f\u017ee zlep\u0161it v\u00fdkonnost p\u0159i cvi\u010den\u00ed, zejm\u00e9na p\u0159i vytrvalostn\u00edm tr\u00e9ninku. Pom\u00e1h\u00e1 p\u0159i chronick\u00e9 \u00fanav\u011b. Zvy\u0161uje vitalitu t\u011bla a du\u0161evn\u00ed i fyzickou energii.<\/span><br \/>\n<span style=\"color: #000000\">\u00a0<\/span><\/p>\n<h2><span style=\"color: #000000\">Dobr\u00e1 pro u\u010den\u00ed a pam\u011b\u0165<\/span><\/h2>\n<p><span style=\"color: #000000\">Maca m\u016f\u017ee zlep\u0161it funkci mozku, a m\u00e1 p\u0159\u00edzniv\u00e9 \u00fa\u010dinky na u\u010den\u00ed, koncentraci a pam\u011b\u0165. Domorod\u00ed obyvatel\u00e9 Peru ji tradi\u010dn\u011b pou\u017e\u00edvaj\u00ed ke zlep\u0161en\u00ed \u0161koln\u00edch v\u00fdsledk\u016f d\u011bt\u00ed. V tomto p\u0159\u00edpad\u011b se jako nej\u00fa\u010dinn\u011bj\u0161\u00ed uk\u00e1zala \u010dern\u00e1 maca.<\/span><\/p>\n<h2><span style=\"color: #000000\">Skladov\u00e1n\u00ed a varov\u00e1n\u00ed<\/span><\/h2>\n<p><span style=\"color: #000000\">Skladujte na chladn\u00e9m a such\u00e9m m\u00edst\u011b p\u0159i teplot\u011b do 25 \u00b0C. Dopln\u011bk stravy uchov\u00e1vejte mimo dosah d\u011bt\u00ed!<\/span><br \/>\n<span style=\"color: #000000\">Nezapom\u00ednejte na d\u016fle\u017eitost pestr\u00e9 stravy a zdrav\u00e9ho \u017eivotn\u00edho stylu, dopln\u011bk stravy nen\u00ed n\u00e1hradou vyv\u00e1\u017een\u00e9 a pestr\u00e9 stravy. Doporu\u010den\u00e9 denn\u00ed mno\u017estv\u00ed nebo d\u00e1vka by nem\u011bly b\u00fdt p\u0159ekro\u010deny. T\u011bhotn\u00fdm a koj\u00edc\u00edm \u017een\u00e1m se v\u017edy doporu\u010duje, aby se p\u0159ed pou\u017eit\u00edm p\u0159\u00edpravku poradily s l\u00e9ka\u0159em.<\/span><\/p>\n<h2><span style=\"color: #000000\">Balen\u00ed<\/span><\/h2>\n<p><span style=\"color: #000000\">Neprody\u0161n\u00fd uzav\u00edrateln\u00fd s\u00e1\u010dek, ve kter\u00e9m si v\u00fdrobek zachov\u00e1v\u00e1 ve\u0161kerou \u010derstvost a v\u016fni. Obal chr\u00e1n\u00ed p\u0159ed sv\u011btlem a vzduchem, proto\u017ee se skl\u00e1d\u00e1 z n\u011bkolika ochrann\u00fdch vrstev, kter\u00e9 zachov\u00e1vaj\u00ed vlastnosti obsahu.<\/span><br \/>\n<span style=\"color: #000000\">Obal je velmi praktick\u00fd a recyklovateln\u00fd.<\/span><\/p>\n<h2><span style=\"color: #000000\">P\u016fvod<\/span><\/h2>\n<p><span style=\"color: #000000\">Peru<\/span><\/p>\n","protected":false},"excerpt":{"rendered":"<p align=\"JUSTIFY\">Maca je rostlina, kter\u00e1 se v posledn\u00edch letech stala jedn\u00edm z pil\u00ed\u0159\u016f dopl\u0148k\u016f stravy a d\u00edky sv\u00e9 popularit\u011b se dostala do mnoha dom\u00e1cnost\u00ed. \u0158\u00edk\u00e1 se j\u00ed tak\u00e9 peru\u00e1nsk\u00fd \u017een\u0161en. A p\u0159esto\u017ee se tradi\u010dn\u011b pou\u017e\u00edv\u00e1 ke zv\u00fd\u0161en\u00ed plodnosti a sexu\u00e1ln\u00edho apetitu, odstran\u011bn\u00ed vy\u010derp\u00e1n\u00ed a pos\u00edlen\u00ed fyzick\u00e9 s\u00edly, konzumace macy n\u00e1m m\u016f\u017ee p\u0159in\u00e9st mnohem v\u00edce. Doporu\u010dujeme ji lidem, kte\u0159\u00ed pot\u0159ebuj\u00ed pomoc s:<\/p>\n<p align=\"JUSTIFY\">\ud83d\udc9a p\u0159ekon\u00e1n\u00edm probl\u00e9m\u016f s v\u00fdkyvy n\u00e1lad,<br \/>\n\ud83d\udc9a neplodnost\u00ed a probl\u00e9my s menopauzou,<br \/>\n\ud83d\udc9a dosa\u017een\u00edm vy\u0161\u0161\u00edho du\u0161evn\u00edho a fyzick\u00e9ho v\u00fdkonu,<br \/>\n\ud83d\udc9a zv\u00fd\u0161en\u00edm sexu\u00e1ln\u00ed potence,<br \/>\n\ud83d\udc9a pro mnoho dal\u0161\u00edch zdravotn\u00edch probl\u00e9m\u016f.<\/p>\n","protected":false},"featured_media":5983,"comment_status":"open","ping_status":"closed","template":"","meta":{"_acf_changed":false},"product_brand":[],"product_cat":[15,226,195,227],"product_tag":[],"class_list":{"0":"post-6125","1":"product","2":"type-product","3":"status-publish","4":"has-post-thumbnail","6":"product_cat-uncategorized","7":"product_cat-nabidka","8":"product_cat-superpotraviny","9":"product_cat-vsechny-produkty","11":"first","12":"instock","13":"sale","14":"taxable","15":"shipping-taxable","16":"purchasable","17":"product-type-simple"},"acf":[],"_links":{"self":[{"href":"https:\/\/fengchashop.com\/cz\/wp-json\/wp\/v2\/product\/6125","targetHints":{"allow":["GET"]}}],"collection":[{"href":"https:\/\/fengchashop.com\/cz\/wp-json\/wp\/v2\/product"}],"about":[{"href":"https:\/\/fengchashop.com\/cz\/wp-json\/wp\/v2\/types\/product"}],"replies":[{"embeddable":true,"href":"https:\/\/fengchashop.com\/cz\/wp-json\/wp\/v2\/comments?post=6125"}],"wp:featuredmedia":[{"embeddable":true,"href":"https:\/\/fengchashop.com\/cz\/wp-json\/wp\/v2\/media\/5983"}],"wp:attachment":[{"href":"https:\/\/fengchashop.com\/cz\/wp-json\/wp\/v2\/media?parent=6125"}],"wp:term":[{"taxonomy":"product_brand","embeddable":true,"href":"https:\/\/fengchashop.com\/cz\/wp-json\/wp\/v2\/product_brand?post=6125"},{"taxonomy":"product_cat","embeddable":true,"href":"https:\/\/fengchashop.com\/cz\/wp-json\/wp\/v2\/product_cat?post=6125"},{"taxonomy":"product_tag","embeddable":true,"href":"https:\/\/fengchashop.com\/cz\/wp-json\/wp\/v2\/product_tag?post=6125"}],"curies":[{"name":"wp","href":"https:\/\/api.w.org\/{rel}","templated":true}]}}