{"id":6124,"date":"2022-02-11T21:47:17","date_gmt":"2022-02-11T20:47:17","guid":{"rendered":"https:\/\/fengchashop.com\/cz\/product\/ashwagandha-ashwagandha-v-tabletach-bio-125-g\/"},"modified":"2026-04-29T12:41:40","modified_gmt":"2026-04-29T10:41:40","slug":"ashwagandha-ashwagandha-v-tabletach-bio","status":"publish","type":"product","link":"https:\/\/fengchashop.com\/cz\/product\/ashwagandha-ashwagandha-v-tabletach-bio\/","title":{"rendered":"Ashwagandha (ashwagandha) v tablet\u00e1ch BIO 125 g"},"content":{"rendered":"<h2><span style=\"color: #000000\">Ashwagandha (ashwagandha) v tablet\u00e1ch BIO<\/span><\/h2>\n<p><span style=\"color: #000000\">A\u0161vaganda je v \u00e1jurv\u00e9d\u011b z\u00e1kladn\u00ed bylinou a jednou z nejuct\u00edvan\u011bj\u0161\u00edch rostlin, zn\u00e1mou tak\u00e9 jako <strong>indick\u00fd \u017een\u0161en<\/strong>, proto\u017ee se v \u00e1jurv\u00e9d\u011b pou\u017e\u00edv\u00e1 podobn\u011b jako \u017een\u0161en v tradi\u010dn\u00ed \u010d\u00ednsk\u00e9 medic\u00edn\u011b. Ji\u017e po tis\u00edcilet\u00ed se pou\u017e\u00edv\u00e1 k l\u00e9\u010debn\u00fdm \u00fa\u010del\u016fm, proto\u017ee m\u00e1<strong> pozitivn\u00ed vliv na na\u0161i celkovou pohodu<\/strong> a dod\u00e1v\u00e1 n\u00e1m energii.\u00a0Je pova\u017eov\u00e1na za superpotravinu, kter\u00e1 n\u00e1m pom\u00e1h\u00e1 obnovit hormon\u00e1ln\u00ed rovnov\u00e1hu. Ovliv\u0148uje hormony i reproduk\u010dn\u00ed org\u00e1ny. Obnovuje \u010dinnost nadledvinek a \u0161t\u00edtn\u00e9 \u017el\u00e1zy. Jeliko\u017e je adaptogenn\u00ed, pou\u017e\u00edv\u00e1 se v \u00e1jurv\u00e9d\u011b p\u0159i hyper- a hypoaktivn\u00ed \u0161t\u00edtn\u00e9 \u017el\u00e1ze.<\/span><br \/>\n<span style=\"color: #000000\">Tablety Ashwagandha jsou vyr\u00e1b\u011bny ekologicky. Tablety jsou velmi praktick\u00e9 a umo\u017e\u0148uj\u00ed st\u00e1l\u00fd denn\u00ed p\u0159\u00edjem.<\/span><\/p>\n<h2><span style=\"color: #000000\">Jak\u00e9 mohou b\u00fdt v\u00fdhody u\u017e\u00edv\u00e1n\u00ed ashwagandhy?<\/span><\/h2>\n<p><span style=\"color: #000000\">P\u0159edpokl\u00e1d\u00e1 se, \u017ee ashwagandha m\u00e1 pozitivn\u00ed vliv na:<\/span><br \/>\n<span style=\"color: #000000\">\ud83d\udc9a zv\u00fd\u0161enou <strong>mozkovou kapacitu<\/strong>,<\/span><br \/>\n<span style=\"color: #000000\">\ud83d\udc9a <strong>vy\u0161\u0161\u00ed energii a v\u00fddr\u017e<\/strong>,<\/span><br \/>\n<span style=\"color: #000000\">\ud83d\udc9a p\u0159ekon\u00e1n\u00ed ka\u017edodenn\u00edho <strong>stresu<\/strong> a zm\u00edrn\u011bn\u00ed p\u0159\u00edznak\u016f \u00fazkosti a deprese,<\/span><br \/>\n<span style=\"color: #000000\">\ud83d\udc9a sn\u00ed\u017een\u00ed <strong>nespavosti<\/strong>,<\/span><br \/>\n<span style=\"color: #000000\">\ud83d\udc9a zm\u00edrn\u011bn\u00ed <strong>bolesti a z\u00e1n\u011btu<\/strong>,<\/span><br \/>\n<span style=\"color: #000000\">\ud83d\udc9a zv\u00fd\u0161en\u00ed <strong>sexu\u00e1ln\u00ed touhy<\/strong> a plodnosti u obou pohlav\u00ed,<\/span><br \/>\n<span style=\"color: #000000\">\ud83d\udc9a zpomalen\u00ed procesu<strong> st\u00e1rnut\u00ed organismu<\/strong>.<\/span><\/p>\n<p><span style=\"color: #000000\">Ko\u0159en rostliny obsahuje v\u011bt\u0161inu \u00fa\u010dinn\u00fdch l\u00e1tek, kter\u00e9 maj\u00ed pozitivn\u00ed vliv na r\u016fzn\u00e9 zdravotn\u00ed probl\u00e9my. M\u016f\u017ee b\u00fdt po\u017eit nebo aplikov\u00e1n na k\u016f\u017ei \u010di posti\u017eenou oblast. Je velmi v\u0161estrann\u00fd, a proto je cen\u011bn ve t\u0159ech r\u016fzn\u00fdch tradi\u010dn\u00edch l\u00e9\u010divech.<\/span><br \/>\n<span style=\"color: #000000\">Je tak\u00e9 zn\u00e1m\u00fd jako indick\u00fd \u017een\u0161en, proto\u017ee dob\u0159e zvy\u0161uje schopnost my\u0161len\u00ed nebo mozkov\u00e9 funkce (podobn\u011b jako \u017een\u0161en). V\u00fdborn\u011b p\u016fsob\u00ed na cel\u00fd nervov\u00fd syst\u00e9m, a proto se \u010dasto pou\u017e\u00edv\u00e1 k p\u0159ekon\u00e1n\u00ed stresu, \u00fazkosti a deprese. V posledn\u00ed dob\u011b je p\u0159edm\u011btem mnoha v\u00fdzkum\u016f, v\u010detn\u011b souvislost\u00ed s l\u00e9\u010dbou Alzheimerovy choroby a demence.<\/span><\/p>\n<h2><span style=\"color: #000000\">Komu se doporu\u010duje u\u017e\u00edvat ashwagandhu?<\/span><\/h2>\n<p><span style=\"color: #000000\">A\u010dkoli se m\u00e1 za to, \u017ee ashwagandha m\u00e1 velmi \u0161irok\u00e9 spektrum \u00fa\u010dink\u016f, doporu\u010duje se, aby ji u\u017e\u00edvali p\u0159edev\u0161\u00edm ti, kte\u0159\u00ed cht\u011bj\u00ed p\u0159irozenou cestou pomoci v situac\u00edch, jako je <strong>stres<\/strong>, nedostatek sexu\u00e1ln\u00ed touhy, <strong>klimakterick\u00e9 probl\u00e9my<\/strong>. M\u016f\u017ee se tak\u00e9 konzumovat pro<strong> zlep\u0161en\u00ed pam\u011bti, koncentrace a v\u00fdkonnosti<\/strong>, krevn\u00edho obrazu, pom\u00e1h\u00e1 p\u0159i hubnut\u00ed a zvy\u0161uje odolnost proti nachlazen\u00ed a jin\u00fdm infekc\u00edm. D\u00edky sv\u00e9mu pozoruhodn\u00e9mu protiz\u00e1n\u011btliv\u00e9mu \u00fa\u010dinku se pou\u017e\u00edv\u00e1 tak\u00e9 ke zm\u00edrn\u011bn\u00ed v\u0161ech typ\u016f <strong>revmatick\u00fdch onemocn\u011bn\u00ed<\/strong> a z\u00e1n\u011bt\u016f kloub\u016f. Pom\u00e1h\u00e1 tak\u00e9 udr\u017eovat svalov\u00fd tonus a udr\u017euje klouby pru\u017en\u00e9. A\u010dkoli je ashwagandha bezpe\u010dn\u00e1 potravina a m\u016f\u017ee b\u00fdt pou\u017eita jako alternativa v p\u0159\u00edpad\u011b v\u00e1\u017en\u00fdch zdravotn\u00edch pot\u00ed\u017e\u00ed, doporu\u010duje se p\u0159ed pou\u017eit\u00edm konzultovat s l\u00e9ka\u0159em.<\/span><\/p>\n<h2><span style=\"color: #000000\">Skladov\u00e1n\u00ed a varov\u00e1n\u00ed<\/span><\/h2>\n<p><span style=\"color: #000000\">Skladujte na chladn\u00e9m a such\u00e9m m\u00edst\u011b p\u0159i teplot\u011b do 25 \u00b0C. Dopln\u011bk stravy uchov\u00e1vejte mimo dosah d\u011bt\u00ed!<\/span><br \/>\n<span style=\"color: #000000\">Nezapom\u00ednejte na d\u016fle\u017eitost pestr\u00e9 stravy a zdrav\u00e9ho \u017eivotn\u00edho stylu, dopln\u011bk stravy nen\u00ed n\u00e1hradou vyv\u00e1\u017een\u00e9 a pestr\u00e9 stravy. Doporu\u010den\u00e9 denn\u00ed mno\u017estv\u00ed nebo d\u00e1vka by nem\u011bly b\u00fdt p\u0159ekro\u010deny. T\u011bhotn\u00fdm a koj\u00edc\u00edm \u017een\u00e1m a osob\u00e1m s nadm\u011brnou \u010dinnost\u00ed \u0161t\u00edtn\u00e9 \u017el\u00e1zy se u\u017e\u00edv\u00e1n\u00ed nedoporu\u010duje.<\/span><\/p>\n<h2><span style=\"color: #000000\">Balen\u00ed<\/span><\/h2>\n<p><span style=\"color: #000000\">Neprody\u0161n\u00fd uzav\u00edrateln\u00fd s\u00e1\u010dek, ve kter\u00e9m si v\u00fdrobek zachov\u00e1v\u00e1 ve\u0161kerou \u010derstvost a v\u016fni. Obal chr\u00e1n\u00ed p\u0159ed sv\u011btlem a vzduchem, proto\u017ee se skl\u00e1d\u00e1 z n\u011bkolika ochrann\u00fdch vrstev, kter\u00e9 zachov\u00e1vaj\u00ed vlastnosti obsahu.<\/span><br \/>\n<span style=\"color: #000000\">Obal je velmi praktick\u00fd a recyklovateln\u00fd.<\/span><\/p>\n<h2><span style=\"color: #000000\">P\u016fvod<\/span><\/h2>\n<p><span style=\"color: #000000\">Indie<\/span><\/p>\n","protected":false},"excerpt":{"rendered":"<p align=\"JUSTIFY\">A\u0161vaganda je v \u00e1jurv\u00e9d\u011b z\u00e1kladn\u00ed bylinou a jednou z nejuct\u00edvan\u011bj\u0161\u00edch rostlin, zn\u00e1mou tak\u00e9 jako indick\u00fd \u017een\u0161en, proto\u017ee se v \u00e1jurv\u00e9d\u011b pou\u017e\u00edv\u00e1 podobn\u011b jako \u017een\u0161en v tradi\u010dn\u00ed \u010d\u00ednsk\u00e9 medic\u00edn\u011b. Ji\u017e po tis\u00edcilet\u00ed se pou\u017e\u00edv\u00e1 k l\u00e9\u010debn\u00fdm \u00fa\u010del\u016fm, proto\u017ee m\u00e1 pozitivn\u00ed vliv na na\u0161i celkovou pohodu a dod\u00e1v\u00e1 n\u00e1m energii. P\u0159edpokl\u00e1d\u00e1 se, \u017ee ashwagandha m\u00e1 pozitivn\u00ed vliv na:<\/p>\n<p align=\"JUSTIFY\">\ud83d\udc9a zv\u00fd\u0161enou mozkovou kapacitu,<br \/>\n\ud83d\udc9a vy\u0161\u0161\u00ed energii a v\u00fddr\u017e,<br \/>\n\ud83d\udc9a p\u0159ekon\u00e1n\u00ed ka\u017edodenn\u00edho stresu,<br \/>\n\ud83d\udc9a sn\u00ed\u017een\u00ed nespavosti.<\/p>\n","protected":false},"featured_media":5965,"comment_status":"open","ping_status":"closed","template":"","meta":{"_acf_changed":false},"product_brand":[],"product_cat":[15,194,226,195,227],"product_tag":[],"class_list":{"0":"post-6124","1":"product","2":"type-product","3":"status-publish","4":"has-post-thumbnail","6":"product_cat-uncategorized","7":"product_cat-ajurveda","8":"product_cat-nabidka","9":"product_cat-superpotraviny","10":"product_cat-vsechny-produkty","12":"first","13":"instock","14":"sale","15":"taxable","16":"shipping-taxable","17":"purchasable","18":"product-type-simple"},"acf":[],"_links":{"self":[{"href":"https:\/\/fengchashop.com\/cz\/wp-json\/wp\/v2\/product\/6124","targetHints":{"allow":["GET"]}}],"collection":[{"href":"https:\/\/fengchashop.com\/cz\/wp-json\/wp\/v2\/product"}],"about":[{"href":"https:\/\/fengchashop.com\/cz\/wp-json\/wp\/v2\/types\/product"}],"replies":[{"embeddable":true,"href":"https:\/\/fengchashop.com\/cz\/wp-json\/wp\/v2\/comments?post=6124"}],"wp:featuredmedia":[{"embeddable":true,"href":"https:\/\/fengchashop.com\/cz\/wp-json\/wp\/v2\/media\/5965"}],"wp:attachment":[{"href":"https:\/\/fengchashop.com\/cz\/wp-json\/wp\/v2\/media?parent=6124"}],"wp:term":[{"taxonomy":"product_brand","embeddable":true,"href":"https:\/\/fengchashop.com\/cz\/wp-json\/wp\/v2\/product_brand?post=6124"},{"taxonomy":"product_cat","embeddable":true,"href":"https:\/\/fengchashop.com\/cz\/wp-json\/wp\/v2\/product_cat?post=6124"},{"taxonomy":"product_tag","embeddable":true,"href":"https:\/\/fengchashop.com\/cz\/wp-json\/wp\/v2\/product_tag?post=6124"}],"curies":[{"name":"wp","href":"https:\/\/api.w.org\/{rel}","templated":true}]}}