{"id":6123,"date":"2022-11-02T21:38:00","date_gmt":"2022-11-02T20:38:00","guid":{"rendered":"https:\/\/fengchashop.com\/cz\/product\/maca-mix-v-prahu-bio-250-g\/"},"modified":"2026-04-15T12:07:30","modified_gmt":"2026-04-15T10:07:30","slug":"mac-mix-v-prahu-bio","status":"publish","type":"product","link":"https:\/\/fengchashop.com\/cz\/product\/mac-mix-v-prahu-bio\/","title":{"rendered":"Maca pr\u00e1\u0161ek mix BIO 250 g"},"content":{"rendered":"<h2><span style=\"color: #000000;\">Maca pr\u00e1\u0161ek mix BIO<\/span><\/h2>\n<p><span style=\"color: #000000;\">Maca je ko\u0159enov\u00e1 rostlina, kter\u00e9 se da\u0159\u00ed v peru\u00e1nsk\u00fdch And\u00e1ch, kde je vystavena<strong> extr\u00e9mn\u00edm klimatick\u00fdm podm\u00ednk\u00e1m<\/strong> a velk\u00fdm teplotn\u00edm rozd\u00edl\u016fm mezi dnem a noc\u00ed. L\u00e9\u010divou \u010d\u00e1st\u00ed maca je hl\u00edza, kter\u00e1 je bohat\u00e1 na <strong>vitaminy, miner\u00e1ly a aminokyseliny<\/strong>. Maca, kter\u00e1 obsahuje d\u016fle\u017eit\u00e9 vitaminy, jako jsou vitaminy B1, B12, C a E, a tak\u00e9 mastn\u00e9 kyseliny, miner\u00e1ly a aminokyseliny, je jednou z nej\u00fa\u010dinn\u011bj\u0161\u00edch, nej\u017e\u00e1dan\u011bj\u0161\u00edch a nejdoporu\u010dovan\u011bj\u0161\u00edch p\u0159\u00edrodn\u00edch superpotravin s tis\u00edciletou tradic\u00ed. Z miner\u00e1l\u016f vynikaj\u00ed drasl\u00edk, selen, zinek, m\u011b\u010f, ho\u0159\u010d\u00edk, sod\u00edk, \u017eelezo a mangan. Maca obsahuje tak\u00e9 fytosteroly a alkamidy, co\u017e jsou slou\u010deniny, kter\u00e9 posiluj\u00ed a podporuj\u00ed hormon\u00e1ln\u00ed syst\u00e9m. Pr\u00e1v\u011b hormony reguluj\u00ed mnoho proces\u016f v na\u0161em t\u011ble.<\/span><\/p>\n<p><span style=\"color: #000000;\">Na \u00fazem\u00ed, kde se maca sb\u00edr\u00e1, se tradi\u010dn\u011b pou\u017e\u00edv\u00e1 pro sv\u00e9 nutri\u010dn\u00ed a lidov\u00e9 l\u00e9\u010debn\u00e9 vyu\u017eit\u00ed, proto\u017ee je mimo\u0159\u00e1dn\u011b prosp\u011b\u0161n\u00e1 pro<strong> lidsk\u00e9 t\u011blo a mysl<\/strong>. Tradi\u010dn\u011b se pou\u017e\u00edv\u00e1 k pos\u00edlen\u00ed fyzick\u00e9 s\u00edly a odstran\u011bn\u00ed vy\u010derp\u00e1n\u00ed, stejn\u011b jako ke zv\u00fd\u0161en\u00ed libida a plodnosti.<\/span><\/p>\n<p><span style=\"color: #000000;\">Existuje n\u011bkolik druh\u016f macy. Nejzn\u00e1m\u011bj\u0161\u00ed jsou <strong>\u017elut\u00e1, \u010derven\u00e1 a \u010dern\u00e1<\/strong>. Maca \u017elut\u00e1 se pou\u017e\u00edv\u00e1 ke ka\u017edodenn\u00ed a dlouhodob\u00e9 konzumaci. \u010cerven\u00e1 a \u010dern\u00e1 maca jsou pova\u017eov\u00e1ny za posv\u00e1tn\u00e9 odr\u016fdy a pou\u017e\u00edvaj\u00ed se p\u0159i chronick\u00fdch l\u00e9\u010debn\u00fdch pot\u00ed\u017e\u00edch.<\/span><br \/>\n<span style=\"color: #000000;\"><strong>\u017dlut\u00e1<\/strong> maca je<strong> neutr\u00e1ln\u00ed<\/strong>.<\/span><br \/>\n<span style=\"color: #000000;\"><strong>\u010cerven\u00e1<\/strong> je pova\u017eov\u00e1na za<strong> vnit\u0159n\u00ed \u017eenskou energii<\/strong>.<\/span><br \/>\n<span style=\"color: #000000;\"><strong>\u010cern\u00e1<\/strong> je pova\u017eov\u00e1na za <strong>vn\u011bj\u0161\u00ed mu\u017eskou energii<\/strong>.<\/span><br \/>\n<span style=\"color: #000000;\">\u00a0<\/span><br \/>\n<span style=\"color: #000000;\">M\u00edstn\u00ed \u0161amani si d\u00e1vaj\u00ed z\u00e1le\u017eet na tom, jak\u00fd druh a pom\u011br maca by m\u011bl \u010dlov\u011bk s ur\u010dit\u00fdmi probl\u00e9my konzumovat. Proto jsme p\u0159i\u0161li se<strong> speci\u00e1ln\u011b vyv\u00e1\u017eenou sm\u011bs\u00ed<\/strong>. D\u00edky tak \u0161irok\u00e9mu spektru pou\u017eit\u00fdch druh\u016f maca je dosa\u017eeno <strong>zrychlen\u00e9ho p\u016fsoben\u00ed<\/strong> na r\u016fzn\u00e9 (zdravotn\u00ed) probl\u00e9my a stavy v na\u0161em organismu.<\/span><br \/>\n<span style=\"color: #000000;\">Maca je tak\u00e9 pova\u017eov\u00e1na za adaptogenn\u00ed rostlinu. Adaptogenn\u00ed rostliny p\u0159izp\u016fsobuj\u00ed sv\u00e9 \u00fa\u010dinn\u00e9 l\u00e1tky pot\u0159eb\u00e1m organismu. Posiluj\u00ed organick\u00e9 syst\u00e9my a obnovuj\u00ed rovnov\u00e1hu.<\/span><\/p>\n<h2><span style=\"color: #000000;\">Kdy u\u017e\u00edvat n\u00e1\u0161 maca mix?<\/span><\/h2>\n<p><span style=\"color: #000000;\">Speci\u00e1ln\u00ed sm\u011bs maca zahrnuje cel\u00e9 spektrum prosp\u011b\u0161n\u00fdch l\u00e1tek obsa\u017een\u00fdch v r\u016fzn\u00fdch odr\u016fd\u00e1ch peru\u00e1nsk\u00e9ho ko\u0159ene z And. Seznam p\u0159\u00ednos\u016f pro na\u0161e t\u011blo je dlouh\u00fd, ale zde je jen n\u011bkolik nejd\u016fle\u017eit\u011bj\u0161\u00edch. M\u016f\u017ee n\u00e1m pomoci:<\/span><br \/>\n<span style=\"color: #000000;\">\ud83d\udc9a zvy\u0161ovat libido u \u017een i mu\u017e\u016f, <\/span><br \/>\n<span style=\"color: #000000;\">\ud83d\udc9a p\u0159ekonat probl\u00e9my s v\u00fdkyvy n\u00e1lad a \u00fanavou, kter\u00e9 jsou \u010dasto zp\u016fsobeny nerovnov\u00e1hou v t\u011ble, <\/span><br \/>\n<span style=\"color: #000000;\">\ud83d\udc9a neplodnost a b\u011b\u017en\u00e9 klimakterick\u00e9 probl\u00e9my, <\/span><br \/>\n<span style=\"color: #000000;\">\ud83d\udc9a dos\u00e1hnout vy\u0161\u0161\u00edho du\u0161evn\u00edho v\u00fdkonu, <\/span><br \/>\n<span style=\"color: #000000;\">\ud83d\udc9a poskytuj\u00ed v\u011bt\u0161\u00ed fyzickou s\u00edlu a vytrvalost, <\/span><br \/>\n<span style=\"color: #000000;\">\ud83d\udc9a zlep\u0161uje pam\u011b\u0165 a soust\u0159ed\u011bn\u00ed, <\/span><br \/>\n<span style=\"color: #000000;\">\ud83d\udc9a zvl\u00e1dnout stres, proto\u017ee p\u016fsob\u00ed jako p\u0159\u00edrodn\u00ed antidepresivum, <\/span><br \/>\n<span style=\"color: #000000;\">\ud83d\udc9a zlep\u0161it sp\u00e1nek. <\/span><br \/>\n<span style=\"color: #000000;\">\u00a0<\/span><\/p>\n<h2><span style=\"color: #000000;\">Pro\u010d si objednat na\u0161i macu?<\/span><\/h2>\n<p><span style=\"color: #000000;\">N\u00e1\u0161 pr\u00e1\u0161ek maca poch\u00e1z\u00ed z<strong> kontrolovan\u00e9 ekologick\u00e9 produkce,<\/strong> je pe\u010dliv\u011b usu\u0161en a rozemlet na pr\u00e1\u0161ek podobn\u00fd mouce. Nav\u00edc pravideln\u011b db\u00e1me na to, aby na\u0161e z\u00e1soby macy byly v\u017edy <strong>\u010derstv\u00e9<\/strong>! Proto tak\u00e9 sm\u011bs pe\u010dliv\u011b p\u0159ipravujeme sami, proto\u017ee jen tak m\u016f\u017eeme zajistit jej\u00ed integritu s \u010derstv\u00fdmi surovinami ve spr\u00e1vn\u00e9m pom\u011bru.<\/span><br \/>\n<span style=\"color: #000000;\">V\u0161echny t\u0159i druhy macy ve sm\u011bsi jsou proto 100% organick\u00e9. Poch\u00e1zej\u00ed z peru\u00e1nsk\u00fdch <strong>ekologick\u00fdch farem<\/strong> ve vysok\u00fdch hor\u00e1ch. Ka\u017ed\u00e1 \u0161ar\u017ee je analyzov\u00e1na a certifikov\u00e1na.<\/span><\/p>\n<h2><span style=\"color: #000000;\">Balen\u00ed<\/span><\/h2>\n<p><span style=\"color: #000000;\">Neprody\u0161n\u00fd uzav\u00edrateln\u00fd s\u00e1\u010dek, ve kter\u00e9m si v\u00fdrobek zachov\u00e1v\u00e1 ve\u0161kerou \u010derstvost a v\u016fni. Obal chr\u00e1n\u00ed p\u0159ed sv\u011btlem a vzduchem, proto\u017ee se skl\u00e1d\u00e1 z n\u011bkolika ochrann\u00fdch vrstev, kter\u00e9 zachov\u00e1vaj\u00ed vlastnosti obsahu.<\/span><br \/>\n<span style=\"color: #000000;\">Obal je velmi praktick\u00fd a recyklovateln\u00fd.<\/span><\/p>\n<h2><span style=\"color: #000000;\">Skladov\u00e1n\u00ed a varov\u00e1n\u00ed<\/span><\/h2>\n<p><span style=\"color: #000000;\">Skladujte na chladn\u00e9m a such\u00e9m m\u00edst\u011b. Dopln\u011bk stravy uchov\u00e1vejte mimo dosah d\u011bt\u00ed!<\/span><br \/>\n<span style=\"color: #000000;\">Nezapom\u00ednejte na d\u016fle\u017eitost pestr\u00e9 stravy a zdrav\u00e9ho \u017eivotn\u00edho stylu, dopln\u011bk stravy nen\u00ed n\u00e1hradou vyv\u00e1\u017een\u00e9 a pestr\u00e9 stravy. Doporu\u010den\u00e9 denn\u00ed mno\u017estv\u00ed nebo d\u00e1vka by nem\u011bly b\u00fdt p\u0159ekro\u010deny. T\u011bhotn\u00fdm a koj\u00edc\u00edm \u017een\u00e1m se v\u017edy doporu\u010duje, aby se p\u0159ed pou\u017eit\u00edm p\u0159\u00edpravku poradily s l\u00e9ka\u0159em.<\/span><\/p>\n<h2><span style=\"color: #000000;\">P\u016fvod produktu<\/span><\/h2>\n<p><span style=\"color: #000000;\">Slovinsko<\/span><\/p>\n<h2><span style=\"color: #000000;\">P\u016fvod prim\u00e1rn\u00edch slo\u017eek<\/span><\/h2>\n<p><span style=\"color: #000000;\">Peru<\/span><\/p>\n","protected":false},"excerpt":{"rendered":"<p align=\"JUSTIFY\">Maca je ko\u0159enov\u00e1 rostlina, kter\u00e9 se da\u0159\u00ed v peru\u00e1nsk\u00fdch And\u00e1ch, kde je vystavena extr\u00e9mn\u00edm klimatick\u00fdm podm\u00ednk\u00e1m a velk\u00fdm teplotn\u00edm rozd\u00edl\u016fm mezi dnem a noc\u00ed. L\u00e9\u010divou \u010d\u00e1st\u00ed maca je hl\u00edza, kter\u00e1 je bohat\u00e1 na vitaminy, miner\u00e1ly a aminokyseliny. Maca, kter\u00e1 obsahuje d\u016fle\u017eit\u00e9 vitaminy, jako jsou vitaminy B1, B12, C a E, a tak\u00e9 mastn\u00e9 kyseliny, miner\u00e1ly a aminokyseliny, je jednou z nej\u00fa\u010dinn\u011bj\u0161\u00edch, nej\u017e\u00e1dan\u011bj\u0161\u00edch a nejdoporu\u010dovan\u011bj\u0161\u00edch p\u0159\u00edrodn\u00edch superpotravin s tis\u00edciletou tradic\u00ed. M\u016f\u017ee n\u00e1m pomoci:<\/p>\n<p align=\"JUSTIFY\">\ud83d\udc9a zvy\u0161ovat libido u \u017een i mu\u017e\u016f,<br \/>\n\ud83d\udc9a p\u0159ekonat probl\u00e9my s v\u00fdkyvy n\u00e1lad a \u00fanavou, kter\u00e9 jsou \u010dasto zp\u016fsobeny nerovnov\u00e1hou v t\u011ble,<br \/>\n\ud83d\udc9a neplodnost a b\u011b\u017en\u00e9 klimakterick\u00e9 probl\u00e9my,<br \/>\n\ud83d\udc9a dos\u00e1hnout vy\u0161\u0161\u00edho du\u0161evn\u00edho v\u00fdkonu,<br \/>\n\ud83d\udc9a poskytuj\u00ed v\u011bt\u0161\u00ed fyzickou s\u00edlu a vytrvalost,<br \/>\n\ud83d\udc9a zlep\u0161uje pam\u011b\u0165 a soust\u0159ed\u011bn\u00ed,<br \/>\n\ud83d\udc9a zvl\u00e1dnout stres, proto\u017ee p\u016fsob\u00ed jako p\u0159\u00edrodn\u00ed antidepresivum,<br \/>\n\ud83d\udc9a zlep\u0161it sp\u00e1nek.<\/p>\n","protected":false},"featured_media":5980,"comment_status":"open","ping_status":"closed","template":"","meta":{"_acf_changed":false},"product_brand":[],"product_cat":[15,226,195,227],"product_tag":[],"class_list":{"0":"post-6123","1":"product","2":"type-product","3":"status-publish","4":"has-post-thumbnail","6":"product_cat-uncategorized","7":"product_cat-nabidka","8":"product_cat-superpotraviny","9":"product_cat-vsechny-produkty","11":"first","12":"outofstock","13":"taxable","14":"shipping-taxable","15":"purchasable","16":"product-type-simple"},"acf":[],"_links":{"self":[{"href":"https:\/\/fengchashop.com\/cz\/wp-json\/wp\/v2\/product\/6123","targetHints":{"allow":["GET"]}}],"collection":[{"href":"https:\/\/fengchashop.com\/cz\/wp-json\/wp\/v2\/product"}],"about":[{"href":"https:\/\/fengchashop.com\/cz\/wp-json\/wp\/v2\/types\/product"}],"replies":[{"embeddable":true,"href":"https:\/\/fengchashop.com\/cz\/wp-json\/wp\/v2\/comments?post=6123"}],"wp:featuredmedia":[{"embeddable":true,"href":"https:\/\/fengchashop.com\/cz\/wp-json\/wp\/v2\/media\/5980"}],"wp:attachment":[{"href":"https:\/\/fengchashop.com\/cz\/wp-json\/wp\/v2\/media?parent=6123"}],"wp:term":[{"taxonomy":"product_brand","embeddable":true,"href":"https:\/\/fengchashop.com\/cz\/wp-json\/wp\/v2\/product_brand?post=6123"},{"taxonomy":"product_cat","embeddable":true,"href":"https:\/\/fengchashop.com\/cz\/wp-json\/wp\/v2\/product_cat?post=6123"},{"taxonomy":"product_tag","embeddable":true,"href":"https:\/\/fengchashop.com\/cz\/wp-json\/wp\/v2\/product_tag?post=6123"}],"curies":[{"name":"wp","href":"https:\/\/api.w.org\/{rel}","templated":true}]}}