{"id":6119,"date":"2022-02-11T20:27:56","date_gmt":"2022-02-11T19:27:56","guid":{"rendered":"https:\/\/fengchashop.com\/cz\/product\/magnezijev-bisglicinat-250-g\/"},"modified":"2026-04-29T18:21:15","modified_gmt":"2026-04-29T16:21:15","slug":"magnezijev-bisglicinat","status":"publish","type":"product","link":"https:\/\/fengchashop.com\/cz\/product\/magnezijev-bisglicinat\/","title":{"rendered":"Bisglycin\u00e1t ho\u0159e\u010dnat\u00fd 250 g"},"content":{"rendered":"<h2><span style=\"color: #000000\">Bisglycin\u00e1t ho\u0159e\u010dnat\u00fd<\/span><\/h2>\n<p><span style=\"color: #000000\">Ho\u0159\u010d\u00edk je velmi d\u016fle\u017eit\u00fd <strong>miner\u00e1l<\/strong>, kter\u00fd je v lidsk\u00e9m t\u011ble zodpov\u011bdn\u00fd za v\u00edce ne\u017e 300 metabolick\u00fdch reakc\u00ed. Odborn\u00edci ho \u010dasto ozna\u010duj\u00ed za &#8222;kr\u00e1le miner\u00e1l\u016f&#8220;. Hraje velmi d\u016fle\u017eitou roli pro spr\u00e1vnou funkci kost\u00ed, sval\u016f a nervov\u00e9ho syst\u00e9mu. \u010casto se u\u017e\u00edv\u00e1 k <strong>prevenci k\u0159e\u010d\u00ed (v l\u00fdtk\u00e1ch)<\/strong>, \u00fanavy, vy\u010derp\u00e1n\u00ed a pro norm\u00e1ln\u00ed psychick\u00e9 fungov\u00e1n\u00ed. Modern\u00ed \u017eivotn\u00ed styl &#8211; nedostatek sp\u00e1nku, stres, strava &#8211; n\u00e1s \u010dasto vede k u\u017e\u00edv\u00e1n\u00ed ho\u0159\u010d\u00edkov\u00fdch dopl\u0148k\u016f. A p\u0159esto\u017ee je ho hodn\u011b v zelen\u00e9 zelenin\u011b, ryb\u00e1ch, slune\u010dnicov\u00fdch a d\u00fd\u0148ov\u00fdch sem\u00ednk\u00e1ch, ovoci a o\u0159e\u0161\u00edch, jednodu\u0161e ho v\u00edce spot\u0159ebujeme, ne\u017e sn\u00edme. Zv\u00fd\u0161enou pot\u0159ebu ho\u0159\u010d\u00edku maj\u00ed sportovci a velmi aktivn\u00ed lid\u00e9, t\u011bhotn\u00e9 \u017eeny a star\u0161\u00ed lid\u00e9. V p\u0159\u00edrod\u011b je ho\u0159\u010d\u00edk v\u017edy v\u00e1z\u00e1n na jinou slou\u010deninu, co\u017e mu d\u00e1v\u00e1 specifick\u00e9 vlastnosti, zejm\u00e9na pokud jde o vst\u0159eb\u00e1v\u00e1n\u00ed a dal\u0161\u00ed \u00fa\u010dinky. Proto je d\u016fle\u017eit\u00e9 vybrat si spr\u00e1vn\u00fd ho\u0159\u010d\u00edk podle sv\u00fdch pot\u0159eb.<\/span><br \/>\n<span style=\"color: #000000\">Ho\u0159\u010d\u00edk ve form\u011b bisglycin\u00e1tu ho\u0159e\u010dnat\u00e9ho je jednou z <strong>nejnov\u011bj\u0161\u00edch a nejlep\u0161\u00edch forem<\/strong> ho\u0159\u010d\u00edku dostupn\u00fdch na trhu. Existuje v\u00edce ne\u017e tucet r\u016fzn\u00fdch forem ho\u0159\u010d\u00edku a n\u011bkter\u00e9 formy se dokonce nedoporu\u010duj\u00ed (nap\u0159\u00edklad aspart\u00e1t ho\u0159e\u010dnat\u00fd a glutam\u00e1t ho\u0159e\u010dnat\u00fd). Jak\u00fdkoli ho\u0159\u010d\u00edk tedy rozhodn\u011b neuspokoj\u00ed na\u0161e pot\u0159eby. Vyb\u00edrejte si formy ho\u0159\u010d\u00edku, kter\u00e9 jsou kvalitn\u00ed a p\u0159edev\u0161\u00edm pro v\u00e1s vhodn\u00e9.<\/span><br \/>\n<span style=\"color: #000000\">Nedostatek ho\u0159\u010d\u00edku je spojov\u00e1n s \u0159adou onemocn\u011bn\u00ed, v\u010detn\u011b migr\u00e9ny, chronick\u00e9 \u00fanavy, vysok\u00e9ho krevn\u00edho tlaku, \u00fazkosti a dal\u0161\u00edch du\u0161evn\u00edch poruch. Ho\u0159\u010d\u00edk nep\u0159\u00edmo opravuje po\u0161kozen\u00e9 bu\u0148ky, co\u017e zabra\u0148uje vzniku nemoc\u00ed spojen\u00fdch s<strong> jejich po\u0161kozen\u00edm<\/strong> &#8211; nap\u0159\u00edklad rakoviny. Nedostatek ho\u0159\u010d\u00edku z\u00e1rove\u0148 sni\u017euje \u00fa\u010dinek d\u016fle\u017eit\u00e9ho vitaminu D.<\/span><br \/>\n<span style=\"color: #000000\">N\u00e1\u0161 bisglycin\u00e1t ho\u0159e\u010dnat\u00fd je prvot\u0159\u00eddn\u00ed kvality.<\/span><\/p>\n<h2><span style=\"color: #000000\">Pro\u010d zvolit bisglycin\u00e1t ho\u0159e\u010dnat\u00fd?<\/span><\/h2>\n<p><span style=\"color: #000000\">Ho\u0159\u010d\u00edk<strong> ve form\u011b bisglycin\u00e1tu ho\u0159e\u010dnat\u00e9ho se vst\u0159eb\u00e1v\u00e1 p\u0159edev\u0161\u00edm rychleji, snadn\u011bji a l\u00e9pe<\/strong> ne\u017e jin\u00e9 formy ho\u0159\u010d\u00edku. Jedn\u00e1 se o jednu z nov\u011bj\u0161\u00edch forem ho\u0159\u010d\u00edku jako dopl\u0148ku stravy, jej\u00edm\u017e c\u00edlem je poskytnout co nejlep\u0161\u00ed u\u017eitek bez vedlej\u0161\u00edho proj\u00edmav\u00e9ho \u00fa\u010dinku. V sou\u010dasn\u00e9 dob\u011b je to jeden z nejlep\u0161\u00edch dopl\u0148k\u016f ho\u0159\u010d\u00edku. To je v\u00fdhoda zejm\u00e9na pro lidi, jejich\u017e tr\u00e1ven\u00ed je citliv\u00e9 na dopl\u0148ky ho\u0159\u010d\u00edku, ale jejich\u017e t\u011blo ho pot\u0159ebuje. <\/span><br \/>\n<span style=\"color: #000000\">Bisglycin\u00e1t ho\u0159e\u010dnat\u00fd nejl\u00e9pe<strong> vyu\u017e\u00edv\u00e1 ho\u0159\u010d\u00edk<\/strong> v t\u011ble, proto\u017ee se vst\u0159eb\u00e1v\u00e1 z 80 % nebo v\u00edce. Proto\u017ee nezp\u016fsobuje pr\u016fjem ani nem\u00e1 proj\u00edmav\u00fd \u00fa\u010dinek, je tato verze ho\u0159\u010d\u00edku nejvhodn\u011bj\u0161\u00ed pro <strong>dlouhodob\u00e9 u\u017e\u00edv\u00e1n\u00ed<\/strong>. Proj\u00edmav\u00fd \u00fa\u010dinek nen\u00ed v\u017edy prosp\u011b\u0161n\u00fd, proto\u017ee m\u016f\u017ee zhor\u0161it vst\u0159eb\u00e1v\u00e1n\u00ed dal\u0161\u00edch \u017eivin a podr\u00e1\u017edit citliv\u00e9 st\u0159evo.<\/span><br \/>\n<span style=\"color: #000000\">V bisglycin\u00e1tu ho\u0159e\u010dnat\u00e9m jsou ve skute\u010dnosti dv\u011b glycin\u00e1tov\u00e9 aminokyseliny m\u00edsto jedn\u00e9, co\u017e znamen\u00e1 v\u011bt\u0161\u00ed ochranu proti \u017ealude\u010dn\u00edm kyselin\u00e1m. Takto se dost\u00e1v\u00e1 do st\u0159ev, kde se skute\u010dn\u011b vst\u0159eb\u00e1v\u00e1 do krevn\u00edho ob\u011bhu v co nejorgani\u010dt\u011bj\u0161\u00ed form\u011b.<\/span><\/p>\n<h2><span style=\"color: #000000\">Jak\u00fd vliv m\u00e1 p\u0159\u00edjem ho\u0159\u010d\u00edku na na\u0161e t\u011blo?<\/span><\/h2>\n<p><span style=\"color: #000000\">Konzumace ho\u0159\u010d\u00edku m\u00e1 pro n\u00e1s n\u00e1sleduj\u00edc\u00ed v\u00fdhody, kter\u00e9 jsou uzn\u00e1v\u00e1ny odborn\u00edky:<\/span><br \/>\n<span style=\"color: #000000\">\ud83d\udc9a pom\u00e1h\u00e1 sni\u017eovat \u00fanavu a vy\u010derp\u00e1n\u00ed, <\/span><br \/>\n<span style=\"color: #000000\">\ud83d\udc9a podporuje rovnov\u00e1hu elektrolyt\u016f, kter\u00e1 je pot\u0159ebn\u00e1 zejm\u00e9na p\u0159i fyzick\u00e9 z\u00e1t\u011b\u017ei, <\/span><br \/>\n<span style=\"color: #000000\">\ud83d\udc9a p\u0159isp\u00edv\u00e1 k uvol\u0148ov\u00e1n\u00ed energie p\u0159i metabolismu, <\/span><br \/>\n<span style=\"color: #000000\">\ud83d\udc9a m\u00e1 p\u0159\u00edzniv\u00fd vliv na nervov\u00fd syst\u00e9m, <\/span><br \/>\n<span style=\"color: #000000\">\ud83d\udc9a p\u0159isp\u00edv\u00e1 k norm\u00e1ln\u00ed funkci sval\u016f a k norm\u00e1ln\u00ed psychick\u00e9 funkci, <\/span><br \/>\n<span style=\"color: #000000\">\ud83d\udc9a pod\u00edl\u00ed se na synt\u00e9ze b\u00edlkovin, <\/span><br \/>\n<span style=\"color: #000000\">\ud83d\udc9a udr\u017euje zdrav\u00e9 kosti a zuby, <\/span><br \/>\n<span style=\"color: #000000\">\ud83d\udc9a hraje roli p\u0159i d\u011blen\u00ed bun\u011bk.<\/span><\/p>\n<p><span style=\"color: #000000\">Spokojen\u00ed u\u017eivatel\u00e9 mluv\u00ed tak\u00e9 o dal\u0161\u00edch v\u00fdhod\u00e1ch u\u017e\u00edv\u00e1n\u00ed ho\u0159\u010d\u00edku jako dopl\u0148ku stravy prvot\u0159\u00eddn\u00ed kvality v nejlep\u0161\u00ed form\u011b.\u00a0\u00a0<\/span><\/p>\n<h2><span style=\"color: #000000\">Balen\u00ed<\/span><\/h2>\n<p><span style=\"color: #000000\">Neprody\u0161n\u00fd uzav\u00edrateln\u00fd s\u00e1\u010dek, ve kter\u00e9m si v\u00fdrobek zachov\u00e1v\u00e1 ve\u0161kerou \u010derstvost a v\u016fni. Obal chr\u00e1n\u00ed p\u0159ed sv\u011btlem a vzduchem, proto\u017ee se skl\u00e1d\u00e1 z n\u011bkolika ochrann\u00fdch vrstev, kter\u00e9 zachov\u00e1vaj\u00ed vlastnosti obsahu.<\/span><br \/>\n<span style=\"color: #000000\">Obal je velmi praktick\u00fd a recyklovateln\u00fd.<\/span><\/p>\n<h2><span style=\"color: #000000\">Skladov\u00e1n\u00ed a varov\u00e1n\u00ed<\/span><\/h2>\n<p><span style=\"color: #000000\">Skladujte na chladn\u00e9m a such\u00e9m m\u00edst\u011b p\u0159i teplot\u011b do 25 \u00b0C. Dopln\u011bk stravy uchov\u00e1vejte mimo dosah d\u011bt\u00ed!<\/span><br \/>\n<span style=\"color: #000000\">Pokud sou\u010dasn\u011b u\u017e\u00edv\u00e1te antibiotika, l\u00e9ky na osteopor\u00f3zu nebo vysok\u00fd krevn\u00ed tlak, pora\u010fte se se sv\u00fdm l\u00e9ka\u0159em, proto\u017ee ho\u0159\u010d\u00edk m\u016f\u017ee ovlivnit jejich \u00fa\u010dinek.<\/span><br \/>\n<span style=\"color: #000000\">Nezapom\u00ednejte na d\u016fle\u017eitost pestr\u00e9 stravy a zdrav\u00e9ho \u017eivotn\u00edho stylu, dopln\u011bk stravy nen\u00ed n\u00e1hradou vyv\u00e1\u017een\u00e9 a pestr\u00e9 stravy. Doporu\u010den\u00e9 denn\u00ed mno\u017estv\u00ed nebo d\u00e1vka by nem\u011bly b\u00fdt p\u0159ekro\u010deny. T\u011bhotn\u00fdm a koj\u00edc\u00edm \u017een\u00e1m se v\u017edy doporu\u010duje, aby se p\u0159ed pou\u017eit\u00edm p\u0159\u00edpravku poradily s l\u00e9ka\u0159em. Nevhodn\u00e9 pro d\u011bti.<\/span><\/p>\n","protected":false},"excerpt":{"rendered":"<p align=\"JUSTIFY\">Ho\u0159\u010d\u00edk je velmi d\u016fle\u017eit\u00fd miner\u00e1l, kter\u00fd je v lidsk\u00e9m t\u011ble zodpov\u011bdn\u00fd za v\u00edce ne\u017e 300 metabolick\u00fdch reakc\u00ed. Odborn\u00edci ho \u010dasto ozna\u010duj\u00ed za &#8222;kr\u00e1le miner\u00e1l\u016f&#8220;. Hraje velmi d\u016fle\u017eitou roli pro spr\u00e1vnou funkci kost\u00ed, sval\u016f a nervov\u00e9ho syst\u00e9mu.<\/p>\n<p>\ud83d\udc9a Pom\u00e1h\u00e1 sni\u017eovat \u00fanavu a vy\u010derp\u00e1n\u00ed.<br \/>\n\ud83d\udc9a P\u0159isp\u00edv\u00e1 k uvol\u0148ov\u00e1n\u00ed energie p\u0159i metabolismu.<br \/>\n\ud83d\udc9a M\u00e1 p\u0159\u00edzniv\u00fd vliv na nervov\u00fd syst\u00e9m.<br \/>\n\ud83d\udc9a P\u0159isp\u00edv\u00e1 k norm\u00e1ln\u00ed funkci sval\u016f a k norm\u00e1ln\u00ed psychick\u00e9 funkci.<br \/>\n\ud83d\udc9a Udr\u017euje zdrav\u00e9 kosti a zuby.<\/p>\n","protected":false},"featured_media":5905,"comment_status":"open","ping_status":"closed","template":"","meta":{"_acf_changed":false},"product_brand":[],"product_cat":[15,230,226,228,227],"product_tag":[],"class_list":{"0":"post-6119","1":"product","2":"type-product","3":"status-publish","4":"has-post-thumbnail","6":"product_cat-uncategorized","7":"product_cat-mineraly-a-vitaminy","8":"product_cat-nabidka","9":"product_cat-nejprodavanejsi","10":"product_cat-vsechny-produkty","12":"first","13":"instock","14":"sale","15":"taxable","16":"shipping-taxable","17":"purchasable","18":"product-type-simple"},"acf":[],"_links":{"self":[{"href":"https:\/\/fengchashop.com\/cz\/wp-json\/wp\/v2\/product\/6119","targetHints":{"allow":["GET"]}}],"collection":[{"href":"https:\/\/fengchashop.com\/cz\/wp-json\/wp\/v2\/product"}],"about":[{"href":"https:\/\/fengchashop.com\/cz\/wp-json\/wp\/v2\/types\/product"}],"replies":[{"embeddable":true,"href":"https:\/\/fengchashop.com\/cz\/wp-json\/wp\/v2\/comments?post=6119"}],"wp:featuredmedia":[{"embeddable":true,"href":"https:\/\/fengchashop.com\/cz\/wp-json\/wp\/v2\/media\/5905"}],"wp:attachment":[{"href":"https:\/\/fengchashop.com\/cz\/wp-json\/wp\/v2\/media?parent=6119"}],"wp:term":[{"taxonomy":"product_brand","embeddable":true,"href":"https:\/\/fengchashop.com\/cz\/wp-json\/wp\/v2\/product_brand?post=6119"},{"taxonomy":"product_cat","embeddable":true,"href":"https:\/\/fengchashop.com\/cz\/wp-json\/wp\/v2\/product_cat?post=6119"},{"taxonomy":"product_tag","embeddable":true,"href":"https:\/\/fengchashop.com\/cz\/wp-json\/wp\/v2\/product_tag?post=6119"}],"curies":[{"name":"wp","href":"https:\/\/api.w.org\/{rel}","templated":true}]}}