{"id":6118,"date":"2022-02-11T20:17:52","date_gmt":"2022-02-11T19:17:52","guid":{"rendered":"https:\/\/fengchashop.com\/cz\/product\/kalcijev-karbonat-500-g\/"},"modified":"2026-04-29T10:23:19","modified_gmt":"2026-04-29T08:23:19","slug":"kalcijev-karbonat","status":"publish","type":"product","link":"https:\/\/fengchashop.com\/cz\/product\/kalcijev-karbonat\/","title":{"rendered":"Uhli\u010ditan v\u00e1penat\u00fd 500 g"},"content":{"rendered":"<h2><span style=\"color: #000000\">Uhli\u010ditan v\u00e1penat\u00fd<\/span><\/h2>\n<p><span style=\"color: #000000\">V\u00e1pn\u00edk je jedn\u00edm z <strong>nejroz\u0161\u00ed\u0159en\u011bj\u0161\u00edch miner\u00e1l\u016f v na\u0161em t\u011ble<\/strong>. A\u010dkoli je v\u00e1pn\u00edk spojov\u00e1n p\u0159edev\u0161\u00edm s kostmi, m\u00e1 v lidsk\u00e9m t\u011ble mnoho dal\u0161\u00edch d\u016fle\u017eit\u00fdch funkc\u00ed. V\u00e1pn\u00edk je sou\u010d\u00e1st\u00ed kostn\u00ed tk\u00e1n\u011b, a proto ovliv\u0148uje tvrdost kost\u00ed. Proto je konzumace potravin bohat\u00fdch na v\u00e1pn\u00edk v d\u011btstv\u00ed, kdy rosteme, velmi d\u016fle\u017eit\u00e1. Velmi d\u016fle\u017eit\u00e1 je tak\u00e9 v obdob\u00ed menopauzy, kdy naru\u0161en\u00e1 hormon\u00e1ln\u00ed rovnov\u00e1ha \u010dasto ovliv\u0148uje vst\u0159eb\u00e1v\u00e1n\u00ed v\u00e1pn\u00edku, a t\u00edm sni\u017euje hustotu kost\u00ed. Tot\u00e9\u017e plat\u00ed v\u00edcem\u00e9n\u011b pro v\u011bt\u0161inu star\u0161\u00edch dosp\u011bl\u00fdch. V\u00e1pn\u00edk hraje d\u016fle\u017eitou roli i v t\u011bhotenstv\u00ed. \u00a0<\/span><br \/>\n<span style=\"color: #000000\"><strong>V\u00e1pn\u00edk p\u0159isp\u00edv\u00e1<\/strong> k norm\u00e1ln\u00ed funkci bun\u011bk a sval\u016f, ke zdrav\u00ed kost\u00ed a zub\u016f, k norm\u00e1ln\u00ed funkci tr\u00e1vic\u00edch enzym\u016f, ke spr\u00e1vn\u00e9 sr\u00e1\u017elivosti krve, k p\u0159enosu nervov\u00fdch impulz\u016f a k norm\u00e1ln\u00edmu uvol\u0148ov\u00e1n\u00ed energie p\u0159i metabolick\u00fdch procesech. <strong>Nedostatek v\u00e1pn\u00edku \u010dasto vede k osteopor\u00f3ze<\/strong>, dal\u0161\u00ed mimo\u0159\u00e1dn\u011b \u010dast\u00e9 nemoci modern\u00ed doby.<\/span><br \/>\n<span style=\"color: #000000\">V\u00e1pn\u00edk ve form\u011b uhli\u010ditanu v\u00e1penat\u00e9ho je <strong>p\u0159irozenou a bezpe\u010dnou formou v\u00e1pn\u00edku<\/strong> jako dopl\u0148ku stravy. Dob\u0159e se vst\u0159eb\u00e1v\u00e1 a m\u00e1 optim\u00e1ln\u00ed v\u00fdt\u011b\u017enost.<\/span><br \/>\n<span style=\"color: #000000\">V\u00e1pn\u00edk je t\u0159eba t\u011blu dod\u00e1vat pravideln\u011b, zejm\u00e9na v obdob\u00ed zrychlen\u00e9ho r\u016fstu a t\u011bhotenstv\u00ed. Toho nejl\u00e9pe dos\u00e1hnete konzumac\u00ed pestr\u00e9 a vyv\u00e1\u017een\u00e9 stravy, kter\u00e1 je p\u0159irozen\u011b bohat\u00e1 na v\u00e1pn\u00edk. Dopl\u0148ky stravy v\u0161ak doporu\u010dujeme u\u017e\u00edvat zejm\u00e9na t\u011bm, kte\u0159\u00ed konzumuj\u00ed ml\u00e9\u010dn\u00e9 v\u00fdrobky velmi m\u00e1lo nebo v\u016fbec. Doporu\u010duje se tak\u00e9 \u017een\u00e1m v menopauze a v\u0161em star\u0161\u00edm osob\u00e1m.<\/span><br \/>\n<span style=\"color: #000000\">Dopln\u011bk stravy je vysoce kvalitn\u00ed a dosahuje koncentrace element\u00e1rn\u00edho v\u00e1pn\u00edku a\u017e 40 %.<\/span><\/p>\n<h2><span style=\"color: #000000\">Pro\u010d zvolit uhli\u010ditan v\u00e1penat\u00fd?<\/span><\/h2>\n<p><span style=\"color: #000000\">Existuje <strong>n\u011bkolik typ\u016f<\/strong> nebo forem dopl\u0148k\u016f v\u00e1pn\u00edku. Naz\u00fdvaj\u00ed se v\u00e1penat\u00e9 soli. M\u016f\u017ee to b\u00fdt glukon\u00e1t v\u00e1penat\u00fd, uhli\u010ditan v\u00e1penat\u00fd, citr\u00e1t v\u00e1penat\u00fd atd. Nap\u0159\u00edklad citr\u00e1t v\u00e1penat\u00fd je vynikaj\u00edc\u00ed pro ty, kte\u0159\u00ed maj\u00ed probl\u00e9my s p\u0159\u00edli\u0161 mal\u00fdm mno\u017estv\u00edm \u017ealude\u010dn\u00ed kyseliny nebo u\u017e\u00edvaj\u00ed inhibitory \u017ealude\u010dn\u00ed kyseliny, proto\u017ee pro dobr\u00e9 a spr\u00e1vn\u00e9 vst\u0159eb\u00e1v\u00e1n\u00ed kyselinu nepot\u0159ebuje. Uhli\u010ditan v\u00e1penat\u00fd je nejb\u011b\u017en\u011bj\u0161\u00ed formou v\u00e1pn\u00edku v dopl\u0148c\u00edch stravy a bylo prok\u00e1z\u00e1no, \u017ee je bezpe\u010dn\u00fd a dob\u0159e vst\u0159ebateln\u00fd. Star\u0161\u00edm lidem se doporu\u010duje u\u017e\u00edvat jej bezprost\u0159edn\u011b po j\u00eddle, mlad\u0161\u00edm lidem hodinu p\u0159ed j\u00eddlem nebo dv\u011b hodiny po j\u00eddle.<\/span><\/p>\n<h2><span style=\"color: #000000\">Jak\u00fd vliv m\u00e1 p\u0159\u00edjem v\u00e1pn\u00edku na na\u0161e t\u011blo?<\/span><\/h2>\n<p><span style=\"color: #000000\">Vitamin D hraje tak\u00e9 d\u016fle\u017eitou roli p\u0159i spr\u00e1vn\u00e9m vst\u0159eb\u00e1v\u00e1n\u00ed a norm\u00e1ln\u00ed hladin\u011b v\u00e1pn\u00edku v krvi. Doporu\u010den\u00e9 denn\u00ed hodnoty \u200blze dos\u00e1hnout, zejm\u00e9na v l\u00e9t\u011b, vystaven\u00edm poko\u017eky slune\u010dn\u00edm paprsk\u016fm. V\u00e1pn\u00edk pak napom\u00e1h\u00e1: \u00a0<\/span><br \/>\n<span style=\"color: #000000\">\ud83d\udc9a udr\u017eovat <strong>zdrav\u00e9 zuby a kosti<\/strong>, <\/span><br \/>\n<span style=\"color: #000000\">\ud83d\udc9a spr\u00e1vn\u00e9mu<strong> sr\u00e1\u017een\u00ed krve<\/strong>, <\/span><br \/>\n<span style=\"color: #000000\">\ud83d\udc9a uvol\u0148ov\u00e1n\u00ed energie p\u0159i metabolick\u00fdch procesech, <\/span><br \/>\n<span style=\"color: #000000\">\ud83d\udc9a norm\u00e1ln\u00edmu <strong>p\u0159enosu nervov\u00fdch impulz\u016f a funkci sval\u016f a tr\u00e1vic\u00edch enzym\u016f<\/strong>, <\/span><br \/>\n<span style=\"color: #000000\">\ud83d\udc9a <strong>bun\u011b\u010dn\u00e9mu<\/strong> d\u011blen\u00ed a specializaci.<\/span><\/p>\n<h2><span style=\"color: #000000\">Jak\u00e9 jsou v\u00fdhody na\u0161eho uhli\u010ditanu v\u00e1penat\u00e9ho?<\/span><\/h2>\n<p><span style=\"color: #000000\">Pr\u00e1\u0161kov\u00fd uhli\u010ditan v\u00e1penat\u00fd na\u0161\u00ed vlastn\u00ed zna\u010dky je p\u0159\u00edrodn\u011b t\u011b\u017een. Obsahuje velmi \u010dist\u00fd pr\u00e1\u0161ek a vysokou koncentraci element\u00e1rn\u00edho v\u00e1pn\u00edku. Z\u00e1rove\u0148 neobsahuje \u017e\u00e1dn\u00e9 ne\u017e\u00e1douc\u00ed p\u0159\u00eddatn\u00e9 l\u00e1tky, jako je cukr, lepek, s\u00f3ja atd.<\/span><\/p>\n<h2><span style=\"color: #000000\">Balen\u00ed<\/span><\/h2>\n<p><span style=\"color: #000000\">Neprody\u0161n\u00fd uzav\u00edrateln\u00fd s\u00e1\u010dek, ve kter\u00e9m si v\u00fdrobek zachov\u00e1v\u00e1 ve\u0161kerou \u010derstvost a v\u016fni. Obal chr\u00e1n\u00ed p\u0159ed sv\u011btlem a vzduchem, proto\u017ee se skl\u00e1d\u00e1 z n\u011bkolika ochrann\u00fdch vrstev, kter\u00e9 zachov\u00e1vaj\u00ed vlastnosti obsahu.<\/span><br \/>\n<span style=\"color: #000000\">Obal je velmi praktick\u00fd a recyklovateln\u00fd.<\/span><\/p>\n<h2><span style=\"color: #000000\">Skladov\u00e1n\u00ed a varov\u00e1n\u00ed<\/span><\/h2>\n<p><span style=\"color: #000000\">Skladujte na chladn\u00e9m a such\u00e9m m\u00edst\u011b p\u0159i teplot\u011b do 25 \u00b0C. Dopln\u011bk stravy uchov\u00e1vejte mimo dosah d\u011bt\u00ed!<\/span><br \/>\n<span style=\"color: #000000\">Pokud sou\u010dasn\u011b u\u017e\u00edv\u00e1te antibiotika nebo jin\u00e9 l\u00e9ky, pora\u010fte se se sv\u00fdm l\u00e9ka\u0159em.<\/span><br \/>\n<span style=\"color: #000000\">Nezapom\u00ednejte na d\u016fle\u017eitost pestr\u00e9 stravy a zdrav\u00e9ho \u017eivotn\u00edho stylu, dopln\u011bk stravy nen\u00ed n\u00e1hradou vyv\u00e1\u017een\u00e9 a pestr\u00e9 stravy. Doporu\u010den\u00e9 denn\u00ed mno\u017estv\u00ed nebo d\u00e1vka by nem\u011bly b\u00fdt p\u0159ekro\u010deny. T\u011bhotn\u00fdm a koj\u00edc\u00edm \u017een\u00e1m se v\u017edy doporu\u010duje, aby se p\u0159ed pou\u017eit\u00edm p\u0159\u00edpravku poradily s l\u00e9ka\u0159em. Nevhodn\u00e9 pro d\u011bti.<\/span><\/p>\n","protected":false},"excerpt":{"rendered":"<p align=\"JUSTIFY\">V\u00e1pn\u00edk je jedn\u00edm z nejroz\u0161\u00ed\u0159en\u011bj\u0161\u00edch miner\u00e1l\u016f v na\u0161em t\u011ble. A\u010dkoli je v\u00e1pn\u00edk spojov\u00e1n p\u0159edev\u0161\u00edm s kostmi, m\u00e1 v lidsk\u00e9m t\u011ble mnoho dal\u0161\u00edch d\u016fle\u017eit\u00fdch funkc\u00ed. V\u00e1pn\u00edk je sou\u010d\u00e1st\u00ed kostn\u00ed tk\u00e1n\u011b, a proto ovliv\u0148uje tvrdost kost\u00ed. V\u00e1pn\u00edk pak napom\u00e1h\u00e1:<\/p>\n<p>\ud83d\udc9a udr\u017eovat zdrav\u00e9 zuby a kosti,<br \/>\n\ud83d\udc9a pr\u00e1vn\u00e9mu sr\u00e1\u017een\u00ed krve,<br \/>\n\ud83d\udc9a uvol\u0148ov\u00e1n\u00ed energie p\u0159i metabolick\u00fdch procesech,<br \/>\n\ud83d\udc9a norm\u00e1ln\u00edmu p\u0159enosu nervov\u00fdch impulz\u016f a funkci sval\u016f a tr\u00e1vic\u00edch enzym\u016f,<br \/>\n\ud83d\udc9a bun\u011b\u010dn\u00e9mu d\u011blen\u00ed a specializaci.<\/p>\n","protected":false},"featured_media":5875,"comment_status":"open","ping_status":"closed","template":"","meta":{"_acf_changed":false},"product_brand":[],"product_cat":[15,230,226,227],"product_tag":[],"class_list":{"0":"post-6118","1":"product","2":"type-product","3":"status-publish","4":"has-post-thumbnail","6":"product_cat-uncategorized","7":"product_cat-mineraly-a-vitaminy","8":"product_cat-nabidka","9":"product_cat-vsechny-produkty","11":"first","12":"instock","13":"sale","14":"taxable","15":"shipping-taxable","16":"purchasable","17":"product-type-simple"},"acf":[],"_links":{"self":[{"href":"https:\/\/fengchashop.com\/cz\/wp-json\/wp\/v2\/product\/6118","targetHints":{"allow":["GET"]}}],"collection":[{"href":"https:\/\/fengchashop.com\/cz\/wp-json\/wp\/v2\/product"}],"about":[{"href":"https:\/\/fengchashop.com\/cz\/wp-json\/wp\/v2\/types\/product"}],"replies":[{"embeddable":true,"href":"https:\/\/fengchashop.com\/cz\/wp-json\/wp\/v2\/comments?post=6118"}],"wp:featuredmedia":[{"embeddable":true,"href":"https:\/\/fengchashop.com\/cz\/wp-json\/wp\/v2\/media\/5875"}],"wp:attachment":[{"href":"https:\/\/fengchashop.com\/cz\/wp-json\/wp\/v2\/media?parent=6118"}],"wp:term":[{"taxonomy":"product_brand","embeddable":true,"href":"https:\/\/fengchashop.com\/cz\/wp-json\/wp\/v2\/product_brand?post=6118"},{"taxonomy":"product_cat","embeddable":true,"href":"https:\/\/fengchashop.com\/cz\/wp-json\/wp\/v2\/product_cat?post=6118"},{"taxonomy":"product_tag","embeddable":true,"href":"https:\/\/fengchashop.com\/cz\/wp-json\/wp\/v2\/product_tag?post=6118"}],"curies":[{"name":"wp","href":"https:\/\/api.w.org\/{rel}","templated":true}]}}