{"id":6116,"date":"2022-02-11T19:46:11","date_gmt":"2022-02-11T18:46:11","guid":{"rendered":"https:\/\/fengchashop.com\/cz\/product\/cardio-mix-bio-125-g\/"},"modified":"2026-04-27T11:16:35","modified_gmt":"2026-04-27T09:16:35","slug":"cardio-mix-bio","status":"publish","type":"product","link":"https:\/\/fengchashop.com\/cz\/product\/cardio-mix-bio\/","title":{"rendered":"Cardio mix BIO 125 g pr\u00e1\u0161ek z medicin\u00e1ln\u00edch hub"},"content":{"rendered":"<h2><span style=\"color: #000000\">Cardio mix BIO pr\u00e1\u0161ek z medicin\u00e1ln\u00edch hub<\/span><\/h2>\n<p><span style=\"color: #000000\">Cardio mix se pou\u017e\u00edv\u00e1 jako podpora pro<strong> zlep\u0161en\u00ed srde\u010dn\u00ed \u010dinnosti, krevn\u00edho ob\u011bhu a nejd\u016fle\u017eit\u011bj\u0161\u00edch krevn\u00edch hodnot<\/strong>.<\/span><br \/>\n<span style=\"color: #000000\">Ve skute\u010dnosti se jedn\u00e1 o sm\u011bs, kter\u00e1 pom\u00e1h\u00e1 nebo zaji\u0161\u0165uje v\u0161echny podm\u00ednky, kter\u00e9 mus\u00ed b\u00fdt spln\u011bny pro ide\u00e1ln\u00ed fungov\u00e1n\u00ed <strong>srde\u010dn\u00edho syst\u00e9mu<\/strong>.<\/span><br \/>\n<span style=\"color: #000000\">Sm\u011bs se skl\u00e1d\u00e1 z p\u011bti druh\u016f hub, konkr\u00e9tn\u011b z Lentinula edodes, Auricularia auricula, Ganoderma lucidum, Grifola frondosa a Cordyceps. Podle v\u011bt\u0161iny celosv\u011btov\u011b proveden\u00fdch studi\u00ed pat\u0159\u00ed tyto houby k nej\u00fa\u010dinn\u011bj\u0161\u00edm prevenc\u00edm vzniku kardiovaskul\u00e1rn\u00edch onemocn\u011bn\u00ed.<\/span><br \/>\n<span style=\"color: #000000\">Cardio Mix nab\u00edz\u00ed nej\u0161ir\u0161\u00ed spektrum vyv\u00e1\u017een\u00fdch \u00fa\u010dink\u016f d\u00edky stovk\u00e1m r\u016fzn\u00fdch farmakologick\u00fdch \u00fa\u010dinn\u00fdch l\u00e1tek, kter\u00e9 obsahuje.<\/span><br \/>\n<span style=\"color: #000000\">Toto \u0161irok\u00e9 spektrum druh\u016f hub vede k \u0161irokospektr\u00e1ln\u00edmu p\u016fsoben\u00ed a zrychlen\u00e9mu preventivn\u00edmu p\u016fsoben\u00ed proti celkov\u00e9 slabosti.<\/span><br \/>\n<span style=\"color: #000000\">Pou\u017eit\u00ed v\u00fdrobku je<strong> zcela jednoduch\u00e9<\/strong> a nevy\u017eaduje \u017e\u00e1dnou p\u0159\u00edpravu ani dovednosti. Houby se rozemelou na jemn\u00fd pr\u00e1\u0161ek bez \u010d\u00e1stic. V\u00fdrobek k p\u0159\u00edm\u00e9mu pou\u017eit\u00ed. Jednodu\u0161e ho d\u00e1vkujte p\u0159\u00edmo z balen\u00ed do sv\u00e9ho obl\u00edben\u00e9ho n\u00e1poje, zam\u00edchejte a spot\u0159ebujte.<\/span><\/p>\n<h2><span style=\"color: #000000\">Pro\u010d pou\u017e\u00edvat n\u00e1\u0161 Cardio Mix a jak\u00e9 jsou jeho \u00fa\u010dinky?<\/span><\/h2>\n<p><span style=\"color: #000000\">Receptura sm\u011bsi byla pe\u010dliv\u011b p\u0159ipravena na z\u00e1klad\u011b pozorov\u00e1n\u00ed a poznatk\u016f pravideln\u00fdch u\u017eivatel\u016f t\u00e9to sm\u011bsi a l\u00e9\u010div\u00fdch hub obecn\u011b. P\u0159i p\u0159\u00edprav\u011b t\u00e9to speci\u00e1ln\u00ed sm\u011bsi byly zohledn\u011bny v\u00fdsledky \u0161irok\u00e9ho spektra n\u00e1rodn\u00edch i mezin\u00e1rodn\u00edch v\u00fdzkum\u016f. A p\u0159esto\u017ee l\u00e9\u010div\u00e9 houby maj\u00ed velmi slo\u017eit\u00fd mechanismus \u00fa\u010dinku, kter\u00fd v\u011bda zat\u00edm nedok\u00e1zala vysv\u011btlit, v\u00edme, \u017ee maj\u00ed p\u0159\u00edzniv\u00fd vliv na n\u00e1\u0161 imunitn\u00ed syst\u00e9m a organismus.\u00a0 \u00a0<\/span><br \/>\n<span style=\"color: #000000\">Pozitivn\u00ed \u00fa\u010dinky <strong>Cardio Mixu<\/strong>, kter\u00e9 maj\u00ed ozdravn\u00fd \u00fa\u010dinek na organismus, jsou n\u00e1sleduj\u00edc\u00ed:<\/span><br \/>\n<span style=\"color: #000000\">\ud83d\udc9a reguluje <strong>krevn\u00ed tlak<\/strong>, <\/span><br \/>\n<span style=\"color: #000000\">\ud83d\udc9a sni\u017euje <strong>hladinu cholesterolu<\/strong>, <\/span><br \/>\n<span style=\"color: #000000\">\ud83d\udc9a sni\u017euje<strong> hladinu triglycerid\u016f<\/strong>, <\/span><br \/>\n<span style=\"color: #000000\">\ud83d\udc9a p\u0159edch\u00e1z\u00ed ischemick\u00e9<strong> chorob\u011b srde\u010dn\u00ed<\/strong>, <\/span><br \/>\n<span style=\"color: #000000\">\ud83d\udc9a sni\u017euje <strong>hladinu cukru<\/strong> v krvi a zabra\u0148uje vzniku cukrovky, <\/span><br \/>\n<span style=\"color: #000000\">\ud83d\udc9a zabra\u0148uje <strong>tvorb\u011b krevn\u00edch sra\u017eenin<\/strong>, <\/span><br \/>\n<span style=\"color: #000000\">\ud83d\udc9a zrychluje <strong>pr\u016ftok krve<\/strong>, <\/span><br \/>\n<span style=\"color: #000000\">\ud83d\udc9a stimuluje imunitn\u00ed syst\u00e9m, <\/span><br \/>\n<span style=\"color: #000000\">\ud83d\udc9a p\u016fsob\u00ed proti rakovinn\u00fdm bu\u0148k\u00e1m,\u00a0 \u00a0 <\/span><br \/>\n<span style=\"color: #000000\">\ud83d\udc9a <strong>proti stresu<\/strong>, <\/span><br \/>\n<span style=\"color: #000000\">\ud83d\udc9a zlep\u0161uje <strong>ment\u00e1ln\u00ed schopnosti<\/strong>, <\/span><br \/>\n<span style=\"color: #000000\">\ud83d\udc9a jako siln\u00fd antioxidant eliminuje voln\u00e9 radik\u00e1ly a zabra\u0148uje oxida\u010dn\u00edmu stresu. <\/span><br \/>\n<span style=\"color: #000000\">\u00a0<\/span><br \/>\n<span style=\"color: #000000\">Produkce na\u0161ich l\u00e9\u010div\u00fdch hub je p\u0159\u00edsn\u011b kontrolov\u00e1na, bez pou\u017eit\u00ed chemick\u00fdch l\u00e1tek a pesticid\u016f a 100% ekologick\u00e1. V\u0161echny houby se p\u011bstuj\u00ed ve Slovinsku.<\/span><\/p>\n<h2><span style=\"color: #000000\">Pro koho je Cardio Mix ur\u010den?<\/span><\/h2>\n<p><span style=\"color: #000000\">Cardio mix je vlastn\u011b pro ka\u017ed\u00e9ho, kdo chce sv\u00e9mu<strong> kardiovaskul\u00e1rn\u00edmu syst\u00e9mu<\/strong> poskytnout co nejlep\u0161\u00ed podm\u00ednky pro<strong> dlouhodob\u00e9 kardiovaskul\u00e1rn\u00ed zdrav\u00ed<\/strong>. D\u00edky tomu p\u016fsob\u00ed i na na\u0161e celkov\u00e9 zdrav\u00ed a pohodu a siln\u00fd imunitn\u00ed syst\u00e9m.Je ur\u010den i pro ty, kte\u0159\u00ed cht\u011bj\u00ed vyzkou\u0161et p\u016fsoben\u00ed medicin\u00e1ln\u00edch hub a pos\u00edlit sv\u016fj organismus p\u0159\u00edrodn\u00ed cestou. Je to tak\u00e9 vynikaj\u00edc\u00ed p\u0159\u00edrodn\u00ed dopln\u011bk stravy, proto\u017ee houby maj\u00ed vysokou v\u00fd\u017eivovou hodnotu &#8211; cenn\u00e9 \u017eiviny, stopov\u00e9 miner\u00e1ly, vitaminy, makro\u017eiviny, vl\u00e1kninu a b\u00edlkoviny. L\u00e9\u010div\u00e9 houby maj\u00ed v \u010d\u00ednsk\u00e9 medic\u00edn\u011b a l\u00e9\u010ditelstv\u00ed bohatou historii a lid\u00e9 se st\u00e1le \u010dast\u011bji obracej\u00ed ke zdrav\u00ed z p\u0159\u00edrody. <\/span><br \/>\n<span style=\"color: #000000\">Vzhledem k tomu, \u017ee sm\u011bs obsahuje houbu Auricularia auricula, nedoporu\u010duje se pou\u017e\u00edvat v t\u011bhotenstv\u00ed a p\u0159i kojen\u00ed.<\/span><\/p>\n<h2><span style=\"color: #000000\">Balen\u00ed<\/span><\/h2>\n<p><span style=\"color: #000000\">Neprody\u0161n\u00fd uzav\u00edrateln\u00fd s\u00e1\u010dek, ve kter\u00e9m si v\u00fdrobek zachov\u00e1v\u00e1 ve\u0161kerou \u010derstvost a v\u016fni. Obal chr\u00e1n\u00ed p\u0159ed sv\u011btlem a vzduchem, proto\u017ee se skl\u00e1d\u00e1 z n\u011bkolika ochrann\u00fdch vrstev, kter\u00e9 zachov\u00e1vaj\u00ed vlastnosti obsahu.<\/span><br \/>\n<span style=\"color: #000000\">Obal je velmi praktick\u00fd a recyklovateln\u00fd.<\/span><\/p>\n<h2><span style=\"color: #000000\">Skladov\u00e1n\u00ed a varov\u00e1n\u00ed<\/span><\/h2>\n<p><span style=\"color: #000000\">Skladujte na chladn\u00e9m a such\u00e9m m\u00edst\u011b. Dopln\u011bk stravy uchov\u00e1vejte mimo dosah d\u011bt\u00ed!<\/span><br \/>\n<span style=\"color: #000000\">Nezapom\u00ednejte na d\u016fle\u017eitost pestr\u00e9 stravy a zdrav\u00e9ho \u017eivotn\u00edho stylu, dopln\u011bk stravy nen\u00ed n\u00e1hradou vyv\u00e1\u017een\u00e9 a pestr\u00e9 stravy. Doporu\u010den\u00e9 denn\u00ed mno\u017estv\u00ed nebo d\u00e1vka by nem\u011bly b\u00fdt p\u0159ekro\u010deny.\u00a0<\/span><\/p>\n<h2><span style=\"color: #000000\">Dobr\u00e9 rady<\/span><\/h2>\n<p><span style=\"color: #000000\">V\u00fdrobek je vhodn\u00fd i pro zv\u00ed\u0159ata. L\u00e9\u010div\u00e9 houby jsou ve v\u011bt\u0161in\u011b p\u0159\u00edpad\u016f velmi \u00fa\u010dinn\u00e9 p\u0159i posilov\u00e1n\u00ed imunitn\u00edho syst\u00e9mu, l\u00e9\u010db\u011b alergi\u00ed, ko\u017en\u00edch onemocn\u011bn\u00ed a virov\u00fdch a bakteri\u00e1ln\u00edch infekc\u00ed. Cardio Mix m\u00e1 tak\u00e9 vliv na spr\u00e1vn\u00e9 fungov\u00e1n\u00ed srde\u010dn\u00edho syst\u00e9mu. P\u0159ed pou\u017eit\u00edm se pora\u010fte se sv\u00fdm veterin\u00e1rn\u00edm l\u00e9ka\u0159em, abyste zjistili vhodnost pod\u00e1v\u00e1n\u00ed a doporu\u010den\u00e9 denn\u00ed mno\u017estv\u00ed.<\/span><\/p>\n<h2><span style=\"color: #000000\">P\u016fvod<\/span><\/h2>\n<p><span style=\"color: #000000\">Slovinsko<\/span><\/p>\n","protected":false},"excerpt":{"rendered":"<p align=\"JUSTIFY\">Cardio mix se pou\u017e\u00edv\u00e1 jako podpora pro zlep\u0161en\u00ed srde\u010dn\u00ed \u010dinnosti, krevn\u00edho ob\u011bhu a nejd\u016fle\u017eit\u011bj\u0161\u00edch krevn\u00edch hodnot.<\/p>\n<p>\ud83d\udc9a Stimuluje imunitn\u00ed syst\u00e9m.<br \/>\n\ud83d\udc9a Reguluje krevn\u00ed tlak.<br \/>\n\ud83d\udc9a Sni\u017euje hladinu cholesterolu.<br \/>\n\ud83d\udc9a Sni\u017euje hladinu triglycerid\u016f.<\/p>\n","protected":false},"featured_media":5963,"comment_status":"open","ping_status":"closed","template":"","meta":{"_acf_changed":false},"product_brand":[],"product_cat":[15,229,226,227],"product_tag":[],"class_list":{"0":"post-6116","1":"product","2":"type-product","3":"status-publish","4":"has-post-thumbnail","6":"product_cat-uncategorized","7":"product_cat-lecive-houby","8":"product_cat-nabidka","9":"product_cat-vsechny-produkty","11":"first","12":"instock","13":"sale","14":"taxable","15":"shipping-taxable","16":"purchasable","17":"product-type-simple"},"acf":[],"_links":{"self":[{"href":"https:\/\/fengchashop.com\/cz\/wp-json\/wp\/v2\/product\/6116","targetHints":{"allow":["GET"]}}],"collection":[{"href":"https:\/\/fengchashop.com\/cz\/wp-json\/wp\/v2\/product"}],"about":[{"href":"https:\/\/fengchashop.com\/cz\/wp-json\/wp\/v2\/types\/product"}],"replies":[{"embeddable":true,"href":"https:\/\/fengchashop.com\/cz\/wp-json\/wp\/v2\/comments?post=6116"}],"wp:featuredmedia":[{"embeddable":true,"href":"https:\/\/fengchashop.com\/cz\/wp-json\/wp\/v2\/media\/5963"}],"wp:attachment":[{"href":"https:\/\/fengchashop.com\/cz\/wp-json\/wp\/v2\/media?parent=6116"}],"wp:term":[{"taxonomy":"product_brand","embeddable":true,"href":"https:\/\/fengchashop.com\/cz\/wp-json\/wp\/v2\/product_brand?post=6116"},{"taxonomy":"product_cat","embeddable":true,"href":"https:\/\/fengchashop.com\/cz\/wp-json\/wp\/v2\/product_cat?post=6116"},{"taxonomy":"product_tag","embeddable":true,"href":"https:\/\/fengchashop.com\/cz\/wp-json\/wp\/v2\/product_tag?post=6116"}],"curies":[{"name":"wp","href":"https:\/\/api.w.org\/{rel}","templated":true}]}}