{"id":6115,"date":"2022-11-02T19:26:00","date_gmt":"2022-11-02T18:26:00","guid":{"rendered":"https:\/\/fengchashop.com\/cz\/product\/immuno-mix-bio-125-g\/"},"modified":"2026-03-09T21:52:47","modified_gmt":"2026-03-09T20:52:47","slug":"immuno-mix-bio","status":"publish","type":"product","link":"https:\/\/fengchashop.com\/cz\/product\/immuno-mix-bio\/","title":{"rendered":"Immuno mix sm\u011bs l\u00e9\u010div\u00fdch hub v pr\u00e1\u0161ku BIO 125 g"},"content":{"rendered":"<h2><span style=\"color: #000000;\">Immuno mix BIO sm\u011bs l\u00e9\u010div\u00fdch hub v pr\u00e1\u0161ku<\/span><\/h2>\n<p><span style=\"color: #000000;\">Imuno mix sm\u011bs l\u00e9\u010div\u00fdch hub je ur\u010dena k <strong>prevenci celkov\u00e9 chronick\u00e9<\/strong> nebo <strong>sez\u00f3nn\u00ed slabosti<\/strong>. Z tohoto d\u016fvodu doporu\u010dujeme u\u017e\u00edvat ji na ja\u0159e a na podzim, kdy jsme nejv\u00edce n\u00e1chyln\u00ed k r\u016fzn\u00fdm onemocn\u011bn\u00edm.<\/span><br \/>\n<span style=\"color: #000000;\">Sm\u011bs obsahuje Cordyceps, Ganoderma lucidum (Reishi), Lentinula edodes, Hericium erinaceus, Grifola frondosa, Poria cocos, Outkovka pestr\u00e1 a Agaricus blazei.<\/span><br \/>\n<span style=\"color: #000000;\">Speci\u00e1ln\u00ed sm\u011bs pro lep\u0161\u00ed imunitu a obranyschopnost nab\u00edz\u00ed nej\u0161ir\u0161\u00ed spektrum vyv\u00e1\u017een\u00e9ho p\u016fsoben\u00ed d\u00edky stovk\u00e1m r\u016fzn\u00fdch \u00fa\u010dinn\u00fdch l\u00e1tek, kter\u00e9 obsahuje.<\/span><br \/>\n<span style=\"color: #000000;\">Toto \u0161irok\u00e9 spektrum druh\u016f hub vede k \u0161irokospektr\u00e1ln\u00edmu p\u016fsoben\u00ed a zrychlen\u00e9mu preventivn\u00edmu p\u016fsoben\u00ed proti celkov\u00e9 slabosti.<\/span><br \/>\n<span style=\"color: #000000;\">Pou\u017eit\u00ed v\u00fdrobku je zcela jednoduch\u00e9 a nevy\u017eaduje \u017e\u00e1dnou p\u0159\u00edpravu ani dovednosti. Houby se rozemelou na jemn\u00fd pr\u00e1\u0161ek bez \u010d\u00e1stic. V\u00fdrobek k p\u0159\u00edm\u00e9mu pou\u017eit\u00ed. Jednodu\u0161e ho d\u00e1vkujte p\u0159\u00edmo z balen\u00ed do sv\u00e9ho obl\u00edben\u00e9ho n\u00e1poje, zam\u00edchejte a spot\u0159ebujte.<\/span><\/p>\n<h2><span style=\"color: #000000;\">Pro\u010d pou\u017e\u00edvat n\u00e1\u0161 Immuno mix?<\/span><\/h2>\n<p><span style=\"color: #000000;\">Receptura sm\u011bsi byla pe\u010dliv\u011b p\u0159ipravena na z\u00e1klad\u011b pozorov\u00e1n\u00ed a poznatk\u016f pravideln\u00fdch u\u017eivatel\u016f t\u00e9to sm\u011bsi a l\u00e9\u010div\u00fdch hub obecn\u011b. P\u0159i p\u0159\u00edprav\u011b t\u00e9to speci\u00e1ln\u00ed sm\u011bsi byly zohledn\u011bny v\u00fdsledky \u0161irok\u00e9ho spektra n\u00e1rodn\u00edch i mezin\u00e1rodn\u00edch v\u00fdzkum\u016f. A p\u0159esto\u017ee l\u00e9\u010div\u00e9 houby maj\u00ed velmi slo\u017eit\u00fd mechanismus \u00fa\u010dinku, kter\u00fd v\u011bda zat\u00edm nedok\u00e1zala vysv\u011btlit, v\u00edme, \u017ee maj\u00ed p\u0159\u00edzniv\u00fd vliv <strong>na n\u00e1\u0161 imunitn\u00ed syst\u00e9m<\/strong>. Je zodpov\u011bdn\u00fd za boj s ciz\u00edmi l\u00e1tkami v na\u0161em t\u011ble. A\u0165 u\u017e se jedn\u00e1 o oby\u010dejn\u00fd virus, kter\u00fd zp\u016fsobuje nachlazen\u00ed, nebo o soubor bun\u011bk, kter\u00e9 p\u0159edstavuj\u00ed rakovinu. Proto je zdrav\u00fd a siln\u00fd imunitn\u00ed syst\u00e9m tak d\u016fle\u017eit\u00fd.\u00a0 \u00a0<\/span><br \/>\n<span style=\"color: #000000;\">Produkce na\u0161ich l\u00e9\u010div\u00fdch hub je p\u0159\u00edsn\u011b kontrolov\u00e1na, bez pou\u017eit\u00ed chemick\u00fdch l\u00e1tek a pesticid\u016f a 100% ekologick\u00e1. V\u0161echny houby se p\u011bstuj\u00ed ve Slovinsku.<\/span><\/p>\n<p><span style=\"color: #000000;\">Pro koho je Immuno mix ur\u010den?<\/span><\/p>\n<p><span style=\"color: #000000;\">Imunno mix je vlastn\u011b ur\u010den pro v\u0161echny, kte\u0159\u00ed cht\u011bj\u00ed <strong>dodate\u010dnou preventivn\u00ed podporu<\/strong> proti celkov\u00e9mu chronick\u00e9mu nebo sez\u00f3nn\u00edmu oslaben\u00ed. Je tak\u00e9 pro ty, kte\u0159\u00ed cht\u011bj\u00ed vyzkou\u0161et l\u00e9\u010div\u00e9 houby a p\u0159irozen\u011b pos\u00edlit sv\u016fj organismus. Je to tak\u00e9 vynikaj\u00edc\u00ed <strong>p\u0159\u00edrodn\u00ed dopln\u011bk stravy<\/strong>, proto\u017ee houby maj\u00ed vysokou v\u00fd\u017eivovou hodnotu &#8211; cenn\u00e9 \u017eiviny, stopov\u00e9 miner\u00e1ly, vitaminy, makro\u017eiviny, vl\u00e1kninu a b\u00edlkoviny. L\u00e9\u010div\u00e9 houby maj\u00ed v \u010d\u00ednsk\u00e9 medic\u00edn\u011b a l\u00e9\u010ditelstv\u00ed bohatou historii a lid\u00e9 se st\u00e1le \u010dast\u011bji obracej\u00ed ke zdrav\u00ed z p\u0159\u00edrody.<\/span><\/p>\n<h2><span style=\"color: #000000;\">Balen\u00ed<\/span><\/h2>\n<p><span style=\"color: #000000;\">Neprody\u0161n\u00fd uzav\u00edrateln\u00fd s\u00e1\u010dek, ve kter\u00e9m si v\u00fdrobek zachov\u00e1v\u00e1 ve\u0161kerou \u010derstvost a v\u016fni. Obal chr\u00e1n\u00ed p\u0159ed sv\u011btlem a vzduchem, proto\u017ee se skl\u00e1d\u00e1 z n\u011bkolika ochrann\u00fdch vrstev, kter\u00e9 zachov\u00e1vaj\u00ed vlastnosti obsahu.<\/span><br \/>\n<span style=\"color: #000000;\">Obal je velmi praktick\u00fd a recyklovateln\u00fd.<\/span><\/p>\n<h2><span style=\"color: #000000;\">Skladov\u00e1n\u00ed a varov\u00e1n\u00ed<\/span><\/h2>\n<p><span style=\"color: #000000;\">Skladujte na chladn\u00e9m a such\u00e9m m\u00edst\u011b. Dopln\u011bk stravy uchov\u00e1vejte mimo dosah d\u011bt\u00ed!<\/span><br \/>\n<span style=\"color: #000000;\">Nezapom\u00ednejte na d\u016fle\u017eitost pestr\u00e9 stravy a zdrav\u00e9ho \u017eivotn\u00edho stylu, dopln\u011bk stravy nen\u00ed n\u00e1hradou vyv\u00e1\u017een\u00e9 a pestr\u00e9 stravy. Doporu\u010den\u00e9 denn\u00ed mno\u017estv\u00ed nebo d\u00e1vka by nem\u011bly b\u00fdt p\u0159ekro\u010deny. T\u011bhotn\u00fdm a koj\u00edc\u00edm \u017een\u00e1m se v\u017edy doporu\u010duje, aby se p\u0159ed pou\u017eit\u00edm p\u0159\u00edpravku poradily s l\u00e9ka\u0159em.<\/span><\/p>\n<h2><span style=\"color: #000000;\">Dobr\u00e9 rady<\/span><\/h2>\n<p><span style=\"color: #000000;\">V\u00fdrobek je vhodn\u00fd i pro zv\u00ed\u0159ata. L\u00e9\u010div\u00e9 houby jsou ve v\u011bt\u0161in\u011b p\u0159\u00edpad\u016f velmi \u00fa\u010dinn\u00e9 p\u0159i posilov\u00e1n\u00ed imunitn\u00edho syst\u00e9mu, l\u00e9\u010db\u011b alergi\u00ed, ko\u017en\u00edch onemocn\u011bn\u00ed a virov\u00fdch a bakteri\u00e1ln\u00edch infekc\u00ed. Immuno mix tak\u00e9 pom\u00e1h\u00e1 zlep\u0161it fungov\u00e1n\u00ed imunitn\u00edho syst\u00e9mu. P\u0159ed pou\u017eit\u00edm se pora\u010fte se sv\u00fdm veterin\u00e1rn\u00edm l\u00e9ka\u0159em, abyste zjistili vhodnost pod\u00e1v\u00e1n\u00ed a doporu\u010den\u00e9 denn\u00ed mno\u017estv\u00ed.<\/span><\/p>\n<h2><span style=\"color: #000000;\">P\u016fvod<\/span><\/h2>\n<p><span style=\"color: #000000;\">Slovinsko<\/span><\/p>\n","protected":false},"excerpt":{"rendered":"<p align=\"JUSTIFY\"><span lang=\"cs-CZ\">Imuno mix sm\u011bs l\u00e9\u010div\u00fdch hub je ur\u010dena k <\/span><strong><span lang=\"cs-CZ\">prevenci celkov\u00e9 chronick\u00e9 <\/span><\/strong><span lang=\"cs-CZ\">nebo<\/span><strong><span lang=\"cs-CZ\"> sez\u00f3nn\u00ed slabosti<\/span><\/strong><span lang=\"cs-CZ\">. Z tohoto d\u016fvodu doporu\u010dujeme u\u017e\u00edvat ji na ja\u0159e a na podzim, kdy jsme nejv\u00edce n\u00e1chyln\u00ed k r\u016fzn\u00fdm onemocn\u011bn\u00edm.<\/span><\/p>\n<p>\ud83d\udc9a Stimuluje imunitn\u00ed syst\u00e9m.<br \/>\n\ud83d\udc9a Dodate\u010dnou preventivn\u00ed podporu.<br \/>\n\ud83d\udc9a M\u00e1 protiz\u00e1n\u011btliv\u00fd \u00fa\u010dinek.<br \/>\n\ud83d\udc9a Je to siln\u00fd antioxidant.<\/p>\n","protected":false},"featured_media":5895,"comment_status":"open","ping_status":"closed","template":"","meta":{"_acf_changed":false},"product_brand":[],"product_cat":[15,229,226,227],"product_tag":[],"class_list":{"0":"post-6115","1":"product","2":"type-product","3":"status-publish","4":"has-post-thumbnail","6":"product_cat-uncategorized","7":"product_cat-lecive-houby","8":"product_cat-nabidka","9":"product_cat-vsechny-produkty","11":"first","12":"outofstock","13":"sale","14":"taxable","15":"shipping-taxable","16":"purchasable","17":"product-type-simple"},"acf":[],"_links":{"self":[{"href":"https:\/\/fengchashop.com\/cz\/wp-json\/wp\/v2\/product\/6115","targetHints":{"allow":["GET"]}}],"collection":[{"href":"https:\/\/fengchashop.com\/cz\/wp-json\/wp\/v2\/product"}],"about":[{"href":"https:\/\/fengchashop.com\/cz\/wp-json\/wp\/v2\/types\/product"}],"replies":[{"embeddable":true,"href":"https:\/\/fengchashop.com\/cz\/wp-json\/wp\/v2\/comments?post=6115"}],"wp:featuredmedia":[{"embeddable":true,"href":"https:\/\/fengchashop.com\/cz\/wp-json\/wp\/v2\/media\/5895"}],"wp:attachment":[{"href":"https:\/\/fengchashop.com\/cz\/wp-json\/wp\/v2\/media?parent=6115"}],"wp:term":[{"taxonomy":"product_brand","embeddable":true,"href":"https:\/\/fengchashop.com\/cz\/wp-json\/wp\/v2\/product_brand?post=6115"},{"taxonomy":"product_cat","embeddable":true,"href":"https:\/\/fengchashop.com\/cz\/wp-json\/wp\/v2\/product_cat?post=6115"},{"taxonomy":"product_tag","embeddable":true,"href":"https:\/\/fengchashop.com\/cz\/wp-json\/wp\/v2\/product_tag?post=6115"}],"curies":[{"name":"wp","href":"https:\/\/api.w.org\/{rel}","templated":true}]}}