{"id":6114,"date":"2022-02-11T19:13:33","date_gmt":"2022-02-11T18:13:33","guid":{"rendered":"https:\/\/fengchashop.com\/cz\/product\/outkovka-pestra-trametes-coriolus-bio-eu-125-g\/"},"modified":"2026-04-29T23:20:55","modified_gmt":"2026-04-29T21:20:55","slug":"outkovka-pestra-trametes-coriolus-bio-eu","status":"publish","type":"product","link":"https:\/\/fengchashop.com\/cz\/product\/outkovka-pestra-trametes-coriolus-bio-eu\/","title":{"rendered":"Outkovka pestr\u00e1 (Trametes versicolor Coriolus) BIO EU pr\u00e1\u0161ek &#8211; 125 g"},"content":{"rendered":"<h2><span style=\"color: #000000\">Coriolus bio<\/span><\/h2>\n<p><span style=\"color: #000000\">Coriolus neboli<strong> Outkovka pestr\u00e1<\/strong>, je proslul\u00e1 medicin\u00e1ln\u00ed houba, kter\u00e1 se v tradi\u010dn\u00ed \u010d\u00ednsk\u00e9 medic\u00edn\u011b pou\u017e\u00edv\u00e1 ji\u017e po stalet\u00ed. Spolu s ganodermou, cordycepsem a n\u011bkter\u00fdmi dal\u0161\u00edmi houbami pat\u0159\u00ed <strong>k nejzn\u00e1m\u011bj\u0161\u00edm l\u00e9\u010div\u00fdm houb\u00e1m<\/strong> u n\u00e1s. Jej\u00ed farmakologick\u00e9 \u00fa\u010dinn\u00e9 l\u00e1tky jsou <strong>p\u0159edm\u011btem mnoha klinick\u00fdch studi\u00ed<\/strong>. Coriolus je \u0161iroce roz\u0161\u00ed\u0159en\u00e1 a b\u011b\u017en\u00e1 d\u0159evokazn\u00e1 houba, kter\u00e1 roste na rozkl\u00e1daj\u00edc\u00edm se d\u0159ev\u011b po cel\u00e9m sv\u011bt\u011b.\u00a0<\/span><\/p>\n<p><span style=\"color: #000000\">Produkce na\u0161\u00ed medicin\u00e1ln\u00ed houby Coriolus je p\u0159\u00edsn\u011b kontrolovan\u00e1, bez pou\u017eit\u00ed chemik\u00e1li\u00ed a pesticid\u016f a <strong>100% ekologick\u00e1<\/strong>. Kvalitu hub pravideln\u011b kontroluj\u00ed nez\u00e1visl\u00e9 laborato\u0159e ve Slovinsku a USA.<\/span><\/p>\n<p><span style=\"color: #000000\">Coriolus se skl\u00e1d\u00e1 z \u0159ady polysacharid\u016f, vitamin\u016f, miner\u00e1ln\u00edch sol\u00ed a antioxidant\u016f. Obsahuje tak\u00e9 \u0161irokou \u0161k\u00e1lu fenolick\u00fdch a flavonoidn\u00edch antioxidant\u016f, kter\u00e9 maj\u00ed pro na\u0161e t\u011blo mnoho p\u0159\u00edzniv\u00fdch \u00fa\u010dink\u016f. Dva d\u016fle\u017eit\u00e9 <strong>polysacharid-proteinov\u00e9 komplexy &#8211; PKS<\/strong> (krestin nebo polysacharid K) a<strong> PSP<\/strong> (polysacharidov\u00fd peptid), kter\u00fd jej tvo\u0159\u00ed &#8211; jsou st\u00e1le p\u0159edm\u011btem mnoha v\u00fdzkum\u016f zam\u011b\u0159en\u00fdch.\u00a0<\/span><\/p>\n<h2><span style=\"color: #000000\">Balen\u00ed<\/span><\/h2>\n<p><span style=\"color: #000000\">Neprody\u0161n\u00fd uzav\u00edrateln\u00fd s\u00e1\u010dek, ve kter\u00e9m si v\u00fdrobek zachov\u00e1v\u00e1 ve\u0161kerou \u010derstvost a v\u016fni. Obal chr\u00e1n\u00ed p\u0159ed sv\u011btlem a vzduchem, proto\u017ee se skl\u00e1d\u00e1 z n\u011bkolika ochrann\u00fdch vrstev, kter\u00e9 zachov\u00e1vaj\u00ed vlastnosti obsahu.<\/span><br \/>\n<span style=\"color: #000000\">Obal je velmi praktick\u00fd a recyklovateln\u00fd.<\/span><\/p>\n<h2><span style=\"color: #000000\">P\u016fvod<\/span><\/h2>\n<p><span style=\"color: #000000\">EU<\/span><\/p>\n","protected":false},"excerpt":{"rendered":"<p align=\"JUSTIFY\"><span style=\"color: #000000\">Coriolus<\/span> neboli Outkovka pestr\u00e1, je proslul\u00e1 medicin\u00e1ln\u00ed houba, kter\u00e1 se v tradi\u010dn\u00ed \u010d\u00ednsk\u00e9 medic\u00edn\u011b pou\u017e\u00edv\u00e1 ji\u017e po stalet\u00ed. Spolu s ganodermou, cordycepsem a n\u011bkter\u00fdmi dal\u0161\u00edmi houbami pat\u0159\u00ed k nejzn\u00e1m\u011bj\u0161\u00edm l\u00e9\u010div\u00fdm houb\u00e1m u n\u00e1s.<\/p>\n<p>\ud83d\udc9a Pr\u00e9miov\u00e1 kvalita.<br \/>\n\ud83d\udc9a P\u0159\u00edrodn\u00ed produkt.<br \/>\n\ud83d\udc9a Mimo\u0159\u00e1dn\u011b \u00fa\u010dinn\u00e9.<br \/>\n\ud83d\udc9a Skv\u011bl\u00e1 cena.<\/p>\n","protected":false},"featured_media":5929,"comment_status":"open","ping_status":"closed","template":"","meta":{"_acf_changed":false},"product_brand":[],"product_cat":[15,229,226,228,227],"product_tag":[],"class_list":{"0":"post-6114","1":"product","2":"type-product","3":"status-publish","4":"has-post-thumbnail","6":"product_cat-uncategorized","7":"product_cat-lecive-houby","8":"product_cat-nabidka","9":"product_cat-nejprodavanejsi","10":"product_cat-vsechny-produkty","12":"first","13":"instock","14":"taxable","15":"shipping-taxable","16":"purchasable","17":"product-type-simple"},"acf":[],"_links":{"self":[{"href":"https:\/\/fengchashop.com\/cz\/wp-json\/wp\/v2\/product\/6114","targetHints":{"allow":["GET"]}}],"collection":[{"href":"https:\/\/fengchashop.com\/cz\/wp-json\/wp\/v2\/product"}],"about":[{"href":"https:\/\/fengchashop.com\/cz\/wp-json\/wp\/v2\/types\/product"}],"replies":[{"embeddable":true,"href":"https:\/\/fengchashop.com\/cz\/wp-json\/wp\/v2\/comments?post=6114"}],"wp:featuredmedia":[{"embeddable":true,"href":"https:\/\/fengchashop.com\/cz\/wp-json\/wp\/v2\/media\/5929"}],"wp:attachment":[{"href":"https:\/\/fengchashop.com\/cz\/wp-json\/wp\/v2\/media?parent=6114"}],"wp:term":[{"taxonomy":"product_brand","embeddable":true,"href":"https:\/\/fengchashop.com\/cz\/wp-json\/wp\/v2\/product_brand?post=6114"},{"taxonomy":"product_cat","embeddable":true,"href":"https:\/\/fengchashop.com\/cz\/wp-json\/wp\/v2\/product_cat?post=6114"},{"taxonomy":"product_tag","embeddable":true,"href":"https:\/\/fengchashop.com\/cz\/wp-json\/wp\/v2\/product_tag?post=6114"}],"curies":[{"name":"wp","href":"https:\/\/api.w.org\/{rel}","templated":true}]}}