{"id":6113,"date":"2022-02-11T19:06:19","date_gmt":"2022-02-11T18:06:19","guid":{"rendered":"https:\/\/fengchashop.com\/cz\/product\/maitake-bio-125-g\/"},"modified":"2026-05-13T23:40:41","modified_gmt":"2026-05-13T21:40:41","slug":"maitake-bio","status":"publish","type":"product","link":"https:\/\/fengchashop.com\/cz\/product\/maitake-bio\/","title":{"rendered":"Maitake (Grifola frondosa) BIO 125 g"},"content":{"rendered":"<h2><span style=\"color: #000000\">Maitake (Grifola frondosa) BIO<\/span><\/h2>\n<p><span style=\"color: #000000\">Grifola frondosa neboli<strong> trsnatec lupenit\u00fd<\/strong> je velmi velk\u00e1 jedl\u00e1 houba, kter\u00e1 se v Japonsku pou\u017e\u00edv\u00e1 <strong>p\u0159edev\u0161\u00edm v kulin\u00e1\u0159stv\u00ed<\/strong>. M\u00e1 p\u0159\u00edjemnou strukturu a chu\u0165. Pou\u017e\u00edv\u00e1 se tak\u00e9 jako dopln\u011bk stravy v tradi\u010dn\u00ed \u010d\u00ednsk\u00e9 medic\u00edn\u011b. Maitake se pou\u017e\u00edvaj\u00ed ke <strong>zlep\u0161en\u00ed celkov\u00e9ho zdrav\u00ed a fyzick\u00e9 vitality<\/strong>. Funguje tak, \u017ee vyrovn\u00e1v\u00e1 rovnov\u00e1hu organismu, posiluje imunitn\u00ed syst\u00e9m a zlep\u0161uje hladinu krve. Jej\u00ed obliba roste zejm\u00e9na v posledn\u00ed dob\u011b tak\u00e9 d\u00edky jej\u00edmu potenci\u00e1lu jako pomocn\u00edka p\u0159i l\u00e9\u010db\u011b r\u016fzn\u00fdch druh\u016f rakoviny a mnoha dal\u0161\u00edm p\u0159\u00edzniv\u00fdm \u00fa\u010dink\u016fm.<\/span><br \/>\n<span style=\"color: #000000\">Produkce na\u0161ich l\u00e9\u010div\u00fdch hub Maitake je p\u0159\u00edsn\u011b kontrolov\u00e1na, bez pou\u017eit\u00ed chemick\u00fdch l\u00e1tek a pesticid\u016f a <strong>100% ekologick\u00e1<\/strong>. Kvalitu hub pravideln\u011b kontroluj\u00ed nez\u00e1visl\u00e9 laborato\u0159e ve Slovinsku a USA.<\/span><\/p>\n<h2><span style=\"color: #000000\">Co obsahuje a pro koho je ur\u010dena?<\/span><\/h2>\n<p><span style=\"color: #000000\">Maitake je bohat\u00e1 na miner\u00e1ln\u00ed l\u00e1tky (drasl\u00edk, v\u00e1pn\u00edk, ho\u0159\u010d\u00edk atd.), vitam\u00edny (B2, D2, niacin), vl\u00e1kninu, b\u00edlkoviny, aminokyseliny, polysacharidy (nap\u0159. b\u00edlkoviny \u03b2-glukan) a dal\u0161\u00ed antioxidanty (nap\u0159. prebiotikum trehal\u00f3zu). Krom\u011b \u0159ady polysacharid\u016f jsou zdrojem l\u00e9\u010div\u00fdch \u00fa\u010dink\u016f houby tak\u00e9 \u03b2-D-glukan a ergosterol (provitamin D2). Pravideln\u00e9 u\u017e\u00edv\u00e1n\u00ed hub pom\u00e1h\u00e1 udr\u017eovat na\u0161i fyzickou vitalitu, pom\u00e1haj\u00ed tak\u00e9 p\u0159i chronick\u00e9 \u00fanav\u011b a maj\u00ed pozoruhodn\u00e9 antioxida\u010dn\u00ed vlastnosti. Podobn\u011b jako Ganoderma lucidum lze maitake za\u0159adit mezi houby, kter\u00e9 mohou m\u00edt<strong> d\u00edky sv\u00fdm \u00fa\u010dinn\u00fdm l\u00e1tk\u00e1m pozitivn\u00ed vliv na na\u0161i celkovou pohodu a imunitn\u00ed syst\u00e9m<\/strong>.\u00a0 Maitake se proto pou\u017e\u00edvaj\u00ed ke zlep\u0161en\u00ed celkov\u00e9ho zdrav\u00ed a fyzick\u00e9 vitality a k prevenci chronick\u00e9 \u00fanavy.<\/span><br \/>\n<span style=\"color: #000000\">Dal\u0161\u00ed pozitivn\u00ed l\u00e9\u010div\u00e9 \u00fa\u010dinky, kter\u00e9 tato mimo\u0159\u00e1dn\u011b obl\u00edben\u00e1 houba st\u00e1le m\u00e1, najdete n\u00ed\u017ee:<\/span><br \/>\n<span style=\"color: #000000\">\ud83d\udc9a posiluje imunitn\u00ed syst\u00e9m a zlep\u0161uje celkovou pohodu,<\/span><br \/>\n<span style=\"color: #000000\">\ud83d\udc9a antioxidant,<\/span><br \/>\n<span style=\"color: #000000\">\ud83d\udc9a pom\u00e1h\u00e1 p\u0159i<strong> chronick\u00e9 \u00fanav\u011b<\/strong>,<\/span><br \/>\n<span style=\"color: #000000\">\ud83d\udc9a m\u016f\u017ee n\u00e1m pomoci l\u00e9pe <strong>sn\u00e1\u0161et vedlej\u0161\u00ed \u00fa\u010dinky chemoterapie a radioterapie<\/strong>,<\/span><br \/>\n<span style=\"color: #000000\">\ud83d\udc9a m\u00e1 pozitivn\u00ed vliv na kosti a podporuje l\u00e9\u010dbu <strong>osteopor\u00f3zy<\/strong>,<\/span><br \/>\n<span style=\"color: #000000\">\ud83d\udc9a reguluje <strong>hladinu cholesterolu, sni\u017euje krevn\u00ed tlak a zabra\u0148uje vzniku cukrovky a bylo zji\u0161t\u011bno, \u017ee sni\u017euje hladinu cukru v krvi,u pacient\u016f s diabetem 2. typu<\/strong>,<\/span><br \/>\n<span style=\"color: #000000\">\ud83d\udc9a antivirov\u00e1 a antimikrobi\u00e1ln\u00ed,<\/span><br \/>\n<span style=\"color: #000000\">\ud83d\udc9a zabra\u0148uje r\u016fstu a \u0161\u00ed\u0159en\u00ed n\u00e1dor\u016f a metast\u00e1z,<\/span><br \/>\n<span style=\"color: #000000\">\ud83d\udc9a pom\u00e1h\u00e1 kontrolovat hmotnost,<\/span><br \/>\n<span style=\"color: #000000\">\ud83d\udc9a je tak\u00e9 \u00fa\u010dinn\u00fd p\u0159i l\u00e9\u010db\u011b chronick\u00e9 hepatitidy B, HIV a<strong> Candida albicans<\/strong>.<\/span><\/p>\n<p><span style=\"color: #000000\">V\u0161echny prvky v houb\u00e1ch jsou p\u0159\u00edtomny ve velk\u00e9m mno\u017estv\u00ed a maj\u00ed velmi pozitivn\u00ed vliv na na\u0161e t\u011blo.<\/span><br \/>\n<span style=\"color: #000000\">Ve form\u011b pr\u00e1\u0161ku obsahuje mnoho \u017eivin a jej\u00ed p\u0159\u00edzniv\u00e9 \u00fa\u010dinky byly v\u011bdecky prok\u00e1z\u00e1ny. Studie v r\u016fzn\u00fdch zem\u00edch sv\u011bta zjistily \u0159adu p\u0159\u00edzniv\u00fdch \u00fa\u010dink\u016f spojen\u00fdch s pravidelnou konzumac\u00ed hub Maitake.<\/span><br \/>\n<span style=\"color: #000000\">A co je nesm\u00edrn\u011b d\u016fle\u017eit\u00e9, Maitake je 100% p\u0159\u00edrodn\u00ed produkt, kter\u00fd n\u00e1m m\u016f\u017ee pomoci p\u0159irozen\u00fdm zp\u016fsobem. Zlep\u0161uje p\u0159\u00edznaky na\u0161ich onemocn\u011bn\u00ed a m\u00e1 pozitivn\u00ed vliv na na\u0161i celkovou pohodu. Je tedy ur\u010dena v\u0161em, kte\u0159\u00ed cht\u011bj\u00ed jak\u00fdmkoli zp\u016fsobem vyu\u017e\u00edvat jej\u00edch v\u00fdhod. Od zlep\u0161en\u00ed imunitn\u00edch funkc\u00ed, pomoci p\u0159i r\u016fstu kandidy, pomoci p\u0159i l\u00e9\u010db\u011b rakoviny, pro celkovou pohodu atd.\u00a0Houby jsou tak \u00fa\u010dinn\u00e9 pr\u00e1v\u011b proto, \u017ee maj\u00ed schopnost absorbovat v\u0161e &#8211; dobr\u00e9 i \u0161patn\u00e9 &#8211; z prost\u0159ed\u00ed, je d\u016fle\u017eit\u00e9 pou\u017e\u00edvat houby organick\u00e9.<\/span><\/p>\n<h2><span style=\"color: #000000\">Pro\u010d houby?<\/span><\/h2>\n<p><span style=\"color: #000000\">Houby jsou velmi zaj\u00edmav\u00e9. Nejsou to ani rostliny, ani \u017eivo\u010dichov\u00e9, ale rozhodn\u011b jsou to<strong> \u00fa\u017easn\u00e9 organismy<\/strong>, kter\u00e9 dok\u00e1zaly p\u0159e\u017e\u00edt t\u00e9m\u011b\u0159 od po\u010d\u00e1tku sv\u011bta. Vyvinuli si specifickou strategii p\u0159e\u017eit\u00ed, kter\u00e1 jim pom\u00e1h\u00e1 dodnes. Tyto v\u00fdhody v\u0161ak mohou lid\u00e9 vyu\u017e\u00edvat i p\u0159i konzumaci medicin\u00e1ln\u00edch hub. P\u0159in\u00e1\u0161ej\u00ed n\u00e1m rovnov\u00e1hu na fyzick\u00e9 \u00farovni a chr\u00e1n\u00ed n\u00e1s p\u0159ed mnoha nemocemi. Mohou b\u00fdt <strong>prevenc\u00ed<\/strong>, ale tak\u00e9<strong> podp\u016frnou l\u00e9\u010dbou<\/strong> vedle konven\u010dn\u00ed nebo jin\u00e9 nekonven\u010dn\u00ed l\u00e9\u010dby mnoha (modern\u00edch) nemoc\u00ed. Tradi\u010dn\u011b se houb\u00e1m p\u0159isuzuj\u00ed \u00fa\u010dinky v p\u0159\u00edpadech rakoviny, autoimunitn\u00edch onemocn\u011bn\u00ed a alergi\u00ed. Jsou tak\u00e9 dobr\u00e9 pro zdravou a silnou imunitn\u00ed reakci. L\u00e9ka\u0159sk\u00e9 v\u00fdzkumy prov\u00e1d\u011bn\u00e9 v posledn\u00edch desetilet\u00edch, kdy se houby dostaly do pop\u0159ed\u00ed z\u00e1jmu z\u00e1padn\u00edho sv\u011bta, v\u0161ak potvrdily mnoh\u00e9 jejich l\u00e9\u010debn\u00e9 \u00fa\u010dinky.<\/span><br \/>\n<span style=\"color: #000000\">Proto\u017ee n\u011bkter\u00e9 p\u0159\u00edrodn\u00ed \u00fa\u010dinn\u00e9 l\u00e1tky jsou pro n\u00e1s nestraviteln\u00e9 nebo t\u011b\u017eko straviteln\u00e9, je velmi d\u016fle\u017eit\u00e9 konzumovat pouze ty nejlep\u0161\u00ed houbov\u00e9 pr\u00e1\u0161ky. Houby mus\u00ed b\u00fdt spr\u00e1vn\u011b vyp\u011bstov\u00e1ny, usu\u0161eny a p\u0159ipraveny. Mus\u00ed b\u00fdt rozemlety na jemn\u00fd pr\u00e1\u0161ek bez hrudek. Barva pr\u00e1\u0161ku je sv\u011btlej\u0161\u00ed, ale z\u00e1le\u017e\u00ed tak\u00e9 na druhu houby, kterou u\u017e\u00edv\u00e1te.<\/span><\/p>\n<h2><span style=\"color: #000000\">Balen\u00ed<\/span><\/h2>\n<p><span style=\"color: #000000\">Neprody\u0161n\u00fd uzav\u00edrateln\u00fd s\u00e1\u010dek, ve kter\u00e9m si v\u00fdrobek zachov\u00e1v\u00e1 ve\u0161kerou \u010derstvost a v\u016fni. Obal chr\u00e1n\u00ed p\u0159ed sv\u011btlem a vzduchem, proto\u017ee se skl\u00e1d\u00e1 z n\u011bkolika ochrann\u00fdch vrstev, kter\u00e9 zachov\u00e1vaj\u00ed vlastnosti obsahu.<\/span><br \/>\n<span style=\"color: #000000\">Obal je velmi praktick\u00fd a recyklovateln\u00fd.<\/span><\/p>\n<h2><span style=\"color: #000000\">Skladov\u00e1n\u00ed a varov\u00e1n\u00ed<\/span><\/h2>\n<p><span style=\"color: #000000\">Skladujte na chladn\u00e9m a such\u00e9m m\u00edst\u011b. Dopln\u011bk stravy uchov\u00e1vejte mimo dosah d\u011bt\u00ed!<\/span><br \/>\n<span style=\"color: #000000\">Nezapom\u00ednejte na d\u016fle\u017eitost pestr\u00e9 stravy a zdrav\u00e9ho \u017eivotn\u00edho stylu, dopln\u011bk stravy nen\u00ed n\u00e1hradou vyv\u00e1\u017een\u00e9 a pestr\u00e9 stravy. Doporu\u010den\u00e9 denn\u00ed mno\u017estv\u00ed nebo d\u00e1vka by nem\u011bly b\u00fdt p\u0159ekro\u010deny. T\u011bhotn\u00fdm a koj\u00edc\u00edm \u017een\u00e1m se v\u017edy doporu\u010duje, aby se p\u0159ed pou\u017eit\u00edm p\u0159\u00edpravku poradily s l\u00e9ka\u0159em.<\/span><\/p>\n<h2><span style=\"color: #000000\">Dobr\u00e9 rady<\/span><\/h2>\n<p><span style=\"color: #000000\">V\u00fdrobek je vhodn\u00fd i pro zv\u00ed\u0159ata. L\u00e9\u010div\u00e9 houby jsou ve v\u011bt\u0161in\u011b p\u0159\u00edpad\u016f velmi \u00fa\u010dinn\u00e9 p\u0159i posilov\u00e1n\u00ed imunitn\u00edho syst\u00e9mu, l\u00e9\u010db\u011b alergi\u00ed a ko\u017en\u00edch onemocn\u011bn\u00ed, stejn\u011b jako virov\u00fdch a bakteri\u00e1ln\u00edch infekc\u00ed. P\u0159ed pou\u017eit\u00edm se pora\u010fte se sv\u00fdm veterin\u00e1rn\u00edm l\u00e9ka\u0159em, abyste zjistili vhodnost pod\u00e1v\u00e1n\u00ed a doporu\u010den\u00e9 denn\u00ed mno\u017estv\u00ed.<\/span><\/p>\n<h2><span style=\"color: #000000\">P\u016fvod<\/span><\/h2>\n<p><span style=\"color: #000000\">Slovinsko<\/span><\/p>\n","protected":false},"excerpt":{"rendered":"<p align=\"JUSTIFY\">Grifola frondosa neboli trsnatec lupenit\u00fd je velmi velk\u00e1 jedl\u00e1 houba, kter\u00e1 se v Japonsku pou\u017e\u00edv\u00e1 p\u0159edev\u0161\u00edm v kulin\u00e1\u0159stv\u00ed. M\u00e1 p\u0159\u00edjemnou strukturu a chu\u0165. Pou\u017e\u00edv\u00e1 se tak\u00e9 jako dopln\u011bk stravy v tradi\u010dn\u00ed \u010d\u00ednsk\u00e9 medic\u00edn\u011b. Maitake se pou\u017e\u00edvaj\u00ed ke zlep\u0161en\u00ed celkov\u00e9ho zdrav\u00ed a fyzick\u00e9 vitality.<\/p>\n<p>\ud83d\udc9a Posiluje imunitn\u00ed syst\u00e9m.<br \/>\n\ud83d\udc9a Zlep\u0161uje celkovou pohodu.<br \/>\n\ud83d\udc9a Antioxidant.<br \/>\n\ud83d\udc9a Pom\u00e1h\u00e1 p\u0159i chronick\u00e9 \u00fanav\u011b.<\/p>\n","protected":false},"featured_media":5909,"comment_status":"open","ping_status":"closed","template":"","meta":{"_acf_changed":false},"product_brand":[],"product_cat":[15,229,226,227],"product_tag":[],"class_list":{"0":"post-6113","1":"product","2":"type-product","3":"status-publish","4":"has-post-thumbnail","6":"product_cat-uncategorized","7":"product_cat-lecive-houby","8":"product_cat-nabidka","9":"product_cat-vsechny-produkty","11":"first","12":"instock","13":"taxable","14":"shipping-taxable","15":"purchasable","16":"product-type-simple"},"acf":[],"_links":{"self":[{"href":"https:\/\/fengchashop.com\/cz\/wp-json\/wp\/v2\/product\/6113","targetHints":{"allow":["GET"]}}],"collection":[{"href":"https:\/\/fengchashop.com\/cz\/wp-json\/wp\/v2\/product"}],"about":[{"href":"https:\/\/fengchashop.com\/cz\/wp-json\/wp\/v2\/types\/product"}],"replies":[{"embeddable":true,"href":"https:\/\/fengchashop.com\/cz\/wp-json\/wp\/v2\/comments?post=6113"}],"wp:featuredmedia":[{"embeddable":true,"href":"https:\/\/fengchashop.com\/cz\/wp-json\/wp\/v2\/media\/5909"}],"wp:attachment":[{"href":"https:\/\/fengchashop.com\/cz\/wp-json\/wp\/v2\/media?parent=6113"}],"wp:term":[{"taxonomy":"product_brand","embeddable":true,"href":"https:\/\/fengchashop.com\/cz\/wp-json\/wp\/v2\/product_brand?post=6113"},{"taxonomy":"product_cat","embeddable":true,"href":"https:\/\/fengchashop.com\/cz\/wp-json\/wp\/v2\/product_cat?post=6113"},{"taxonomy":"product_tag","embeddable":true,"href":"https:\/\/fengchashop.com\/cz\/wp-json\/wp\/v2\/product_tag?post=6113"}],"curies":[{"name":"wp","href":"https:\/\/api.w.org\/{rel}","templated":true}]}}