{"id":6110,"date":"2022-02-11T18:26:27","date_gmt":"2022-02-11T17:26:27","guid":{"rendered":"https:\/\/fengchashop.com\/cz\/product\/cordyceps-bio-125-g\/"},"modified":"2026-04-14T19:29:26","modified_gmt":"2026-04-14T17:29:26","slug":"cordyceps-bio-eu","status":"publish","type":"product","link":"https:\/\/fengchashop.com\/cz\/product\/cordyceps-bio-eu\/","title":{"rendered":"Cordyceps BIO (housenice) EU 125 g"},"content":{"rendered":"<h2><span style=\"color: #000000\">Cordyceps (housenice)<\/span><\/h2>\n<p><span style=\"color: #000000\">Houba Cordyceps je v <strong>tradi\u010dn\u00ed medic\u00edn\u011b zn\u00e1m\u00e1 ji\u017e tis\u00edce let<\/strong> a d\u00edky sv\u00fdm pozitivn\u00edm vlastnostem se minim\u00e1ln\u011b stejn\u011b dlouho pou\u017e\u00edv\u00e1 k l\u00e9\u010debn\u00fdm \u00fa\u010del\u016fm. Houba roste spont\u00e1nn\u011b ve vysokohorsk\u00fdch oblastech a je potravinov\u00fdm dopl\u0148kem zn\u00e1m\u00fdm pro svou <strong>schopnost revitalizovat organismus a posilovat imunitn\u00ed syst\u00e9m<\/strong>. Na D\u00e1ln\u00e9m v\u00fdchod\u011b se sb\u00edr\u00e1 ve sv\u00e9m p\u0159irozen\u00e9m prost\u0159ed\u00ed, kter\u00e9 je velmi obt\u00ed\u017en\u011b dostupn\u00e9. Jej\u00ed mal\u00e1 velikost (jedna such\u00e1 houba v\u00e1\u017e\u00ed asi 0,3 g), skute\u010dnost, \u017ee roste pouze 14 dn\u00ed v roce, \u00fa\u010dinn\u00e9 l\u00e1tky, kter\u00e9 obsahuje, a jej\u00ed obecn\u00e1 u\u017eite\u010dnost v tradi\u010dn\u00ed medic\u00edn\u011b zp\u016fsobuj\u00ed, \u017ee jej\u00ed cena dosahuje a\u017e 50 000 EUR\/kg. A\u017e doned\u00e1vna byla proto vyhrazena pouze \u010d\u00ednsk\u00fdm c\u00edsa\u0159\u016fm a vl\u00e1dc\u016fm.<\/span><br \/>\n<span style=\"color: #000000\">Cordyceps <strong>je pova\u017eov\u00e1n za nejdokonalej\u0161\u00ed nutri\u010dn\u00ed objev tis\u00edcilet\u00ed<\/strong>. Obnovuje energii a imunitn\u00ed syst\u00e9m a p\u0159edch\u00e1z\u00ed (degenerativn\u00edm) onemocn\u011bn\u00edm. N\u011bkdy se j\u00ed \u0159\u00edk\u00e1 super oxidant, zvy\u0161uje obsah kysl\u00edku v krvi, obnovuje organismus a zabra\u0148uje p\u0159ekyselen\u00ed.<\/span><br \/>\n<span style=\"color: #000000\">Produkce t\u00e9to houby je velmi obt\u00ed\u017en\u00e1, zejm\u00e9na v Evrop\u011b. My jsme v\u0161ak hrd\u00ed na to, \u017ee jsme ji vyp\u011bstovali. Na\u0161e Cordyceps se p\u011bstuje ve Slovinsku, v uzav\u0159en\u00fdch a kontrolovan\u00fdch prostor\u00e1ch, bez pou\u017eit\u00ed chemik\u00e1li\u00ed. Pat\u0159\u00ed k t\u011bm nejkvalitn\u011bj\u0161\u00edm, <strong>kter\u00e9 dnes na trhu najdete<\/strong>.<\/span><br \/>\n<span style=\"color: #000000\">Cordyceps je parazitick\u00e1 houba, kter\u00e1 roste ve voln\u00e9 p\u0159\u00edrod\u011b jako parazit na hmyzu, v\u011bt\u0161inou housenk\u00e1ch, odtud jej\u00ed anglick\u00fd n\u00e1zev Caterpillar Fungus. Na\u0161e p\u011bstovan\u00e9 houby nejsou chov\u00e1ny na zv\u00ed\u0159atech, a proto jsou vhodn\u00e9 i pro vegetari\u00e1ny nebo vegany.<\/span><br \/>\n<span style=\"color: #000000\">Produkce na\u0161ich hub Cordyceps je p\u0159\u00edsn\u011b kontrolov\u00e1na, bez pou\u017eit\u00ed chemik\u00e1li\u00ed a pesticid\u016f a<strong> 100% ekologick\u00e1<\/strong>. Kvalitu hub pravideln\u011b kontroluj\u00ed nez\u00e1visl\u00e9 laborato\u0159e ve Slovinsku a USA.<\/span><\/p>\n<h2><span style=\"color: #000000\">Co obsahuje a pro koho je ur\u010dena?<\/span><\/h2>\n<p><span style=\"color: #000000\">Cordyceps se skl\u00e1d\u00e1 z komplexn\u00edch lipid\u016f, b\u00edlkovin, oligoelement\u016f, polysacharid\u016f a vitamin\u016f. V\u0161echny prvky v houb\u00e1ch jsou p\u0159\u00edtomny ve velk\u00e9m mno\u017estv\u00ed a maj\u00ed velmi pozitivn\u00ed vliv na na\u0161e t\u011blo. Obsahuje <strong>beta-karoten, vitaminy<\/strong> E a C. D\u00e1le obsahuje <strong>miner\u00e1ln\u00ed<\/strong> l\u00e1tky, jako je zinek a selen, 77 mikro- a makro\u017eivin a jedine\u010dn\u00e9 l\u00e1tky, jako je kordycepin (adenosin), kyselina kordycepov\u00e1 (D-mannitol) a imunomodula\u010dn\u00ed polysacharid (beta-D-glukan).<\/span><br \/>\n<span style=\"color: #000000\">Pr\u00e1\u0161ek Cordyceps obsahuje mnoho \u017eivin, jejich\u017e p\u0159\u00edzniv\u00e9 \u00fa\u010dinky byly v\u011bdecky prok\u00e1z\u00e1ny. Studie v r\u016fzn\u00fdch zem\u00edch sv\u011bta zjistily mnoho p\u0159\u00edzniv\u00fdch \u00fa\u010dink\u016f pravideln\u00e9 konzumace houby Cordyceps. L\u00e9\u010div\u00e9 \u00fa\u010dinky Cordyceps, kter\u00e9 jsou skute\u010dn\u011b p\u0159\u00edzniv\u00e9 a uzn\u00e1van\u00e9 tradi\u010dn\u00ed medic\u00ednou a byly prok\u00e1z\u00e1ny i modern\u00edm v\u00fdzkumem, jsou tedy n\u00e1sleduj\u00edc\u00ed:<\/span><br \/>\n<span style=\"color: #000000\">\ud83d\udc9a stimuluje<strong> imunitn\u00ed syst\u00e9m<\/strong>,<\/span><br \/>\n<span style=\"color: #000000\">\ud83d\udc9a zlep\u0161uje<strong> fyzickou kondici<\/strong>,<\/span><br \/>\n<span style=\"color: #000000\">\ud83d\udc9a zvy\u0161uje<strong> t\u011blesnou energii<\/strong>,<\/span><br \/>\n<span style=\"color: #000000\">\ud83d\udc9a m\u00e1 <strong>antistresov\u00fd<\/strong> \u00fa\u010dinek,<\/span><br \/>\n<span style=\"color: #000000\">\ud83d\udc9a zvy\u0161uje <strong>sexu\u00e1ln\u00ed aktivitu<\/strong>,<\/span><br \/>\n<span style=\"color: #000000\">\ud83d\udc9a pom\u00e1h\u00e1 p\u0159i<strong> vysok\u00e9m HDL cholesterolu, nadv\u00e1ze a cukrovce<\/strong>,<\/span><br \/>\n<span style=\"color: #000000\">\ud83d\udc9a m\u00e1 za \u00fakol udr\u017eovat <strong>srdce a c\u00e9vn\u00ed syst\u00e9m zdrav\u00e9<\/strong>.<\/span><\/p>\n<p><span style=\"color: #000000\">Cordyceps se doporu\u010duje zejm\u00e9na<strong> sportovc\u016fm<\/strong> a dal\u0161\u00edm aktivn\u00edm lidem po del\u0161\u00ed fyzick\u00e9 n\u00e1maze a lidem, kte\u0159\u00ed cht\u011bj\u00ed m\u00edt aktivn\u011bj\u0161\u00ed denn\u00ed re\u017eim. Doporu\u010duje se tak\u00e9 p\u0159i <strong>zv\u00fd\u0161en\u00e9 \u00fanav\u011b , nedostatku energie a stresu.<\/strong> Je tak\u00e9 prost\u0159edkem k<strong> pos\u00edlen\u00ed sexuality a posiluje t\u011blo i mysl<\/strong>. Pom\u00e1h\u00e1 n\u00e1m \u00fasp\u011b\u0161n\u011b zvl\u00e1dat <strong>stres<\/strong>, kter\u00fd je nej\u010dast\u011bji zp\u016fsoben probl\u00e9my ka\u017edodenn\u00edho \u017eivota. \u010casto se doporu\u010duje tak\u00e9 <strong>diabetik\u016fm, pacient\u016fm s rakovinou a pacient\u016fm s kardiovaskul\u00e1rn\u00edmi chorobami<\/strong>, v\u010detn\u011b srde\u010dn\u00edho selh\u00e1n\u00ed a arytmi\u00ed. Cordyceps je tak\u00e9 prosp\u011b\u0161n\u00e1 pro d\u00fdchac\u00ed cesty a l\u00e9\u010d\u00ed onemocn\u011bn\u00ed d\u00fdchac\u00edch cest, jako je astma. Jej\u00ed antivirov\u00e9 vlastnosti p\u016fsob\u00ed proti virov\u00fdm infekc\u00edm, jako je ch\u0159ipka.<\/span><br \/>\n<span style=\"color: #000000\">A co je nesm\u00edrn\u011b d\u016fle\u017eit\u00e9, Cordyceps je 100% p\u0159\u00edrodn\u00ed produkt, kter\u00fd n\u00e1m m\u016f\u017ee pomoci p\u0159irozen\u00fdm zp\u016fsobem. Zlep\u0161uje p\u0159\u00edznaky na\u0161ich onemocn\u011bn\u00ed a m\u00e1 pozitivn\u00ed vliv na na\u0161i celkovou pohodu.<\/span><\/p>\n<h2><span style=\"color: #000000\">Pro\u010d houby?<\/span><\/h2>\n<p><span style=\"color: #000000\">Houby jsou velmi zaj\u00edmav\u00e9. Nejsou to ani rostliny, ani \u017eivo\u010dichov\u00e9, ale rozhodn\u011b jsou to \u00fa\u017easn\u00e9 organismy, kter\u00e9 dok\u00e1zaly p\u0159e\u017e\u00edt t\u00e9m\u011b\u0159 od po\u010d\u00e1tku sv\u011bta. Vyvinuli si specifickou strategii p\u0159e\u017eit\u00ed, kter\u00e1 jim pom\u00e1h\u00e1 dodnes. Tyto v\u00fdhody v\u0161ak mohou lid\u00e9 vyu\u017e\u00edvat i p\u0159i konzumaci medicin\u00e1ln\u00edch hub. P\u0159in\u00e1\u0161ej\u00ed n\u00e1m rovnov\u00e1hu na fyzick\u00e9 \u00farovni a chr\u00e1n\u00ed n\u00e1s p\u0159ed mnoha nemocemi. Mohou p\u016fsobit preventivn\u011b, ale tak\u00e9 podp\u016frn\u011b l\u00e9\u010debn\u011b vedle konven\u010dn\u00ed nebo jin\u00e9 nekonven\u010dn\u00ed l\u00e9\u010dby mnoha (modern\u00edch) nemoc\u00ed. Tradi\u010dn\u011b se houb\u00e1m p\u0159isuzuj\u00ed \u00fa\u010dinky v p\u0159\u00edpadech rakoviny, autoimunitn\u00edch onemocn\u011bn\u00ed a alergi\u00ed. Jsou tak\u00e9 dobr\u00e9 pro zdravou a silnou imunitn\u00ed reakci. L\u00e9ka\u0159sk\u00e9 v\u00fdzkumy prov\u00e1d\u011bn\u00e9 v posledn\u00edch desetilet\u00edch, kdy se houby dostaly do pop\u0159ed\u00ed z\u00e1jmu z\u00e1padn\u00edho sv\u011bta, v\u0161ak potvrdily mnoh\u00e9 jejich l\u00e9\u010debn\u00e9 \u00fa\u010dinky.<\/span><br \/>\n<span style=\"color: #000000\">Proto\u017ee n\u011bkter\u00e9 p\u0159\u00edrodn\u00ed \u00fa\u010dinn\u00e9 l\u00e1tky jsou pro n\u00e1s nestraviteln\u00e9 nebo t\u011b\u017eko straviteln\u00e9, je velmi d\u016fle\u017eit\u00e9 konzumovat pouze ty nejlep\u0161\u00ed houbov\u00e9 pr\u00e1\u0161ky. Houby mus\u00ed b\u00fdt spr\u00e1vn\u011b vyp\u011bstov\u00e1ny, usu\u0161eny a p\u0159ipraveny. Mus\u00ed b\u00fdt rozemlety na jemn\u00fd pr\u00e1\u0161ek bez hrudek. Barva pr\u00e1\u0161ku je sv\u011btlej\u0161\u00ed, ale z\u00e1le\u017e\u00ed tak\u00e9 na druhu houby, kterou u\u017e\u00edv\u00e1te.\u00a0Houby jsou tak \u00fa\u010dinn\u00e9 pr\u00e1v\u011b proto, \u017ee maj\u00ed schopnost absorbovat v\u0161e &#8211; dobr\u00e9 i \u0161patn\u00e9 &#8211; z prost\u0159ed\u00ed, je d\u016fle\u017eit\u00e9 pou\u017e\u00edvat houby organick\u00e9.<\/span><\/p>\n<h2><span style=\"color: #000000\">Balen\u00ed<\/span><\/h2>\n<p><span style=\"color: #000000\">Neprody\u0161n\u00fd uzav\u00edrateln\u00fd s\u00e1\u010dek, ve kter\u00e9m si v\u00fdrobek zachov\u00e1v\u00e1 ve\u0161kerou \u010derstvost a v\u016fni. Obal chr\u00e1n\u00ed p\u0159ed sv\u011btlem a vzduchem, proto\u017ee se skl\u00e1d\u00e1 z n\u011bkolika ochrann\u00fdch vrstev, kter\u00e9 zachov\u00e1vaj\u00ed vlastnosti obsahu.<\/span><br \/>\n<span style=\"color: #000000\">Obal je velmi praktick\u00fd a recyklovateln\u00fd.<\/span><\/p>\n<h2><span style=\"color: #000000\">Skladov\u00e1n\u00ed a varov\u00e1n\u00ed<\/span><\/h2>\n<p><span style=\"color: #000000\">Skladujte na chladn\u00e9m a such\u00e9m m\u00edst\u011b. Dopln\u011bk stravy uchov\u00e1vejte mimo dosah d\u011bt\u00ed!<\/span><br \/>\n<span style=\"color: #000000\">Nezapom\u00ednejte na d\u016fle\u017eitost pestr\u00e9 stravy a zdrav\u00e9ho \u017eivotn\u00edho stylu, dopln\u011bk stravy nen\u00ed n\u00e1hradou vyv\u00e1\u017een\u00e9 a pestr\u00e9 stravy. Doporu\u010den\u00e9 denn\u00ed mno\u017estv\u00ed nebo d\u00e1vka by nem\u011bly b\u00fdt p\u0159ekro\u010deny. T\u011bhotn\u00fdm a koj\u00edc\u00edm \u017een\u00e1m se v\u017edy doporu\u010duje, aby se p\u0159ed pou\u017eit\u00edm p\u0159\u00edpravku poradily s l\u00e9ka\u0159em.<\/span><br \/>\n<span style=\"color: #000000\">Nedoporu\u010duje se pou\u017e\u00edvat u d\u011bt\u00ed a osob l\u00e9\u010den\u00fdch antikoagulancii a u osob u\u017e\u00edvaj\u00edc\u00edch imunosupresiva.<\/span><\/p>\n<h2><span style=\"color: #000000\">Dobr\u00e9 rady<\/span><\/h2>\n<p><span style=\"color: #000000\">V\u00fdrobek je vhodn\u00fd i pro zv\u00ed\u0159ata. L\u00e9\u010div\u00e9 houby jsou ve v\u011bt\u0161in\u011b p\u0159\u00edpad\u016f velmi \u00fa\u010dinn\u00e9 p\u0159i posilov\u00e1n\u00ed imunitn\u00edho syst\u00e9mu, l\u00e9\u010db\u011b alergi\u00ed a ko\u017en\u00edch onemocn\u011bn\u00ed, stejn\u011b jako virov\u00fdch a bakteri\u00e1ln\u00edch infekc\u00ed. P\u0159ed pou\u017eit\u00edm se pora\u010fte se sv\u00fdm veterin\u00e1rn\u00edm l\u00e9ka\u0159em, abyste zjistili vhodnost pod\u00e1v\u00e1n\u00ed a doporu\u010den\u00e9 denn\u00ed mno\u017estv\u00ed.<\/span><\/p>\n<h2><span style=\"color: #000000\">P\u016fvod<\/span><\/h2>\n<p><span style=\"color: #000000\">EU<\/span><\/p>\n","protected":false},"excerpt":{"rendered":"<p align=\"JUSTIFY\"><span lang=\"cs-CZ\">Houba Cordyceps je <\/span><strong><span lang=\"cs-CZ\">v tradi\u010dn\u00ed medic\u00edn\u011b zn\u00e1m\u00e1 ji\u017e tis\u00edce<\/span><\/strong><span lang=\"cs-CZ\"> let a d\u00edky sv\u00fdm pozitivn\u00edm vlastnostem se minim\u00e1ln\u011b stejn\u011b dlouho pou\u017e\u00edv\u00e1 k l\u00e9\u010debn\u00fdm \u00fa\u010del\u016fm. Houba roste spont\u00e1nn\u011b ve vysokohorsk\u00fdch oblastech a je potravinov\u00fdm dopl\u0148kem zn\u00e1m\u00fdm pro svou <\/span><strong><span lang=\"cs-CZ\">schopnost revitalizovat organismus<\/span><\/strong><span lang=\"cs-CZ\"> a <\/span><strong><span lang=\"cs-CZ\">posilovat imunitn\u00ed syst\u00e9m<\/span><\/strong><span lang=\"cs-CZ\">. <\/span><\/p>\n<p align=\"JUSTIFY\">\ud83d\udc9a Stimuluje imunitn\u00ed syst\u00e9m.<br \/>\n\ud83d\udc9a Zlep\u0161uje fyzickou kondici.<br \/>\n\ud83d\udc9a M\u00e1 antistresov\u00fd \u00fa\u010dinek.<br \/>\n\ud83d\udc9a Zvy\u0161uje t\u011blesnou energii.<\/p>\n","protected":false},"featured_media":5846,"comment_status":"open","ping_status":"closed","template":"","meta":{"_acf_changed":false},"product_brand":[],"product_cat":[15,229,226,228,227],"product_tag":[],"class_list":{"0":"post-6110","1":"product","2":"type-product","3":"status-publish","4":"has-post-thumbnail","6":"product_cat-uncategorized","7":"product_cat-lecive-houby","8":"product_cat-nabidka","9":"product_cat-nejprodavanejsi","10":"product_cat-vsechny-produkty","12":"first","13":"instock","14":"sale","15":"taxable","16":"shipping-taxable","17":"purchasable","18":"product-type-simple"},"acf":[],"_links":{"self":[{"href":"https:\/\/fengchashop.com\/cz\/wp-json\/wp\/v2\/product\/6110","targetHints":{"allow":["GET"]}}],"collection":[{"href":"https:\/\/fengchashop.com\/cz\/wp-json\/wp\/v2\/product"}],"about":[{"href":"https:\/\/fengchashop.com\/cz\/wp-json\/wp\/v2\/types\/product"}],"replies":[{"embeddable":true,"href":"https:\/\/fengchashop.com\/cz\/wp-json\/wp\/v2\/comments?post=6110"}],"wp:featuredmedia":[{"embeddable":true,"href":"https:\/\/fengchashop.com\/cz\/wp-json\/wp\/v2\/media\/5846"}],"wp:attachment":[{"href":"https:\/\/fengchashop.com\/cz\/wp-json\/wp\/v2\/media?parent=6110"}],"wp:term":[{"taxonomy":"product_brand","embeddable":true,"href":"https:\/\/fengchashop.com\/cz\/wp-json\/wp\/v2\/product_brand?post=6110"},{"taxonomy":"product_cat","embeddable":true,"href":"https:\/\/fengchashop.com\/cz\/wp-json\/wp\/v2\/product_cat?post=6110"},{"taxonomy":"product_tag","embeddable":true,"href":"https:\/\/fengchashop.com\/cz\/wp-json\/wp\/v2\/product_tag?post=6110"}],"curies":[{"name":"wp","href":"https:\/\/api.w.org\/{rel}","templated":true}]}}