{"id":7157,"date":"2025-09-17T04:35:13","date_gmt":"2025-09-17T02:35:13","guid":{"rendered":"https:\/\/fengchashop.com\/be-nl\/?post_type=product&#038;p=7157"},"modified":"2026-04-15T03:10:40","modified_gmt":"2026-04-15T01:10:40","slug":"creatine-monohydraat-poeder","status":"publish","type":"product","link":"https:\/\/fengchashop.com\/be-nl\/product\/creatine-monohydraat-poeder\/","title":{"rendered":"Creatine monohydraat poeder 500 g"},"content":{"rendered":"<div class=\"wpb-content-wrapper\"><p>[vc_row][vc_column][vc_column_text css=&#8221;&#8221;]<\/p>\n<h2><strong>Creatine Monohydraat<\/strong><\/h2>\n<p><strong>Creatine Monohydraat<\/strong> is een 100% pure, gemicroniseerde vorm van creatine (200 mesh), zonder kunstmatige zoetstoffen, smaakstoffen of kleurstoffen. Dankzij de fijngemalen structuur lost het snel op, wordt het gemakkelijk opgenomen en werkt het direct waar je het het meest nodig hebt: bij het opbouwen van kracht, uithoudingsvermogen en de groei van spiermassa.<\/p>\n<p>De perfecte keuze voor actieve mensen, fitnessliefhebbers en atleten die hun prestaties naar een hoger niveau willen tillen en de hersteltijd willen verkorten. Creatine ondersteunt niet alleen het lichaam, het draagt \u200b\u200book bij aan een betere concentratie, geheugen en mentale veerkracht tijdens intensieve inspanningen.<\/p>\n<h2><strong>Wat is creatine monohydraat?<\/strong><\/h2>\n<p><strong>&#8211; Creatine<\/strong> is een natuurlijke stof die het lichaam aanmaakt uit aminozuren (arginine, glycine en methionine) in de lever, nieren en alvleesklier.<\/p>\n<p>&#8211; Het wordt voornamelijk opgeslagen in de spieren in de vorm van creatinefosfaat, waar het dient als een direct beschikbare energiebron.<\/p>\n<p>&#8211; Het wordt ook aangetroffen in voeding, met name rood vlees en vis, maar in kleinere hoeveelheden dan in voedingssupplementen.<\/p>\n<p>&#8211; Creatinemonohydraat is de meest gebruikte en best bestudeerde vorm van creatine.<\/p>\n<h2><strong>Waarom kiezen voor creatinemonohydraat?<\/strong><\/h2>\n<p style=\"padding-left: 40px\"><strong> \ud83d\udc9a 100% puur<\/strong> \u2013 geen toevoegingen of onnodige chemicali\u00ebn<\/p>\n<p style=\"padding-left: 40px\"><strong> \ud83d\udc9a 200 mesh micronisatie \u2013<\/strong> uitstekende oplosbaarheid en snelle absorptie<\/p>\n<p style=\"padding-left: 40px\"><strong>\ud83d\udc9a <\/strong>Ondersteunt <strong>kracht, uithoudingsvermogen en spiergroei<\/strong><\/p>\n<p style=\"padding-left: 40px\"><strong>\ud83d\udc9a <\/strong>Versnelt <strong>de regeneratie na de training<\/strong><\/p>\n<p style=\"padding-left: 40px\"><strong>\ud83d\udc9a <\/strong>Draagt \u200b\u200bbij aan een betere <strong>focus en mentale energie<\/strong><\/p>\n<p style=\"padding-left: 40px\"><strong>\ud83d\udc9a <\/strong>Vergemakkelijkt een <strong>actief dagelijks leven<\/strong><\/p>\n<p style=\"padding-left: 40px\"><strong>\ud83d\udc9a <\/strong>Helpt <strong>spieren en kracht te behouden, zelfs op oudere leeftijd<\/strong><\/p>\n<p style=\"padding-left: 40px\"><strong> \ud83d\udc9a Slechts \u00e9\u00e9n ingredi\u00ebnt<\/strong> &#8211; volledig natuurlijk<\/p>\n<h2><strong>Creatine voor lichaam en geest<\/strong><\/h2>\n<p>Creatine is niet alleen goed voor de spieren &#8211; het heeft ook een positief effect op de hersenen. Het helpt de concentratie te verbeteren, ondersteunt cognitieve functies en kan de weerstand tegen mentale stress verhogen, wat vooral nuttig is tijdens periodes van intensieve inspanning, zowel in als buiten de sportschool.<\/p>\n<h2><strong>Effecten van creatinemonohydraat<\/strong><\/h2>\n<p style=\"padding-left: 40px\"><strong> \ud83d\udc9a Verhoogde spierkracht en explosiviteit<\/strong> \u2013 dankzij een verhoogde ATP (het belangrijkste energiemolecuul).<\/p>\n<p style=\"padding-left: 40px\"><strong> \ud83d\udc9a Verbeterde prestaties bij korte, intensieve inspanningen<\/strong> (bijv. sprints, gewichtheffen, sprints in teamsporten).<\/p>\n<p style=\"padding-left: 40px\"><strong> \ud83d\udc9a Snellere regeneratie<\/strong> tussen sets of herhalingen.<\/p>\n<p style=\"padding-left: 40px\"><strong> \ud83d\udc9a Toename van spiermassa<\/strong> \u2013 deels dankzij een verhoogde trainingscapaciteit, deels dankzij waterretentie in spiercellen (cellulaire hydratatie).<\/p>\n<p style=\"padding-left: 40px\"><strong> \ud83d\udc9a Neuroprotectieve effecten \u2013<\/strong> potenti\u00eble voordelen bij neurologische aandoeningen (ziekte van Parkinson, ziekte van Alzheimer, depressie) worden onderzocht.<\/p>\n<p style=\"padding-left: 40px\"><strong> \ud83d\udc9a Mogelijke voordelen bij duursporten<\/strong> \u2013 met name bij sporten met intervalinspanning.<\/p>\n<h2><strong>Bewaren en waarschuwingen<\/strong><\/h2>\n<p>Bewaren op een droge plaats bij een temperatuur tot 25 \u00b0C, beschermd tegen vocht en licht. Zorg ervoor dat de zak of doos goed gesloten is.<\/p>\n<p>De aanbevolen dagelijkse dosis niet overschrijden. Voedingssupplementen kunnen een evenwichtige en gevarieerde voeding niet vervangen. Buiten het bereik van jonge kinderen houden. Niet gebruiken bij kinderen, zwangere vrouwen, vrouwen die borstvoeding geven of mensen met een nieraandoening. De aanbevolen dagelijkse hoeveelheid niet overschrijden. Een evenwichtige en gevarieerde voeding en een gezonde levensstijl zijn belangrijk voor het behoud van een goede gezondheid.<\/p>\n<h2><strong>Verpakking<\/strong><\/h2>\n<p>Een hersluitbare zak of doos waarin het product al zijn versheid en aroma behoudt. De verpakking beschermt tegen licht en lucht. Het bestaat uit verschillende beschermingslagen die de eigenschappen van het product behouden.<\/p>\n<p>De verpakking is zeer praktisch en recyclebaar.<\/p>\n<h2>Herkomst<\/h2>\n<p>Ingredi\u00ebnten van creatinemonohydraat van buiten de EU, zorgvuldig geselecteerd om de hoogste kwaliteit te garanderen.[\/vc_column_text][\/vc_column][\/vc_row]<\/p>\n<\/div>","protected":false},"excerpt":{"rendered":"<p align=\"JUSTIFY\">Magnesium is een zeer belangrijk mineraal, dat verantwoordelijk is voor meer dan 300 stofwisselingsreacties in het menselijk lichaam. Het wordt door deskundigen vaak de &#8220;koning van de mineralen&#8221; genoemd. Het speelt een zeer belangrijke rol in de goede werking van botten, spieren en het zenuwstelsel. Het wordt vaak geconsumeerd om krampen (in de kuiten), vermoeidheid, uitputting en voor normaal mentaal functioneren te voorkomen. Magnesium brengt de verhouding met calcium in evenwicht en voorkomt zo verzuring van het lichaam en &#8221;kraken&#8221; van de gewrichten veroorzaakt door verkalkingen.<\/p>\n<p>\ud83d\udc9a Het helpt vermoeidheid en moeheid te verminderen.<br \/>\n\ud83d\udc9a Ondersteunt het elektrolytenevenwicht, wat vooral nodig is bij lichamelijke inspanning.<br \/>\n\ud83d\udc9a Gunstige invloed op het zenuwstelsel.<br \/>\n\ud83d\udc9a Draagt bij aan een normale spierfunctie, normale psychologische functies.<\/p>\n","protected":false},"featured_media":7158,"comment_status":"open","ping_status":"closed","template":"","meta":{"_acf_changed":false},"product_brand":[],"product_cat":[15,224,225,232],"product_tag":[],"class_list":{"0":"post-7157","1":"product","2":"type-product","3":"status-publish","4":"has-post-thumbnail","6":"product_cat-uncategorized","7":"product_cat-aanbod","8":"product_cat-alle-producten","9":"product_cat-mineralen-vitaminen","11":"first","12":"instock","13":"sale","14":"taxable","15":"shipping-taxable","16":"purchasable","17":"product-type-simple"},"acf":[],"_links":{"self":[{"href":"https:\/\/fengchashop.com\/be-nl\/wp-json\/wp\/v2\/product\/7157","targetHints":{"allow":["GET"]}}],"collection":[{"href":"https:\/\/fengchashop.com\/be-nl\/wp-json\/wp\/v2\/product"}],"about":[{"href":"https:\/\/fengchashop.com\/be-nl\/wp-json\/wp\/v2\/types\/product"}],"replies":[{"embeddable":true,"href":"https:\/\/fengchashop.com\/be-nl\/wp-json\/wp\/v2\/comments?post=7157"}],"wp:featuredmedia":[{"embeddable":true,"href":"https:\/\/fengchashop.com\/be-nl\/wp-json\/wp\/v2\/media\/7158"}],"wp:attachment":[{"href":"https:\/\/fengchashop.com\/be-nl\/wp-json\/wp\/v2\/media?parent=7157"}],"wp:term":[{"taxonomy":"product_brand","embeddable":true,"href":"https:\/\/fengchashop.com\/be-nl\/wp-json\/wp\/v2\/product_brand?post=7157"},{"taxonomy":"product_cat","embeddable":true,"href":"https:\/\/fengchashop.com\/be-nl\/wp-json\/wp\/v2\/product_cat?post=7157"},{"taxonomy":"product_tag","embeddable":true,"href":"https:\/\/fengchashop.com\/be-nl\/wp-json\/wp\/v2\/product_tag?post=7157"}],"curies":[{"name":"wp","href":"https:\/\/api.w.org\/{rel}","templated":true}]}}