{"id":7001,"date":"2023-04-04T11:24:36","date_gmt":"2023-04-04T09:24:36","guid":{"rendered":"https:\/\/fengchashop.com\/be-nl\/product\/horny-goat-weed-bio-poeder-250-g\/"},"modified":"2026-04-18T00:56:29","modified_gmt":"2026-04-17T22:56:29","slug":"horny-goat-weed-poeder","status":"publish","type":"product","link":"https:\/\/fengchashop.com\/be-nl\/product\/horny-goat-weed-poeder\/","title":{"rendered":"Horny Goat Weed poeder 250 g"},"content":{"rendered":"<div class=\"wpb-content-wrapper\"><p>[vc_row][vc_column][vc_column_text css=&#8221;&#8221;]<\/p>\n<h2 style=\"text-align: justify;\"><span style=\"color: #000000;\">Geile geitenkruid<\/span><\/h2>\n<p style=\"text-align: justify;\"><span style=\"color: #000000;\">Grootbloemige ganzenvoet, ook bekend onder de wetenschappelijke naam Epimedium brevicornum. In het Engels wordt deze struikachtige plant <strong>Horny goat weed<\/strong> of <strong>Geile geit genoemd, wat in het Sloveens &#8220;gras van de noodzakelijke geit&#8221; betekent. De naam verwijst naar de toename van het libido bij geiten die de struiken hebben gegeten. Het groeit tot 30 cm en heeft talrijke bloemen (paars, roze, geel en wit) die in trossen of clusters gegroepeerd zijn.<\/strong><\/span><\/p>\n<p style=\"text-align: justify;\"><span style=\"color: #000000;\"><strong>Horny goat weed <\/strong>groeit in gematigde en subtropische klimaten en komt oorspronkelijk <strong>uit China en Korea. Het wordt al duizenden jaren gebruikt in de traditionele Chinese geneeskunde als een traditionele remedie voor een aantal problemen, waaronder disfunctie en menopauze, en wordt ook beschouwd als een afrodisiacum voor zowel mannen als vrouwen.<\/strong><\/span><\/p>\n<h2 style=\"text-align: justify;\"><span style=\"color: #000000;\">Wat zijn de belangrijke actieve ingredi\u00ebnten van Geile geit?<\/span><\/h2>\n<p style=\"text-align: justify;\"><span style=\"color: #000000;\">Het is wetenschappelijk bewezen dat Geile geit verbindingen bevat met <strong>farmacologische eigenschappen zoals het ontspannen van spieren, het verhogen van testosteronspiegels en de bloedstroom<\/strong>.<\/span><\/p>\n<p style=\"text-align: justify;\"><span style=\"color: #000000;\">Geile geit is een plant die verrijkt is met <strong>flavono\u00efden<\/strong>, fenolische verbindingen en andere belangrijke voedingsstoffen die de gezondheid op verschillende manieren ten goede kunnen komen. Daarom wordt geitegeit een steeds populairder kruid, zowel voor gebruik <strong>als voedingssupplement of als kruidenpreparaat voor verschillende kwalen en gezondheidsverbetering<\/strong>.<\/span><\/p>\n<p style=\"text-align: justify;\"><span style=\"color: #000000;\"><strong>Icari\u00efne<\/strong> is een flavono\u00efde verbinding en is het belangrijkste actieve bestanddeel van geitehoorntjeskruid. Icari\u00efne werkt als een natuurlijke remmer van het PDE5 enzym, dat erectiestoornissen kan veroorzaken. Het gebruik van Icari\u00efne verbetert <strong>de seksuele functie en de behandeling van erectiestoornissen<\/strong>. Icari\u00efne wordt echter ook veel gebruikt om <strong>atletische prestaties<\/strong> te verbeteren, omdat het de testosteronspiegel kan verhogen en de cortisolspiegel kan verlagen, wat bijdraagt aan een verbeterde spiermassa en spierkracht. Daarnaast kan Icariine ook het herstel van de botdichtheid bevorderen, wat het risico op <strong>osteoporose<\/strong> kan verminderen <strong>en de gezondheid van de botten kan verbeteren<\/strong>.<\/span><\/p>\n<h2 style=\"text-align: justify;\"><span style=\"color: #000000;\">Belangrijkste eigenschappen van geitenwiet?<\/span><\/h2>\n<p style=\"text-align: justify;\"><span style=\"color: #000000;\">Horny goat weed wordt steeds meer gebruikt als supplement voor verschillende doeleinden. In de Chinese traditionele geneeskunde wordt het gebruikt als <strong>afrodisiacum, tonicum en antireumatisch<\/strong>.<\/span><\/p>\n<p><span style=\"color: #000000;\"><strong>Effecten die een positief effect hebben op onze gezondheid en ons lichaam:<\/strong><\/span><\/p>\n<ul>\n<li><span style=\"color: #000000;\">Verbetert de functie van de geslachtsklieren,<\/span><\/li>\n<li><span style=\"color: #000000;\">Verbetert het libido bij mannen en erectiestoornissen,<\/span><\/li>\n<li><span style=\"color: #000000;\">helpt bij de behandeling van impotentie en mannelijke onvruchtbaarheid,<\/span><\/li>\n<li><span style=\"color: #000000;\">Wordt gebruikt als tonicum voor het voortplantingssysteem,<\/span><\/li>\n<li><span style=\"color: #000000;\">verhoogt de energie en het uithoudingsvermogen,<\/span><\/li>\n<li><span style=\"color: #000000;\">verlicht symptomen van de menopauze,<\/span><\/li>\n<li><span style=\"color: #000000;\">reguleert het cardiovasculaire systeem (doorbloeding),<\/span><\/li>\n<li><span style=\"color: #000000;\">verbetert de immuunfunctie,<\/span><\/li>\n<li><span style=\"color: #000000;\">verlicht gewrichtspijn en artritis,<\/span><\/li>\n<li><span style=\"color: #000000;\">heeft antibacteri\u00eble, antivirale en ontstekingsremmende effecten,<\/span><\/li>\n<li><span style=\"color: #000000;\">vermindert angst en depressie,<\/span><\/li>\n<li><span style=\"color: #000000;\">verbetert de stofwisseling en orgaanfunctie van het lichaam.<\/span><\/li>\n<\/ul>\n<h2 style=\"text-align: justify;\"><span style=\"color: #000000;\">Biologisch uit biologische bronnen Opslag en waarschuwingen<\/span><\/h2>\n<p style=\"text-align: justify;\"><span style=\"color: #000000;\">Koel en droog bewaren bij een temperatuur tot 25 \u00b0C. Buiten bereik van kinderen bewaren!<\/span><\/p>\n<p style=\"text-align: justify;\"><span style=\"color: #000000;\">Denk aan het belang van een gevarieerde voeding en een gezonde levensstijl, een voedingssupplement is daarom geen vervanging voor een evenwichtige en gevarieerde voeding. De aanbevolen dagelijkse hoeveelheid of dosis mag niet overschreden worden.<\/span><\/p>\n<p style=\"text-align: justify;\"><span style=\"color: #000000;\">Zwangere vrouwen en moeders die borstvoeding geven wordt het gebruik ontraden. Gebruik door personen die antistollingsmedicijnen gebruiken, wordt ook afgeraden. Kankerpati\u00ebnten wordt ook afgeraden. Het wordt aangeraden om bij gezondheidsproblemen je arts te raadplegen voor meer informatie.<\/span><\/p>\n<h2 style=\"text-align: justify;\"><span style=\"color: #000000;\">Verpakking<\/span><\/h2>\n<p style=\"text-align: justify;\"><span style=\"color: #000000;\">Niet-doorlatend zip-lock zakje waarin het product al zijn versheid en aroma behoudt. De verpakking beschermt het product tegen licht en lucht, omdat het bestaat uit verschillende beschermingslagen om de eigenschappen van de inhoud te behouden.<\/span><\/p>\n<p style=\"text-align: justify;\"><span style=\"color: #000000;\">De verpakking is zeer praktisch en recyclebaar.<\/span><\/p>\n<h2 style=\"text-align: justify;\"><span style=\"color: #000000;\">Oorsprong<\/span><\/h2>\n<p style=\"text-align: justify;\"><span style=\"color: #000000;\">China<\/span><\/p>\n<p><span style=\"color: #000000;\">We hebben zeer betrouwbare leveranciers die ons voor elke partij een gedetailleerde chemische analyse van het voedingsmiddel sturen. In meer dan tien jaar hebben we nog nooit een terugroepactie of ander probleem gehad met dit product, noch met andere producten van dezelfde leverancier.<\/span><\/p>\n<p>&nbsp;<\/p>\n<\/div>","protected":false},"excerpt":{"rendered":"<p>Geile geitenkruid, ook bekend onder de wetenschappelijke naam Epimedium brevicornum. Het wordt al duizenden jaren gebruikt in de traditionele Chinese geneeskunde als een traditionele remedie voor een aantal problemen, waaronder disfunctie en menopauze, en wordt ook beschouwd als een afrodisiacum voor zowel mannen als vrouwen.<\/p>\n<p><span style=\"color: #000000;\">\ud83d\udc9a Het wordt gebruikt als tonicum voor het voortplantingssysteem.<\/span><br \/>\n<span style=\"color: #000000;\">\ud83d\udc9a Het verlicht symptomen van de menopauze.<\/span><br \/>\n<span style=\"color: #000000;\">\ud83d\udc9a Het helpt bij de behandeling van impotentie en mannelijke onvruchtbaarheid.<\/span><br \/>\n<span style=\"color: #000000;\">\ud83d\udc9a Verbetert het libido bij mannen en erectiestoornissen.<\/span><\/p>\n","protected":false},"featured_media":7270,"comment_status":"open","ping_status":"closed","template":"","meta":{"_acf_changed":false},"product_brand":[],"product_cat":[15,224,225,226],"product_tag":[],"class_list":{"0":"post-7001","1":"product","2":"type-product","3":"status-publish","4":"has-post-thumbnail","6":"product_cat-uncategorized","7":"product_cat-aanbod","8":"product_cat-alle-producten","9":"product_cat-superfood","11":"first","12":"instock","13":"sale","14":"taxable","15":"shipping-taxable","16":"purchasable","17":"product-type-simple"},"acf":[],"_links":{"self":[{"href":"https:\/\/fengchashop.com\/be-nl\/wp-json\/wp\/v2\/product\/7001","targetHints":{"allow":["GET"]}}],"collection":[{"href":"https:\/\/fengchashop.com\/be-nl\/wp-json\/wp\/v2\/product"}],"about":[{"href":"https:\/\/fengchashop.com\/be-nl\/wp-json\/wp\/v2\/types\/product"}],"replies":[{"embeddable":true,"href":"https:\/\/fengchashop.com\/be-nl\/wp-json\/wp\/v2\/comments?post=7001"}],"wp:featuredmedia":[{"embeddable":true,"href":"https:\/\/fengchashop.com\/be-nl\/wp-json\/wp\/v2\/media\/7270"}],"wp:attachment":[{"href":"https:\/\/fengchashop.com\/be-nl\/wp-json\/wp\/v2\/media?parent=7001"}],"wp:term":[{"taxonomy":"product_brand","embeddable":true,"href":"https:\/\/fengchashop.com\/be-nl\/wp-json\/wp\/v2\/product_brand?post=7001"},{"taxonomy":"product_cat","embeddable":true,"href":"https:\/\/fengchashop.com\/be-nl\/wp-json\/wp\/v2\/product_cat?post=7001"},{"taxonomy":"product_tag","embeddable":true,"href":"https:\/\/fengchashop.com\/be-nl\/wp-json\/wp\/v2\/product_tag?post=7001"}],"curies":[{"name":"wp","href":"https:\/\/api.w.org\/{rel}","templated":true}]}}