{"id":6988,"date":"2022-11-25T07:45:21","date_gmt":"2022-11-25T06:45:21","guid":{"rendered":"https:\/\/fengchashop.com\/be-nl\/product\/dong-quai-angelica-bio-poeder-250-g\/"},"modified":"2026-04-17T20:14:05","modified_gmt":"2026-04-17T18:14:05","slug":"dong-quai-angelica-bio-poeder","status":"publish","type":"product","link":"https:\/\/fengchashop.com\/be-nl\/product\/dong-quai-angelica-bio-poeder\/","title":{"rendered":"Dong Quai (Angelica) BIO poeder 250 g"},"content":{"rendered":"<div class=\"wpb-content-wrapper\"><p>[vc_row][vc_column][vc_column_text css=&#8221;&#8221;]<\/p>\n<h2 style=\"text-align: justify\">Dong Quai (engelwortel) organisch poeder<\/h2>\n<p style=\"text-align: justify\"><span style=\"color: #000000\">Dong Quai is een oud Chinees kruid, ook bekend als <strong>Angelica sinensis<\/strong> (Chinese engelwortel) en ook wel <strong>Dang Gui<\/strong> (spreek uit als tang Kuei), en is een van de belangrijkste kruiden in de westerse wereld.<\/span><\/p>\n<p style=\"text-align: justify\"><span style=\"color: #000000\">Dong Quia groeit in het hooggebergte, in koude en vochtige gebieden van <strong>Japan, Korea en China<\/strong>. Het is een winterharde vaste plant die een hoogte van twee meter kan bereiken. Het heeft gladde paarse stengels, vederlichte bladeren en kleine witte of groene bloemen die in trossen bij elkaar staan. Het medicinale deel van de Dong Quia zijn de geelbruine vertakte wortels, die gedroogd en gesneden gebruikt worden <strong>voor medicinale doeleinden<\/strong>. Sommige delen van de wortel zijn verschillend en hebben daarom <strong>verschillende effecten<\/strong>.<\/span><\/p>\n<p style=\"text-align: justify\"><span style=\"color: #000000\">Gedroogde engelwortel wordt in de traditionele Chinese geneeskunde vooral gebruikt voor de behandeling van <strong>gynaecologische problemen<\/strong>,<strong> matige bloedarmoede<\/strong>,<strong> hoge bloeddruk<\/strong> en <strong>vermoeidheid<\/strong>.<\/span><\/p>\n<p style=\"text-align: justify\"><span style=\"color: #000000\">Dong Quai kruid is ook algemeen bekend als <strong>&#8216;vrouwelijke ginseng&#8217;<\/strong> en werd zeer gewaardeerd door oude genezers vanwege zijn opmerkelijke vermogen om vrouwen met voortplantingsproblemen te behandelen. In Azi\u00eb is Dong Quai het op \u00e9\u00e9n na meest gebruikte kruid, na ginseng, en wordt het traditioneel gebruikt als <strong>hulpmiddel bij vrouwelijke kwalen en ziekten<\/strong>.<\/span><\/p>\n<p style=\"text-align: justify\"><span style=\"color: #000000\">Dong Quai wordt zelfs gepromoot als een remedie voor onvruchtbare mensen. Dong Quai helpt niet alleen bij vrouwelijke onvruchtbaarheidsproblemen, maar ook tijdens de menopauze en bij menstruatieproblemen. Het werkt ook goed bij<strong> mannelijke vruchtbaarheid<\/strong>.<\/span><\/p>\n<h2 style=\"text-align: justify\"><span style=\"color: #000000\">Wat zijn de belangrijke werkzame bestanddelen van Dong Quai?<\/span><\/h2>\n<p style=\"text-align: justify\"><span style=\"color: #000000\">Dong Quai is rijk aan <strong>foliumzuur, folinezuur en nicotinezuur<\/strong>, verrijkt met <strong>vitamine B12<\/strong> en bevat ook veel<strong>vitamine A en E, caroteen, biotine<\/strong> en <strong>pantotheenzuur<\/strong>. Het wordt gebruikt om premenstruele en menopauzale symptomen te behandelen, omdat het stoffen bevat die ongemak kunnen verlichten, bloedvaten verwijden en de baarmoederspieren ontspannen. <strong>Kobalt<\/strong>, ook te vinden in de engelwortel, helpt in combinatie met vitamine B12 om het bloed te versterken.<\/span><\/p>\n<p style=\"text-align: justify\"><span style=\"color: #000000\">Het belangrijkste element voor de balans van vrouwelijke hormonen is het hormoon oestrogeen, dat kan worden vervangen door een groep chemische stoffen die<strong> fyto-oestrogenen<\/strong> worden genoemd. Engelwortel bevat echter een grote hoeveelheid fyto-oestrogeen. Daarnaast hebben studies aangetoond dat Dong Quai in twee richtingen werkt: het remt overmatige oestrogeensecretie of stimuleert onvoldoende oestrogeensecretie.<\/span><\/p>\n<p style=\"text-align: justify\"><span style=\"color: #000000\">Dong Quai is ook een <strong>&#8220;schoonheidstonicum&#8221;<\/strong> voor de huid, omdat het de doorbloeding van de huid bevordert en gebruikt wordt voor een mooie en stralende teint. Het helpt bij de behandeling van neurodermitis, alopecia, urticaria, eczeem, jeuk, verwijdert oneffenheden op de huid, etc.<\/span><\/p>\n<p style=\"text-align: justify\"><span style=\"color: #000000\">Studies hebben aangetoond dat de combinatie van Dong Quai en Astragalus een positief effect heeft en zowel het slechte cholesterolgehalte als het algemene verhoogde cholesterolgehalte verlaagt.<\/span><\/p>\n<h2 style=\"text-align: justify\"><span style=\"color: #000000\">Wat zijn de belangrijkste eigenschappen van Dong Quai?<\/span><\/h2>\n<p><span style=\"color: #000000\"> &#8211; Een krachtige <strong>antioxidant<\/strong>,<\/span><\/p>\n<p><span style=\"color: #000000\"> <strong>&#8211; ontstekingsremmend<\/strong>,<\/span><\/p>\n<p><span style=\"color: #000000\"> &#8211; reguleert <strong>vrouwelijke hormonen<\/strong>,<\/span><\/p>\n<p><span style=\"color: #000000\"> &#8211; verlicht <strong>premenstruele symptomen<\/strong>,<\/span><\/p>\n<p><span style=\"color: #000000\"> &#8211; verbetert <strong>de bloedsomloop<\/strong>,<\/span><\/p>\n<p><span style=\"color: #000000\"> &#8211; werkt preventief tegen<strong>hartaanvallen<\/strong> en <strong>hoge bloeddruk<\/strong>,<\/span><\/p>\n<p><span style=\"color: #000000\"> &#8211; vermindert het risico op <strong>hartaandoeningen<\/strong>,<\/span><\/p>\n<p><span style=\"color: #000000\"> &#8211; reguleert <strong>cholesterol<\/strong> en <strong>bloeddruk<\/strong>,<\/span><\/p>\n<p><span style=\"color: #000000\"> &#8211; helpt bij <strong>bloedarmoede<\/strong>,<\/span><\/p>\n<p><span style=\"color: #000000\"> &#8211; helpt bij <strong>hoofdpijn<\/strong>,<\/span><\/p>\n<p><span style=\"color: #000000\"> &#8211; helpt bij <strong>het ontgiften<\/strong>,<\/span><\/p>\n<p><span style=\"color: #000000\"> &#8211; is een <strong>afrodisiacum<\/strong>,<\/span><\/p>\n<p><span style=\"color: #000000\"> &#8211; bevordert <strong>de mannelijke vruchtbaarheid<\/strong>,<\/span><\/p>\n<p><span style=\"color: #000000\"> &#8211; verhoogt de <strong>energie<\/strong>,<\/span><\/p>\n<p><span style=\"color: #000000\"> &#8211; voorkomt <strong>osteoporose<\/strong> door botten te versterken,<\/span><\/p>\n<p><span style=\"color: #000000\"> &#8211; vermindert <strong>gewrichtspijn<\/strong>,<\/span><\/p>\n<p><span style=\"color: #000000\"> &#8211; voorkomt <strong>chronische ontsteking van het maagdarmkanaal<\/strong>,<\/span><\/p>\n<p><span style=\"color: #000000\"> &#8211; helpt ontstekingen van<strong>het zenuwstelsel<\/strong> te verbeteren (bijv. neurodermitis),<\/span><\/p>\n<p><span style=\"color: #000000\"> &#8211; verbetert <strong>huidaandoeningen<\/strong>.<\/span><\/p>\n<h2 style=\"text-align: justify\"><span style=\"color: #000000\">Bewaren en waarschuwingen<\/span><\/h2>\n<p style=\"text-align: justify\"><span style=\"color: #000000\">Koel en droog bewaren bij een temperatuur tot 25 \u00b0C. Buiten bereik van kinderen bewaren!<\/span><\/p>\n<p style=\"text-align: justify\"><span style=\"color: #000000\">Denk aan het belang van een gevarieerde voeding en een gezonde levensstijl, een voedingssupplement is daarom geen vervanging voor een evenwichtige en gevarieerde voeding.De aanbevolen dagelijkse hoeveelheid of dosis mag niet overschreden worden. De huid kan overgevoelig worden voor zonnestralen als het supplement in grote hoeveelheden wordt ingenomen.<\/span><\/p>\n<p style=\"text-align: justify\"><span style=\"color: #000000\">Zwangere vrouwen en moeders die borstvoeding geven wordt afgeraden het te gebruiken. Gebruik door personen die antistollingsmedicijnen gebruiken wordt ook afgeraden. Het wordt aanbevolen om je arts te raadplegen voor meer informatie in geval van gezondheidsproblemen.<\/span><\/p>\n<h2 style=\"text-align: justify\"><span style=\"color: #000000\">Verpakking<\/span><\/h2>\n<p style=\"text-align: justify\"><span style=\"color: #000000\">Niet-doorlatend zip-lock zakje waarin het product al zijn versheid en aroma behoudt. De verpakking beschermt tegen licht en lucht, omdat het bestaat uit verschillende beschermingslagen die de eigenschappen van de inhoud behouden.<\/span><\/p>\n<p style=\"text-align: justify\"><span style=\"color: #000000\">De verpakking is erg praktisch en recyclebaar.<\/span><\/p>\n<h2 style=\"text-align: justify\">Oorsprong<\/h2>\n<p style=\"text-align: justify\"><span style=\"color: #000000\">China<\/span><\/p>\n<p><span style=\"color: #000000\">We hebben zeer betrouwbare leveranciers die ons voor elke partij een gedetailleerde chemische analyse van het voedingsmiddel sturen. In meer dan tien jaar hebben we nog nooit een terugroepactie of ander probleem gehad met dit product, noch met andere producten van dezelfde leverancier. <\/span><span style=\"color: #000000\">Het product is 100% biologisch gecertificeerd.<\/span>[\/vc_column_text][\/vc_column][\/vc_row]<\/p>\n<\/div>","protected":false},"excerpt":{"rendered":"<p>Dong Quai is een oud Chinees kruid, ook bekend als Angelica sinensis (Chinese engelwortel) en ook wel Dang Gui (spreek uit als tang Kuei), en is een van de belangrijkste kruiden in de westerse wereld. Gedroogde engelwortel wordt in de traditionele Chinese geneeskunde vooral gebruikt voor de behandeling van gynaecologische problemen, matige bloedarmoede, hoge bloeddruk en vermoeidheid.<\/p>\n<p>\ud83d\udc9a Ontstekingsremmend<br \/>\n\ud83d\udc9a Vermindert het risico op hartaandoeningen<br \/>\n\ud83d\udc9a Verbetert huidaandoeningen<br \/>\n\ud83d\udc9a Voorkomt chronische maagdarmontsteking<br \/>\n\ud83d\udc9a Verlicht premenstruele symptomen<\/p>\n","protected":false},"featured_media":6989,"comment_status":"open","ping_status":"closed","template":"","meta":{"_acf_changed":false},"product_brand":[],"product_cat":[224,225,226],"product_tag":[],"class_list":{"0":"post-6988","1":"product","2":"type-product","3":"status-publish","4":"has-post-thumbnail","6":"product_cat-aanbod","7":"product_cat-alle-producten","8":"product_cat-superfood","10":"first","11":"instock","12":"taxable","13":"shipping-taxable","14":"purchasable","15":"product-type-simple"},"acf":[],"_links":{"self":[{"href":"https:\/\/fengchashop.com\/be-nl\/wp-json\/wp\/v2\/product\/6988","targetHints":{"allow":["GET"]}}],"collection":[{"href":"https:\/\/fengchashop.com\/be-nl\/wp-json\/wp\/v2\/product"}],"about":[{"href":"https:\/\/fengchashop.com\/be-nl\/wp-json\/wp\/v2\/types\/product"}],"replies":[{"embeddable":true,"href":"https:\/\/fengchashop.com\/be-nl\/wp-json\/wp\/v2\/comments?post=6988"}],"wp:featuredmedia":[{"embeddable":true,"href":"https:\/\/fengchashop.com\/be-nl\/wp-json\/wp\/v2\/media\/6989"}],"wp:attachment":[{"href":"https:\/\/fengchashop.com\/be-nl\/wp-json\/wp\/v2\/media?parent=6988"}],"wp:term":[{"taxonomy":"product_brand","embeddable":true,"href":"https:\/\/fengchashop.com\/be-nl\/wp-json\/wp\/v2\/product_brand?post=6988"},{"taxonomy":"product_cat","embeddable":true,"href":"https:\/\/fengchashop.com\/be-nl\/wp-json\/wp\/v2\/product_cat?post=6988"},{"taxonomy":"product_tag","embeddable":true,"href":"https:\/\/fengchashop.com\/be-nl\/wp-json\/wp\/v2\/product_tag?post=6988"}],"curies":[{"name":"wp","href":"https:\/\/api.w.org\/{rel}","templated":true}]}}