{"id":6967,"date":"2022-08-19T05:47:44","date_gmt":"2022-08-19T03:47:44","guid":{"rendered":"https:\/\/fengchashop.com\/be-nl\/product\/guayusa-bio-100-g\/"},"modified":"2026-04-17T23:55:24","modified_gmt":"2026-04-17T21:55:24","slug":"guayusa-bio","status":"publish","type":"product","link":"https:\/\/fengchashop.com\/be-nl\/product\/guayusa-bio\/","title":{"rendered":"Guayusa BIO 100 g"},"content":{"rendered":"<div class=\"wpb-content-wrapper\"><p>[vc_row][vc_column][vc_column_text css=&#8221;&#8221;]<\/p>\n<h2><span style=\"color: #000000\">Guayusa BIO<\/span><\/h2>\n<p><span style=\"color: #000000\">Guayusa, uitgesproken als ghwy-you-sa, betekent &#8220;nachtwaker&#8221;, omdat het soms wordt gebruikt om mensen &#8217;s nachts wakker te houden. Dit is de naam die het Kichwa volk gaf aan de altijd groene boom waarvan <strong>de bladeren worden gebruikt om thee<\/strong> van te zetten. Guayusabomen, ook wel guayusa (Ilex guayusa) genoemd, worden 6 tot 30 meter hoog en hebben langwerpige, glanzend groene bladeren.<\/span><\/p>\n<p><span style=\"color: #000000\">De vroegste ontdekkingen bewijzen dat het inheemse Kichwa volk 1000 jaar geleden begon met het verbouwen van Guayusa. Guayusa is waarschijnlijk het <strong>meest cafe\u00efnehoudende theeblad ter wereld<\/strong>, met een cafe\u00efnegehalte tot 7,6 procent!<\/span><\/p>\n<p><span style=\"color: #000000\">Guayusa is wijdverspreid in het Amazonewoud, maar wordt het meest geteeld in Ecuador. De bladeren worden <strong>traditioneel geoogst, gedroogd en gebruikt om kruidenthee<\/strong> van te maken, die gewaardeerd wordt om zijn <strong>hoge cafe\u00efne- en antioxidantgehalte<\/strong>.<\/span><\/p>\n<p><span style=\"color: #000000\">Volgens sommigen heeft guayusa nog meer voordelen. Het is rijk <strong>aan vitaminen, aminozuren en antioxidanten<\/strong>. Daarnaast bevat het bestanddelen zoals <strong>theobromine<\/strong>, dat ook in cacao zit en bekend staat om zijn <strong>stemmingsverhogende<\/strong> eigenschappen.<\/span><\/p>\n<h2><span style=\"color: #000000\">Wat is guayusa thee<\/span><\/h2>\n<p><span style=\"color: #000000\">Guayusa is een kruidendrank die vaak wordt aangeprezen als een <strong>gezondere energieboost dan koffie en energiedrankjes<\/strong>.<\/span><\/p>\n<p><span style=\"color: #000000\">Het inheemse Kichwa volk, dat een inheemse taal spreekt die afkomstig is uit het Amazone regenwoud, drinkt al honderden jaren guayusa thee als onderdeel van rituele jachtceremonies om spirituele helderheid te verkrijgen en zich fysiek voor te bereiden op het fysiek veeleisende leven in het regenwoud. Inheemse Ecuadorianen gebruiken het vooral voor het slapengaan om zich te verbinden met hogere bewustzijnstoestanden.<\/span><\/p>\n<p><span style=\"color: #000000\">Het heeft ook <strong>geen bittere of scherpe smaak<\/strong>, omdat het bijna volledig vrij is van tannine, waardoor de <strong>bladeren<\/strong> ook <strong>herhaaldelijk ge\u00efrrigeerd<\/strong> kunnen worden. In plaats daarvan heeft het een <strong>knapperige, zoete smaak<\/strong> die heerlijk is op zichzelf of in combinatie met soja-, rijst- of notenmelk.<\/span><\/p>\n<h2><span style=\"color: #000000\">Effecten van guayusa<\/span><\/h2>\n<p><span style=\"color: #000000\">Guayusa thee heeft een interessant effect: aan de ene kant <strong>is het stimulerend<\/strong> door het hoge cafe\u00efnegehalte, aan de andere kant <strong>zorgt<\/strong> het <strong>voor een aangename rust en balans<\/strong>, waarschijnlijk door de begeleidende stoffen zoals L-theanine en theobromine.<\/span><\/p>\n<p><span style=\"color: #000000\">Guayusa kan je <strong>mentale toestand en focus<\/strong> verbeteren. Het bevat een hoge hoeveelheid cafe\u00efne, wat bekend staat als een stimulerend middel. Theobromine, een alkalo\u00efde die structureel lijkt op cafe\u00efne, is ook aanwezig. Daarnaast bevatten voedingsmiddelen zoals chocolade en cacaopoeder theobromine. Van de combinatie van koffie en theobromine is aangetoond dat <strong>het de stemming, alertheid en<\/strong> <strong>concentratie<\/strong> <strong>verbetert<\/strong>, en mogelijk ook<strong> de hersenfunctie op korte termijn<\/strong>.<\/span><\/p>\n<p><span style=\"color: #000000\">Guayusa bevat een <strong>aantal antioxidanten<\/strong>. Ze <strong>verminderen oxidatieve stress<\/strong> door vrije radicalen, onstabiele chemische stoffen in het lichaam, te bestrijden. Zo kunnen ze <strong>het risico op het ontwikkelen van veel chronische ziekten verminderen<\/strong>. Guayusa bevat het hoogste gehalte aan polyfenolische antioxidanten, <strong>catechinen<\/strong> genaamd, die <strong>bescherming<\/strong> zouden <strong>bieden tegen hartaandoeningen, kanker, diabetes type 2, obesitas, bacteri\u00eble infecties en ziekten<\/strong>, maar ook <strong>het cholesterolgehalte verlagen en het ph-gehalte reguleren.<\/strong><\/span><\/p>\n<p><span style=\"color: #000000\">Als je lichaam suiker niet effici\u00ebnt van je bloed naar je cellen kan transporteren, kun je een hoge bloedsuikerspiegel krijgen. Dit kan uiteindelijk leiden tot diabetes type 2 als het niet behandeld wordt. Guayusa kan <strong>helpen om de bloedsuikerspiegel te verlagen<\/strong>.<\/span><\/p>\n<p><span style=\"color: #000000\">De sterke concentratie cafe\u00efne in Guayusa kan <strong>helpen bij<\/strong> het afvallen. Natuurlijke stimulanten zoals cafe\u00efne kunnen je metabolisme versnellen en de hoeveelheid calorie\u00ebn die je lichaam verbrandt verhogen.<\/span><\/p>\n<h2><span style=\"color: #000000\">Bewaren en waarschuwingen<\/span><\/h2>\n<p><span style=\"color: #000000\">Droog, donker en koel bewaren. Gedroogde blaadjes moeten tot gebruik in een luchtdicht zakje of bakje bewaard worden.<\/span><\/p>\n<p><span style=\"color: #000000\">Guayusa bevat van nature cafe\u00efne.<\/span><\/p>\n<h2><span style=\"color: #000000\">Verpakking<\/span><\/h2>\n<p><span style=\"color: #000000\">Luchtdichte zip-lock zak waarin het product al zijn versheid en aroma behoudt. De verpakking beschermt tegen licht en lucht, omdat het bestaat uit verschillende beschermingslagen die de eigenschappen van de inhoud behouden.<\/span><\/p>\n<p><span style=\"color: #000000\">De verpakking is erg praktisch en recyclebaar.<\/span><\/p>\n<h2><span style=\"color: #000000\">Oorsprong<\/span><\/h2>\n<p><span style=\"color: #000000\">Ecuador<\/span>[\/vc_column_text][\/vc_column][\/vc_row]<\/p>\n<\/div>","protected":false},"excerpt":{"rendered":"<p>Kruidenthee met veel actieve ingredi\u00ebnten <strong>voor een lang, gezond en vitaal leven<\/strong>. Guayusa, uitgesproken als ghwy-you-sa, betekent &#8216;nachtwaker&#8217; omdat het soms wordt gebruikt om mensen &#8217;s nachts wakker te houden. Het is waarschijnlijk het <strong>meest cafe\u00efnehoudende theeblad<\/strong> ter wereld, <strong>met tot 7,6 procent cafe\u00efne<\/strong>!<\/p>\n<p>\ud83d\udc9a Verhoogt je humeur.<\/p>\n<p>\ud83d\udc9a Het bevat veel vitaminen, aminozuren en antioxidanten.<\/p>\n<p>\ud83d\udc9a Een gezondere energieboost dan koffie en energiedrankjes.<\/p>\n<p>\ud83d\udc9a Verbetert je mentale toestand en focus.<\/p>\n","protected":false},"featured_media":6968,"comment_status":"open","ping_status":"closed","template":"","meta":{"_acf_changed":false},"product_brand":[],"product_cat":[15,224,225,236,234],"product_tag":[],"class_list":{"0":"post-6967","1":"product","2":"type-product","3":"status-publish","4":"has-post-thumbnail","6":"product_cat-uncategorized","7":"product_cat-aanbod","8":"product_cat-alle-producten","9":"product_cat-thee","10":"product_cat-thee-voedsel-en-specerijen","12":"first","13":"instock","14":"sale","15":"taxable","16":"shipping-taxable","17":"purchasable","18":"product-type-simple"},"acf":[],"_links":{"self":[{"href":"https:\/\/fengchashop.com\/be-nl\/wp-json\/wp\/v2\/product\/6967","targetHints":{"allow":["GET"]}}],"collection":[{"href":"https:\/\/fengchashop.com\/be-nl\/wp-json\/wp\/v2\/product"}],"about":[{"href":"https:\/\/fengchashop.com\/be-nl\/wp-json\/wp\/v2\/types\/product"}],"replies":[{"embeddable":true,"href":"https:\/\/fengchashop.com\/be-nl\/wp-json\/wp\/v2\/comments?post=6967"}],"wp:featuredmedia":[{"embeddable":true,"href":"https:\/\/fengchashop.com\/be-nl\/wp-json\/wp\/v2\/media\/6968"}],"wp:attachment":[{"href":"https:\/\/fengchashop.com\/be-nl\/wp-json\/wp\/v2\/media?parent=6967"}],"wp:term":[{"taxonomy":"product_brand","embeddable":true,"href":"https:\/\/fengchashop.com\/be-nl\/wp-json\/wp\/v2\/product_brand?post=6967"},{"taxonomy":"product_cat","embeddable":true,"href":"https:\/\/fengchashop.com\/be-nl\/wp-json\/wp\/v2\/product_cat?post=6967"},{"taxonomy":"product_tag","embeddable":true,"href":"https:\/\/fengchashop.com\/be-nl\/wp-json\/wp\/v2\/product_tag?post=6967"}],"curies":[{"name":"wp","href":"https:\/\/api.w.org\/{rel}","templated":true}]}}