{"id":6530,"date":"2022-05-20T18:33:35","date_gmt":"2022-05-20T16:33:35","guid":{"rendered":"https:\/\/fengchashop.com\/be-nl\/product\/dmso-100-ml\/"},"modified":"2026-04-16T14:17:21","modified_gmt":"2026-04-16T12:17:21","slug":"dmso-100-ml","status":"publish","type":"product","link":"https:\/\/fengchashop.com\/be-nl\/product\/dmso-100-ml\/","title":{"rendered":"DMSO 100 ml"},"content":{"rendered":"<h2><span style=\"color: #000000\">DMSO van superkwaliteit<\/span><\/h2>\n<p><span style=\"color: #000000\"><strong>Dimethylsulfoxide<\/strong>, ook bekend als <strong>DMSO<\/strong>, heeft een unieke geschiedenis. Dit bijproduct van de <strong>papierindustrie<\/strong>, dat aan het eind van de 19e eeuw in Duitsland werd gevonden, wordt gebruikt als oplosmiddel en is afgeleid van een chemische stof die in hout voorkomt.<\/span><\/p>\n<p><span style=\"color: #000000\">Het is een <strong>natuurlijk product<\/strong> gemaakt van <strong>houtpulp<\/strong> en vormt geen gevaar voor de gezondheid als het op de juiste manier wordt gebruikt. DMSO is een <strong>organische, kleurloze, natuurlijke, niet gesynthetiseerde vloeistof<\/strong> afgeleid van lignine, die bekend staat om zijn vermogen om biologische membranen zoals de huid te doorkruisen.<\/span><\/p>\n<p><span style=\"color: #000000\">Wetenschappers begonnen halverwege de 20e eeuw de ontstekingsremmende effecten van deze stof te bestuderen. DMSO is een receptgeneesmiddel dat is goedgekeurd door de Food and Drug Administration <strong>(FDA)<\/strong> <strong>voor de behandeling van de tekenen en symptomen van het pijnlijke blaassyndroom<\/strong>. Indien nodig wordt het ook gebruikt om <strong>een verscheidenheid aan andere medische aandoeningen te behandelen<\/strong>. Het is zonder recept verkrijgbaar en wordt meestal in gel- of cr\u00e8mevorm aangeboden.<\/span><\/p>\n<p><span style=\"color: #000000\">DMSO is een veelzijdig oplosmiddel. Het kan <strong>intraveneus en oraal<\/strong> toegediend worden en omdat het snel doordringt, <strong>absorbeert<\/strong> het <strong>goed in de huid<\/strong>. Het wordt vaak gebruikt om <strong>de absorptie van andere medicijnen<\/strong> in het lichaam te <strong>verbeteren<\/strong> en <strong>om amylo\u00efdose te behandelen<\/strong>, een ziekte waarbij bepaalde eiwitten verkeerd zijn gevouwen in weefsels en organen.<\/span><\/p>\n<h2><span style=\"color: #000000\">Welke medische aandoeningen kunnen behandeld worden met DMSO?<\/span><\/h2>\n<p><span style=\"color: #000000\"> <em> Plaatselijk<\/em>: <strong>aangebracht op wonden, brandwonden en verwondingen aan het bewegingsapparaat<\/strong>, <strong>vermindert<\/strong> het <strong>ongemak en versnelt het de genezing, waardoor littekens minder zichtbaar worden<\/strong>.<\/span><\/p>\n<p><span style=\"color: #000000\"> <em> &#8211; Voor de behandeling van<\/em>: <strong>ontstekingen, reumato\u00efde artritis, artrose, staar, glaucoom, schimmelnagels, huidziekten<\/strong> (behandeling van sclerodermie &#8211; een ziekte die littekens op de huid veroorzaakt), <strong>bijwerkingen van chemotherapie en hoofdpijn<\/strong>.<\/span><\/p>\n<p><span style=\"color: #000000\">Het feit dat DMSO pijn binnen enkele minuten na het aanbrengen kan verminderen of elimineren, zoals aangetoond in talloze onderzoeken, zorgt ervoor dat het gebruik toeneemt. Mensen die behandeld worden met DMSO klagen echter vooral over de overweldigende geur van de stof, die op knoflook lijkt.<\/span><\/p>\n<p><span style=\"color: #000000\">Het gebruik van DMSO is veilig volgens de instructies, omdat het <strong>werkt als een antioxidant in het lichaam<\/strong> en volledig niet giftig is.<\/span><\/p>\n<p><span style=\"color: #000000\"><em><strong>Hoe werkt DMSO?<\/strong><\/em><\/span><\/p>\n<p><span style=\"color: #000000\">&#8211; Tegen bloedstolling,<\/span><br \/>\n<span style=\"color: #000000\">&#8211; ontstekingsremmend,<\/span><br \/>\n<span style=\"color: #000000\">&#8211; antiviraal en antibacterieel,<\/span><br \/>\n<span style=\"color: #000000\">&#8211; schimmelwerend,<\/span><br \/>\n<span style=\"color: #000000\">&#8211; stimulerend (door het immuunsysteem te stimuleren),<\/span><br \/>\n<span style=\"color: #000000\">&#8211; vaatverwijdend en<\/span><br \/>\n<span style=\"color: #000000\">&#8211; pijnstillend.<\/span><\/p>\n<h2><span style=\"color: #000000\">Interessante feiten<\/span><\/h2>\n<p><span style=\"color: #000000\">De FDA keurde DMSO eind jaren 1970 goed voor de <strong>behandeling van interstiti\u00eble cystitis<\/strong> (blaasontsteking). Het is nog steeds de enige door de FDA goedgekeurde methode voor blaasspoeling (of inbrengen) voor deze aandoening. De effecten van DMSO op mensen met interstiti\u00eble cystitis zijn onder andere de volgende:<\/span><\/p>\n<p><span style=\"color: #000000\">&#8211; Vermindert de pijn bij deze aandoening,<\/span><br \/>\n<span style=\"color: #000000\">&#8211; ontspant de blaas en<\/span><br \/>\n<span style=\"color: #000000\">&#8211; verhoogt de blaascapaciteit.<\/span><\/p>\n<p><span style=\"color: #000000\">De moleculaire structuur van DMSO zorgt ervoor dat veel van de moleculen erin volledig oplossen, waardoor ze door celmembranen heen kunnen zonder deze te beschadigen, ook al kunnen de verbindingen zelf niet door het membraan heen. Daarom wordt DMSO vaak aangetroffen in antibacteri\u00eble cr\u00e8mes, antimycotische oogbehandelingen en zelfs stero\u00efden voor gerichte ontstekingsremmende therapie.<\/span><\/p>\n<h2><span style=\"color: #000000\">Hoeveelheid<\/span><\/h2>\n<p><span style=\"color: #000000\">100 ml<\/span><\/p>\n<h2><span style=\"color: #000000\">Toepassingen<\/span><\/h2>\n<p><span style=\"color: #000000\">Gebruik als grondstof op eigen risico. Het stolt bij temperaturen lager dan 18,40 \u00b0C. Bewaren tussen 20 \u00b0C en 25 \u00b0C.<\/span><\/p>\n<h2><span style=\"color: #000000\">Ingredi\u00ebnten<\/span><\/h2>\n<p><span style=\"color: #000000\">Dimethylsulfoxide (C2H6OS)<\/span><\/p>\n<h2><span style=\"color: #000000\">Verpakking<\/span><\/h2>\n<p><span style=\"color: #000000\"> In glazen verpakking met druppelaar voor gemakkelijke dosering.<\/span><\/p>\n<h2><span style=\"color: #000000\">Waarschuwingen<\/span><\/h2>\n<p><span style=\"color: #000000\">Buiten bereik van kinderen op een donkere plaats bewaren. Vermijd contact met ogen en kleding. Bij contact met de ogen onmiddellijk uitspoelen met water. Uit direct zonlicht houden. Zwangere vrouwen en zogende moeders mogen het product niet gebruiken. Als een allergische reactie optreedt, stop dan met het gebruik.<\/span><\/p>\n<h2>Oorsprong<\/h2>\n<p><span style=\"color: #000000\">Duitsland<\/span><\/p>\n","protected":false},"excerpt":{"rendered":"<p>DMSO van superieure kwaliteit wordt vaak gebruikt om de absorptie van andere medicijnen in het lichaam te verbeteren en om amylo\u00efdose te behandelen, een ziekte waarbij bepaalde eiwitten verkeerd zijn gevouwen in weefsels en organen. Wetenschappers begonnen halverwege de 20e eeuw de ontstekingsremmende effecten van deze stof te bestuderen.<\/p>\n<p>&#x1F49A; Het wordt op natuurlijke wijze geproduceerd.<br \/>\n&#x1F49A; Het kan intraveneus en oraal worden toegediend.<br \/>\n&#x1F49A; Het heeft antistollingseigenschappen.<br \/>\n&#x1F49A; Verhoogt de blaascapaciteit.<\/p>\n","protected":false},"featured_media":6531,"comment_status":"open","ping_status":"open","template":"","meta":{"_acf_changed":false},"product_brand":[],"product_cat":[15,224,225,227,239],"product_tag":[],"class_list":{"0":"post-6530","1":"product","2":"type-product","3":"status-publish","4":"has-post-thumbnail","6":"product_cat-uncategorized","7":"product_cat-aanbod","8":"product_cat-alle-producten","9":"product_cat-overig","10":"product_cat-weer-op-voorraad","12":"first","13":"instock","14":"taxable","15":"shipping-taxable","16":"purchasable","17":"product-type-simple"},"acf":[],"_links":{"self":[{"href":"https:\/\/fengchashop.com\/be-nl\/wp-json\/wp\/v2\/product\/6530","targetHints":{"allow":["GET"]}}],"collection":[{"href":"https:\/\/fengchashop.com\/be-nl\/wp-json\/wp\/v2\/product"}],"about":[{"href":"https:\/\/fengchashop.com\/be-nl\/wp-json\/wp\/v2\/types\/product"}],"replies":[{"embeddable":true,"href":"https:\/\/fengchashop.com\/be-nl\/wp-json\/wp\/v2\/comments?post=6530"}],"wp:featuredmedia":[{"embeddable":true,"href":"https:\/\/fengchashop.com\/be-nl\/wp-json\/wp\/v2\/media\/6531"}],"wp:attachment":[{"href":"https:\/\/fengchashop.com\/be-nl\/wp-json\/wp\/v2\/media?parent=6530"}],"wp:term":[{"taxonomy":"product_brand","embeddable":true,"href":"https:\/\/fengchashop.com\/be-nl\/wp-json\/wp\/v2\/product_brand?post=6530"},{"taxonomy":"product_cat","embeddable":true,"href":"https:\/\/fengchashop.com\/be-nl\/wp-json\/wp\/v2\/product_cat?post=6530"},{"taxonomy":"product_tag","embeddable":true,"href":"https:\/\/fengchashop.com\/be-nl\/wp-json\/wp\/v2\/product_tag?post=6530"}],"curies":[{"name":"wp","href":"https:\/\/api.w.org\/{rel}","templated":true}]}}