{"id":6278,"date":"2022-03-03T19:48:50","date_gmt":"2022-03-03T18:48:50","guid":{"rendered":"https:\/\/fengchashop.com\/be-nl\/product\/spirulina-tabletten-bio-250-g\/"},"modified":"2026-04-18T01:15:24","modified_gmt":"2026-04-17T23:15:24","slug":"spirulina-tabletten-bio","status":"publish","type":"product","link":"https:\/\/fengchashop.com\/be-nl\/product\/spirulina-tabletten-bio\/","title":{"rendered":"Spirulina tabletten BIO 250 g"},"content":{"rendered":"<h2><span style=\"color: #000000\">Spirulina tabletten BIO<\/span><\/h2>\n<p><span style=\"color: #000000\">Spirulina, bekend als een natuurlijk supervoedsel, gedijt het best in het mineraalrijke water van de warme tropische zee. Vernoemd naar zijn spiraalvorm, wordt het beschouwd als een van de eerste levensvormen op aarde. Het<strong> was al<\/strong> erg populair en<strong> gewaardeerd door de Azteken.<\/strong> Traditioneel werd het gebruikt om stoofschotels en verschillende taarten te maken en werd het geconsumeerd voor kracht en uithoudingsvermogen. De laatste jaren heeft spirulina echter zijn populariteit herwonnen. Het is al een paar jaar een van de beste en populairste superfoods. Het is ook goedgekeurd door de FDA en de WHO en wordt naar verluidt gegeten door astronauten tijdens missies. Spirulina zit vol mineralen en zouten uit de zee, de oceanen. Deze bevatten dezelfde mineralen als menselijk bloed. Algen bevatten dus natuurlijke <strong>vitaminen en mineralen<\/strong> zodat ze <strong>gemakkelijk<\/strong> door het lichaam worden <strong>verteerd.<\/strong><\/span><\/p>\n<p><span style=\"color: #000000\">Onze spirulina is <strong>biologisch gekweekt.<\/strong><\/span><\/p>\n<h2><span style=\"color: #000000\">Wat zijn alle voordelen van spirulina?<\/span><\/h2>\n<p><span style=\"color: #000000\">Het bevat<strong> chlorofyl,<\/strong> een hoog percentage prote\u00efne, alle <strong>essenti\u00eble aminozuren<\/strong> en slechts een paar procent voornamelijk onverzadigde vetten. Chlorofyl wordt ook wel &#8216;groen bloed&#8217; genoemd omdat de moleculaire samenstelling erg lijkt op hemoglobine en daarom is het geschikt voor ons &#8211; het verbetert het bloedbeeld. Spirulina is ook zeer goed verteerbaar door zijn celwand, die bestaat uit verteerbare mucopolysachariden (in plaats van cellulose zoals bij andere planten). Van de aminozuren is <strong>gamma-linoleenzuur<\/strong> (GLA) het belangrijkste, dat alleen voorkomt in moedermelk, saffloerolie, hennepzaad en sommige andere algen. Het is ontstekingsremmend, helpt de bloeddruk te verlagen en de zenuwfunctie te verbeteren, en gaat allergie\u00ebn tegen door een gezonde reactie op allergenen te bevorderen. Het bevat ook<strong> fycocyanine, dat<\/strong> de aanmaak van stamcellen stimuleert.<\/span><\/p>\n<p><span style=\"color: #000000\">Het heeft ook een gunstig effect op de spijsvertering door de groei van goede bacteri\u00ebn in de darmen te stimuleren en de darmflora te verbeteren. Spirulina is een uitstekende ondersteuning voor gezonde voeding en verschillende (afslank)di\u00ebten.<\/span><\/p>\n<p><span style=\"color: #000000\">Spirulina is een rijke natuurlijke bron van kalium, maar ook van ijzer, calcium, zink, natrium, mangaan, magnesium, selenium, jodium, chroom en zelfs zwavel. Het bevat ook b\u00e8tacaroteen en elektrolyten. De belangrijkste vitamines zijn A1, B1, B2, B3, B6, B9, B12, C, D en E.<\/span><\/p>\n<p><span style=\"color: #000000\">Naast het bovenstaande is spirulina ook goed voor het haar en de huid. Het voorkomt overmatige haaruitval, versterkt het haar en voorkomt roos. Het verzacht de huid, herstelt de elasticiteit en vertraagt veroudering. Met een kwart theelepel spirulina en een paar druppels water kun je een gezichtsmasker maken dat je op een gereinigde gezichtshuid aanbrengt en 20 minuten laat inwerken. Daarna goed afspoelen en hydrateren met een cr\u00e8me. Je kunt het proces 2-3 keer per week herhalen.<\/span><\/p>\n<h2><span style=\"color: #000000\">Waarom wordt spirulina een superfood genoemd en waarom is het goed om te eten?<\/span><\/h2>\n<p><span style=\"color: #000000\">Spirulina heeft een unieke samenstelling die een grote hoeveelheid plantaardige eiwitten (waaronder essenti\u00eble eiwitten en aminozuren), vitaminen, mineralen en andere belangrijke actieve ingredi\u00ebnten bevat. De unieke samenstelling voedt de cellen van het menselijk organisme volledig. Daarnaast bevordert het de versterking van het immuunsysteem, verlicht het allergiesymptomen door histamineafscheiding te verminderen, beschermt het tegen infecties door een grote verscheidenheid aan microben en heeft het <strong>probiotische eigenschappen.<\/strong> Het verwijdert zware metalen uit het lichaam en werkt dus ontgiftend.<\/span><\/p>\n<p><span style=\"color: #000000\">Het wordt ook wel een superfood genoemd omdat het een hoge prote\u00efne-effici\u00ebntieverhouding heeft, omdat spirulina-eiwitten gemakkelijk verteerbaar zijn en effici\u00ebnt door het lichaam kunnen worden gebruikt in zijn eigen processen.<\/span><\/p>\n<p><span style=\"color: #000000\">Spirulina is een blauwgroen microscopisch plantje dat goed is om te consumeren omdat:<\/span><\/p>\n<ul>\n<li><span style=\"color: #000000\">het een volledig spectrum aan micronutri\u00ebnten bevat die het lichaam en de geest voeden,<\/span><\/li>\n<li><span style=\"color: #000000\"><strong>het immuunsysteem versterkt<\/strong> omdat het een krachtige antioxidant is,<\/span><\/li>\n<li><span style=\"color: #000000\">Het <strong>ontgift het lichaam door<\/strong> gifstoffen te binden,<\/span><\/li>\n<li><span style=\"color: #000000\"><strong>regelt de eetlust<\/strong> en helpt het gewicht onder controle te houden,<\/span><\/li>\n<li><span style=\"color: #000000\">Het is een <strong>rijke bron van plantaardig eiwit<\/strong>, goed voor 60-70% van het eiwit in de voeding.<\/span><\/li>\n<\/ul>\n<h2><span style=\"color: #000000\">Opslag en waarschuwingen<\/span><\/h2>\n<p><span style=\"color: #000000\">Koel en droog bewaren bij een temperatuur tot 25 \u00b0C. Houd het voedingssupplement buiten het bereik van kinderen!<\/span><\/p>\n<p><span style=\"color: #000000\">Denk aan het belang van een gevarieerde voeding en een gezonde levensstijl, een voedingssupplement is daarom geen vervanging voor een evenwichtige en gevarieerde voeding. De aanbevolen dagelijkse hoeveelheid of dosis mag niet overschreden worden. Zwangere vrouwen en vrouwen die borstvoeding geven wordt altijd aangeraden voor gebruik een arts te raadplegen.<\/span><\/p>\n<p><span style=\"color: #000000\">Spirulina kan sulfieten bevatten, die van nature aanwezig zijn in algen.<\/span><\/p>\n<h2><span style=\"color: #000000\">Verpakking<\/span><\/h2>\n<p><span style=\"color: #000000\">Niet-doorlatende zip-lock zak, waarin het product al zijn versheid en aroma behoudt. De verpakking beschermt tegen licht en lucht, omdat het bestaat uit verschillende beschermingslagen die de eigenschappen van de inhoud behouden.<\/span><\/p>\n<p><span style=\"color: #000000\">De verpakking is zeer praktisch en recyclebaar.<\/span><\/p>\n<h2><span style=\"color: #000000\">Oorsprong<\/span><\/h2>\n<p><span style=\"color: #000000\">China.<\/span><\/p>\n<p><span style=\"color: #000000\">We hebben zeer betrouwbare leveranciers die ons voor elke partij een gedetailleerde chemische analyse van het voedingsmiddel sturen. In meer dan tien jaar hebben we geen terugroepacties of andere problemen gehad met dit product, en ook niet met andere producten van dezelfde leverancier.<\/span><\/p>\n<p><span style=\"color: #000000\">Het product is 100% biologisch gecertificeerd.<\/span><\/p>\n","protected":false},"excerpt":{"rendered":"<p align=\"JUSTIFY\">Spirulina, dat bekend staat als een natuurlijk supervoedsel, gedijt het best in het mineraalrijke water van de warme tropische zee. Spirulina zit vol mineralen en zouten uit de zee, de oceaan. En ze bevatten dezelfde mineralen als menselijk bloed. Algen bevatten dus natuurlijke vitaminen en mineralen zodat ze gemakkelijk door het lichaam worden verteerd.<\/p>\n<p align=\"JUSTIFY\"><span style=\"color: #000000\">\ud83d\udc9a Het versterkt het immuunsysteem omdat het een krachtige antioxidant is.<\/span><br \/>\n<span style=\"color: #000000\">\ud83d\udc9a Ontgift het lichaam door gifstoffen te binden.<\/span><br \/>\n<span style=\"color: #000000\">\ud83d\udc9a Controleert de eetlust en helpt het gewicht onder controle te houden.<\/span><br \/>\n<span style=\"color: #000000\">\ud83d\udc9a Het is een rijke bron van plantaardig eiwit.<\/span><\/p>\n<p align=\"JUSTIFY\">\n","protected":false},"featured_media":6095,"comment_status":"open","ping_status":"closed","template":"","meta":{"_acf_changed":false},"product_brand":[],"product_cat":[15,224,222,225,226],"product_tag":[],"class_list":{"0":"post-6278","1":"product","2":"type-product","3":"status-publish","4":"has-post-thumbnail","6":"product_cat-uncategorized","7":"product_cat-aanbod","8":"product_cat-algen-grassen","9":"product_cat-alle-producten","10":"product_cat-superfood","12":"first","13":"instock","14":"sale","15":"taxable","16":"shipping-taxable","17":"purchasable","18":"product-type-simple"},"acf":[],"_links":{"self":[{"href":"https:\/\/fengchashop.com\/be-nl\/wp-json\/wp\/v2\/product\/6278","targetHints":{"allow":["GET"]}}],"collection":[{"href":"https:\/\/fengchashop.com\/be-nl\/wp-json\/wp\/v2\/product"}],"about":[{"href":"https:\/\/fengchashop.com\/be-nl\/wp-json\/wp\/v2\/types\/product"}],"replies":[{"embeddable":true,"href":"https:\/\/fengchashop.com\/be-nl\/wp-json\/wp\/v2\/comments?post=6278"}],"wp:featuredmedia":[{"embeddable":true,"href":"https:\/\/fengchashop.com\/be-nl\/wp-json\/wp\/v2\/media\/6095"}],"wp:attachment":[{"href":"https:\/\/fengchashop.com\/be-nl\/wp-json\/wp\/v2\/media?parent=6278"}],"wp:term":[{"taxonomy":"product_brand","embeddable":true,"href":"https:\/\/fengchashop.com\/be-nl\/wp-json\/wp\/v2\/product_brand?post=6278"},{"taxonomy":"product_cat","embeddable":true,"href":"https:\/\/fengchashop.com\/be-nl\/wp-json\/wp\/v2\/product_cat?post=6278"},{"taxonomy":"product_tag","embeddable":true,"href":"https:\/\/fengchashop.com\/be-nl\/wp-json\/wp\/v2\/product_tag?post=6278"}],"curies":[{"name":"wp","href":"https:\/\/api.w.org\/{rel}","templated":true}]}}