{"id":6262,"date":"2022-03-03T09:56:17","date_gmt":"2022-03-03T08:56:17","guid":{"rendered":"https:\/\/fengchashop.com\/be-nl\/product\/amla-v-prahu-bio-250-g\/"},"modified":"2026-04-18T03:55:58","modified_gmt":"2026-04-18T01:55:58","slug":"amla-v-prahu-bio","status":"publish","type":"product","link":"https:\/\/fengchashop.com\/be-nl\/product\/amla-v-prahu-bio\/","title":{"rendered":"Amla poeder BIO 250 g"},"content":{"rendered":"<h2><span style=\"color: #000000\">Amla poeder BIO<\/span><\/h2>\n<p><span style=\"color: #000000\">Amla staat ook bekend als<strong> amalaki of Indiase kruisbes.<\/strong> Amla is een kruisbesachtige groene vrucht met een interessante zoetzure smaak. In de Ayurveda wordt het beschouwd als de <strong>vrucht van jeugd en schoonheid.<\/strong> In het oosten wordt amla gevierd als Gods geschenk aan de mensheid. De vrucht komt voor in het laaggebergte van het Indiase subcontinent. De amlavrucht wordt gewoon gedroogd en voorzichtig vermalen tot een fijn poeder. Volgens de Ayurveda brengt amla de drie levensenergie\u00ebn (vata, pitta en kapha) in balans.<\/span><\/p>\n<p><span style=\"color: #000000\">Amla is zeer <strong>rijk aan vitamine C<\/strong> (ongeveer 4 g per 100 g poeder). Het bevat ook veel <strong>antioxidanten, tannines, flavono\u00efden, lipiden, vitaminen en mineralen en andere essenti\u00eble oli\u00ebn<\/strong>.<\/span><\/p>\n<p><span style=\"color: #000000\">Effecten:<\/span><\/p>\n<ul>\n<li><span style=\"color: #000000\">Verbetert het <strong>immuunsysteem<\/strong>,<\/span><\/li>\n<li><span style=\"color: #000000\"><strong>Verjongt<\/strong> (anti-age effect),<\/span><\/li>\n<li><span style=\"color: #000000\">Versterkt het <strong>cardiovasculaire systeem,<\/strong><\/span><\/li>\n<li><span style=\"color: #000000\">stimuleert de<strong> haargroei,<\/strong><\/span><\/li>\n<li><span style=\"color: #000000\">reinigt en <strong>hydrateert de huid,<\/strong><\/span><\/li>\n<li><span style=\"color: #000000\"><strong>verbetert de spijsvertering<\/strong> en werkt als een mild diureticum,<\/span><\/li>\n<li><span style=\"color: #000000\"><strong>antivirale en antibacteri\u00eble<\/strong> werking,<\/span><\/li>\n<li><span style=\"color: #000000\"><strong>vernietigt vrije radicalen.<\/strong><\/span><\/li>\n<\/ul>\n<p><span style=\"color: #000000\">Het wordt ook traditioneel gebruikt om<strong>hoofdhuidproblemen en een onreine huid<\/strong> te verhelpen. Je kunt er een hoofdhuidpasta of gezichtsmasker van maken.<\/span><br \/>\n<span style=\"color: #000000\">Het werkt <strong>tegen haaruitval, versterkt de hoofdhuid en kan bij regelmatig gebruik grijzend haar weer kleur geven.<\/strong> Het is goed te mengen met andere natuurlijke haarkleuren.<\/span><\/p>\n<p><span style=\"color: #000000\">Het werkt ook op de <strong>elasticiteit van de huid, reinigt de huid en voorkomt rimpels.<\/strong><\/span><\/p>\n<h2><span style=\"color: #000000\">Bewaren en waarschuwingen<\/span><\/h2>\n<p><span style=\"color: #000000\">Koel en droog bewaren. Houd het voedingssupplement buiten het bereik van kinderen!<\/span><\/p>\n<p><span style=\"color: #000000\">Denk aan het belang van een gevarieerde voeding en een gezonde levensstijl, een voedingssupplement is daarom geen vervanging voor een evenwichtige en gevarieerde voeding. De aanbevolen dagelijkse hoeveelheid of dosis mag niet overschreden worden. Zwangere vrouwen en vrouwen die borstvoeding geven wordt altijd aangeraden voor gebruik een arts te raadplegen.<\/span><\/p>\n<h2><span style=\"color: #000000\">Verpakking<\/span><\/h2>\n<p><span style=\"color: #000000\">Niet-doorlatend zip-lock zakje waarin het product al zijn versheid en aroma behoudt. De verpakking beschermt het product tegen licht en lucht en bestaat uit verschillende beschermingslagen om de eigenschappen van de inhoud te behouden.<\/span><\/p>\n<p><span style=\"color: #000000\">De verpakking is zeer praktisch en recyclebaar.<\/span><\/p>\n<h2><span style=\"color: #000000\">Herkomst<\/span><\/h2>\n<p><span style=\"color: #000000\">India<\/span><\/p>\n","protected":false},"excerpt":{"rendered":"<p align=\"JUSTIFY\"><span style=\"color: #000000\">Amla staat ook bekend als amalaki of Indiase kruisbes. Amla is een kruisbesachtige groene vrucht met een interessante zoetzure smaak. In de Ayurveda wordt het beschouwd als de vrucht van jeugd en schoonheid. In het Oosten wordt amla gevierd als Gods geschenk aan de mensheid omdat:<\/span><\/p>\n<p align=\"JUSTIFY\"><span style=\"color: #000000\">&#8211; het de haargroei stimuleert,<\/span><br \/>\n<span style=\"color: #000000\">&#8211; het de huid reinigt en hydrateert,<\/span><br \/>\n<span style=\"color: #000000\">het immuunsysteem versterkt,<\/span><br \/>\n<span style=\"color: #000000\">verjongt.<\/span><\/p>\n<p align=\"JUSTIFY\">\n","protected":false},"featured_media":5928,"comment_status":"open","ping_status":"closed","template":"","meta":{"_acf_changed":false},"product_brand":[],"product_cat":[15,224,225,228,226],"product_tag":[],"class_list":{"0":"post-6262","1":"product","2":"type-product","3":"status-publish","4":"has-post-thumbnail","6":"product_cat-uncategorized","7":"product_cat-aanbod","8":"product_cat-alle-producten","9":"product_cat-ayurveda","10":"product_cat-superfood","12":"first","13":"instock","14":"sale","15":"taxable","16":"shipping-taxable","17":"purchasable","18":"product-type-simple"},"acf":[],"_links":{"self":[{"href":"https:\/\/fengchashop.com\/be-nl\/wp-json\/wp\/v2\/product\/6262","targetHints":{"allow":["GET"]}}],"collection":[{"href":"https:\/\/fengchashop.com\/be-nl\/wp-json\/wp\/v2\/product"}],"about":[{"href":"https:\/\/fengchashop.com\/be-nl\/wp-json\/wp\/v2\/types\/product"}],"replies":[{"embeddable":true,"href":"https:\/\/fengchashop.com\/be-nl\/wp-json\/wp\/v2\/comments?post=6262"}],"wp:featuredmedia":[{"embeddable":true,"href":"https:\/\/fengchashop.com\/be-nl\/wp-json\/wp\/v2\/media\/5928"}],"wp:attachment":[{"href":"https:\/\/fengchashop.com\/be-nl\/wp-json\/wp\/v2\/media?parent=6262"}],"wp:term":[{"taxonomy":"product_brand","embeddable":true,"href":"https:\/\/fengchashop.com\/be-nl\/wp-json\/wp\/v2\/product_brand?post=6262"},{"taxonomy":"product_cat","embeddable":true,"href":"https:\/\/fengchashop.com\/be-nl\/wp-json\/wp\/v2\/product_cat?post=6262"},{"taxonomy":"product_tag","embeddable":true,"href":"https:\/\/fengchashop.com\/be-nl\/wp-json\/wp\/v2\/product_tag?post=6262"}],"curies":[{"name":"wp","href":"https:\/\/api.w.org\/{rel}","templated":true}]}}