{"id":6244,"date":"2022-03-03T08:52:04","date_gmt":"2022-03-03T07:52:04","guid":{"rendered":"https:\/\/fengchashop.com\/be-nl\/product\/moringa-bio-250-g\/"},"modified":"2026-04-18T01:19:11","modified_gmt":"2026-04-17T23:19:11","slug":"moringa-bio","status":"publish","type":"product","link":"https:\/\/fengchashop.com\/be-nl\/product\/moringa-bio\/","title":{"rendered":"Moringa BIO 250 g"},"content":{"rendered":"<div class=\"wpb-content-wrapper\"><p>[vc_row][vc_column][vc_column_text css=&#8221;&#8221;]<\/p>\n<h2><span style=\"color: #000000\">Biologisch moringa poeder<\/span><\/h2>\n<p><span style=\"color: #000000\">Moringa is al duizenden jaren een bekende plant en wordt gebruikt in de traditionele geneeskunde. Er zijn minstens 100 verschillende namen voor deze kleine maar snelgroeiende tropische boom, waarvan de bladeren worden beschouwd als een van de <strong>meest voedzame groenten.<\/strong><\/span><\/p>\n<p><span style=\"color: #000000\">Moringa is geclassificeerd als groente vanwege zijn<strong> hoge voedingsvezels en hoge voedingswaarde<\/strong>. 100 gram moringa bevat namelijk:<\/span><\/p>\n<p><span style=\"color: #000000\">&#8211; dezelfde hoeveelheid prote\u00efne als in een ei,<\/span><br \/>\n<span style=\"color: #000000\">&#8211; evenveel ijzer als een biefstuk,<\/span><br \/>\n<span style=\"color: #000000\">&#8211; dezelfde hoeveelheid vitamine C als een sinaasappel,<\/span><br \/>\n<span style=\"color: #000000\">&#8211; evenveel calcium als in een glas melk.<\/span><\/p>\n<p><span style=\"color: #000000\">Het bevat ook vitamine B3, vitamine A, magnesium, antioxidanten, essenti\u00eble aminozuren, flavono\u00efden, fenolzuren en andere voedingsstoffen die van moringa een natuurlijke multivitamine maken.<\/span><\/p>\n<p><span style=\"color: #000000\">Vanwege zijn extreem brede werkingsspectrum werd het in 2018 uitgeroepen tot <strong>Plant van het Jaar.<\/strong> Het is ook een van de meest onderzochte planten ter wereld, waarvan sommige effecten op het menselijk lichaam wetenschappelijk zijn bewezen. De volgende effecten springen er zeker uit:<\/span><\/p>\n<p><span style=\"color: #000000\">&#8211; antioxiderende en ontstekingsremmende werking,<\/span><br \/>\n<span style=\"color: #000000\">&#8211; hormoonregulatie,<\/span><br \/>\n<span style=\"color: #000000\">&#8211; regulering van de bloedsuikerspiegel, de speekselfunctie en dus de insulinesecretie,<\/span><br \/>\n<span style=\"color: #000000\">&#8211; hormoonbalans regulerend,<\/span><br \/>\n<span style=\"color: #000000\">&#8211; verbeteren van het bloedbeeld (hemoglobine), het beschermt ook het hart en de hersenen,<\/span><br \/>\n<span style=\"color: #000000\">&#8211; het stimuleert de leverfunctie en de spijsvertering,<\/span><br \/>\n<span style=\"color: #000000\">&#8211; het verbetert huidaandoeningen,<\/span><br \/>\n<span style=\"color: #000000\">&#8211; het stimuleert de afscheiding van het gelukshormoon, waardoor de stemming verbetert.<\/span><\/p>\n<h2><span style=\"color: #000000\">Waarom wordt moringa zo aanbevolen?<\/span><\/h2>\n<p><span style=\"color: #000000\">Gedroogde moringabladeren zijn gemakkelijk te bewaren en te gebruiken. Als je 30 gram moringa per dag eet, voldoe je aan de dagelijkse behoefte aan vitamine A, 80% van de dagelijkse behoefte aan calcium, 60% van de dagelijkse behoefte aan ijzer en bijna 40% van de dagelijkse behoefte aan eiwitten. Moringa bevat veel eiwitten, waaronder alle 8 essenti\u00eble aminozuren, een breed scala aan vitaminen en mineralen, een grote hoeveelheid fytonutri\u00ebnten en antioxidanten.<\/span><\/p>\n<p><span style=\"color: #000000\">Moringa staat bekend om het bestrijden van<strong> ondervoeding, het verminderen van ontstekingen, het stimuleren van de doorbloeding en het voorkomen van infecties.<\/strong> Omdat het alle 8 essenti\u00eble aminozuren bevat (naast 10 andere aminozuren), is het een<strong> compleet eiwit, wat<\/strong> een echte zeldzaamheid is onder planten en gemakkelijk vergeleken kan worden met dierlijke eiwitten. Omdat het van plantaardige oorsprong is, is het een uitstekende vervanger voor iedereen die geen vlees eet en het eiwittekort in hun dieet kan compenseren met moringa.<\/span><br \/>\n<span style=\"color: #000000\">Moringa houdt <strong>de botten sterk en gezond<\/strong> (dankzij calcium en magnesium),<strong> voedt de huid, reguleert de bloeddruk, stimuleert de spijsvertering en het immuunsysteem<\/strong> en helpt om overtollige kilo&#8217;s kwijt te raken (het bevat veel vezels maar weinig vet en calorie\u00ebn).<\/span><\/p>\n<h2><span style=\"color: #000000\">Opslag en waarschuwingen<\/span><\/h2>\n<p><span style=\"color: #000000\">Koel en droog bewaren bij een temperatuur tot 25 \u00b0C. Houd het voedingssupplement buiten het bereik van kinderen!<\/span><\/p>\n<p><span style=\"color: #000000\">Denk aan het belang van een gevarieerde voeding en een gezonde levensstijl, een voedingssupplement is daarom geen vervanging voor een evenwichtige en gevarieerde voeding. De aanbevolen dagelijkse hoeveelheid of dosis mag niet overschreden worden. Zwangere vrouwen en vrouwen die borstvoeding geven wordt altijd aangeraden voor gebruik een arts te raadplegen. Voor het overige heeft moringa geen bekende ongewenste effecten en is het veilig om te consumeren, zelfs tijdens zwangerschap en borstvoeding.<\/span><\/p>\n<h2><span style=\"color: #000000\">Verpakking<\/span><\/h2>\n<p><span style=\"color: #000000\">Niet-doorlatend zip-lock zakje waarin het product al zijn versheid en aroma behoudt. De verpakking beschermt het product tegen licht en lucht, omdat het bestaat uit verschillende beschermingslagen die de eigenschappen van de inhoud behouden.<\/span><\/p>\n<p><span style=\"color: #000000\">De verpakking is erg praktisch en recyclebaar.<\/span><\/p>\n<h2>Oorsprong<\/h2>\n<p><span style=\"color: #000000\">Tanzania<\/span>[\/vc_column_text][\/vc_column][\/vc_row]<\/p>\n<\/div>","protected":false},"excerpt":{"rendered":"<p align=\"JUSTIFY\"><span style=\"color: #000000\">De kleine, snelgroeiende moringaboom, waarvan de bladeren tot de meest voedingsrijke groenten worden gerekend, gedijt goed in de tropen.<\/span><br \/>\n<span style=\"color: #000000\">Moringa is geclassificeerd als groente vanwege zijn hoge voedingsvezels en hoge voedingswaarde. 100 gram moringa bevat:<\/span><\/p>\n<p align=\"JUSTIFY\"><span style=\"color: #000000\">\ud83d\udc9a dezelfde hoeveelheid prote\u00efne als in \u00e9\u00e9n ei,<\/span><br \/>\n<span style=\"color: #000000\">\ud83d\udc9a evenveel ijzer als een biefstuk,<\/span><br \/>\n<span style=\"color: #000000\">\ud83d\udc9a dezelfde hoeveelheid vitamine C als een sinaasappel, en<\/span><br \/>\n<span style=\"color: #000000\">\ud83d\udc9a dezelfde hoeveelheid calcium als in een glas melk.<\/span><\/p>\n","protected":false},"featured_media":5907,"comment_status":"open","ping_status":"closed","template":"","meta":{"_acf_changed":false},"product_brand":[],"product_cat":[15,224,225,228,226],"product_tag":[],"class_list":{"0":"post-6244","1":"product","2":"type-product","3":"status-publish","4":"has-post-thumbnail","6":"product_cat-uncategorized","7":"product_cat-aanbod","8":"product_cat-alle-producten","9":"product_cat-ayurveda","10":"product_cat-superfood","12":"first","13":"instock","14":"taxable","15":"shipping-taxable","16":"purchasable","17":"product-type-simple"},"acf":[],"_links":{"self":[{"href":"https:\/\/fengchashop.com\/be-nl\/wp-json\/wp\/v2\/product\/6244","targetHints":{"allow":["GET"]}}],"collection":[{"href":"https:\/\/fengchashop.com\/be-nl\/wp-json\/wp\/v2\/product"}],"about":[{"href":"https:\/\/fengchashop.com\/be-nl\/wp-json\/wp\/v2\/types\/product"}],"replies":[{"embeddable":true,"href":"https:\/\/fengchashop.com\/be-nl\/wp-json\/wp\/v2\/comments?post=6244"}],"wp:featuredmedia":[{"embeddable":true,"href":"https:\/\/fengchashop.com\/be-nl\/wp-json\/wp\/v2\/media\/5907"}],"wp:attachment":[{"href":"https:\/\/fengchashop.com\/be-nl\/wp-json\/wp\/v2\/media?parent=6244"}],"wp:term":[{"taxonomy":"product_brand","embeddable":true,"href":"https:\/\/fengchashop.com\/be-nl\/wp-json\/wp\/v2\/product_brand?post=6244"},{"taxonomy":"product_cat","embeddable":true,"href":"https:\/\/fengchashop.com\/be-nl\/wp-json\/wp\/v2\/product_cat?post=6244"},{"taxonomy":"product_tag","embeddable":true,"href":"https:\/\/fengchashop.com\/be-nl\/wp-json\/wp\/v2\/product_tag?post=6244"}],"curies":[{"name":"wp","href":"https:\/\/api.w.org\/{rel}","templated":true}]}}