{"id":6128,"date":"2022-02-11T19:46:11","date_gmt":"2022-02-11T18:46:11","guid":{"rendered":"https:\/\/fengchashop.com\/be-nl\/product\/cardio-mix-bio-125-g\/"},"modified":"2026-04-17T10:22:38","modified_gmt":"2026-04-17T08:22:38","slug":"cardio-mix-bio","status":"publish","type":"product","link":"https:\/\/fengchashop.com\/be-nl\/product\/cardio-mix-bio\/","title":{"rendered":"Cardio mix BIO 125 g"},"content":{"rendered":"<div class=\"wpb-content-wrapper\"><p>[vc_row][vc_column][vc_column_text css=&#8221;&#8221;]<\/p>\n<h2><span style=\"color: #000000\">Cardio mix BIO medicinaal paddenstoelenpoeder<\/span><\/h2>\n<p><span style=\"color: #000000\">Cardio mix wordt gebruikt als ondersteuning om <strong>de hartfunctie, de bloedsomloop en de belangrijkste bloedwaarden te verbeteren.<\/strong><\/span><\/p>\n<p><span style=\"color: #000000\">In feite is het een mengsel dat helpt of voorziet in alle voorwaarden waaraan moet worden voldaan voor het<strong> ideaal functioneren van het hartsysteem.<\/strong><\/span><\/p>\n<p><span style=\"color: #000000\">Het mengsel bestaat uit vijf soorten paddenstoelen, namelijk Lentinula edodes, Auricularia auricula, Ganoderma lucidum, Grifola frondosa en Cordyceps. Deze paddenstoelen behoren tot de meest effectieve in het voorkomen van de ontwikkeling van hart- en vaatziekten, volgens de meeste onderzoeken die wereldwijd zijn uitgevoerd.<\/span><\/p>\n<p><span style=\"color: #000000\">Cardio mix biedt het breedste spectrum van evenwichtige werking dankzij de honderden verschillende farmacologische actieve stoffen die het bevat.<\/span><\/p>\n<p><span style=\"color: #000000\">Dit brede spectrum van gebruikte paddenstoelensoorten resulteert in een breed werkingsspectrum en een versnelde preventieve werking tegen algemene zwakte.<\/span><\/p>\n<p><span style=\"color: #000000\">Het gebruik van het product is vrij eenvoudig en vereist geen voorbereiding of vaardigheid. De paddenstoelen worden vermalen tot een fijn poeder dat geen deeltjes bevat. Het product is dus klaar voor gebruik. Je hoeft het alleen maar rechtstreeks uit de verpakking in je favoriete drankje te doen, te mengen en te consumeren.<\/span><\/p>\n<h2><span style=\"color: #000000\">Waarom onze Cardio Mix gebruiken en wat zijn de effecten?<\/span><\/h2>\n<p><span style=\"color: #000000\">Het recept voor de mix is zorgvuldig samengesteld op basis van observaties en bevindingen van regelmatige gebruikers van de mix en medicinale paddenstoelen in het algemeen. Bij de samenstelling van deze speciale mix is rekening gehouden met de resultaten van talloze nationale en internationale onderzoeken. En hoewel medicinale paddenstoelen zeer complexe werkingsmechanismen hebben die de wetenschap nog niet heeft kunnen verklaren, weten we dat ze een heilzame werking hebben op ons immuunsysteem en organisme. <\/span><\/p>\n<p><span style=\"color: #000000\">De positieve effecten van de Cardio Mix, die een helende werking hebben op ons organisme, zijn als volgt:<\/span><\/p>\n<ul>\n<li><span style=\"color: #000000\">Reguleert<strong> de bloeddruk,<\/strong><\/span><\/li>\n<li><span style=\"color: #000000\">verlaagt<strong> het cholesterolgehalte,<\/strong><\/span><\/li>\n<li><span style=\"color: #000000\">verlaagt<strong> het triglyceridengehalte,<\/strong><\/span><\/li>\n<li><span style=\"color: #000000\"><strong>voorkomt coronaire hartziekten,<\/strong><\/span><\/li>\n<li><span style=\"color: #000000\">verlaagt de bloedsuikerspiegel en voorkomt de ontwikkeling van<strong> diabetes,<\/strong><\/span><\/li>\n<li><span style=\"color: #000000\">voorkomt<strong> bloedstolsels,<\/strong><\/span><\/li>\n<li><span style=\"color: #000000\">bevordert <strong>de bloeddoorstroming,<\/strong><\/span><\/li>\n<li><span style=\"color: #000000\">stimuleert het<strong> immuunsysteem,<\/strong><\/span><\/li>\n<li><span style=\"color: #000000\">werkt tegen kankercellen, <\/span><\/li>\n<li><span style=\"color: #000000\">a<strong>nti-stress,<\/strong><\/span><\/li>\n<li><span style=\"color: #000000\">verbetert <strong>mentale vaardigheden,<\/strong><\/span><\/li>\n<\/ul>\n<p><span style=\"color: #000000\"> Als<strong> krachtige antioxidant elimineert het vrije radicalen<\/strong> en<strong> voorkomt<\/strong><strong> het<\/strong><strong> oxidatieve stress.<\/strong><\/span><\/p>\n<p><span style=\"color: #000000\">De productie van onze medicinale paddenstoelen wordt streng gecontroleerd, zonder gebruik van chemicali\u00ebn of pesticiden en <strong>100% biologisch<\/strong>. Alle paddenstoelen worden gekweekt in Sloveni\u00eb.<\/span><\/p>\n<h2><span style=\"color: #000000\">Voor wie is Cardio Mix?<\/span><\/h2>\n<p><span style=\"color: #000000\">Cardio Mix is eigenlijk voor iedereen die zijn of haar<strong> cardiovasculaire<\/strong> systeem de beste omstandigheden wil geven<strong> voor een langdurig gezond cardiovasculair systeem.<\/strong> Daardoor werkt het ook aan onze algehele gezondheid en welzijn en een sterk immuunsysteem. Het is ook voor diegenen die de werking van medicinale paddenstoelen willen uitproberen en hun lichaam op een natuurlijke manier willen versterken. Het is ook een uitstekend natuurlijk voedingssupplement, omdat paddenstoelen hoge voedingswaarden hebben &#8211; waardevolle voedingswaarden, sporenmineralen, vitaminen, macromineralen, vezels, eiwitten. Medicinale paddenstoelen hebben een rijke geschiedenis in de Chinese geneeskunde en genezing, en de mens keert steeds meer terug naar de natuur voor gezondheid.<\/span><\/p>\n<p><span style=\"color: #000000\">Vanwege de Auricularia auricula paddenstoel in het mengsel, wordt het niet aanbevolen voor consumptie tijdens zwangerschap en borstvoeding.<\/span><\/p>\n<h2><span style=\"color: #000000\">Verpakking<\/span><\/h2>\n<p><span style=\"color: #000000\">Niet-doorlatend zip-lock zakje waarin het product al zijn versheid en aroma behoudt. De verpakking beschermt het product tegen licht en lucht, omdat het bestaat uit verschillende beschermingslagen die de eigenschappen van de inhoud behouden.<\/span><\/p>\n<p><span style=\"color: #000000\">De verpakking is zeer praktisch en recyclebaar.<\/span><\/p>\n<h2><span style=\"color: #000000\">Bewaren en waarschuwingen<\/span><\/h2>\n<p><span style=\"color: #000000\">Koel en droog bewaren. Houd het voedingssupplement buiten het bereik van kinderen!<\/span><\/p>\n<p><span style=\"color: #000000\">Denk aan het belang van een gevarieerde voeding en een gezonde levensstijl, een voedingssupplement is dus geen vervanging voor een evenwichtige en gevarieerde voeding. De aanbevolen dagelijkse hoeveelheid of dosis mag niet overschreden worden. <\/span><\/p>\n<h2><span style=\"color: #000000\">Het is goed om te weten<\/span><\/h2>\n<p><span style=\"color: #000000\">Het product is ook geschikt voor dieren. In de meeste gevallen blijken medicinale paddenstoelen uiterst effectief te zijn bij het versterken van het immuunsysteem, het elimineren van allergie\u00ebn en huidziekten, evenals virale en bacteri\u00eble infecties. Cardio mix be\u00efnvloedt ook de goede werking van het hartstelsel. Raadpleeg voor gebruik je dierenarts over de wenselijkheid van inname en de aanbevolen dagelijkse hoeveelheid.<\/span><\/p>\n<h2>Oorsprong<\/h2>\n<p><span style=\"color: #000000\">Sloveni\u00eb<\/span>[\/vc_column_text][\/vc_column][\/vc_row]<\/p>\n<\/div>","protected":false},"excerpt":{"rendered":"<p align=\"JUSTIFY\"><i>Cardio<\/i> mix wordt gebruikt als ondersteuning om <b>de hartfunctie<\/b>, <b>de bloedsomloop <\/b>en de <b>belangrijkste bloedwaarden<\/b> te <b>verbeteren<\/b>. In feite is het een mix die helpt of voorziet in alle voorwaarden waaraan moet worden voldaan voor het ideaal functioneren van <b>het hartsysteem<\/b>.<\/p>\n<p>\ud83d\udc9a Versterkt het immuunsysteem.<br \/>\n\ud83d\udc9a Reguleert de bloeddruk.<br \/>\n\ud83d\udc9a Verlaagt het cholesterolgehalte.<br \/>\n\ud83d\udc9a Verlaagt het triglyceridengehalte.<\/p>\n","protected":false},"featured_media":5954,"comment_status":"open","ping_status":"closed","template":"","meta":{"_acf_changed":false},"product_brand":[],"product_cat":[15,224,225,229],"product_tag":[],"class_list":{"0":"post-6128","1":"product","2":"type-product","3":"status-publish","4":"has-post-thumbnail","6":"product_cat-uncategorized","7":"product_cat-aanbod","8":"product_cat-alle-producten","9":"product_cat-medicinale-paddenstoelen","11":"first","12":"instock","13":"sale","14":"taxable","15":"shipping-taxable","16":"purchasable","17":"product-type-simple"},"acf":[],"_links":{"self":[{"href":"https:\/\/fengchashop.com\/be-nl\/wp-json\/wp\/v2\/product\/6128","targetHints":{"allow":["GET"]}}],"collection":[{"href":"https:\/\/fengchashop.com\/be-nl\/wp-json\/wp\/v2\/product"}],"about":[{"href":"https:\/\/fengchashop.com\/be-nl\/wp-json\/wp\/v2\/types\/product"}],"replies":[{"embeddable":true,"href":"https:\/\/fengchashop.com\/be-nl\/wp-json\/wp\/v2\/comments?post=6128"}],"wp:featuredmedia":[{"embeddable":true,"href":"https:\/\/fengchashop.com\/be-nl\/wp-json\/wp\/v2\/media\/5954"}],"wp:attachment":[{"href":"https:\/\/fengchashop.com\/be-nl\/wp-json\/wp\/v2\/media?parent=6128"}],"wp:term":[{"taxonomy":"product_brand","embeddable":true,"href":"https:\/\/fengchashop.com\/be-nl\/wp-json\/wp\/v2\/product_brand?post=6128"},{"taxonomy":"product_cat","embeddable":true,"href":"https:\/\/fengchashop.com\/be-nl\/wp-json\/wp\/v2\/product_cat?post=6128"},{"taxonomy":"product_tag","embeddable":true,"href":"https:\/\/fengchashop.com\/be-nl\/wp-json\/wp\/v2\/product_tag?post=6128"}],"curies":[{"name":"wp","href":"https:\/\/api.w.org\/{rel}","templated":true}]}}