{"id":7113,"date":"2025-10-07T09:04:00","date_gmt":"2025-10-07T07:04:00","guid":{"rendered":"https:\/\/fengchashop.com\/be-fr\/?post_type=product&#038;p=7113"},"modified":"2026-01-28T17:48:03","modified_gmt":"2026-01-28T16:48:03","slug":"fleur-de-bach-colere","status":"publish","type":"product","link":"https:\/\/fengchashop.com\/be-fr\/product\/fleur-de-bach-colere\/","title":{"rendered":"Fleur de Bach Col\u00e8re"},"content":{"rendered":"<div class=\"wpb-content-wrapper\"><p>[vc_row][vc_column][vc_column_text css=\u00a0\u00bb\u00a0\u00bb]<\/p>\n<h2 style=\"text-align: justify;\"><span style=\"color: #000000;\">Rem\u00e8des de Bach contre la Col\u00e8re<\/span><\/h2>\n<p><strong>La col\u00e8re<\/strong> est une \u00e9motion forte qui peut survenir lorsque nous nous sentons l\u00e9s\u00e9s, impuissants ou d\u00e9pass\u00e9s. Bien qu&rsquo;il s&rsquo;agisse d&rsquo;une r\u00e9action tout \u00e0 fait naturelle, une col\u00e8re excessive et incontr\u00f4l\u00e9e peut nuire \u00e0 nos relations, \u00e0 notre sant\u00e9 et \u00e0 notre bien-\u00eatre g\u00e9n\u00e9ral. Lorsqu&rsquo;elle s&rsquo;accumule, elle s&rsquo;accompagne souvent de tension, d&rsquo;agitation, d&rsquo;insatisfaction, voire d&rsquo;un sentiment d&rsquo;\u00e9puisement professionnel. C&rsquo;est pourquoi il est important d&rsquo;apprendre \u00e0 g\u00e9rer sa col\u00e8re de mani\u00e8re saine et \u00e9quilibr\u00e9e. Les rem\u00e8des de Bach peuvent nous y aider, car ils favorisent l&rsquo;\u00e9quilibre \u00e9motionnel et le calme int\u00e9rieur.<\/p>\n<p>Les premiers changements peuvent se faire sentir apr\u00e8s quelques jours ou semaines seulement, selon les individus. Le m\u00e9lange pr\u00e9par\u00e9 suffit pour environ 30 jours\u00a0; les gouttes peuvent \u00eatre simplement appliqu\u00e9es directement sur la bouche ou ajout\u00e9es \u00e0 un verre d&rsquo;eau.<\/p>\n<p><strong>Les causes les plus courantes de la col\u00e8re sont\u00a0:<\/strong><\/p>\n<ul>\n<li>un sentiment d\u2019injustice ou de manque de respect,<\/li>\n<li>la surcharge et le stress,<\/li>\n<li>des attentes non satisfaites,<\/li>\n<li>la r\u00e9tention d\u2019\u00e9motions et de besoins inexprim\u00e9s,<\/li>\n<li>un sentiment d\u2019impuissance ou de manque de contr\u00f4le.<\/li>\n<\/ul>\n<p><strong>La th\u00e9rapie par les gouttes de fleurs de Bach contre la col\u00e8re vous aidera \u00e0 :<\/strong><\/p>\n<ul>\n<li>trouver le calme int\u00e9rieur,<\/li>\n<li>g\u00e9rer plus facilement les situations tendues,<\/li>\n<li>lib\u00e9rer les \u00e9motions accumul\u00e9es,<\/li>\n<li>r\u00e9duire l\u2019irritabilit\u00e9 et l\u2019impulsivit\u00e9,<\/li>\n<li>retrouver un \u00e9quilibre.<\/li>\n<\/ul>\n<h2 style=\"text-align: justify;\"><span style=\"color: #000000;\">L\u2019action des gouttes de Bach<\/span><\/h2>\n<p>Les gouttes de Bach favorisent efficacement l&rsquo;\u00e9quilibre <strong>\u00e9motionnel et peuvent aider \u00e0 g\u00e9rer la col\u00e8re<\/strong>, souvent source de tension, d&rsquo;agitation et d&rsquo;autres troubles \u00e9motionnels. Elles nous aident \u00e9galement \u00e0 surmonter diverses crises, situations difficiles et \u00e9preuves. Elles nous aident \u00e0 retrouver le calme et \u00e0 garder la t\u00eate froide, car elles influencent notre \u00e9tat \u00e9motionnel et contribuent \u00e0 l&rsquo;harmoniser. Gr\u00e2ce aux gouttes de Bach, <strong>nous reprenons le contr\u00f4le de nos \u00e9motions<\/strong>, cr\u00e9ant ainsi l&rsquo;harmonie et trouvant ainsi la paix int\u00e9rieure.<\/p>\n<p style=\"text-align: justify;\"><span style=\"color: #000000;\">La th\u00e9rapie de Bach favorise l&rsquo;autogu\u00e9rison et la d\u00e9tente spirituelle. Selon la th\u00e9orie du Dr Bach, la cause de la maladie r\u00e9side dans un \u00e9tat inharmonieux ou dans un manque d&rsquo;harmonie entre le corps et l&rsquo;\u00e2me. Avec l&rsquo;aide des essences de fleurs, nous essayons de gu\u00e9rir la maladie en exploitant les <b>propri\u00e9t\u00e9s positives des fleurs<\/b> pour nous aider \u00e0 r\u00e9tablir l&rsquo;\u00e9quilibre en nous-m\u00eames.<\/span><\/p>\n<p style=\"text-align: justify;\"><span style=\"color: #000000;\">Les gouttes de Bach sont pr\u00e9par\u00e9es selon la m\u00e9thode du Dr Bach, en utilisant<strong> uniquement les essences originales de Bach<\/strong>.<\/span><\/p>\n<p style=\"text-align: justify;\"><span style=\"color: #000000;\">Les gouttes de Bach se pr\u00e9sentent sous la forme d&rsquo;un flacon muni d&rsquo;une pipette, ce qui facilite grandement le dosage. Prenez 4 gouttes 4 fois par jour, r\u00e9parties tout au long de la journ\u00e9e. Le flacon que vous recevez est suffisant pour 1 mois de th\u00e9rapie. <\/span><\/p>\n<p style=\"text-align: justify;\"><span style=\"color: #000000;\">Chaque flacon<b> <\/b>du m\u00e9lange choisi <b>est pr\u00e9par\u00e9 manuellement et sur place<\/b>. Pour conserver la fra\u00eecheur du m\u00e9lange plus longtemps, nous utilisons un peu d&rsquo;alcool (cognac). Le m\u00e9lange se conserve 1 mois \u00e0 partir de la date d&rsquo;achat.<\/span><\/p>\n<p style=\"text-align: justify;\"><span style=\"color: #000000;\">Les gouttes de Bach <strong>n&rsquo;ayant pas<\/strong> d&rsquo;<b>effets secondaires<\/b>, elles ne peuvent pas \u00eatre surdos\u00e9es et ne cr\u00e9ent pas de d\u00e9pendance. Elles conviennent \u00e0 tout le monde &#8211; femmes enceintes, m\u00e8res allaitantes, personnes \u00e2g\u00e9es, enfants et animaux.<\/span><\/p>\n<p style=\"text-align: justify;\"><span style=\"color: #000000;\">Elles n&rsquo;interagissent pas avec d&rsquo;autres m\u00e9dicaments.<\/span><\/p>\n<h2 style=\"text-align: justify;\"><span style=\"color: #000000;\">Conservation<\/span><\/h2>\n<p style=\"text-align: justify;\"><span style=\"color: #000000;\">Conserver dans un endroit sec et sombre \u00e0 une temp\u00e9rature allant jusqu&rsquo;\u00e0 +25 \u00b0C.<\/span><\/p>\n<h2 style=\"text-align: justify;\"><span style=\"color: #000000;\">Quantit\u00e9<\/span><\/h2>\n<p style=\"text-align: justify;\"><span style=\"color: #000000;\">30 ml (suffisant pour 30 jours d&rsquo;utilisation r\u00e9guli\u00e8re)<\/span><\/p>\n<p>[\/vc_column_text][\/vc_column][\/vc_row]<\/p>\n<\/div>","protected":false},"excerpt":{"rendered":"<p>Les gouttes de Bach sont efficaces contre divers troubles \u00e9motionnels. Elles aident \u00e0 surmonter les crises et les situations difficiles de la vie. Elles aident \u00e0 se calmer et \u00e0 garder la t\u00eate froide. Elles agissent sur notre \u00e9tat \u00e9motionnel et aident \u00e0 l&rsquo;harmoniser.<\/p>\n<p>\ud83d\udc9a Les gouttes sont emball\u00e9es \u00e0 la main, le jour de l&rsquo;exp\u00e9dition.<br \/>\n\ud83d\udc9a Elles conviennent \u00e0 toutes les personnes (femmes enceintes, personnes \u00e2g\u00e9es, enfants,&#8230;) et aux animaux.<br \/>\n\ud83d\udc9a Ils n&rsquo;ont pas d&rsquo;effets secondaires, ne cr\u00e9ent pas de d\u00e9pendance et ne peuvent pas \u00eatre surdos\u00e9s.<br \/>\n\ud83d\udc9a Les premiers r\u00e9sultats peuvent se faire sentir apr\u00e8s quelques jours ou semaines, cela d\u00e9pend de chaque individu.<br \/>\n\ud83d\udc9a Ils n&rsquo;interagissent pas avec d&rsquo;autres m\u00e9dicaments.<\/p>\n","protected":false},"featured_media":6889,"comment_status":"open","ping_status":"closed","template":"","meta":{"_acf_changed":false},"product_brand":[],"product_cat":[15,243,238,224,225],"product_tag":[],"class_list":{"0":"post-7113","1":"product","2":"type-product","3":"status-publish","4":"has-post-thumbnail","6":"product_cat-uncategorized","7":"product_cat-fleurs-de-bach","8":"product_cat-nouveaute","9":"product_cat-offre","10":"product_cat-tous-les-produits","12":"first","13":"instock","14":"sale","15":"taxable","16":"shipping-taxable","17":"purchasable","18":"product-type-simple"},"acf":[],"_links":{"self":[{"href":"https:\/\/fengchashop.com\/be-fr\/wp-json\/wp\/v2\/product\/7113","targetHints":{"allow":["GET"]}}],"collection":[{"href":"https:\/\/fengchashop.com\/be-fr\/wp-json\/wp\/v2\/product"}],"about":[{"href":"https:\/\/fengchashop.com\/be-fr\/wp-json\/wp\/v2\/types\/product"}],"replies":[{"embeddable":true,"href":"https:\/\/fengchashop.com\/be-fr\/wp-json\/wp\/v2\/comments?post=7113"}],"wp:featuredmedia":[{"embeddable":true,"href":"https:\/\/fengchashop.com\/be-fr\/wp-json\/wp\/v2\/media\/6889"}],"wp:attachment":[{"href":"https:\/\/fengchashop.com\/be-fr\/wp-json\/wp\/v2\/media?parent=7113"}],"wp:term":[{"taxonomy":"product_brand","embeddable":true,"href":"https:\/\/fengchashop.com\/be-fr\/wp-json\/wp\/v2\/product_brand?post=7113"},{"taxonomy":"product_cat","embeddable":true,"href":"https:\/\/fengchashop.com\/be-fr\/wp-json\/wp\/v2\/product_cat?post=7113"},{"taxonomy":"product_tag","embeddable":true,"href":"https:\/\/fengchashop.com\/be-fr\/wp-json\/wp\/v2\/product_tag?post=7113"}],"curies":[{"name":"wp","href":"https:\/\/api.w.org\/{rel}","templated":true}]}}