{"id":7093,"date":"2025-09-10T18:47:36","date_gmt":"2025-09-10T16:47:36","guid":{"rendered":"https:\/\/fengchashop.com\/be-fr\/?post_type=product&#038;p=7093"},"modified":"2025-09-10T18:52:00","modified_gmt":"2025-09-10T16:52:00","slug":"sang-de-dragon-sangre-de-grado-drago-gouttes","status":"publish","type":"product","link":"https:\/\/fengchashop.com\/be-fr\/product\/sang-de-dragon-sangre-de-grado-drago-gouttes\/","title":{"rendered":"Sang de Dragon (Sangre de Grado \/ Drago) gouttes 30 ml"},"content":{"rendered":"<h2><span style=\"color: #000000;\"><strong>Qu&rsquo;est-ce que le Sang de Dragon\u00a0?<\/strong><\/span><\/h2>\n<p><span style=\"color: #000000;\"><strong>\u00a0<\/strong>Le Sang de Dragon, \u00e9galement appel\u00e9 <strong>Sangre de Grado<\/strong> ou <strong>Drago<\/strong>, est une pr\u00e9cieuse r\u00e9sine brun rouge\u00e2tre extraite de l&rsquo;\u00e9corce du dragonnier p\u00e9ruvien (Croton lechleri). Cette pr\u00e9paration naturelle extr\u00eamement pr\u00e9cieuse est utilis\u00e9e depuis des si\u00e8cles par les peuples autochtones d&rsquo;Am\u00e9rique du Sud comme rem\u00e8de naturel polyvalent pour de nombreux maux, tant externes qu&rsquo;internes. Elle est obtenue en coupant d\u00e9licatement l&rsquo;\u00e9corce de l&rsquo;arbre, sans d\u00e9truire la plante.<\/span><\/p>\n<p><span style=\"color: #000000;\">Notre produit est issu d&rsquo;une culture durable et \u00e9cologiquement responsable au c\u0153ur de la for\u00eat amazonienne p\u00e9ruvienne. La r\u00e9sine est cueillie \u00e0 la main par les populations autochtones locales, qui pr\u00e9servent ainsi leur savoir-faire traditionnel et sont r\u00e9mun\u00e9r\u00e9es \u00e9quitablement pour leur travail. L&rsquo;extraction se fait sans d\u00e9truire les arbres, garantissant ainsi la protection \u00e0 long terme de l&rsquo;environnement naturel.<\/span><\/p>\n<p><span style=\"color: #000000;\">Le Sang de Dragon que nous proposons est une r\u00e9sine v\u00e9g\u00e9tale 100 % pure \u2013 sans alcool, conservateurs, colorants ni additifs artificiels. Extrait naturel directement de la plante, il conserve toutes ses propri\u00e9t\u00e9s originales et son potentiel th\u00e9rapeutique. Sa couleur rouge fonc\u00e9 intense, caract\u00e9ristique de la pr\u00e9sence d&rsquo;antioxydants et de tanins naturels, est remarquable. Il est donc conseill\u00e9 d&rsquo;\u00e9viter tout contact avec les v\u00eatements lors de son utilisation, car il pourrait laisser des taches permanentes.<\/span><\/p>\n<h2><span style=\"color: #000000;\"><strong>Effets et bienfaits du sang-dragon<\/strong><\/span><\/h2>\n<p><span style=\"color: #000000;\">Gr\u00e2ce \u00e0 sa composition chimique unique (riche en tanins, alcalo\u00efdes (comme la taspine), compos\u00e9s ph\u00e9noliques et antioxydants), le sang-dragon poss\u00e8de de nombreux effets traditionnels confirm\u00e9s\u00a0:<\/span><\/p>\n<p><span style=\"color: #000000;\"><strong>\ud83d\udc9a Usage externe &#8211; <em>Protection naturelle de la peau<\/em>\u00a0:<\/strong><\/span><\/p>\n<ul>\n<li><span style=\"color: #000000;\"><strong>Cicatrise rapidement les plaies et les blessures<\/strong> &#8211; agit comme un antiseptique et un h\u00e9mostatique naturel (arr\u00eate les saignements) et favorise la r\u00e9g\u00e9n\u00e9ration des tissus.<\/span><\/li>\n<li><span style=\"color: #000000;\"><strong>R\u00e9duit l&rsquo;inflammation et les d\u00e9mangeaisons<\/strong> &#8211; convient aux peaux sujettes \u00e0 l&rsquo;acn\u00e9, aux piq\u00fbres d&rsquo;insectes, \u00e0 l&rsquo;ecz\u00e9ma, au psoriasis et autres probl\u00e8mes de peau.<\/span><\/li>\n<li><span style=\"color: #000000;\"><strong>Efficace contre les infections fongiques et bact\u00e9riennes<\/strong><\/span><\/li>\n<li><span style=\"color: #000000;\"><strong>Apaise les br\u00fblures, y compris les coups de soleil<\/strong> &#8211; a un effet rafra\u00eechissant et r\u00e9g\u00e9n\u00e9rant.<\/span><\/li>\n<\/ul>\n<p><span style=\"color: #000000;\"><strong><strong>Naturel Pansement \u00ab\u00a0autre\u00a0\u00bb\u00a0: une fois appliqu\u00e9, il forme une fine couche protectrice sur la peau.<\/strong><\/strong><\/span><\/p>\n<p><span style=\"color: #000000;\"><strong>\ud83d\udc9a Usage interne\u00a0: avec pr\u00e9caution et conseils appropri\u00e9s\u00a0:<\/strong><\/span><\/p>\n<ul>\n<li><span style=\"color: #000000;\"><strong>Soutien du syst\u00e8me digestif<\/strong>\u00a0: soulage les probl\u00e8mes tels que les ulc\u00e8res d&rsquo;estomac, l&rsquo;inflammation des muqueuses, la diarrh\u00e9e et le syndrome du c\u00f4lon irritable.<\/span><\/li>\n<li><span style=\"color: #000000;\"><strong>Action anti-inflammatoire<\/strong>\u00a0: aide \u00e0 lutter contre les inflammations internes, notamment buccales et pharyng\u00e9es.<\/span><\/li>\n<li><span style=\"color: #000000;\"><strong>Renforce le syst\u00e8me immunitaire<\/strong>\u00a0: aide l&rsquo;organisme \u00e0 se d\u00e9fendre contre les virus et les bact\u00e9ries.<\/span><\/li>\n<li><span style=\"color: #000000;\"><strong>Pouvoir antioxydant<\/strong>\u00a0: favorise le renouvellement cellulaire et la d\u00e9toxification de l&rsquo;organisme.<\/span><\/li>\n<\/ul>\n<h2><span style=\"color: #000000;\"><strong>Quantit\u00e9<\/strong><\/span><\/h2>\n<p><span style=\"color: #000000;\">30 ml<\/span><\/p>\n<h2><span style=\"color: #000000;\"><strong>Conditionnement<\/strong><\/span><\/h2>\n<p><span style=\"color: #000000;\">Emballage en verre avec compte-gouttes pour une utilisation plus facile. Posologie.<\/span><\/p>\n<h2><span style=\"color: #000000;\"><strong>Avertissements<\/strong><\/span><\/h2>\n<p><span style=\"color: #000000;\">Pour usage externe uniquement, sauf prescription m\u00e9dicale. L&rsquo;usage interne n&rsquo;est autoris\u00e9 qu&rsquo;apr\u00e8s consultation d&rsquo;un m\u00e9decin. \u00c9viter le contact avec les yeux et les muqueuses. Ne pas utiliser chez les enfants, les femmes enceintes ou allaitantes sans avis m\u00e9dical. Peut tacher les tissus de mani\u00e8re permanente. Tenir hors de port\u00e9e des enfants, dans un endroit sec et sombre.<\/span><\/p>\n<h2><span style=\"color: #000000;\"><strong>Origine<\/strong><\/span><\/h2>\n<p><span style=\"color: #000000;\">\u00c9quateur<\/span><\/p>\n","protected":false},"excerpt":{"rendered":"<p>Le sang-dragon est une r\u00e9sine naturelle issue de l&rsquo;arbre Croton lechleri, reconnue pour ses propri\u00e9t\u00e9s r\u00e9g\u00e9n\u00e9ratrices et protectrices exceptionnelles pour la peau. Gr\u00e2ce \u00e0 sa forte teneur en antioxydants, il prot\u00e8ge la peau des radicaux libres et du vieillissement pr\u00e9matur\u00e9. Il est \u00e9galement utilis\u00e9 comme traitement naturel contre l&rsquo;acn\u00e9, les cicatrices et les peaux sensibles.<\/p>\n<p>\ud83d\udc9a Antiseptique naturel,<br \/>\n\ud83d\udc9a R\u00e9duit l&rsquo;inflammation,<br \/>\n\ud83d\udc9a Acc\u00e9l\u00e8re la cicatrisation des plaies et<br \/>\n\ud83d\udc9a Apaise les irritations.<\/p>\n","protected":false},"featured_media":7094,"comment_status":"open","ping_status":"closed","template":"","meta":{"_acf_changed":false},"product_brand":[],"product_cat":[15,224,225],"product_tag":[],"class_list":{"0":"post-7093","1":"product","2":"type-product","3":"status-publish","4":"has-post-thumbnail","6":"product_cat-uncategorized","7":"product_cat-offre","8":"product_cat-tous-les-produits","10":"first","11":"instock","12":"taxable","13":"shipping-taxable","14":"purchasable","15":"product-type-simple"},"acf":[],"_links":{"self":[{"href":"https:\/\/fengchashop.com\/be-fr\/wp-json\/wp\/v2\/product\/7093","targetHints":{"allow":["GET"]}}],"collection":[{"href":"https:\/\/fengchashop.com\/be-fr\/wp-json\/wp\/v2\/product"}],"about":[{"href":"https:\/\/fengchashop.com\/be-fr\/wp-json\/wp\/v2\/types\/product"}],"replies":[{"embeddable":true,"href":"https:\/\/fengchashop.com\/be-fr\/wp-json\/wp\/v2\/comments?post=7093"}],"wp:featuredmedia":[{"embeddable":true,"href":"https:\/\/fengchashop.com\/be-fr\/wp-json\/wp\/v2\/media\/7094"}],"wp:attachment":[{"href":"https:\/\/fengchashop.com\/be-fr\/wp-json\/wp\/v2\/media?parent=7093"}],"wp:term":[{"taxonomy":"product_brand","embeddable":true,"href":"https:\/\/fengchashop.com\/be-fr\/wp-json\/wp\/v2\/product_brand?post=7093"},{"taxonomy":"product_cat","embeddable":true,"href":"https:\/\/fengchashop.com\/be-fr\/wp-json\/wp\/v2\/product_cat?post=7093"},{"taxonomy":"product_tag","embeddable":true,"href":"https:\/\/fengchashop.com\/be-fr\/wp-json\/wp\/v2\/product_tag?post=7093"}],"curies":[{"name":"wp","href":"https:\/\/api.w.org\/{rel}","templated":true}]}}