{"id":7025,"date":"2025-02-25T09:41:56","date_gmt":"2025-02-25T08:41:56","guid":{"rendered":"https:\/\/fengchashop.com\/be-fr\/product\/cistus-creticus-zistrose-bio-100-g\/"},"modified":"2026-04-17T03:47:03","modified_gmt":"2026-04-17T01:47:03","slug":"cistus-creticus-zistrose-bio","status":"publish","type":"product","link":"https:\/\/fengchashop.com\/be-fr\/product\/cistus-creticus-zistrose-bio\/","title":{"rendered":"Cistus creticus (Zistrose) BIO 100\u00a0g"},"content":{"rendered":"<h2><span style=\"color: #000000\"><strong>Cistus creticus (Zistrose) BIO<\/strong><\/span><\/h2>\n<p><span style=\"color: #000000\"><strong>Le Cistus creticus ou zistrose<\/strong> est une plante arbustive aromatique originaire principalement de la M\u00e9diterran\u00e9e, et plus particuli\u00e8rement de l&rsquo;\u00eele grecque de Cr\u00e8te, o\u00f9 il prosp\u00e8re dans les environnements arides et rocailleux. Ses feuilles sont recouvertes de r\u00e9sines collantes (labdanum), riches en polyph\u00e9nols, des antioxydants naturels.<\/span><\/p>\n<p><span style=\"color: #000000\">On l&rsquo;utilise en tisane. Le Cistus creticus est connu pour son action naturelle sur le syst\u00e8me immunitaire.<\/span><\/p>\n<h2><span style=\"color: #000000\"><strong>L&rsquo;infusion de Cistus creticus est appr\u00e9ci\u00e9e pour les propri\u00e9t\u00e9s suivantes\u00a0:<\/strong><\/span><\/h2>\n<p><span style=\"color: #000000\"><strong>\ud83d\udc9a Puissant antioxydant<\/strong>\u00a0: Riche en polyph\u00e9nols qui aident \u00e0 prot\u00e9ger les cellules des radicaux libres.<\/span><\/p>\n<p><span style=\"color: #000000\"><strong>\ud83d\udc9a Soutien du syst\u00e8me immunitaire<\/strong>\u00a0: Renforce naturellement la r\u00e9sistance de l&rsquo;organisme, notamment pendant la saison du rhume et de la grippe.<\/span><\/p>\n<p><span style=\"color: #000000\"><strong>\ud83d\udc9a Action antibact\u00e9rienne et antivirale<\/strong>\u00a0: Traditionnellement utilis\u00e9 pour prot\u00e9ger contre les infections.<\/span><\/p>\n<p><span style=\"color: #000000\"><strong>\ud83d\udc9a Action anti-inflammatoire<\/strong>\u00a0: Aide \u00e0 soulager l&rsquo;inflammation.<\/span><\/p>\n<p><span style=\"color: #000000\"><strong>\ud83d\udc9a Effet digestif<\/strong>\u00a0: Aide \u00e0 soulager les probl\u00e8mes tels que les ballonnements et les maux d&rsquo;estomac.<\/span><\/p>\n<p><span style=\"color: #000000\"><strong>\ud83d\udc9a Usage cutan\u00e9<\/strong>\u00a0: On l&rsquo;utilise \u00e9galement sous forme de compresses ou de bains pour les probl\u00e8mes de peau (par exemple, acn\u00e9, ecz\u00e9ma).<\/span><\/p>\n<h2><span style=\"color: #000000\"><strong>Conservation et pr\u00e9cautions<\/strong><\/span><\/h2>\n<p><span style=\"color: #000000\">\u00c0 conserver dans un endroit sec, \u00e0 l&rsquo;abri de la lumi\u00e8re et de la chaleur. Les feuilles s\u00e9ch\u00e9es doivent \u00eatre conserv\u00e9es dans un sac ou un r\u00e9cipient herm\u00e9tique jusqu&rsquo;\u00e0 leur utilisation. Elles conserveront ainsi leur force et leur ar\u00f4me jusqu&rsquo;\u00e0 un an. Ne pas conserver \u00e0 proximit\u00e9 d&rsquo;odeurs fortes (par exemple, d&rsquo;\u00e9pices), car la plante peut absorber les odeurs \u00e9trang\u00e8res. Bien refermer l&#8217;emballage apr\u00e8s ouverture.<\/span><\/p>\n<p><span style=\"color: #000000\">Utilisation g\u00e9n\u00e9ralement sans danger, m\u00eame \u00e0 long terme. Dans de rares cas, une l\u00e9g\u00e8re constipation ou une irritation de l&rsquo;estomac peuvent survenir. Les femmes enceintes ou allaitantes doivent consulter un m\u00e9decin avant utilisation.<\/span><\/p>\n<p><span style=\"color: #000000\">N&rsquo;oubliez pas l&rsquo;importance d&rsquo;une alimentation vari\u00e9e et d&rsquo;un mode de vie sain. Par cons\u00e9quent, un compl\u00e9ment alimentaire ne se substitue pas \u00e0 une alimentation \u00e9quilibr\u00e9e et vari\u00e9e. La dose journali\u00e8re recommand\u00e9e ne doit pas \u00eatre d\u00e9pass\u00e9e.<\/span><\/p>\n<h2><span style=\"color: #000000\">Emballage<\/span><\/h2>\n<p><span style=\"color: #000000\">Sachet zipp\u00e9 herm\u00e9tique, pr\u00e9servant toute la fra\u00eecheur et l&rsquo;ar\u00f4me du produit. L&#8217;emballage prot\u00e8ge de la lumi\u00e8re et de l&rsquo;air gr\u00e2ce \u00e0 plusieurs couches de protection qui pr\u00e9servent les propri\u00e9t\u00e9s du contenu.<\/span><\/p>\n<p><span style=\"color: #000000\">L&#8217;emballage est tr\u00e8s pratique et recyclable.<\/span><br \/>\n<span style=\"color: #000000\">Origine<\/span><br \/>\n<span style=\"color: #000000\">Gr\u00e8ce<\/span><\/p>\n","protected":false},"excerpt":{"rendered":"<p><span style=\"color: #000000\"><strong>Cistus creticus<\/strong> est une plante naturelle connue pour son action b\u00e9n\u00e9fique sur le syst\u00e8me immunitaire et ses puissantes propri\u00e9t\u00e9s antivirales, antibact\u00e9riennes et antioxydantes. Elle poss\u00e8de \u00e9galement d&rsquo;autres propri\u00e9t\u00e9s b\u00e9n\u00e9fiques\u00a0:<\/span><\/p>\n<p data-start=\"173\" data-end=\"215\"><span style=\"color: #000000\">\ud83d\udc9a Soulage l&rsquo;inflammation (effet anti-inflammatoire)<\/span><\/p>\n<p data-start=\"219\" data-end=\"258\"><span style=\"color: #000000\">\ud83d\udc9a Favorise la digestion et la d\u00e9toxification<\/span><\/p>\n<p data-start=\"262\" data-end=\"313\"><span style=\"color: #000000\">\ud83d\udc9a Soulage les probl\u00e8mes de peau (par exemple, acn\u00e9, ecz\u00e9ma)<\/span><\/p>\n<p data-start=\"317\" data-end=\"350\"><span style=\"color: #000000\">\ud83d\udc9a R\u00e9duit le risque d&rsquo;infections respiratoires<\/span><\/p>\n","protected":false},"featured_media":7026,"comment_status":"open","ping_status":"closed","template":"","meta":{"_acf_changed":false},"product_brand":[],"product_cat":[15,224,242,236,225],"product_tag":[],"class_list":{"0":"post-7025","1":"product","2":"type-product","3":"status-publish","4":"has-post-thumbnail","6":"product_cat-uncategorized","7":"product_cat-offre","8":"product_cat-the","9":"product_cat-the-nourriture-et-epices","10":"product_cat-tous-les-produits","12":"first","13":"instock","14":"taxable","15":"shipping-taxable","16":"purchasable","17":"product-type-simple"},"acf":[],"_links":{"self":[{"href":"https:\/\/fengchashop.com\/be-fr\/wp-json\/wp\/v2\/product\/7025","targetHints":{"allow":["GET"]}}],"collection":[{"href":"https:\/\/fengchashop.com\/be-fr\/wp-json\/wp\/v2\/product"}],"about":[{"href":"https:\/\/fengchashop.com\/be-fr\/wp-json\/wp\/v2\/types\/product"}],"replies":[{"embeddable":true,"href":"https:\/\/fengchashop.com\/be-fr\/wp-json\/wp\/v2\/comments?post=7025"}],"wp:featuredmedia":[{"embeddable":true,"href":"https:\/\/fengchashop.com\/be-fr\/wp-json\/wp\/v2\/media\/7026"}],"wp:attachment":[{"href":"https:\/\/fengchashop.com\/be-fr\/wp-json\/wp\/v2\/media?parent=7025"}],"wp:term":[{"taxonomy":"product_brand","embeddable":true,"href":"https:\/\/fengchashop.com\/be-fr\/wp-json\/wp\/v2\/product_brand?post=7025"},{"taxonomy":"product_cat","embeddable":true,"href":"https:\/\/fengchashop.com\/be-fr\/wp-json\/wp\/v2\/product_cat?post=7025"},{"taxonomy":"product_tag","embeddable":true,"href":"https:\/\/fengchashop.com\/be-fr\/wp-json\/wp\/v2\/product_tag?post=7025"}],"curies":[{"name":"wp","href":"https:\/\/api.w.org\/{rel}","templated":true}]}}