{"id":7023,"date":"2025-06-09T09:58:05","date_gmt":"2025-06-09T07:58:05","guid":{"rendered":"https:\/\/fengchashop.com\/be-fr\/?post_type=product&#038;p=7023"},"modified":"2026-04-30T20:23:53","modified_gmt":"2026-04-30T18:23:53","slug":"tisane-chanca-piedra","status":"publish","type":"product","link":"https:\/\/fengchashop.com\/be-fr\/product\/tisane-chanca-piedra\/","title":{"rendered":"Tisane Chanca Piedra 100 g"},"content":{"rendered":"<h2>Th\u00e9 Chanca Piedra<\/h2>\n<p>Le Chanca Piedra (Phyllanthus niruri) est une plante tropicale originaire d&rsquo;Amazonie et d&rsquo;autres r\u00e9gions d&rsquo;Am\u00e9rique du Sud, d&rsquo;Inde et d&rsquo;Asie du Sud-Est. Son nom signifie litt\u00e9ralement \u00ab\u00a0briseur de pierres\u00a0\u00bb et vient d&rsquo;un terme espagnol faisant r\u00e9f\u00e9rence \u00e0 son utilisation traditionnelle pour dissoudre les calculs r\u00e9naux et biliaires. Le Chanca Piedra est issu de l&rsquo;agriculture biologique contr\u00f4l\u00e9e dans des jardins forestiers (Chakra) et est cultiv\u00e9 par le peuple autochtone Kichwa dans les jardins de la for\u00eat amazonienne en \u00c9quateur.<\/p>\n<h2><strong>Principaux principes actifs<\/strong><\/h2>\n<p>La plante contient de nombreux compos\u00e9s bioactifs, dont les plus importants sont\u00a0:<\/p>\n<ul>\n<li><strong>Lignanes\u00a0:<\/strong> phyllanthine, hypophyllanthine<\/li>\n<li><strong>Flavono\u00efdes\u00a0:<\/strong> querc\u00e9tine, acide rutinique<\/li>\n<li><strong>Triterp\u00e8nes<\/strong><\/li>\n<li><strong>Tanins<\/strong><\/li>\n<li><strong>Alcalo\u00efdes<\/strong><\/li>\n<li><strong>Polyph\u00e9nols<\/strong><\/li>\n<\/ul>\n<p>Ces compos\u00e9s ont des effets anti-inflammatoires, antimicrobiens, antioxydants, diur\u00e9tiques et h\u00e9patoprotecteurs.<\/p>\n<h2><strong>Effets et bienfaits de la Chanca Piedra<\/strong><\/h2>\n<p><strong>\ud83d\udc9a Dissolution et pr\u00e9vention des calculs r\u00e9naux\u00a0: <\/strong>Elle est connue pour sa capacit\u00e9 \u00e0 d\u00e9composer les calculs r\u00e9naux et biliaires existants et \u00e0 r\u00e9duire le risque de leur reformation.<\/p>\n<p><strong>\ud83d\udc9a Soutien de la fonction h\u00e9patique\u00a0: <\/strong>Elle agit comme un <strong>agent h\u00e9patoprotecteur<\/strong> (prot\u00e8ge le foie), notamment en cas de probl\u00e8mes caus\u00e9s par des toxines, l&rsquo;alcool ou des infections (par exemple, l&rsquo;h\u00e9patite B).<\/p>\n<p><strong>\ud83d\udc9a Action anti-inflammatoire et antioxydante\u00a0: <\/strong>Elle contient des substances bioactives qui aident \u00e0 <strong>r\u00e9duire l&rsquo;inflammation<\/strong> et \u00e0 <strong>prot\u00e9ger les cellules du stress oxydatif<\/strong>.<\/p>\n<p><strong>\ud83d\udc9a Effet diur\u00e9tique\u00a0: <\/strong>Elle favorise l&rsquo;excr\u00e9tion urinaire, ce qui peut aider \u00e0 nettoyer les voies urinaires et \u00e0 pr\u00e9venir les infections ou la r\u00e9tention d&rsquo;eau.<\/p>\n<p><strong>\ud83d\udc9a Action antivirale\u00a0: <\/strong>Certaines \u00e9tudes ont d\u00e9montr\u00e9 des effets contre l&rsquo;h\u00e9patite B et d&rsquo;autres virus, bien que cela n&rsquo;ait pas encore \u00e9t\u00e9 cliniquement confirm\u00e9.<\/p>\n<p><strong>\ud83d\udc9a R\u00e9duction de la glyc\u00e9mie\u00a0: <\/strong>Il est \u00e9galement traditionnellement utilis\u00e9 pour favoriser la r\u00e9gulation de la glyc\u00e9mie.<\/p>\n<h2><strong>Conservation et mises en garde<\/strong><\/h2>\n<p>\u00c0 conserver dans un endroit sec et frais, \u00e0 une temp\u00e9rature maximale de 25\u00a0\u00b0C. Tenir ce compl\u00e9ment alimentaire hors de port\u00e9e des enfants\u00a0!<\/p>\n<p><strong>\u00a0<\/strong>D\u00e9conseill\u00e9 aux femmes enceintes ou allaitantes. Peut affecter la tension art\u00e9rielle ou la glyc\u00e9mie\u00a0; prudence chez les personnes souffrant de maladies cardiovasculaires ou de diab\u00e8te. Peut \u00e9galement affecter l&rsquo;action de certains m\u00e9dicaments, notamment les diur\u00e9tiques ou les m\u00e9dicaments pour le foie.<\/p>\n<p>Utilisation recommand\u00e9e\u00a0: \u00e0 court terme (par exemple, 2 \u00e0 4\u00a0semaines), puis pause.<\/p>\n<p>N&rsquo;oubliez pas l&rsquo;importance d&rsquo;une alimentation vari\u00e9e et d&rsquo;un mode de vie sain. Par cons\u00e9quent, un compl\u00e9ment alimentaire ne remplace pas une alimentation \u00e9quilibr\u00e9e et vari\u00e9e. La dose journali\u00e8re recommand\u00e9e ne doit pas \u00eatre d\u00e9pass\u00e9e.<\/p>\n<h2>Emballage<\/h2>\n<p>Sachet herm\u00e9tique \u00e0 fermeture zip, pr\u00e9servant la fra\u00eecheur et l&rsquo;ar\u00f4me du produit. L&#8217;emballage prot\u00e8ge de la lumi\u00e8re et de l&rsquo;air gr\u00e2ce \u00e0 plusieurs couches de protection qui pr\u00e9servent les propri\u00e9t\u00e9s du contenu.<\/p>\n<p>L&#8217;emballage est tr\u00e8s pratique et recyclable.<\/p>\n<h2>Origine<\/h2>\n<p>\u00c9quateur<\/p>\n","protected":false},"excerpt":{"rendered":"<p>La tisane Chanca Piedra est appr\u00e9ci\u00e9e pour son action naturelle contre les calculs r\u00e9naux, sa d\u00e9toxification et sa protection h\u00e9patique. Parmi ses principaux ingr\u00e9dients actifs figurent la <strong data-start=\"156\" data-end=\"169\">phyllanthine<\/strong> et la <strong data-start=\"173\" data-end=\"186\">querc\u00e9tine<\/strong>, qui ont des effets anti-inflammatoires et antiviraux.<\/p>\n<p>Le th\u00e9 est appr\u00e9ci\u00e9 pour ses effets sur :<\/p>\n<p><strong data-start=\"70\" data-end=\"103\">\ud83d\udc9a la dissolution des calculs r\u00e9naux<\/strong> et<\/p>\n<p><strong data-start=\"107\" data-end=\"125\">\ud83d\udc9a le nettoyage du foie.<\/strong><\/p>\n","protected":false},"featured_media":7024,"comment_status":"open","ping_status":"closed","template":"","meta":{"_acf_changed":false},"product_brand":[],"product_cat":[15,224,242,236,225],"product_tag":[],"class_list":{"0":"post-7023","1":"product","2":"type-product","3":"status-publish","4":"has-post-thumbnail","6":"product_cat-uncategorized","7":"product_cat-offre","8":"product_cat-the","9":"product_cat-the-nourriture-et-epices","10":"product_cat-tous-les-produits","12":"first","13":"instock","14":"taxable","15":"shipping-taxable","16":"purchasable","17":"product-type-simple"},"acf":[],"_links":{"self":[{"href":"https:\/\/fengchashop.com\/be-fr\/wp-json\/wp\/v2\/product\/7023","targetHints":{"allow":["GET"]}}],"collection":[{"href":"https:\/\/fengchashop.com\/be-fr\/wp-json\/wp\/v2\/product"}],"about":[{"href":"https:\/\/fengchashop.com\/be-fr\/wp-json\/wp\/v2\/types\/product"}],"replies":[{"embeddable":true,"href":"https:\/\/fengchashop.com\/be-fr\/wp-json\/wp\/v2\/comments?post=7023"}],"wp:featuredmedia":[{"embeddable":true,"href":"https:\/\/fengchashop.com\/be-fr\/wp-json\/wp\/v2\/media\/7024"}],"wp:attachment":[{"href":"https:\/\/fengchashop.com\/be-fr\/wp-json\/wp\/v2\/media?parent=7023"}],"wp:term":[{"taxonomy":"product_brand","embeddable":true,"href":"https:\/\/fengchashop.com\/be-fr\/wp-json\/wp\/v2\/product_brand?post=7023"},{"taxonomy":"product_cat","embeddable":true,"href":"https:\/\/fengchashop.com\/be-fr\/wp-json\/wp\/v2\/product_cat?post=7023"},{"taxonomy":"product_tag","embeddable":true,"href":"https:\/\/fengchashop.com\/be-fr\/wp-json\/wp\/v2\/product_tag?post=7023"}],"curies":[{"name":"wp","href":"https:\/\/api.w.org\/{rel}","templated":true}]}}