{"id":7010,"date":"2024-11-04T15:10:46","date_gmt":"2024-11-04T14:10:46","guid":{"rendered":"https:\/\/fengchashop.com\/be-fr\/product\/tremella-fuciformis-bio-en-poudre-125-g\/"},"modified":"2026-04-17T07:59:44","modified_gmt":"2026-04-17T05:59:44","slug":"tremella-fuciformis-bio-en-poudre","status":"publish","type":"product","link":"https:\/\/fengchashop.com\/be-fr\/product\/tremella-fuciformis-bio-en-poudre\/","title":{"rendered":"Tremella Fuciformis BIO en poudre 125 g"},"content":{"rendered":"<h2 style=\"text-align: justifier\"><span style=\"color: #000000\">Qu&rsquo;est-ce que la poudre Tremella fuciformis BIO\u00a0?<\/span><\/h2>\n<p style=\"text-align: justifier\"><span style=\"color: #000000\"><b>Tremella Fuciformis<\/b>, \u00e9galement connue sous le nom de <i>tremella blanche <\/i>ou <i>champignon des neiges<\/i> est un champignon consid\u00e9r\u00e9 depuis des si\u00e8cles comme l&rsquo;un des champignons m\u00e9dicinaux les plus appr\u00e9ci\u00e9s dans la m\u00e9decine traditionnelle chinoise. Dans les temps modernes, il a gagn\u00e9 en popularit\u00e9 comme compl\u00e9ment alimentaire, notamment sous forme de poudre, en raison de ses nombreux effets b\u00e9n\u00e9fiques sur la sant\u00e9 et la beaut\u00e9.<\/span><\/p>\n<h2 style=\"text-align: justifier\"><span style=\"color: #000000\">Pourquoi Tremella fuciformis est-elle si sp\u00e9ciale et si diff\u00e9rente\u00a0?<\/span><\/h2>\n<p class=\"Standard\" style=\"text-align: justifier\"><span style=\"color: #000000\">Tremella fuciformis se distingue par sa structure g\u00e9latineuse unique et sa couleur transparente, ce qui la rend visuellement attrayante. . Il est utilis\u00e9 dans la cuisine asiatique et dans la m\u00e9decine traditionnelle car on lui attribue des propri\u00e9t\u00e9s m\u00e9dicinales telles que le renforcement du syst\u00e8me immunitaire et l&rsquo;am\u00e9lioration de la sant\u00e9 de la peau. De plus, il est riche en nutriments, hydrate la peau et joue un r\u00f4le \u00e9cologique important en tant que d\u00e9composeur naturel.<\/span><\/p>\n<h2 style=\"text-align: justifier\"><span style=\"color: #000000\">Tremella fuciformis a plusieurs effets potentiels<\/span><\/h2>\n<p><span style=\"color: #000000\">\ud83d\udc9a stimuler le<strong>syst\u00e8me immunitaire<\/strong>,<\/span><\/p>\n<p><span style=\"color: #000000\">\ud83d\udc9a am\u00e9lioration de la <strong>sant\u00e9 de la peau<\/strong>,<\/span><\/p>\n<p><span style=\"color: #000000\">\ud83d\udc9a hydrater la peau,<\/span><\/p>\n<p><span style=\"color: #000000\"><strong>\ud83d\udc9a propri\u00e9t\u00e9s antioxydantes<\/strong>,<\/span><\/p>\n<p><span style=\"color: #000000\">\ud83d\udc9a lutte <strong>contre le vieillissement<\/strong>,<\/span><\/p>\n<p><span style=\"color: #000000\">\ud83d\udc9a aide \u00e0 l&rsquo;<strong>hydratation<\/strong>,<\/span><\/p>\n<p><span style=\"color: #000000\">\ud83d\udc9a soutient<strong> la digestion<\/strong> (en raison de la teneur en fibres),<\/span><\/p>\n<p><span style=\"color: #000000\">\ud83d\udc9a r\u00e9duction de l&rsquo;<strong>inflammation<\/strong>,<\/span><\/p>\n<p><span style=\"color: #000000\">\ud83d\udc9a renforcer la <strong>sant\u00e9 respiratoire<\/strong>,<\/span><\/p>\n<p><span style=\"color: #000000\">\ud83d\udc9a am\u00e9lioration potentielle des <strong> fonctions cognitives<\/strong>.<\/span><\/p>\n<h2 style=\"text-align: justifier\"><span style=\"color: #000000\">Stockage et avertissements<\/span><\/h2>\n<p style=\"text-align: justifier\"><span style=\"color: #000000\">Conserver dans un endroit sec et frais \u00e0 une temp\u00e9rature allant jusqu&rsquo;\u00e0 25 \u00b0C. Le compl\u00e9ment nutritionnel doit \u00eatre inaccessible aux enfants\u00a0!<\/span><\/p>\n<p style=\"text-align: justifier\"><span style=\"color: #000000\">N&rsquo;oubliez pas l&rsquo;importance d&rsquo;une alimentation vari\u00e9e et d&rsquo;un mode de vie sain, un compl\u00e9ment nutritionnel ne se substitue donc pas \u00e0 un alimentation \u00e9quilibr\u00e9e et vari\u00e9e. La quantit\u00e9 ou la dose quotidienne recommand\u00e9e ne doit pas \u00eatre d\u00e9pass\u00e9e.<\/span><\/p>\n<p style=\"text-align: justifier\"><span style=\"color: #000000\">Tremella fuciformis n&rsquo;est pas recommand\u00e9 aux personnes allergiques aux champignons, aux personnes immunod\u00e9prim\u00e9es et \u00e0 celles souffrant de probl\u00e8mes m\u00e9dicaux graves tels qu&rsquo;une maladie r\u00e9nale. Les m\u00e8res enceintes et allaitantes et celles qui prennent des m\u00e9dicaments doivent consulter leur m\u00e9decin avant utilisation.<\/span><\/p>\n<h2 style=\"text-align: justifier\"><span style=\"color: #000000\">Emballage<\/span><\/h2>\n<p style=\"text-align: justifier\"><span style=\"color: #000000\">Un sac herm\u00e9tique avec fermeture \u00e9clair, o\u00f9 le produit conserve toute sa fra\u00eecheur et son ar\u00f4me. L&#8217;emballage prot\u00e8ge de la lumi\u00e8re et de l&rsquo;air, car il est constitu\u00e9 de plusieurs couches de protection qui pr\u00e9servent les propri\u00e9t\u00e9s du contenu.<\/span><\/p>\n<p style=\"text-align: justifier\"><span style=\"color: #000000\">Le packaging est tr\u00e8s pratique et permet le recyclage.<\/span><\/p>\n<h2 style=\"text-align: justifier\"><span style=\"color: #000000\">Origine<\/span><\/h2>\n<p style=\"text-align: justifier\"><span style=\"color: #000000\">Chine. Nous avons des fournisseurs tr\u00e8s fiables qui nous envoient une analyse chimique d\u00e9taill\u00e9e des aliments pour chaque lot. Depuis plus de dix ans, nous n&rsquo;avons eu aucun rappel ni aucun autre probl\u00e8me avec cet article, ni avec d&rsquo;autres articles du m\u00eame fournisseur.<\/span><\/p>\n<p style=\"text-align: justifier\"><span style=\"color: #000000\">L&rsquo;article dispose d&rsquo;un certificat 100\u00a0% biologique.<\/span><\/p>\n","protected":false},"excerpt":{"rendered":"<p>Tremella Fuciformis, \u00e9galement connue sous le nom de <strong>musaraigne blanche ou champignon des neiges<\/strong>. Il poss\u00e8de des propri\u00e9t\u00e9s m\u00e9dicinales telles que <strong>renforcer le syst\u00e8me immunitaire<\/strong> et <strong>am\u00e9liorer la sant\u00e9 de la peau<\/strong>, et il est \u00e9galement riche en nutriments. Elle est connue pour ses nombreux effets sur la sant\u00e9 et la beaut\u00e9.<\/p>\n<p>\ud83d\udc9a Stimule et renforce le syst\u00e8me immunitaire.<br \/>\n\ud83d\udc9a Am\u00e9liore la sant\u00e9 de la peau.<br \/>\n\ud83d\udc9a Excellente source d&rsquo;antioxydants.<br \/>\n\ud83d\udc9a Soutient la digestion.<\/p>\n","protected":false},"featured_media":7011,"comment_status":"open","ping_status":"closed","template":"","meta":{"_acf_changed":false},"product_brand":[],"product_cat":[15,228,224,225],"product_tag":[],"class_list":{"0":"post-7010","1":"product","2":"type-product","3":"status-publish","4":"has-post-thumbnail","6":"product_cat-uncategorized","7":"product_cat-champignons-medicinaux","8":"product_cat-offre","9":"product_cat-tous-les-produits","11":"first","12":"instock","13":"taxable","14":"shipping-taxable","15":"purchasable","16":"product-type-simple"},"acf":[],"_links":{"self":[{"href":"https:\/\/fengchashop.com\/be-fr\/wp-json\/wp\/v2\/product\/7010","targetHints":{"allow":["GET"]}}],"collection":[{"href":"https:\/\/fengchashop.com\/be-fr\/wp-json\/wp\/v2\/product"}],"about":[{"href":"https:\/\/fengchashop.com\/be-fr\/wp-json\/wp\/v2\/types\/product"}],"replies":[{"embeddable":true,"href":"https:\/\/fengchashop.com\/be-fr\/wp-json\/wp\/v2\/comments?post=7010"}],"wp:featuredmedia":[{"embeddable":true,"href":"https:\/\/fengchashop.com\/be-fr\/wp-json\/wp\/v2\/media\/7011"}],"wp:attachment":[{"href":"https:\/\/fengchashop.com\/be-fr\/wp-json\/wp\/v2\/media?parent=7010"}],"wp:term":[{"taxonomy":"product_brand","embeddable":true,"href":"https:\/\/fengchashop.com\/be-fr\/wp-json\/wp\/v2\/product_brand?post=7010"},{"taxonomy":"product_cat","embeddable":true,"href":"https:\/\/fengchashop.com\/be-fr\/wp-json\/wp\/v2\/product_cat?post=7010"},{"taxonomy":"product_tag","embeddable":true,"href":"https:\/\/fengchashop.com\/be-fr\/wp-json\/wp\/v2\/product_tag?post=7010"}],"curies":[{"name":"wp","href":"https:\/\/api.w.org\/{rel}","templated":true}]}}