{"id":7005,"date":"2022-03-11T09:18:33","date_gmt":"2022-03-11T08:18:33","guid":{"rendered":"https:\/\/fengchashop.com\/be-fr\/product\/complexe-de-magnesium-en-poudre-200-g\/"},"modified":"2026-04-17T22:26:19","modified_gmt":"2026-04-17T20:26:19","slug":"complexe-de-magnesium-en-poudre","status":"publish","type":"product","link":"https:\/\/fengchashop.com\/be-fr\/product\/complexe-de-magnesium-en-poudre\/","title":{"rendered":"Complexe de magn\u00e9sium en poudre 200 g"},"content":{"rendered":"<h2 style=\"text-align: justify\"><span style=\"color: #000000\"><b>Complexe de magn\u00e9sium en poudre<\/b><\/span><\/h2>\n<p style=\"text-align: justify\"><span style=\"color: #000000\">Le magn\u00e9sium est un min\u00e9ral extr\u00eamement important qui participe \u00e0 plus de 300 processus m\u00e9taboliques dans le corps humain. Il est souvent appel\u00e9 \u00ab\u00a0<b>le roi des min\u00e9raux<\/b>\u00a0\u00bb car il joue un r\u00f4le <b>essentiel dans le fonctionnement des muscles, du syst\u00e8me nerveux et dans le maintien de la sant\u00e9 des os<\/b>. Il aide \u00e0 pr\u00e9venir les crampes musculaires, r\u00e9duit la fatigue et l&rsquo;\u00e9puisement, et contribue \u00e0 un fonctionnement psychologique normal. En raison du rythme rapide de la vie moderne \u2013 le stress, une alimentation inad\u00e9quate et le manque de sommeil \u2013 de nombreuses personnes se tournent vers les suppl\u00e9ments alimentaires \u00e0 base de magn\u00e9sium.<\/span><\/p>\n<p style=\"text-align: justify\"><span style=\"color: #000000\">Bien que le magn\u00e9sium soit naturellement pr\u00e9sent dans de nombreux aliments tels que les l\u00e9gumes \u00e0 feuilles vertes, les noix, les graines, les poissons et les c\u00e9r\u00e9ales compl\u00e8tes, nous en consommons souvent plus que ce que nous absorbons par l&rsquo;alimentation. Les besoins accrus en magn\u00e9sium concernent les sportifs, les femmes enceintes, les personnes \u00e2g\u00e9es et les individus soumis \u00e0 un stress physique ou mental important.<\/span><\/p>\n<p style=\"text-align: justify\"><span style=\"color: #000000\">Avec le complexe de magn\u00e9sium, vous offrez \u00e0 votre corps un soutien optimal pour un meilleur bien-\u00eatre, plus d&rsquo;\u00e9nergie et un fonctionnement sain des muscles, des os et du syst\u00e8me nerveux.<\/span><\/p>\n<h2 style=\"text-align: justify\"><span style=\"color: #000000\"><b>Pourquoi le complexe de magn\u00e9sium ?<\/b><\/span><\/h2>\n<p style=\"text-align: justify\"><span style=\"color: #000000\">Le complexe de magn\u00e9sium combine <strong>quatre formes de magn\u00e9sium de haute qualit\u00e9 \u2013 bisglycinate de magn\u00e9sium, citrate de magn\u00e9sium, malate de magn\u00e9sium et taurinate de magn\u00e9sium<\/strong>. Chacune de ces formes poss\u00e8de ses propri\u00e9t\u00e9s et avantages sp\u00e9cifiques, et leur combinaison permet une absorption et une efficacit\u00e9 optimales.<\/span><\/p>\n<h2 style=\"text-align: justify\"><span style=\"color: #000000\"><b>Avantages du complexe de magn\u00e9sium<\/b><\/span><\/h2>\n<p style=\"text-align: justify\"><span style=\"color: #000000\"><b>Le magn\u00e9sium :<\/b><\/span><\/p>\n<ul style=\"text-align: justify\">\n<li><span style=\"color: #000000\">contribue \u00e0 la r\u00e9duction de la fatigue et de l&rsquo;\u00e9puisement<\/span><\/li>\n<li><span style=\"color: #000000\">contribue \u00e0 l&rsquo;\u00e9quilibre des \u00e9lectrolytes<\/span><\/li>\n<li><span style=\"color: #000000\">contribue \u00e0 la lib\u00e9ration d&rsquo;\u00e9nergie lors du m\u00e9tabolisme<\/span><\/li>\n<li><span style=\"color: #000000\">contribue au bon fonctionnement du syst\u00e8me nerveux<\/span><\/li>\n<li><span style=\"color: #000000\">contribue \u00e0 la fonction musculaire normale<\/span><\/li>\n<li><span style=\"color: #000000\">participe \u00e0 la synth\u00e8se des prot\u00e9ines<\/span><\/li>\n<li><span style=\"color: #000000\">contribue \u00e0 un fonctionnement psychologique normal<\/span><\/li>\n<li><span style=\"color: #000000\">contribue \u00e0 maintenir des os et des dents sains<\/span><\/li>\n<li><span style=\"color: #000000\">participe \u00e0 la division cellulaire<\/span><\/li>\n<\/ul>\n<p>&nbsp;<\/p>\n<p style=\"text-align: justify\"><span style=\"color: #000000\"><b>La vitamine B6 :<\/b><\/span><\/p>\n<ul style=\"text-align: justify\">\n<li><span style=\"color: #000000\">participe \u00e0 la synth\u00e8se de la cyst\u00e9ine<\/span><\/li>\n<li><span style=\"color: #000000\">contribue \u00e0 la lib\u00e9ration d&rsquo;\u00e9nergie lors du m\u00e9tabolisme<\/span><\/li>\n<li><span style=\"color: #000000\">contribue au bon fonctionnement du syst\u00e8me nerveux<\/span><\/li>\n<li><span style=\"color: #000000\">contribue au m\u00e9tabolisme de l&rsquo;homocyst\u00e9ine<\/span><\/li>\n<li><span style=\"color: #000000\">participe au m\u00e9tabolisme des prot\u00e9ines et du glycog\u00e8ne<\/span><\/li>\n<li><span style=\"color: #000000\">contribue \u00e0 un fonctionnement psychologique normal<\/span><\/li>\n<li><span style=\"color: #000000\">participe \u00e0 la formation des globules rouges<\/span><\/li>\n<li><span style=\"color: #000000\">participe au bon fonctionnement du syst\u00e8me immunitaire<\/span><\/li>\n<li><span style=\"color: #000000\">contribue \u00e0 la r\u00e9duction de la fatigue et de l&rsquo;\u00e9puisement<\/span><\/li>\n<li><span style=\"color: #000000\">participe \u00e0 la r\u00e9gulation des hormones<\/span><\/li>\n<\/ul>\n<p style=\"text-align: justify\"><span style=\"color: #000000\">Un apport suffisant en magn\u00e9sium peut avoir un impact important pour pr\u00e9venir ces probl\u00e8mes et am\u00e9liorer le bien-\u00eatre g\u00e9n\u00e9ral et la sant\u00e9.<\/span><\/p>\n<h2 style=\"text-align: justify\"><span style=\"color: #000000\"><b>Conservation et avertissements<\/b><\/span><\/h2>\n<p style=\"text-align: justify\"><span style=\"color: #000000\">Conservez dans un endroit sec \u00e0 une temp\u00e9rature ne d\u00e9passant pas 25 \u00b0C, \u00e0 l&rsquo;abri de l&rsquo;humidit\u00e9 et de la lumi\u00e8re. Veillez \u00e0 ce que le sachet ou le pot soit bien ferm\u00e9.<\/span><\/p>\n<p style=\"text-align: justify\"><span style=\"color: #000000\">Ce produit n&rsquo;est pas adapt\u00e9 aux enfants, aux jeunes, aux femmes enceintes ou allaitantes. Les personnes diab\u00e9tiques, les personnes pr\u00e9sentant une intol\u00e9rance au glucose, celles trait\u00e9es par des anticoagulants \u00e0 base de coumarine ainsi que les personnes ayant des maladies cardiovasculaires connues ou souffrant d&rsquo;asthme doivent consulter leur m\u00e9decin avant utilisation. En cas de naus\u00e9es, douleurs abdominales, troubles digestifs, diarrh\u00e9e, constipation, vertiges, somnolence, maux de t\u00eate, \u00e9ruptions cutan\u00e9es, d\u00e9mangeaisons ou rougeurs de la peau, arr\u00eatez imm\u00e9diatement l&rsquo;utilisation du produit.<\/span><\/p>\n<h2 style=\"text-align: justify\"><span style=\"color: #000000\"><b>Emballage<\/b><\/span><\/h2>\n<p style=\"text-align: justify\"><span style=\"color: #000000\">Sac herm\u00e9tique avec fermeture \u00e0 glissi\u00e8re ou pot qui conserve toute la fra\u00eecheur et l&rsquo;ar\u00f4me du produit. L&#8217;emballage prot\u00e8ge de la lumi\u00e8re et de l&rsquo;air. Il est constitu\u00e9 de plusieurs couches de protection qui conservent les propri\u00e9t\u00e9s du produit.<\/span><\/p>\n<p><span style=\"color: #000000\">L&#8217;emballage est tr\u00e8s pratique et recyclable.<\/span><\/p>\n<h2 style=\"text-align: justify\"><span style=\"color: #000000\"><b>Origine<\/b><\/span><\/h2>\n<p style=\"text-align: justify\"><span style=\"color: #000000\">Les ingr\u00e9dients du complexe de magn\u00e9sium proviennent de l&rsquo;UE et de pays tiers, soigneusement s\u00e9lectionn\u00e9s pour garantir la plus haute qualit\u00e9.<\/span><\/p>\n","protected":false},"excerpt":{"rendered":"<p align=\"JUSTIFY\"><span style=\"color: #000000\">Le complexe de magn\u00e9sium combine<strong>quatre formes de magn\u00e9sium de haute qualit\u00e9 : le bisglycinate de magn\u00e9sium, le citrate de magn\u00e9sium, le malate de magn\u00e9sium et le taurate de magn\u00e9sium.<\/strong><\/span><\/p>\n<p>\ud83d\udc9a Contribue \u00e0 r\u00e9duire la fatigue et l\u2019\u00e9puisement.<br \/>\n\ud83d\udc9a Soutient l&rsquo;\u00e9quilibre des \u00e9lectrolytes, dont nous avons besoin notamment lors d&rsquo;un effort physique.<br \/>\n\ud83d\udc9a Il a un effet b\u00e9n\u00e9fique sur le syst\u00e8me nerveux.<br \/>\n\ud83d\udc9a Contribue \u00e0 une fonction musculaire normale et \u00e0 des fonctions psychologiques normales.<br \/>\n\ud83d\udc9a Maintient des os et des dents sains.<\/p>\n","protected":false},"featured_media":6012,"comment_status":"open","ping_status":"closed","template":"","meta":{"_acf_changed":false},"product_brand":[],"product_cat":[15,226,230,238,224,225],"product_tag":[],"class_list":{"0":"post-7005","1":"product","2":"type-product","3":"status-publish","4":"has-post-thumbnail","6":"product_cat-uncategorized","7":"product_cat-meilleures-ventes","8":"product_cat-mineraux-vitamines","9":"product_cat-nouveaute","10":"product_cat-offre","11":"product_cat-tous-les-produits","13":"first","14":"instock","15":"sale","16":"taxable","17":"shipping-taxable","18":"purchasable","19":"product-type-simple"},"acf":[],"_links":{"self":[{"href":"https:\/\/fengchashop.com\/be-fr\/wp-json\/wp\/v2\/product\/7005","targetHints":{"allow":["GET"]}}],"collection":[{"href":"https:\/\/fengchashop.com\/be-fr\/wp-json\/wp\/v2\/product"}],"about":[{"href":"https:\/\/fengchashop.com\/be-fr\/wp-json\/wp\/v2\/types\/product"}],"replies":[{"embeddable":true,"href":"https:\/\/fengchashop.com\/be-fr\/wp-json\/wp\/v2\/comments?post=7005"}],"wp:featuredmedia":[{"embeddable":true,"href":"https:\/\/fengchashop.com\/be-fr\/wp-json\/wp\/v2\/media\/6012"}],"wp:attachment":[{"href":"https:\/\/fengchashop.com\/be-fr\/wp-json\/wp\/v2\/media?parent=7005"}],"wp:term":[{"taxonomy":"product_brand","embeddable":true,"href":"https:\/\/fengchashop.com\/be-fr\/wp-json\/wp\/v2\/product_brand?post=7005"},{"taxonomy":"product_cat","embeddable":true,"href":"https:\/\/fengchashop.com\/be-fr\/wp-json\/wp\/v2\/product_cat?post=7005"},{"taxonomy":"product_tag","embeddable":true,"href":"https:\/\/fengchashop.com\/be-fr\/wp-json\/wp\/v2\/product_tag?post=7005"}],"curies":[{"name":"wp","href":"https:\/\/api.w.org\/{rel}","templated":true}]}}