{"id":7003,"date":"2024-08-30T08:23:27","date_gmt":"2024-08-30T06:23:27","guid":{"rendered":"https:\/\/fengchashop.com\/be-fr\/product\/ginseng-panax-bio-60-g\/"},"modified":"2026-04-11T15:39:07","modified_gmt":"2026-04-11T13:39:07","slug":"ginseng-panax-bio","status":"publish","type":"product","link":"https:\/\/fengchashop.com\/be-fr\/product\/ginseng-panax-bio\/","title":{"rendered":"Ginseng Panax BIO 60 g"},"content":{"rendered":"<h2 style=\"text-align: justifier\"><span style=\"color: #000000\">Poudre de ginseng panax issue de la production biologique<\/span><\/h2>\n<p style=\"text-align: justifier\"><span style=\"color: #000000\">Le ginseng Panax est une plante herbac\u00e9e originaire de la famille des Araliac\u00e9es et appartenant au genre Panax. \u00ab\u00a0Panax\u00a0\u00bb vient d&rsquo;un mot grec signifiant \u00ab\u00a0toute sant\u00e9\u00a0\u00bb ou \u00ab\u00a0gu\u00e9rison\u00a0\u00bb, refl\u00e9tant son usage traditionnel en m\u00e9decine. Cette plante est connue pour ses propri\u00e9t\u00e9s m\u00e9dicinales potentielles et est largement utilis\u00e9e dans la m\u00e9decine traditionnelle chinoise, cor\u00e9enne et am\u00e9ricaine.<\/span><\/p>\n<p style=\"text-align: justifier\"><span style=\"color: #000000\">La racine de ginseng est<strong> l&rsquo;une des plantes les plus importantes de l&rsquo;herboristerie traditionnelle chinoise et russe<\/strong>, o\u00f9 elle est utilis\u00e9 comme compl\u00e9ment alimentaire depuis des si\u00e8cles, voire des mill\u00e9naires. En Chine, il est bien connu que le ginseng est bon pour notre sant\u00e9 en termes de <strong>long\u00e9vit\u00e9<\/strong> (inhibe le processus de vieillissement), <strong>contribue \u00e0 am\u00e9liorer le fonctionnement du syst\u00e8me immunitaire, agit contre la fatigue, contre stress et affecte une meilleure puissance de performance sexuelle<\/strong>.<\/span><\/p>\n<p style=\"text-align: justifier\"><span style=\"color: #000000\">Les compos\u00e9s actifs du ginseng appel\u00e9s<strong> \u00e9levt\u00e9rosides<\/strong> (il en contient jusqu&rsquo;\u00e0 7 diff\u00e9rents) agissent de la m\u00eame mani\u00e8re que les st\u00e9ro\u00efdes. Le ginseng est \u00e9galement une <strong>plante adaptog\u00e8ne<\/strong>. Ce sont des plantes qui aident le corps <strong>\u00e0 s&rsquo;adapter \u00e0 divers facteurs n\u00e9gatifs de l&rsquo;environnement<\/strong>. Il a la capacit\u00e9 de r\u00e9guler et de contr\u00f4ler les syst\u00e8mes glandulaire et hormonal, les syst\u00e8mes nerveux et cardiovasculaire ainsi que les muscles. Les adaptog\u00e8nes aident efficacement l&rsquo;organisme \u00e0 g\u00e9rer le stress physique, chimique et biologique.<\/span><\/p>\n<p style=\"text-align: justifier\"><span style=\"color: #000000\">Notre ginseng poanax est issu de l&rsquo;agriculture biologique et ne contient aucun agent de remplissage ni additif. Apr\u00e8s la r\u00e9colte, les racines de ginseng sont s\u00e9ch\u00e9es puis r\u00e9duites en poudre selon un processus doux.<\/span><\/p>\n<h2 style=\"text-align: justifier\"><span style=\"color: #000000\">Propri\u00e9t\u00e9s cl\u00e9s du Panax Ginseng et ses effets<\/span><\/h2>\n<p><span style=\"color: #000000\">\ud83d\udc9a est connu comme un adaptog\u00e8ne, ce qui signifie qu&rsquo;il peut aider le corps \u00e0 s&rsquo;adapter au stress et \u00e0 augmenter sa r\u00e9sistance aux facteurs nocifs,<\/span><\/p>\n<p><span style=\"color: #000000\">\ud83d\udc9a est utilis\u00e9 comme moyen naturel pour augmenter l&rsquo;\u00e9nergie et l&rsquo;endurance,<\/span><\/p>\n<p><span style=\"color: #000000\">\ud83d\udc9a am\u00e9liore les fonctions cognitives telles que la m\u00e9moire, la concentration et l&rsquo;attention<\/span><\/p>\n<p><span style=\"color: #000000\">\ud83d\udc9a renforce le syst\u00e8me immunitaire, car il contient des substances qui stimulent la production de globules blancs qui combattent les infections.<\/span><\/p>\n<p><span style=\"color: #000000\">\ud83d\udc9a contient des antioxydants qui aident \u00e0 prot\u00e9ger les cellules des dommages caus\u00e9s par les radicaux libres.<\/span><\/p>\n<p><span style=\"color: #000000\">\ud83d\udc9a aide \u00e0 stabiliser la glyc\u00e9mie, ce qui est b\u00e9n\u00e9fique pour les personnes atteintes de diab\u00e8te.<\/span><\/p>\n<p><span style=\"color: #000000\">\ud83d\udc9a am\u00e9liore la libido chez les hommes,<\/span><\/p>\n<p><span style=\"color: #000000\">\ud83d\udc9a am\u00e9liore les fonctions sexuelles,<\/span><\/p>\n<p><span style=\"color: #000000\">\ud83d\udc9a peut avoir des propri\u00e9t\u00e9s anti-inflammatoires qui peuvent aider \u00e0 r\u00e9duire l&rsquo;inflammation dans le corps,<\/span><\/p>\n<p><span style=\"color: #000000\">\ud83d\udc9a affecte positivement le syst\u00e8me cardiovasculaire en r\u00e9duisant la tension art\u00e9rielle et en am\u00e9liorant le taux de cholest\u00e9rol.<\/span><\/p>\n<h2 style=\"text-align: justifier\"><span style=\"color: #000000\">Stockage et avertissements<\/span><\/h2>\n<p style=\"text-align: justifier\"><span style=\"color: #000000\">Conserver dans un endroit sec et frais. Le compl\u00e9ment nutritionnel doit \u00eatre inaccessible aux enfants !<\/span><\/p>\n<p style=\"text-align: justifier\"><span style=\"color: #000000\">N&rsquo;oubliez pas l&rsquo;importance d&rsquo;une alimentation vari\u00e9e et d&rsquo;un mode de vie sain, un compl\u00e9ment nutritionnel ne se substitue donc pas \u00e0 un alimentation \u00e9quilibr\u00e9e et vari\u00e9e. La quantit\u00e9 ou la dose quotidienne recommand\u00e9e ne doit pas \u00eatre d\u00e9pass\u00e9e. Les femmes enceintes, les m\u00e8res allaitantes et les personnes prenant des m\u00e9dicaments doivent toujours consulter un m\u00e9decin avant utilisation.<\/span><\/p>\n<h2 style=\"text-align: justifier\"><span style=\"color: #000000\">Emballage<\/span><\/h2>\n<p style=\"text-align: justifier\"><span style=\"color: #000000\">Un sac herm\u00e9tique avec fermeture \u00e9clair, o\u00f9 le produit conserve toute sa fra\u00eecheur et son ar\u00f4me. L&#8217;emballage prot\u00e8ge de la lumi\u00e8re et de l&rsquo;air, car il est constitu\u00e9 de plusieurs couches de protection qui pr\u00e9servent les propri\u00e9t\u00e9s du contenu.<\/span><\/p>\n<p style=\"text-align: justifier\"><span style=\"color: #000000\">Le packaging est tr\u00e8s pratique et permet le recyclage.<\/span><\/p>\n<h2 style=\"text-align: justifier\"><span style=\"color: #000000\">Origine<\/span><\/h2>\n<p style=\"text-align: justifier\"><span style=\"color: #000000\">Chine. Nous avons des fournisseurs tr\u00e8s fiables qui nous envoient une analyse chimique d\u00e9taill\u00e9e des aliments pour chaque lot. Depuis plus de dix ans, nous n&rsquo;avons eu aucun rappel ni aucun autre probl\u00e8me avec cet article, ni avec d&rsquo;autres articles du m\u00eame fournisseur. L&rsquo;article a un certificat 100% biologique.<\/span><\/p>\n<p style=\"text-align: justifier\">\n","protected":false},"excerpt":{"rendered":"<p align=\"JUSTIFY\">La racine de ginseng est<strong> l&rsquo;une des plantes les plus importantes de l&rsquo;herboristerie traditionnelle chinoise et russe<\/strong>, o\u00f9 elle est utilis\u00e9e comme compl\u00e9ment alimentaire depuis des si\u00e8cles, voire des mill\u00e9naires. il est bien connu que le ginseng est bon pour notre sant\u00e9 en termes de :<\/p>\n<p align=\"JUSTIFY\">\ud83d\udc9a long\u00e9vit\u00e9 (inhibe les processus de vieillissement),<br \/>\n\ud83d\udc9a renforce le syst\u00e8me immunitaire,<br \/>\n\ud83d\udc9a agit contre la fatigue,<br \/>\n\ud83d\udc9a contre le stress,<br \/>\n\ud83d\udc9a affecte une meilleure puissance sexuelle.<\/p>\n","protected":false},"featured_media":7004,"comment_status":"open","ping_status":"closed","template":"","meta":{"_acf_changed":false},"product_brand":[],"product_cat":[15,224,231,225],"product_tag":[],"class_list":{"0":"post-7003","1":"product","2":"type-product","3":"status-publish","4":"has-post-thumbnail","6":"product_cat-uncategorized","7":"product_cat-offre","8":"product_cat-superaliments","9":"product_cat-tous-les-produits","11":"first","12":"instock","13":"sale","14":"taxable","15":"shipping-taxable","16":"purchasable","17":"product-type-simple"},"acf":[],"_links":{"self":[{"href":"https:\/\/fengchashop.com\/be-fr\/wp-json\/wp\/v2\/product\/7003","targetHints":{"allow":["GET"]}}],"collection":[{"href":"https:\/\/fengchashop.com\/be-fr\/wp-json\/wp\/v2\/product"}],"about":[{"href":"https:\/\/fengchashop.com\/be-fr\/wp-json\/wp\/v2\/types\/product"}],"replies":[{"embeddable":true,"href":"https:\/\/fengchashop.com\/be-fr\/wp-json\/wp\/v2\/comments?post=7003"}],"wp:featuredmedia":[{"embeddable":true,"href":"https:\/\/fengchashop.com\/be-fr\/wp-json\/wp\/v2\/media\/7004"}],"wp:attachment":[{"href":"https:\/\/fengchashop.com\/be-fr\/wp-json\/wp\/v2\/media?parent=7003"}],"wp:term":[{"taxonomy":"product_brand","embeddable":true,"href":"https:\/\/fengchashop.com\/be-fr\/wp-json\/wp\/v2\/product_brand?post=7003"},{"taxonomy":"product_cat","embeddable":true,"href":"https:\/\/fengchashop.com\/be-fr\/wp-json\/wp\/v2\/product_cat?post=7003"},{"taxonomy":"product_tag","embeddable":true,"href":"https:\/\/fengchashop.com\/be-fr\/wp-json\/wp\/v2\/product_tag?post=7003"}],"curies":[{"name":"wp","href":"https:\/\/api.w.org\/{rel}","templated":true}]}}