{"id":6998,"date":"2024-10-14T16:29:47","date_gmt":"2024-10-14T14:29:47","guid":{"rendered":"https:\/\/fengchashop.com\/be-fr\/product\/haritaki-en-poudre-bio-250-g\/"},"modified":"2026-04-30T18:12:32","modified_gmt":"2026-04-30T16:12:32","slug":"haritaki-en-poudre-bio","status":"publish","type":"product","link":"https:\/\/fengchashop.com\/be-fr\/product\/haritaki-en-poudre-bio\/","title":{"rendered":"Haritaki en poudre BIO 250 g"},"content":{"rendered":"<h2><span style=\"color: #000000\"><strong>Qu&rsquo;est-ce que la poudre Haritaki BIO ?<\/strong><\/span><\/h2>\n<p><span style=\"color: #000000\"><strong>Haritaki <\/strong> (nom scientifique <em>Terminalia chebula<\/em>) est un arbre dont le fruit est souvent utilis\u00e9 comme compl\u00e9ment alimentaire en m\u00e9decine ayurv\u00e9dique. Le fruit haritaki est connu pour ses nombreux bienfaits pour la sant\u00e9 et est consid\u00e9r\u00e9 comme le \u00ab <strong>roi des plantes m\u00e9dicinales<\/strong> \u00bb dans la m\u00e9decine traditionnelle indienne. Elle est principalement utilis\u00e9e pour ses propri\u00e9t\u00e9s adaptog\u00e8nes, anti-inflammatoires et d\u00e9toxifiantes. L&rsquo;Haritaki est l&rsquo;une des trois herbes principales de la c\u00e9l\u00e8bre pr\u00e9paration ayurv\u00e9dique Triphala.<\/span><\/p>\n<h2><span style=\"color: #000000\"><strong>Pourquoi Haritaki est-il si sp\u00e9cial et si diff\u00e9rent ?<\/strong><\/span><\/h2>\n<p><span style=\"color: #000000\">L&rsquo;Haritaki est important principalement pour ses nombreux bienfaits pour la sant\u00e9, en particulier dans les syst\u00e8mes m\u00e9dicaux traditionnels tels que l&rsquo;<strong>Ayurveda<\/strong>. Il est utilis\u00e9 depuis des milliers d&rsquo;ann\u00e9es comme <strong>m\u00e9decine universelle en raison de ses \u0161effets tr\u00e8s vari\u00e9s sur le corps et l&rsquo;esprit<\/strong>. Haritaki est un compl\u00e9ment nutritionnel appr\u00e9ci\u00e9 avec un large \u00e9ventail d&rsquo;avantages, que de nombreuses personnes utilisent pour <strong>am\u00e9liorer la digestion, soutenir le syst\u00e8me immunitaire et promouvoir la sant\u00e9 g\u00e9n\u00e9rale<\/strong>.<\/span><\/p>\n<h2><span style=\"color: #000000\"><strong>Effets qui ont un effet positif sur notre sant\u00e9 et notre corps<\/strong><\/span><\/h2>\n<p><span style=\"color: #000000\">Le Haritaki pr\u00e9sente de nombreux avantages et effets potentiels pour la sant\u00e9. Certains des principaux avantages et effets sont :<\/span><\/p>\n<p><span style=\"color: #000000\">\ud83d\udc9a aide \u00e0 lutter contre la <strong>constipation<\/strong>, stimule le <strong>p\u00e9ristaltisme<\/strong> et agit comme un <strong>laxatif doux<\/strong><\/span><\/p>\n<p><span style=\"color: #000000\">\ud83d\udc9a r\u00e9duit les flatulences et favorise l&rsquo;absorption des nutriments.<\/span><\/p>\n<p><span style=\"color: #000000\">\ud83d\udc9a contient un niveau \u00e9lev\u00e9 d&rsquo;<strong>antioxydants<\/strong>, qui prot\u00e8gent l&rsquo;organisme des radicaux libres responsables du stress oxydatif,<\/span><\/p>\n<p><span style=\"color: #000000\">\ud83d\udc9a offre une protection contre les <strong>maladies cardiovasculaires<\/strong> et d&rsquo;autres maladies d\u00e9g\u00e9n\u00e9ratives<\/span><\/p>\n<p><span style=\"color: #000000\">\ud83d\udc9a soutient les processus naturels de d\u00e9toxification du foie et des reins et favorise ainsi l&rsquo;\u00e9limination des toxines du corps,<\/span><\/p>\n<p><span style=\"color: #000000\">\ud83d\udc9a am\u00e9liore <strong>l&rsquo;excr\u00e9tion des toxines<\/strong> par le syst\u00e8me digestif, ce qui conduit \u00e0 <strong>plus d&rsquo;\u00e9nergie et de vitalit\u00e9<\/strong>,<\/span><\/p>\n<p><span style=\"color: #000000\">\ud83d\udc9a renforce le <strong>syst\u00e8me immunitaire<\/strong>,<\/span><\/p>\n<p><span style=\"color: #000000\">\ud83d\udc9a aide \u00e0 pr\u00e9venir les <strong>infections bact\u00e9riennes et virales<\/strong>,<\/span><\/p>\n<p><span style=\"color: #000000\">\ud83d\udc9a aide \u00e0 soulager <strong>l&rsquo;inflammation dans le corps<\/strong>, y compris l&rsquo;inflammation des articulations, du tube digestif et des voies respiratoires<\/span><\/p>\n<p><span style=\"color: #000000\">\ud83d\udc9a aide <strong>\u00e0 r\u00e9guler le taux de sucre dans le sang<\/strong>,<\/span><\/p>\n<p><span style=\"color: #000000\">\ud83d\udc9a soutient un <strong>m\u00e9tabolisme sain<\/strong>, ce qui peut contribuer au contr\u00f4le du poids<\/span><\/p>\n<p><span style=\"color: #000000\">\ud83d\udc9a aide au traitement des<strong> probl\u00e8mes de peau<\/strong> (acn\u00e9, ecz\u00e9ma, plaies),<\/span><\/p>\n<p><span style=\"color: #000000\">\ud83d\udc9a am\u00e9liore les<strong>capacit\u00e9s mentales<\/strong> et <strong>calme l&rsquo;esprit<\/strong>,<\/span><\/p>\n<p><span style=\"color: #000000\">\ud83d\udc9a aide \u00e0 g\u00e9rer le <strong>stress<\/strong>, am\u00e9liore la <strong>r\u00e9sistance au stress mental et physique.<\/strong><\/span><\/p>\n<h2><span style=\"color: #000000\">Stockage et avertissements<\/span><\/h2>\n<p><span style=\"color: #000000\">Conserver dans un endroit sec et frais \u00e0 une temp\u00e9rature allant jusqu&rsquo;\u00e0 25 \u00b0C. Le compl\u00e9ment nutritionnel doit \u00eatre hors de port\u00e9e des enfants ! N&rsquo;oubliez pas l&rsquo;importance d&rsquo;une alimentation vari\u00e9e et d&rsquo;un mode de vie sain, un compl\u00e9ment nutritionnel ne se substitue donc pas \u00e0 une alimentation \u00e9quilibr\u00e9e et vari\u00e9e. La quantit\u00e9 ou la dose quotidienne recommand\u00e9e ne doit pas \u00eatre d\u00e9pass\u00e9e. Les femmes enceintes, les m\u00e8res allaitantes et les personnes prenant des m\u00e9dicaments doivent toujours consulter un m\u00e9decin avant utilisation. Ne convient pas aux enfants. Il est recommand\u00e9 que pour plus d&rsquo;informations en cas d&rsquo;\u00e9ventuels probl\u00e8mes de sant\u00e9\u00a0 consultez votre m\u00e9decin.<\/span><\/p>\n<h2><span style=\"color: #000000\">Emballage<\/span><\/h2>\n<p><span style=\"color: #000000\">Un sachet sans ouverture avec fermeture \u00e9clair, o\u00f9 le produit conserve toute sa fra\u00eecheur et son ar\u00f4me. Prot\u00e9gez l&#8217;emballage de la lumi\u00e8re et de l&rsquo;air, car il est constitu\u00e9 de plusieurs couches de protection qui pr\u00e9servent les propri\u00e9t\u00e9s du contenu. Le packaging est tr\u00e8s pratique et permet le recyclage.<\/span><\/p>\n<h2><span style=\"color: #000000\">Origine<\/span><\/h2>\n<p><span style=\"color: #000000\">Inde<\/span><\/p>\n","protected":false},"excerpt":{"rendered":"<p align=\"JUSTIFY\"><strong>Haritaki<\/strong> est un arbre dont le fruit est souvent utilis\u00e9 comme compl\u00e9ment alimentaire en m\u00e9decine ayurv\u00e9dique. Le fruit haritaki est connu pour ses nombreux bienfaits pour la sant\u00e9 et est consid\u00e9r\u00e9 comme le \u00ab <strong>roi des plantes m\u00e9dicinales<\/strong> \u00bb dans la m\u00e9decine traditionnelle indienne. Il est principalement utilis\u00e9 pour ses propri\u00e9t\u00e9s adaptog\u00e8nes, anti-inflammatoires et d\u00e9toxifiantes.<\/p>\n<p align=\"JUSTIFY\">\ud83d\udc9a soulage la constipation, favorise l&rsquo;\u00e9limination des toxines des intestins et r\u00e9gule le fonctionnement de la digestion,<br \/>\n\ud83d\udc9a en tant qu&rsquo;antioxydant puissant, il aide \u00e0 \u00e9liminer les toxines de l&rsquo;organisme et stimule la fonction h\u00e9patique et r\u00e9nale,<br \/>\n\ud83d\udc9a gr\u00e2ce \u00e0 ses propri\u00e9t\u00e9s <em>anti-inflammatoires<\/em>, antibact\u00e9riennes et antivirales, elle renforce le syst\u00e8me immunitaire,<br \/>\n\ud83d\udc9a aide le corps \u00e0 faire face au stress,<br \/>\n\ud83d\udc9a am\u00e9liore la concentration, la m\u00e9moire et la clart\u00e9 mentale.<\/p>\n","protected":false},"featured_media":6999,"comment_status":"open","ping_status":"closed","template":"","meta":{"_acf_changed":false},"product_brand":[],"product_cat":[15,194,224,231,225],"product_tag":[],"class_list":{"0":"post-6998","1":"product","2":"type-product","3":"status-publish","4":"has-post-thumbnail","6":"product_cat-uncategorized","7":"product_cat-ayurveda","8":"product_cat-offre","9":"product_cat-superaliments","10":"product_cat-tous-les-produits","12":"first","13":"instock","14":"sale","15":"taxable","16":"shipping-taxable","17":"purchasable","18":"product-type-simple"},"acf":[],"_links":{"self":[{"href":"https:\/\/fengchashop.com\/be-fr\/wp-json\/wp\/v2\/product\/6998","targetHints":{"allow":["GET"]}}],"collection":[{"href":"https:\/\/fengchashop.com\/be-fr\/wp-json\/wp\/v2\/product"}],"about":[{"href":"https:\/\/fengchashop.com\/be-fr\/wp-json\/wp\/v2\/types\/product"}],"replies":[{"embeddable":true,"href":"https:\/\/fengchashop.com\/be-fr\/wp-json\/wp\/v2\/comments?post=6998"}],"wp:featuredmedia":[{"embeddable":true,"href":"https:\/\/fengchashop.com\/be-fr\/wp-json\/wp\/v2\/media\/6999"}],"wp:attachment":[{"href":"https:\/\/fengchashop.com\/be-fr\/wp-json\/wp\/v2\/media?parent=6998"}],"wp:term":[{"taxonomy":"product_brand","embeddable":true,"href":"https:\/\/fengchashop.com\/be-fr\/wp-json\/wp\/v2\/product_brand?post=6998"},{"taxonomy":"product_cat","embeddable":true,"href":"https:\/\/fengchashop.com\/be-fr\/wp-json\/wp\/v2\/product_cat?post=6998"},{"taxonomy":"product_tag","embeddable":true,"href":"https:\/\/fengchashop.com\/be-fr\/wp-json\/wp\/v2\/product_tag?post=6998"}],"curies":[{"name":"wp","href":"https:\/\/api.w.org\/{rel}","templated":true}]}}