{"id":6984,"date":"2023-12-07T18:37:57","date_gmt":"2023-12-07T17:37:57","guid":{"rendered":"https:\/\/fengchashop.com\/be-fr\/product\/nac-n-acetylcysteine-en-gelules-120-gelules\/"},"modified":"2026-04-29T01:41:00","modified_gmt":"2026-04-28T23:41:00","slug":"nac-n-acetylcysteine-en-gelules","status":"publish","type":"product","link":"https:\/\/fengchashop.com\/be-fr\/product\/nac-n-acetylcysteine-en-gelules\/","title":{"rendered":"NAC (N-ac\u00e9tylcyst\u00e9ine) en g\u00e9lules 120 g\u00e9lules"},"content":{"rendered":"<h2><span style=\"color: #000000\">NAC (N-ac\u00e9tylcyst\u00e9ine)<\/span><\/h2>\n<p><span style=\"color: #000000\">La N-ac\u00e9tylcyst\u00e9ine <strong>(N-ac\u00e9tylcyst\u00e9ine ou NAC)<\/strong> est un compl\u00e9ment alimentaire \u00e0 base de cyst\u00e9ine, un acide amin\u00e9. La cyst\u00e9ine est un \u00e9l\u00e9ment constitutif important des prot\u00e9ines et joue de nombreux r\u00f4les importants dans l&rsquo;organisme. La NAC poss\u00e8de des propri\u00e9t\u00e9s uniques qui l&rsquo;ont rendue populaire en tant que compl\u00e9ment alimentaire et elle est \u00e9galement largement utilis\u00e9e en m\u00e9decine. Il s&rsquo;agit d&rsquo;une substance qui agit dans l&rsquo;organisme comme un pr\u00e9curseur de l&rsquo;enzyme antioxydante glutathion.<\/span><\/p>\n<h2><span style=\"color: #000000\">Pourquoi la NAC est-elle si sp\u00e9ciale et si diff\u00e9rente ?<\/span><\/h2>\n<p><span style=\"color: #000000\">La N-ac\u00e9tyl-cyst\u00e9ine est g\u00e9n\u00e9ralement produite \u00e0 partir de l&rsquo;acide amin\u00e9 <strong>L-cyst\u00e9ine<\/strong>, que l&rsquo;on trouve dans de nombreux aliments prot\u00e9iques tels que la volaille, le poisson, les \u0153ufs et les produits laitiers. La <strong>cyst\u00e9ine<\/strong> est un acide amin\u00e9 essentiel, ce qui signifie que l&rsquo;organisme en a besoin pour fonctionner normalement, mais elle peut \u00e9galement \u00eatre d\u00e9riv\u00e9e d&rsquo;autres acides amin\u00e9s tels que la <strong>m\u00e9thionine<\/strong>.<\/span><\/p>\n<p><span style=\"color: #000000\">La cyst\u00e9ine est un composant cl\u00e9 dont notre corps a besoin, car elle joue un r\u00f4le important dans plusieurs processus cl\u00e9s. L&rsquo;un de ses r\u00f4les principaux est de <strong>participer \u00e0 la reconstitution du glutathion<\/strong>, qui est l&rsquo;antioxydant le plus puissant de notre organisme. Le glutathion est essentiel pour <strong>prot\u00e9ger les cellules de l&rsquo;organisme des dommages<\/strong> caus\u00e9s par les radicaux libres et pour maintenir les m\u00e9canismes de d\u00e9fense de l&rsquo;ensemble du syst\u00e8me.<\/span><\/p>\n<h2><span style=\"color: #000000\">Effets positifs sur la sant\u00e9 et l&rsquo;organisme<\/span><\/h2>\n<p><span style=\"color: #000000\"><em><strong>La NAC a de nombreux effets et b\u00e9n\u00e9fices potentiels sur la sant\u00e9. Voici quelques-uns des principaux avantages et effets :<\/strong><\/em><\/span><\/p>\n<p><span style=\"color: #000000\"> \ud83d\udc9a C&rsquo;est un antioxydant puissant qui <strong>\u00e9limine les radicaux libres<\/strong>,<\/span><\/p>\n<p><span style=\"color: #000000\"> \ud83d\udc9a il a un effet positif sur le<strong> syst\u00e8me immun<\/strong> itaire et favorise la sant\u00e9 immunitaire,<\/span><\/p>\n<p><span style=\"color: #000000\">\ud83d\udc9a r\u00e9duit l&rsquo;incidence et la gravit\u00e9 des<strong> sympt\u00f4mes de la grippe et du rhume<\/strong> et raccourcit la dur\u00e9e de la maladie,<\/span><\/p>\n<p><span style=\"color: #000000\"> \ud83d\udc9a est \u00e9galement utilis\u00e9 pour <strong>fluidifier le mucus \u00e9pais et soulager les probl\u00e8mes respiratoires<\/strong> chez les patients souffrant de maladies respiratoires telles que la broncho-pneumopathie chronique obstructive (BPCO) et la mucoviscidose,<\/span><\/p>\n<p><span style=\"color: #000000\"> \ud83d\udc9a pour le traitement de l&rsquo;<strong>empoisonnement au parac\u00e9tamol<\/strong>,<\/span><\/p>\n<p><span style=\"color: #000000\"> \ud83d\udc9a a des effets b\u00e9n\u00e9fiques sur la sant\u00e9 <strong>mentale<\/strong>, utile dans le<strong> traitement de troubles<\/strong> tels que les troubles obsessionnels compulsifs (TOC) et la d\u00e9pression,<\/span><\/p>\n<p><span style=\"color: #000000\">\ud83d\udc9a r\u00e9duit les sympt\u00f4mes de certains<strong> troubles neurologiques<\/strong> tels que la schizophr\u00e9nie et les troubles de l&rsquo;humeur,<\/span><\/p>\n<p><span style=\"color: #000000\"> \ud83d\udc9a aide \u00e0 <strong>traiter les d\u00e9pend<\/strong>ances telles que l&rsquo;alcoolisme, le tabagisme et la toxicomanie,<\/span><\/p>\n<p><span style=\"color: #000000\"> \ud83d\udc9a a des effets b\u00e9n\u00e9fiques sur certaines <strong>maladies du<\/strong> foie telles que la fibrose h\u00e9patique,<\/span><\/p>\n<p><span style=\"color: #000000\"> \ud83d\udc9a aide \u00e0 la <strong>d\u00e9sintoxication et \u00e0 la purification<\/strong>.<\/span><\/p>\n<h2><span style=\"color: #000000\">Conditionnement<\/span><\/h2>\n<p><span style=\"color: #000000\">Sachet zip-lock imperm\u00e9able dans lequel le produit conserve toute sa fra\u00eecheur et son ar\u00f4me. L&#8217;emballage prot\u00e8ge de la lumi\u00e8re et de l&rsquo;air et se compose de plusieurs couches de protection afin de pr\u00e9server les propri\u00e9t\u00e9s du contenu.<\/span><\/p>\n<p><span style=\"color: #000000\">L&#8217;emballage est tr\u00e8s pratique et recyclable.<\/span><\/p>\n<h2 style=\"text-align: justify\"><span style=\"color: #000000\">Stockage et avertissements<\/span><\/h2>\n<p style=\"text-align: justify\"><span style=\"color: #000000\">Conserver dans un endroit frais et sec, \u00e0 une temp\u00e9rature maximale de 25 \u00b0C. Tenir le compl\u00e9ment alimentaire hors de port\u00e9e des enfants !<\/span><\/p>\n<p style=\"text-align: justify\"><span style=\"color: #000000\">Consultez votre m\u00e9decin si vous prenez en m\u00eame temps des antibiotiques, des m\u00e9dicaments contre l&rsquo;ost\u00e9oporose ou l&rsquo;hypertension, car le magn\u00e9sium peut affecter leur action.<\/span><\/p>\n<p style=\"text-align: justify\"><span style=\"color: #000000\">N&rsquo;oubliez pas l&rsquo;importance d&rsquo;une alimentation vari\u00e9e et d&rsquo;un mode de vie sain, un compl\u00e9ment alimentaire ne peut se substituer \u00e0 une alimentation \u00e9quilibr\u00e9e et vari\u00e9e. La quantit\u00e9 ou la dose journali\u00e8re recommand\u00e9e ne doit pas \u00eatre d\u00e9pass\u00e9e. Il est toujours conseill\u00e9 aux femmes enceintes et \u00e0 celles qui allaitent de consulter un m\u00e9decin avant d&rsquo;utiliser ce produit. Ne convient pas aux enfants.<\/span><\/p>\n","protected":false},"excerpt":{"rendered":"<p align=\"JUSTIFY\"><span style=\"color: #000000\">La<strong>N-ac\u00e9tylcyst\u00e9ine (N-ac\u00e9tylcyst\u00e9ine ou NAC)<\/strong> est un compl\u00e9ment alimentaire \u00e0 base de<strong> cyst\u00e9ine<\/strong>, un acide amin\u00e9. La cyst\u00e9ine est un \u00e9l\u00e9ment constitutif important des prot\u00e9ines et joue de nombreux r\u00f4les importants dans l&rsquo;organisme. La NAC poss\u00e8de des propri\u00e9t\u00e9s uniques qui l&rsquo;ont rendue populaire en tant que compl\u00e9ment alimentaire et est \u00e9galement largement utilis\u00e9e en m\u00e9decine.<\/span><\/p>\n<p><span style=\"color: #000000\">\ud83d\udc9a Elle a un effet positif sur le syst\u00e8me immunitaire.<\/span><br \/>\n<span style=\"color: #000000\">\ud83d\udc9a Elle r\u00e9duit l&rsquo;incidence et la gravit\u00e9 des sympt\u00f4mes de la grippe et du rhume.<\/span><br \/>\n<span style=\"color: #000000\">\ud83d\udc9a R\u00e9duit les sympt\u00f4mes de certains troubles neurologiques.<\/span><br \/>\n<span style=\"color: #000000\"> \ud83d\udc9a Aide au traitement des d\u00e9pendances.<\/span><br \/>\n<span style=\"color: #000000\">\ud83d\udc9a Il aide \u00e0 la d\u00e9sintoxication et \u00e0 la purification.<\/span><\/p>\n","protected":false},"featured_media":6963,"comment_status":"open","ping_status":"closed","template":"","meta":{"_acf_changed":false},"product_brand":[],"product_cat":[226,230,224,231,225],"product_tag":[],"class_list":{"0":"post-6984","1":"product","2":"type-product","3":"status-publish","4":"has-post-thumbnail","6":"product_cat-meilleures-ventes","7":"product_cat-mineraux-vitamines","8":"product_cat-offre","9":"product_cat-superaliments","10":"product_cat-tous-les-produits","12":"first","13":"instock","14":"sale","15":"taxable","16":"shipping-taxable","17":"purchasable","18":"product-type-simple"},"acf":[],"_links":{"self":[{"href":"https:\/\/fengchashop.com\/be-fr\/wp-json\/wp\/v2\/product\/6984","targetHints":{"allow":["GET"]}}],"collection":[{"href":"https:\/\/fengchashop.com\/be-fr\/wp-json\/wp\/v2\/product"}],"about":[{"href":"https:\/\/fengchashop.com\/be-fr\/wp-json\/wp\/v2\/types\/product"}],"replies":[{"embeddable":true,"href":"https:\/\/fengchashop.com\/be-fr\/wp-json\/wp\/v2\/comments?post=6984"}],"wp:featuredmedia":[{"embeddable":true,"href":"https:\/\/fengchashop.com\/be-fr\/wp-json\/wp\/v2\/media\/6963"}],"wp:attachment":[{"href":"https:\/\/fengchashop.com\/be-fr\/wp-json\/wp\/v2\/media?parent=6984"}],"wp:term":[{"taxonomy":"product_brand","embeddable":true,"href":"https:\/\/fengchashop.com\/be-fr\/wp-json\/wp\/v2\/product_brand?post=6984"},{"taxonomy":"product_cat","embeddable":true,"href":"https:\/\/fengchashop.com\/be-fr\/wp-json\/wp\/v2\/product_cat?post=6984"},{"taxonomy":"product_tag","embeddable":true,"href":"https:\/\/fengchashop.com\/be-fr\/wp-json\/wp\/v2\/product_tag?post=6984"}],"curies":[{"name":"wp","href":"https:\/\/api.w.org\/{rel}","templated":true}]}}