{"id":6980,"date":"2023-08-29T08:53:40","date_gmt":"2023-08-29T06:53:40","guid":{"rendered":"https:\/\/fengchashop.com\/be-fr\/product\/bardane-bio-250-g\/"},"modified":"2026-04-29T22:00:25","modified_gmt":"2026-04-29T20:00:25","slug":"bardane-bio","status":"publish","type":"product","link":"https:\/\/fengchashop.com\/be-fr\/product\/bardane-bio\/","title":{"rendered":"Bardane BIO 250 g"},"content":{"rendered":"<h2 style=\"text-align: justify\"><span style=\"color: #000000\">Poudre de bardane biologique<\/span><\/h2>\n<div style=\"text-align: justify\">\n<p><span style=\"color: #000000\">La poudre de bardane provient de la racine de la bardane (Arctium lappa), une herbe originaire d&rsquo;Europe et d&rsquo;Asie, mais que l&rsquo;on trouve \u00e9galement dans d&rsquo;autres parties du monde. Cette plante est connue pour ses grandes feuilles en forme de c\u0153ur, ses inflorescences rose-violet et ses gros fruits caract\u00e9ristiques qui s&rsquo;accrochent \u00e0 des gaines velues. La bardane est utilis\u00e9e depuis longtemps dans la <strong>phytoth\u00e9rapie traditionnelle et est connue pour ses nombreux bienfaits pour la sant\u00e9<\/strong>. La racine de bardane est riche en divers <strong>nutriments et compos\u00e9s bioactifs<\/strong> qui contribuent \u00e0 ses effets.<\/span><\/p>\n<p><span style=\"color: #000000\">Diverses parties de la plante ont \u00e9t\u00e9 utilis\u00e9es \u00e0 des fins m\u00e9dicinales, notamment les racines, les feuilles, les fleurs et les graines. La bardane a \u00e9galement \u00e9t\u00e9 utilis\u00e9e dans l&rsquo;art culinaire, o\u00f9 les jeunes feuilles et les tiges sont souvent utilis\u00e9es pour pr\u00e9parer des plats tels que des soupes et des salades.<\/span><\/p>\n<\/div>\n<h2 style=\"text-align: justify\"><span style=\"color: #000000\">Pourquoi la bardane est-elle si particuli\u00e8re et si diff\u00e9rente ?<\/span><\/h2>\n<p style=\"text-align: justify\"><span style=\"color: #000000\">Aujourd&rsquo;hui, la bardane est \u00e9galement utilis\u00e9e comme ingr\u00e9dient dans les compl\u00e9ments alimentaires, car elle pr\u00e9sente de nombreux avantages potentiels pour la sant\u00e9. Elle est utilis\u00e9e pour<strong> soutenir la sant\u00e9 de la peau, le syst\u00e8me digestif, les reins, le syst\u00e8me immunitaire et d&rsquo;autres fonctions corporelles<\/strong>.<\/span><\/p>\n<p style=\"text-align: justify\"><span style=\"color: #000000\">La racine de bardane est une riche source de nombreux nutriments, notamment de vitamines (complexe B et E), de min\u00e9raux (potassium, phosphore, magn\u00e9sium, cobalt, chrome, zinc, sodium, silicium et fer) et d&rsquo;autres compos\u00e9s susceptibles d&rsquo;avoir des effets b\u00e9n\u00e9fiques sur la sant\u00e9.<\/span><\/p>\n<p style=\"text-align: justify\"><span style=\"color: #000000\">L&rsquo;extrait de racine de bardane poss\u00e8de de nombreuses propri\u00e9t\u00e9s pharmacologiques, parmi lesquelles les<strong> effets antibact\u00e9riens, antiviraux et antioxydants<\/strong> sont mis en \u00e9vidence. Il joue \u00e9galement un r\u00f4le cl\u00e9 dans la r\u00e9gulation du m\u00e9tabolisme des<strong> lipides et dans la r\u00e9gulation des troubles du m\u00e9tabolisme du glucose<\/strong>. En outre, on lui attribue des<strong> propri\u00e9t\u00e9s antitumorales, antimutag\u00e8nes et immunomodulatrices, ainsi que la capacit\u00e9 de r\u00e9duire l&rsquo;inflammation<\/strong>. Dans son ensemble, elle a \u00e9galement des effets laxatifs qui am\u00e9liorent le processus digestif.<\/span><\/p>\n<p style=\"text-align: justify\"><span style=\"color: #000000\">L&rsquo;extrait de racine de bardane contient divers <strong>acides amin\u00e9s essentiels<\/strong> en concentrations \u00e9lev\u00e9es, en particulier ceux qui ont des effets pharmacologiques prononc\u00e9s.<\/span><\/p>\n<h2 class=\"Standard\" style=\"text-align: justify\"><span style=\"color: #000000\">Des effets qui ont un effet positif sur notre sant\u00e9 et notre corps<\/span><\/h2>\n<div style=\"text-align: justify\">\n<p><span style=\"color: #000000\">La bardane pr\u00e9sente de nombreux avantages et effets potentiels sur la sant\u00e9. Parmi les principaux avantages et effets, on peut citer :<\/span><\/p>\n<p><span style=\"color: #000000\"> \ud83d\udc9a poss\u00e8de des <strong>propri\u00e9t\u00e9s anti-inflammatoires<\/strong>,<\/span><br \/>\n<span style=\"color: #000000\"> \ud83d\udc9a am\u00e9liore l&rsquo;<strong> \u00e9tat de la peau dans diverses conditions<\/strong> (acn\u00e9, ecz\u00e9ma, psoriasis et dermatite).<\/span><br \/>\n<span style=\"color: #000000\">\ud83d\udc9a Il soulage les <strong>d\u00e9mangeaisons et les irritations de la peau<\/strong>,<\/span><br \/>\n<span style=\"color: #000000\">\ud83d\udc9a aide \u00e0 la<strong> d\u00e9sintoxication et \u00e0 la purification<\/strong>,<\/span><br \/>\n<span style=\"color: #000000\">\ud83d\udc9a aide le <strong>foie et les reins \u00e0<\/strong> \u00e9liminer les toxines de l&rsquo;organisme,<\/span><br \/>\n<span style=\"color: #000000\"> \ud83d\udc9a favorise l&rsquo;\u00e9limination des <strong>d\u00e9chets<\/strong> par la peau et le syst\u00e8me urinaire,<\/span><br \/>\n<span style=\"color: #000000\"> \ud83d\udc9a contribue \u00e0 une meilleure <strong>digestion et \u00e0 un syst\u00e8me digestif sain,<\/strong><\/span><br \/>\n<span style=\"color: #000000\">\ud83d\udc9a aide le<strong> syst\u00e8me immunitaire<\/strong> \u00e0 mieux fonctionner,<\/span><br \/>\n<span style=\"color: #000000\">\ud83d\udc9a contribue \u00e0 renforcer la <strong>r\u00e9sistance<\/strong> naturelle <strong>de l&rsquo;organisme contre les infections et les maladies<\/strong>,<\/span><br \/>\n<span style=\"color: #000000\"> \ud83d\udc9a est un puissant <strong>antioxydant<\/strong> qui \u00e9limine les radicaux libres,<\/span><br \/>\n<span style=\"color: #000000\"> \ud83d\udc9a a un <strong>effet anti-tumoral<\/strong>,<\/span><br \/>\n<span style=\"color: #000000\">\ud83d\udc9a favorise la <strong>sant\u00e9 des cheveux, du cuir chevelu et des ongles<\/strong>,<\/span><br \/>\n<span style=\"color: #000000\">\ud83d\udc9a aide \u00e0 r\u00e9guler le <strong>taux de sucre<\/strong>dans le sang,<\/span><br \/>\n<span style=\"color: #000000\">\ud83d\udc9a aide \u00e0 soulager l&rsquo;<strong> inflammation des articulations et \u00e0 att\u00e9nuer les sympt\u00f4mes des maladies rhumatismales<\/strong>,<\/span><br \/>\n<span style=\"color: #000000\">\ud83d\udc9a pr\u00e9vient l&rsquo;<strong>art\u00e9rioscl\u00e9rose, l&rsquo;hypertension et la thrombose c\u00e9r\u00e9brale<\/strong>,<\/span><br \/>\n<span style=\"color: #000000\">\ud83d\udc9a \u00e9limine la <strong>fatigue et stimule le m\u00e9tabolisme<\/strong>,<\/span><br \/>\n<span style=\"color: #000000\">\ud83d\udc9a am\u00e9liore la<strong> m\u00e9moire<\/strong>.<\/span><\/p>\n<\/div>\n<div style=\"text-align: justify\">\n<p><span style=\"color: #000000\">Stockage et avertissements<\/span><\/p>\n<\/div>\n<p style=\"text-align: justify\"><span style=\"color: #000000\">Conserver dans un endroit frais et sec \u00e0 une temp\u00e9rature maximale de 25 \u00b0C. Tenir le compl\u00e9ment alimentaire hors de port\u00e9e des enfants !<\/span><\/p>\n<p style=\"text-align: justify\"><span style=\"color: #000000\">N&rsquo;oubliez pas l&rsquo;importance d&rsquo;une alimentation vari\u00e9e et d&rsquo;un mode de vie sain. Un compl\u00e9ment alimentaire ne peut donc pas se substituer \u00e0 une alimentation \u00e9quilibr\u00e9e et vari\u00e9e. La quantit\u00e9 ou la dose journali\u00e8re recommand\u00e9e ne doit pas \u00eatre d\u00e9pass\u00e9e.<\/span><\/p>\n<p style=\"text-align: justify\"><span style=\"color: #000000\">L&rsquo;utilisation est d\u00e9conseill\u00e9e aux femmes enceintes et allaitantes ainsi qu&rsquo;aux enfants. Il est d\u00e9conseill\u00e9 aux personnes ayant des r\u00e9actions allergiques (par exemple aux navets) et aux personnes prenant des anticoagulants. Il est recommand\u00e9 de consulter son m\u00e9decin pour plus d&rsquo;informations en cas de probl\u00e8mes de sant\u00e9.<\/span><\/p>\n<h2 style=\"text-align: justify\"><span style=\"color: #000000\">Emballage<\/span><\/h2>\n<p style=\"text-align: justify\"><span style=\"color: #000000\">Sachet zip-lock non perm\u00e9able, dans lequel le produit conserve toute sa fra\u00eecheur et son ar\u00f4me. L&#8217;emballage prot\u00e8ge le produit de la lumi\u00e8re et de l&rsquo;air, car il est compos\u00e9 de plusieurs couches de protection afin de pr\u00e9server les propri\u00e9t\u00e9s du contenu.<\/span><\/p>\n<p style=\"text-align: justify\"><span style=\"color: #000000\">L&#8217;emballage est tr\u00e8s pratique et recyclable.<\/span><\/p>\n<h2 style=\"text-align: justify\"><span style=\"color: #000000\">L&rsquo;origine<\/span><\/h2>\n<p style=\"text-align: justify\"><span style=\"color: #000000\">Chine. <\/span><span style=\"color: #000000\">Nous avons des fournisseurs tr\u00e8s fiables qui nous envoient une analyse chimique d\u00e9taill\u00e9e des aliments pour chaque lot. En plus de dix ans, nous n&rsquo;avons jamais eu de rappel ou d&rsquo;autre probl\u00e8me avec cet article, ni avec d&rsquo;autres articles du m\u00eame fournisseur. <\/span><\/p>\n<p style=\"text-align: justify\"><span style=\"color: #000000\">L&rsquo;article est certifi\u00e9 100% biologique.<\/span><\/p>\n","protected":false},"excerpt":{"rendered":"<p>La poudre de bardane provient de la racine de la bardane (Arctium lappa), une herbe originaire d&rsquo;Europe et d&rsquo;Asie, mais que l&rsquo;on trouve \u00e9galement dans d&rsquo;autres parties du monde. La bardane est utilis\u00e9e depuis longtemps dans la phytoth\u00e9rapie traditionnelle et est connue pour ses nombreux bienfaits pour la sant\u00e9. La racine de bardane est riche en divers nutriments et compos\u00e9s bioactifs qui contribuent \u00e0 ses effets.<\/p>\n<p><span style=\"color: #000000\">\ud83d\udc9a Elle aide \u00e0 soulager l&rsquo;inflammation des articulations et \u00e0 att\u00e9nuer les sympt\u00f4mes des maladies rhumatismales.<\/span><br \/>\n<span style=\"color: #000000\"> \ud83d\udc9a Elle aide le foie et les reins \u00e0 \u00e9liminer les toxines de l&rsquo;organisme.<\/span><br \/>\n<span style=\"color: #000000\">\ud83d\udc9a Pr\u00e9vient l&rsquo;art\u00e9rioscl\u00e9rose, l&rsquo;hypertension et la thrombose c\u00e9r\u00e9brale.<\/span><br \/>\n<span style=\"color: #000000\">\ud83d\udc9a Il a un effet anti-tumoral.<\/span><\/p>\n","protected":false},"featured_media":6981,"comment_status":"open","ping_status":"closed","template":"","meta":{"_acf_changed":false},"product_brand":[],"product_cat":[15,224,231,225],"product_tag":[],"class_list":{"0":"post-6980","1":"product","2":"type-product","3":"status-publish","4":"has-post-thumbnail","6":"product_cat-uncategorized","7":"product_cat-offre","8":"product_cat-superaliments","9":"product_cat-tous-les-produits","11":"first","12":"instock","13":"taxable","14":"shipping-taxable","15":"purchasable","16":"product-type-simple"},"acf":[],"_links":{"self":[{"href":"https:\/\/fengchashop.com\/be-fr\/wp-json\/wp\/v2\/product\/6980","targetHints":{"allow":["GET"]}}],"collection":[{"href":"https:\/\/fengchashop.com\/be-fr\/wp-json\/wp\/v2\/product"}],"about":[{"href":"https:\/\/fengchashop.com\/be-fr\/wp-json\/wp\/v2\/types\/product"}],"replies":[{"embeddable":true,"href":"https:\/\/fengchashop.com\/be-fr\/wp-json\/wp\/v2\/comments?post=6980"}],"wp:featuredmedia":[{"embeddable":true,"href":"https:\/\/fengchashop.com\/be-fr\/wp-json\/wp\/v2\/media\/6981"}],"wp:attachment":[{"href":"https:\/\/fengchashop.com\/be-fr\/wp-json\/wp\/v2\/media?parent=6980"}],"wp:term":[{"taxonomy":"product_brand","embeddable":true,"href":"https:\/\/fengchashop.com\/be-fr\/wp-json\/wp\/v2\/product_brand?post=6980"},{"taxonomy":"product_cat","embeddable":true,"href":"https:\/\/fengchashop.com\/be-fr\/wp-json\/wp\/v2\/product_cat?post=6980"},{"taxonomy":"product_tag","embeddable":true,"href":"https:\/\/fengchashop.com\/be-fr\/wp-json\/wp\/v2\/product_tag?post=6980"}],"curies":[{"name":"wp","href":"https:\/\/api.w.org\/{rel}","templated":true}]}}