{"id":6974,"date":"2024-07-04T08:57:00","date_gmt":"2024-07-04T06:57:00","guid":{"rendered":"https:\/\/fengchashop.com\/be-fr\/product\/bentonite-500-g\/"},"modified":"2025-09-09T19:34:16","modified_gmt":"2025-09-09T17:34:16","slug":"bentonite","status":"publish","type":"product","link":"https:\/\/fengchashop.com\/be-fr\/product\/bentonite\/","title":{"rendered":"Bentonite 500 g"},"content":{"rendered":"<h2 style=\"text-align: justify;\"><span style=\"color: #000000;\">Bentonite<\/span><\/h2>\n<div style=\"text-align: justify;\">\n<p><span style=\"color: #000000;\">La bentonite est une argile naturelle form\u00e9e \u00e0 partir de cendres volcaniques et que l&rsquo;on trouve souvent \u00e0 proximit\u00e9 des zones volcaniques. Elle est principalement compos\u00e9e d&rsquo;un min\u00e9ral, la montmorillonite, qui lui conf\u00e8re ses propri\u00e9t\u00e9s particuli\u00e8res.<\/span><\/p>\n<p><span style=\"color: #000000;\">La bentonite est connue pour sa grande capacit\u00e9 \u00e0 absorber les liquides et les gaz. Gr\u00e2ce \u00e0 sa structure, elle pr\u00e9sente une grande surface, ce qui lui permet de lier et de retenir des substances telles que les toxines, l&rsquo;exc\u00e8s d&rsquo;humidit\u00e9 et les impuret\u00e9s.<\/span><\/p>\n<\/div>\n<h2 style=\"text-align: justify;\"><span style=\"color: #000000;\">Pourquoi la bentonite est-elle utile ?<\/span><\/h2>\n<div>\n<p style=\"text-align: justify;\"><span style=\"color: #000000;\"><em><strong>La bentonite est utilis\u00e9e dans une vari\u00e9t\u00e9 d&rsquo;applications commerciales et m\u00e9dicales :<\/strong><\/em><\/span><\/p>\n<ol style=\"text-align: justify;\">\n<li><span style=\"color: #000000;\"><strong>Utilisation cosm\u00e9tique :<\/strong> en raison de sa capacit\u00e9 d&rsquo;absorption et de nettoyage, la bentonite est largement utilis\u00e9e dans les produits cosm\u00e9tiques tels que les masques de beaut\u00e9, les shampooings, les savons et les lotions. Elle aide \u00e0 \u00e9liminer les impuret\u00e9s, \u00e0 absorber l&rsquo;exc\u00e8s de s\u00e9bum et \u00e0 am\u00e9liorer l&rsquo;\u00e9tat de la peau.<\/span><\/li>\n<li><span style=\"color: #000000;\"><strong>Usage m\u00e9dical :<\/strong> la bentonite est \u00e9galement utilis\u00e9e \u00e0 des fins m\u00e9dicales, notamment sous forme de compl\u00e9ments alimentaires ou comme rem\u00e8de aux probl\u00e8mes digestifs tels que les ulc\u00e8res d&rsquo;estomac, l&rsquo;indigestion et l&#8217;empoisonnement. Elle agit comme un adsorbant, liant et \u00e9liminant les toxines et aidant \u00e0 r\u00e9guler la digestion.<\/span><\/li>\n<li><span style=\"color: #000000;\"><strong>Utilisation chez le chien ou le chat :<\/strong> L&rsquo;argile bentonitique peut \u00e9galement \u00eatre utilis\u00e9e par les chiens et les chats, notamment pour renforcer le syst\u00e8me immunitaire, en cas de cancer, pour nettoyer l&rsquo;organisme, \u00e9liminer les parasites internes, soulager les probl\u00e8mes h\u00e9patiques et r\u00e9naux.<\/span><\/li>\n<\/ol>\n<p style=\"text-align: justify;\"><span style=\"color: #000000;\">Il existe plusieurs types de bentonite, qui diff\u00e8rent par leur composition min\u00e9rale et leurs propri\u00e9t\u00e9s. Parmi les types les plus courants, on trouve la bentonite sodique, la bentonite calcique et les m\u00e9langes des deux.<\/span><\/p>\n<h2 style=\"text-align: justify;\"><span style=\"color: #000000;\">Caract\u00e9ristiques de la bentonite<\/span><\/h2>\n<p style=\"text-align: justify;\"><span style=\"color: #000000;\">Comme toutes les argiles, la bentonite contient une vari\u00e9t\u00e9 de min\u00e9raux et de m\u00e9taux tels que le silicium, le fer, le calcium, le magn\u00e9sium, le sodium et parfois l&rsquo;aluminium. La quantit\u00e9 de chaque min\u00e9ral ou m\u00e9tal peut varier en fonction du type d&rsquo;argile. Outre sa composition min\u00e9rale, la bentonite poss\u00e8de \u00e9galement des propri\u00e9t\u00e9s curatives, car elle a la capacit\u00e9 d&rsquo;absorber et d&rsquo;\u00e9changer des ions. Gr\u00e2ce \u00e0 son pouvoir d&rsquo;absorption intense, la bentonite est antiseptique, anti-infectieuse et antifongique. En m\u00e9decine, la bentonite est utilis\u00e9e pour des applications internes et externes.<\/span><\/p>\n<\/div>\n<h2 class=\"Standard\"><span style=\"color: #000000;\">Utilisations efficaces de la bentonite en tant que compl\u00e9ment alimentaire<\/span><\/h2>\n<p style=\"text-align: justify;\"><span style=\"color: #000000;\">La bentonite est utilis\u00e9e m\u00e9dicalement sous forme de compl\u00e9ments alimentaires en raison de ses propri\u00e9t\u00e9s d&rsquo;adsorption et de fixation des toxines dans le tube digestif. <\/span><\/p>\n<p style=\"text-align: justify;\"><span style=\"color: #000000;\"><em><strong>T<\/strong><strong>oici quelques exemples d&rsquo;utilisation de la bentonite dans les compl\u00e9ments alimentaires \u00e0 vis\u00e9e m\u00e9dicale :<\/strong><\/em><\/span><\/p>\n<p><span style=\"color: #000000;\"><strong> \ud83d\udc9aD\u00e9toxification : La<\/strong> bentonite est utilis\u00e9e pour aider \u00e0 \u00e9liminer les toxines de l&rsquo;organisme. Lorsqu&rsquo;elle est ing\u00e9r\u00e9e, la bentonite se lie aux substances nocives telles que les m\u00e9taux lourds, les pesticides et autres mati\u00e8res toxiques et les \u00e9limine de l&rsquo;organisme par les selles.<\/span><\/p>\n<p><span style=\"color: #000000;\"><strong> \ud83d\udc9aProbl\u00e8mes digestifs :<\/strong> La bentonite peut aider \u00e0 soulager les probl\u00e8mes digestifs tels que la diarrh\u00e9e, la constipation, le syndrome du c\u00f4lon irritable et les ulc\u00e8res d&rsquo;estomac. Elle agit en apaisant l&rsquo;inflammation dans le tube digestif, en absorbant les liquides exc\u00e9dentaires et les impuret\u00e9s et en favorisant une digestion saine.<\/span><\/p>\n<p><span style=\"color: #000000;\"><strong> \ud83d\udc9aNettoyage de l&rsquo;intestin :<\/strong> La bentonite est \u00e9galement utilis\u00e9e pour nettoyer l&rsquo;intestin et \u00e9liminer les d\u00e9chets et les r\u00e9sidus alimentaires. L&rsquo;ingestion de bentonite peut aider \u00e0 \u00e9liminer la plaque sur les parois intestinales et favoriser une meilleure absorption des nutriments.<\/span><\/p>\n<p><span style=\"color: #000000;\"> \ud83d\udc9a<strong>Soutien du syst\u00e8me immunitaire :<\/strong> gr\u00e2ce \u00e0 sa capacit\u00e9 \u00e0 lier les toxines et les impuret\u00e9s, la bentonite peut soutenir le syst\u00e8me immunitaire. En r\u00e9duisant la charge en toxines de l&rsquo;organisme, elle permet au syst\u00e8me immunitaire de se concentrer sur la lutte contre les infections et le maintien de la sant\u00e9 globale.<\/span><\/p>\n<div>\n<p style=\"text-align: justify;\">\n<\/div>\n<h2 style=\"text-align: justify;\"><span style=\"color: #000000;\">Stockage et avertissements<\/span><\/h2>\n<p style=\"text-align: justify;\"><span style=\"color: #000000;\">Conserver dans un endroit frais et sec \u00e0 une temp\u00e9rature maximale de 25 \u00b0C. Tenir le compl\u00e9ment alimentaire hors de port\u00e9e des enfants !<\/span><\/p>\n<p style=\"text-align: justify;\"><span style=\"color: #000000;\">N&rsquo;oubliez pas l&rsquo;importance d&rsquo;une alimentation vari\u00e9e et d&rsquo;un mode de vie sain. Un compl\u00e9ment alimentaire ne peut donc pas se substituer \u00e0 une alimentation \u00e9quilibr\u00e9e et vari\u00e9e. La quantit\u00e9 ou la dose journali\u00e8re recommand\u00e9e ne doit pas \u00eatre d\u00e9pass\u00e9e.<\/span><\/p>\n<p style=\"text-align: justify;\"><span style=\"color: #000000;\">Il est d\u00e9conseill\u00e9 aux femmes enceintes et \u00e0 celles qui allaitent d&rsquo;utiliser ce produit. Si vous prenez des m\u00e9dicaments ou d&rsquo;autres compl\u00e9ments alimentaires, consultez votre m\u00e9decin ou votre pharmacien sur la prise s\u00e9par\u00e9e de bentonite. La bentonite a la capacit\u00e9 de se lier \u00e0 d&rsquo;autres substances et peut r\u00e9duire l&rsquo;efficacit\u00e9 d&rsquo;autres m\u00e9dicaments ou compl\u00e9ments alimentaires en cas de prise simultan\u00e9e.<\/span><\/p>\n<h2 style=\"text-align: justify;\"><span style=\"color: #000000;\">Emballage<\/span><\/h2>\n<p style=\"text-align: justify;\"><span style=\"color: #000000;\">Sachet zipp\u00e9 non perm\u00e9able dans lequel le produit conserve toute sa fra\u00eecheur et son ar\u00f4me. L&#8217;emballage prot\u00e8ge le produit de la lumi\u00e8re et de l&rsquo;air, car il est compos\u00e9 de plusieurs couches de protection qui pr\u00e9servent les propri\u00e9t\u00e9s du contenu.<\/span><\/p>\n<p style=\"text-align: justify;\"><span style=\"color: #000000;\">L&#8217;emballage est tr\u00e8s pratique et recyclable.<\/span><\/p>\n<h2 style=\"text-align: justify;\"><span style=\"color: #000000;\">Origine du produit<\/span><\/h2>\n<p style=\"text-align: justify;\"><span style=\"color: #000000;\">Norv\u00e8ge<\/span><\/p>\n","protected":false},"excerpt":{"rendered":"<p>La bentonite est une argile naturelle form\u00e9e \u00e0 partir de cendres volcaniques, que l&rsquo;on trouve souvent \u00e0 proximit\u00e9 des zones volcaniques. Elle est principalement compos\u00e9e du min\u00e9ral montmorillonite, qui lui conf\u00e8re ses propri\u00e9t\u00e9s particuli\u00e8res. Elle est connue pour sa grande capacit\u00e9 \u00e0 absorber les liquides et les gaz. Gr\u00e2ce \u00e0 sa structure, elle pr\u00e9sente une grande surface, ce qui lui permet de lier et de retenir des substances telles que les toxines, l&rsquo;exc\u00e8s d&rsquo;humidit\u00e9 et les impuret\u00e9s.<\/p>\n<p><span style=\"color: #000000;\">\ud83d\udc9aEn raison de sa capacit\u00e9 d&rsquo;absorption et de nettoyage, la bentonite est largement utilis\u00e9e dans les produits cosm\u00e9tiques.<\/span><br \/>\n<span style=\"color: #000000;\">\ud83d\udc9aElle est \u00e9galement utilis\u00e9e pour nettoyer les intestins et \u00e9liminer les d\u00e9chets et les r\u00e9sidus alimentaires.<\/span><br \/>\n<span style=\"color: #000000;\">\ud83d\udc9aElle est utilis\u00e9e en m\u00e9decine, notamment sous forme de compl\u00e9ments alimentaires ou comme rem\u00e8de aux probl\u00e8mes digestifs.<\/span><br \/>\n<span style=\"color: #000000;\"> \ud83d\udc9aL&rsquo;argile bentonite peut \u00e9galement \u00eatre utilis\u00e9e par les chiens et les chats, notamment pour renforcer le syst\u00e8me immunitaire, en cas de cancer, pour nettoyer l&rsquo;organisme, pour \u00e9liminer les parasites internes, pour soulager le foie et les reins.<\/span><\/p>\n","protected":false},"featured_media":6975,"comment_status":"open","ping_status":"closed","template":"","meta":{"_acf_changed":false},"product_brand":[],"product_cat":[15,224,231,225],"product_tag":[],"class_list":{"0":"post-6974","1":"product","2":"type-product","3":"status-publish","4":"has-post-thumbnail","6":"product_cat-uncategorized","7":"product_cat-offre","8":"product_cat-superaliments","9":"product_cat-tous-les-produits","11":"first","12":"instock","13":"sale","14":"taxable","15":"shipping-taxable","16":"purchasable","17":"product-type-simple"},"acf":[],"_links":{"self":[{"href":"https:\/\/fengchashop.com\/be-fr\/wp-json\/wp\/v2\/product\/6974","targetHints":{"allow":["GET"]}}],"collection":[{"href":"https:\/\/fengchashop.com\/be-fr\/wp-json\/wp\/v2\/product"}],"about":[{"href":"https:\/\/fengchashop.com\/be-fr\/wp-json\/wp\/v2\/types\/product"}],"replies":[{"embeddable":true,"href":"https:\/\/fengchashop.com\/be-fr\/wp-json\/wp\/v2\/comments?post=6974"}],"wp:featuredmedia":[{"embeddable":true,"href":"https:\/\/fengchashop.com\/be-fr\/wp-json\/wp\/v2\/media\/6975"}],"wp:attachment":[{"href":"https:\/\/fengchashop.com\/be-fr\/wp-json\/wp\/v2\/media?parent=6974"}],"wp:term":[{"taxonomy":"product_brand","embeddable":true,"href":"https:\/\/fengchashop.com\/be-fr\/wp-json\/wp\/v2\/product_brand?post=6974"},{"taxonomy":"product_cat","embeddable":true,"href":"https:\/\/fengchashop.com\/be-fr\/wp-json\/wp\/v2\/product_cat?post=6974"},{"taxonomy":"product_tag","embeddable":true,"href":"https:\/\/fengchashop.com\/be-fr\/wp-json\/wp\/v2\/product_tag?post=6974"}],"curies":[{"name":"wp","href":"https:\/\/api.w.org\/{rel}","templated":true}]}}