{"id":6960,"date":"2023-04-04T11:24:36","date_gmt":"2023-04-04T09:24:36","guid":{"rendered":"https:\/\/fengchashop.com\/be-fr\/product\/herbe-de-chevre-cornee-bio-poudre-250-g\/"},"modified":"2026-04-30T20:02:57","modified_gmt":"2026-04-30T18:02:57","slug":"herbe-de-chevre-cornee-poudre","status":"publish","type":"product","link":"https:\/\/fengchashop.com\/be-fr\/product\/herbe-de-chevre-cornee-poudre\/","title":{"rendered":"Herbe de ch\u00e8vre corn\u00e9e (Horny Goat) poudre 250 g"},"content":{"rendered":"<h2 style=\"text-align: justify;\"><span style=\"color: #000000;\">Herbe aux ch\u00e8vres<\/span><\/h2>\n<p style=\"text-align: justify;\"><span style=\"color: #000000;\">Le ch\u00e9nopode \u00e0 grandes fleurs, \u00e9galement connu sous son nom scientifique Epimedium brevicornum, est une plante arbustive appel\u00e9e Horny goat weed ou Horny goat. En anglais, cette plante arbustive est appel\u00e9e <strong>Horny goat weed<\/strong> ou <strong>Horny goat, ce qui signifie \u00ab\u00a0herbe de la ch\u00e8vre n\u00e9cessaire\u00a0\u00bb en slov\u00e8ne. Le nom fait r\u00e9f\u00e9rence \u00e0 l&rsquo;augmentation de la libido chez les ch\u00e8vres qui ont mang\u00e9 ces arbustes. Il pousse jusqu&rsquo;\u00e0 30 cm et poss\u00e8de de nombreuses fleurs (violettes, roses, jaunes et blanches) qui sont regroup\u00e9es en grappes ou en bouquets.<\/strong><\/span><\/p>\n<p style=\"text-align: justify;\"><span style=\"color: #000000;\">L&rsquo;<strong>herbe \u00e0 ch\u00e8vres <\/strong>pousse dans les climats temp\u00e9r\u00e9s et subtropicaux et est <strong>originaire de Chine et de Cor\u00e9e. Elle est utilis\u00e9e dans la m\u00e9decine traditionnelle chinoise depuis des milliers d&rsquo;ann\u00e9es comme rem\u00e8de traditionnel pour un certain nombre de probl\u00e8mes, y compris le dysfonctionnement et la m\u00e9nopause, et est \u00e9galement consid\u00e9r\u00e9e comme un aphrodisiaque pour les hommes et les femmes.<\/strong><\/span><\/p>\n<h2 style=\"text-align: justify;\"><span style=\"color: #000000;\">Quels sont les principaux ingr\u00e9dients actifs de la ch\u00e8vre corn\u00e9e ?<\/span><\/h2>\n<p style=\"text-align: justify;\"><span style=\"color: #000000;\">Il a \u00e9t\u00e9 scientifiquement prouv\u00e9 que la ch\u00e8vre corn\u00e9e contient des compos\u00e9s qui ont des <strong>propri\u00e9t\u00e9s pharmacologiques telles que la relaxation des muscles, l&rsquo;augmentation des niveaux de testost\u00e9rone et du flux sanguin<\/strong>.<\/span><\/p>\n<p style=\"text-align: justify;\"><span style=\"color: #000000;\">La ch\u00e8vre corn\u00e9e est une plante riche en <strong>flavono\u00efdes<\/strong>, en compos\u00e9s ph\u00e9noliques et en autres nutriments importants qui peuvent \u00eatre b\u00e9n\u00e9fiques pour la sant\u00e9 de diverses mani\u00e8res. C&rsquo;est pourquoi la ch\u00e8vre corn\u00e9e devient une plante de plus en plus populaire, \u00e0 la fois en tant <strong>que compl\u00e9ment alimentaire ou en tant que pr\u00e9paration \u00e0 base de plantes pour diverses affections et l&rsquo;am\u00e9lioration de la sant\u00e9<\/strong>.<\/span><\/p>\n<p style=\"text-align: justify;\"><span style=\"color: #000000;\">L&rsquo;<strong>icariine<\/strong> est un compos\u00e9 flavono\u00efde et le principal constituant actif de l&rsquo;herbe de ch\u00e8vre corn\u00e9e. L&rsquo;icariine agit comme un inhibiteur naturel de l&rsquo;enzyme PDE5, qui peut provoquer des troubles de l&rsquo;\u00e9rection. L&rsquo;utilisation de l&rsquo;icariine am\u00e9liore la <strong>fonction sexuelle et le traitement de la dysfonction \u00e9rectile<\/strong>. Cependant, l&rsquo;Icariin est \u00e9galement largement utilis\u00e9 pour am\u00e9liorer les <strong>performances athl\u00e9tiques<\/strong> car il peut augmenter les niveaux de testost\u00e9rone et r\u00e9duire les niveaux de cortisol, contribuant ainsi \u00e0 l&rsquo;am\u00e9lioration de la masse et de la force musculaires. En outre, l&rsquo;icariine peut \u00e9galement favoriser la restauration de la densit\u00e9 osseuse, ce qui peut r\u00e9duire le risque d&rsquo;<strong>ost\u00e9oporose et am\u00e9liorer la sant\u00e9 des os<\/strong>.<\/span><\/p>\n<h2 style=\"text-align: justify;\"><span style=\"color: #000000;\">Propri\u00e9t\u00e9s cl\u00e9s de l&rsquo;Horny goat ?<\/span><\/h2>\n<p style=\"text-align: justify;\"><span style=\"color: #000000;\">L&rsquo;herbe de ch\u00e8vre corn\u00e9e est de plus en plus utilis\u00e9e comme suppl\u00e9ment \u00e0 des fins diverses. La m\u00e9decine traditionnelle chinoise l&rsquo;utilise comme <strong>aphrodisiaque, tonique et antirhumatismal<\/strong>.<\/span><\/p>\n<p><span style=\"color: #000000;\"><strong>Des effets qui ont un effet positif sur notre sant\u00e9 et notre corps :<\/strong><\/span><\/p>\n<p><span style=\"color: #000000;\"> \ud83d\udc9a Am\u00e9liore le fonctionnement des glandes sexuelles,<\/span><br \/>\n<span style=\"color: #000000;\"> \ud83d\udc9a am\u00e9liore la libido chez l&rsquo;homme et les troubles de l&rsquo;\u00e9rection,<\/span><br \/>\n<span style=\"color: #000000;\">\ud83d\udc9a aide \u00e0 traiter l&rsquo;impuissance et l&rsquo;infertilit\u00e9 masculine,<\/span><br \/>\n<span style=\"color: #000000;\"> \ud83d\udc9a utilis\u00e9 comme tonique pour le syst\u00e8me reproducteur,<\/span><br \/>\n<span style=\"color: #000000;\">\ud83d\udc9a augmente l&rsquo;\u00e9nergie et l&rsquo;endurance,<\/span><br \/>\n<span style=\"color: #000000;\">\ud83d\udc9a soulage les sympt\u00f4mes de la m\u00e9nopause,<\/span><br \/>\n<span style=\"color: #000000;\">\ud83d\udc9a r\u00e9gule le syst\u00e8me cardiovasculaire (flux sanguin),<\/span><br \/>\n<span style=\"color: #000000;\">\ud83d\udc9a am\u00e9liore la fonction immunitaire,<\/span><br \/>\n<span style=\"color: #000000;\">\ud83d\udc9asoulage les douleurs articulaires et l&rsquo;arthrite,<\/span><br \/>\n<span style=\"color: #000000;\">\ud83d\udc9a a des effets antibact\u00e9riens, antiviraux et anti-inflammatoires,<\/span><br \/>\n<span style=\"color: #000000;\">\ud83d\udc9a r\u00e9duit l&rsquo;anxi\u00e9t\u00e9 et la d\u00e9pression,<\/span><br \/>\n<span style=\"color: #000000;\">\ud83d\udc9a am\u00e9liore le m\u00e9tabolisme et le fonctionnement des organes.<\/span><\/p>\n<h2 style=\"text-align: justify;\"><span style=\"color: #000000;\">Produits biologiques produits biologiques produits biologiques produits biologiques produits biologiques produits biologiques produits biologiques produits biologiques<\/span><\/h2>\n<p style=\"text-align: justify;\"><span style=\"color: #000000;\">Conserver dans un endroit frais et sec \u00e0 une temp\u00e9rature maximale de 25 \u00b0C. Tenir hors de port\u00e9e des enfants !<\/span><\/p>\n<p style=\"text-align: justify;\"><span style=\"color: #000000;\">N&rsquo;oubliez pas l&rsquo;importance d&rsquo;une alimentation vari\u00e9e et d&rsquo;un mode de vie sain. Un compl\u00e9ment alimentaire ne peut donc pas se substituer \u00e0 une alimentation \u00e9quilibr\u00e9e et vari\u00e9e. La quantit\u00e9 ou la dose journali\u00e8re recommand\u00e9e ne doit pas \u00eatre d\u00e9pass\u00e9e.<\/span><\/p>\n<p style=\"text-align: justify;\"><span style=\"color: #000000;\">L&rsquo;utilisation est d\u00e9conseill\u00e9e aux femmes enceintes et aux m\u00e8res qui allaitent. L&rsquo;utilisation de ce produit est \u00e9galement d\u00e9conseill\u00e9e aux personnes qui prennent des m\u00e9dicaments anticoagulants. Les patients atteints de cancer sont \u00e9galement d\u00e9conseill\u00e9s. Il est recommand\u00e9 de consulter son m\u00e9decin pour plus d&rsquo;informations en cas de probl\u00e8mes de sant\u00e9.<\/span><\/p>\n<h2 style=\"text-align: justify;\"><span style=\"color: #000000;\">Emballage<\/span><\/h2>\n<p style=\"text-align: justify;\"><span style=\"color: #000000;\">Sachet zip-lock non perm\u00e9able, dans lequel le produit conserve toute sa fra\u00eecheur et son ar\u00f4me. L&#8217;emballage prot\u00e8ge le produit de la lumi\u00e8re et de l&rsquo;air, car il est compos\u00e9 de plusieurs couches de protection pour pr\u00e9server les propri\u00e9t\u00e9s du contenu.<\/span><\/p>\n<p style=\"text-align: justify;\"><span style=\"color: #000000;\">L&#8217;emballage est tr\u00e8s pratique et recyclable.<\/span><\/p>\n<h2 style=\"text-align: justify;\"><span style=\"color: #000000;\">L&rsquo;origine<\/span><\/h2>\n<p style=\"text-align: justify;\"><span style=\"color: #000000;\">Chine. <\/span><span style=\"color: #000000;\">Nous avons des fournisseurs tr\u00e8s fiables qui nous envoient une analyse chimique d\u00e9taill\u00e9e des aliments pour chaque lot. En plus de dix ans, nous n&rsquo;avons jamais eu de rappel ou d&rsquo;autre probl\u00e8me avec cet article, ni avec d&rsquo;autres articles du m\u00eame fournisseur.<\/span><\/p>\n<p>&nbsp;<\/p>\n","protected":false},"excerpt":{"rendered":"<p>L&rsquo;herbe de ch\u00e8vre corn\u00e9e, \u00e9galement connue sous le nom scientifique d&rsquo;Epimedium brevicornum, est utilis\u00e9e dans la m\u00e9decine traditionnelle chinoise depuis des mill\u00e9naires. Elle est utilis\u00e9e dans la m\u00e9decine traditionnelle chinoise depuis des mill\u00e9naires comme rem\u00e8de traditionnel pour un certain nombre de probl\u00e8mes, notamment les dysfonctionnements et la m\u00e9nopause, et est \u00e9galement consid\u00e9r\u00e9e comme un aphrodisiaque pour les hommes et les femmes.<\/p>\n<p><span style=\"color: #000000;\">\ud83d\udc9a Il est utilis\u00e9 comme tonique pour le syst\u00e8me reproducteur.<\/span><br \/>\n<span style=\"color: #000000;\">\ud83d\udc9a Il soulage les sympt\u00f4mes de la m\u00e9nopause.<\/span><br \/>\n<span style=\"color: #000000;\">\ud83d\udc9a Il contribue au traitement de l&rsquo;impuissance et de l&rsquo;infertilit\u00e9 masculine.<\/span><br \/>\n<span style=\"color: #000000;\">\ud83d\udc9a Il am\u00e9liore la libido chez les hommes et la dysfonction \u00e9rectile.<\/span><\/p>\n","protected":false},"featured_media":7238,"comment_status":"open","ping_status":"closed","template":"","meta":{"_acf_changed":false},"product_brand":[],"product_cat":[15,224,231,225],"product_tag":[],"class_list":{"0":"post-6960","1":"product","2":"type-product","3":"status-publish","4":"has-post-thumbnail","6":"product_cat-uncategorized","7":"product_cat-offre","8":"product_cat-superaliments","9":"product_cat-tous-les-produits","11":"first","12":"instock","13":"sale","14":"taxable","15":"shipping-taxable","16":"purchasable","17":"product-type-simple"},"acf":[],"_links":{"self":[{"href":"https:\/\/fengchashop.com\/be-fr\/wp-json\/wp\/v2\/product\/6960","targetHints":{"allow":["GET"]}}],"collection":[{"href":"https:\/\/fengchashop.com\/be-fr\/wp-json\/wp\/v2\/product"}],"about":[{"href":"https:\/\/fengchashop.com\/be-fr\/wp-json\/wp\/v2\/types\/product"}],"replies":[{"embeddable":true,"href":"https:\/\/fengchashop.com\/be-fr\/wp-json\/wp\/v2\/comments?post=6960"}],"wp:featuredmedia":[{"embeddable":true,"href":"https:\/\/fengchashop.com\/be-fr\/wp-json\/wp\/v2\/media\/7238"}],"wp:attachment":[{"href":"https:\/\/fengchashop.com\/be-fr\/wp-json\/wp\/v2\/media?parent=6960"}],"wp:term":[{"taxonomy":"product_brand","embeddable":true,"href":"https:\/\/fengchashop.com\/be-fr\/wp-json\/wp\/v2\/product_brand?post=6960"},{"taxonomy":"product_cat","embeddable":true,"href":"https:\/\/fengchashop.com\/be-fr\/wp-json\/wp\/v2\/product_cat?post=6960"},{"taxonomy":"product_tag","embeddable":true,"href":"https:\/\/fengchashop.com\/be-fr\/wp-json\/wp\/v2\/product_tag?post=6960"}],"curies":[{"name":"wp","href":"https:\/\/api.w.org\/{rel}","templated":true}]}}