{"id":6956,"date":"2024-07-04T08:57:00","date_gmt":"2024-07-04T06:57:00","guid":{"rendered":"https:\/\/fengchashop.com\/be-fr\/product\/ortie-bio-250-g\/"},"modified":"2025-09-10T13:03:41","modified_gmt":"2025-09-10T11:03:41","slug":"ortie-bio","status":"publish","type":"product","link":"https:\/\/fengchashop.com\/be-fr\/product\/ortie-bio\/","title":{"rendered":"Ortie BIO 250 g"},"content":{"rendered":"<h2 style=\"text-align: justify;\"><span style=\"color: #000000;\">Ortie BIO (Urtica dioica)<\/span><\/h2>\n<p style=\"text-align: justify;\"><span style=\"color: #000000;\">L&rsquo;ortie, ou Urtica dioica, est une plante herbac\u00e9e vivace que l&rsquo;on trouve dans le monde entier et qui est utilis\u00e9e depuis des si\u00e8cles dans diff\u00e9rents pays et cultures. Depuis des si\u00e8cles, les orties sont r\u00e9colt\u00e9es pour leurs propri\u00e9t\u00e9s nutritionnelles, consomm\u00e9es en tant que compl\u00e9ment alimentaire sauvage, appliqu\u00e9es localement sur la peau et bues sous forme de tisane.<\/span><\/p>\n<p style=\"text-align: justify;\"><span style=\"color: #000000;\">Les feuilles d&rsquo;ortie sont r\u00e9colt\u00e9es au printemps, lorsque la plante est m\u00fbre mais avant qu&rsquo;elle ne commence \u00e0 fleurir. Les feuilles sont lentement s\u00e9ch\u00e9es et r\u00e9duites en poudre fine.<\/span><\/p>\n<h2 style=\"text-align: justify;\"><span style=\"color: #000000;\">Principales propri\u00e9t\u00e9s de l&rsquo;ortie<\/span><\/h2>\n<p style=\"text-align: justify;\"><span style=\"color: #000000;\">L&rsquo;ortie est riche en antioxydants, en prot\u00e9ines et en fibres. L&rsquo;ortie est \u00e9galement reconnue comme un compl\u00e9ment alimentaire, fortement enrichi en calcium, fer, magn\u00e9sium et potassium. Elle contient \u00e9galement des vitamines A, C, K et surtout beaucoup de vitamine B.<\/span><\/p>\n<p style=\"text-align: justify;\"><span style=\"color: #000000;\">Dans la m\u00e9decine traditionnelle, l&rsquo;ortie est recommand\u00e9e dans les cures de printemps et les r\u00e9gimes de d\u00e9sintoxication et de purification, ainsi qu&rsquo;en cas de fatigue et d&rsquo;\u00e9puisement.<\/span><\/p>\n<p style=\"text-align: justify;\"><span style=\"color: #000000;\">La consommation d&rsquo;ortie favorise le bon fonctionnement des voies urinaires et agit comme un diur\u00e9tique l\u00e9ger, tout en contribuant \u00e0 la sant\u00e9 des voies respiratoires sup\u00e9rieures.<\/span><\/p>\n<h2 style=\"text-align: justify;\"><span style=\"color: #000000;\">Les effets de l&rsquo;ortie<\/span><\/h2>\n<p><span style=\"color: #000000;\"><strong>Des effets qui ont un effet positif sur notre sant\u00e9 et notre corps :<\/strong><\/span><\/p>\n<p><span style=\"color: #000000;\"> \ud83d\udc9a un puissant antioxydant,<\/span><br \/>\n<span style=\"color: #000000;\"> \ud83d\udc9a diur\u00e9tique,<\/span><br \/>\n<span style=\"color: #000000;\">\ud83d\udc9a aide \u00e0 la d\u00e9sintoxication et \u00e0 la purification,<\/span><br \/>\n<span style=\"color: #000000;\">\ud83d\udc9a stimule le fonctionnement des voies urinaires,<\/span><br \/>\n<span style=\"color: #000000;\">\ud83d\udc9a aide \u00e0 drainer l&rsquo;eau,<\/span><br \/>\n<span style=\"color: #000000;\"> \ud83d\udc9a anti-inflammatoire,<\/span><br \/>\n<span style=\"color: #000000;\">\ud83d\udc9a aide en cas de fatigue et de lassitude,<\/span><br \/>\n<span style=\"color: #000000;\">\ud83d\udc9a aide \u00e0 la sant\u00e9 des voies respiratoires sup\u00e9rieures,<\/span><br \/>\n<span style=\"color: #000000;\"> \ud83d\udc9a est riche en fibres,<\/span><br \/>\n<span style=\"color: #000000;\"> \ud83d\udc9a nettoie et hydrate la peau,<\/span><br \/>\n<span style=\"color: #000000;\">\ud83d\udc9a soulage les probl\u00e8mes de peau caus\u00e9s par l&rsquo;ecz\u00e9ma.<\/span><\/p>\n<h2 style=\"text-align: justify;\"><span style=\"color: #000000;\">Stockage et mises en garde<\/span><\/h2>\n<p style=\"text-align: justify;\"><span style=\"color: #000000;\">Conserver dans un endroit frais et sec \u00e0 une temp\u00e9rature maximale de 25 \u00b0C. \u00c9viter la lumi\u00e8re et la chaleur intenses. Tenir le compl\u00e9ment alimentaire hors de port\u00e9e des enfants !<\/span><br \/>\n<span style=\"color: #000000;\">N&rsquo;oubliez pas l&rsquo;importance d&rsquo;une alimentation vari\u00e9e et d&rsquo;un mode de vie sain. Un compl\u00e9ment alimentaire ne peut donc pas se substituer \u00e0 une alimentation \u00e9quilibr\u00e9e et vari\u00e9e. La quantit\u00e9 ou la dose journali\u00e8re recommand\u00e9e ne doit pas \u00eatre d\u00e9pass\u00e9e.<\/span><\/p>\n<h2 style=\"text-align: justify;\"><span style=\"color: #000000;\">Conditionnement<\/span><\/h2>\n<p style=\"text-align: justify;\"><span style=\"color: #000000;\">Sachet zip-lock imperm\u00e9able o\u00f9 le produit conserve toute sa fra\u00eecheur et son ar\u00f4me. L&#8217;emballage prot\u00e8ge de la lumi\u00e8re et de l&rsquo;air, car il est compos\u00e9 de plusieurs couches de protection qui pr\u00e9servent les propri\u00e9t\u00e9s du contenu.<\/span><\/p>\n<p style=\"text-align: justify;\"><span style=\"color: #000000;\">L&#8217;emballage est tr\u00e8s pratique et recyclable.<\/span><\/p>\n<h2 style=\"text-align: justify;\"><span style=\"color: #000000;\">Origine du produit<\/span><\/h2>\n<p style=\"text-align: justify;\"><span style=\"color: #000000;\">Bulgarie<\/span><\/p>\n","protected":false},"excerpt":{"rendered":"<p><span style=\"color: #000000;\">Les orties sont riches en antioxydants, en prot\u00e9ines et en fibres. L&rsquo;ortie est \u00e9galement reconnue comme un compl\u00e9ment alimentaire car elle est fortement enrichie en calcium, en fer, en magn\u00e9sium et en potassium. Elle contient \u00e9galement des vitamines A, C, K et surtout beaucoup de vitamine B. En m\u00e9decine traditionnelle, l&rsquo;ortie est recommand\u00e9e dans le cadre des cures de printemps et des r\u00e9gimes de d\u00e9sintoxication et de purification, ainsi qu&rsquo;en cas de fatigue et d&rsquo;\u00e9puisement.<\/span><\/p>\n<p><span style=\"color: #000000;\">\ud83d\udc9a Elle aide \u00e0 la d\u00e9sintoxication et \u00e0 la purification.<\/span><br \/>\n<span style=\"color: #000000;\"> \ud83d\udc9a Aide \u00e0 la sant\u00e9 des voies respiratoires sup\u00e9rieures.<\/span><br \/>\n<span style=\"color: #000000;\">\ud83d\udc9a Favorise l&rsquo;\u00e9limination de l&rsquo;eau.<\/span><br \/>\n<span style=\"color: #000000;\">\ud83d\udc9a Aide en cas de fatigue et d&rsquo;\u00e9puisement.<\/span><\/p>\n","protected":false},"featured_media":6957,"comment_status":"open","ping_status":"closed","template":"","meta":{"_acf_changed":false},"product_brand":[],"product_cat":[15,224,231,225],"product_tag":[],"class_list":{"0":"post-6956","1":"product","2":"type-product","3":"status-publish","4":"has-post-thumbnail","6":"product_cat-uncategorized","7":"product_cat-offre","8":"product_cat-superaliments","9":"product_cat-tous-les-produits","11":"first","12":"instock","13":"taxable","14":"shipping-taxable","15":"purchasable","16":"product-type-simple"},"acf":[],"_links":{"self":[{"href":"https:\/\/fengchashop.com\/be-fr\/wp-json\/wp\/v2\/product\/6956","targetHints":{"allow":["GET"]}}],"collection":[{"href":"https:\/\/fengchashop.com\/be-fr\/wp-json\/wp\/v2\/product"}],"about":[{"href":"https:\/\/fengchashop.com\/be-fr\/wp-json\/wp\/v2\/types\/product"}],"replies":[{"embeddable":true,"href":"https:\/\/fengchashop.com\/be-fr\/wp-json\/wp\/v2\/comments?post=6956"}],"wp:featuredmedia":[{"embeddable":true,"href":"https:\/\/fengchashop.com\/be-fr\/wp-json\/wp\/v2\/media\/6957"}],"wp:attachment":[{"href":"https:\/\/fengchashop.com\/be-fr\/wp-json\/wp\/v2\/media?parent=6956"}],"wp:term":[{"taxonomy":"product_brand","embeddable":true,"href":"https:\/\/fengchashop.com\/be-fr\/wp-json\/wp\/v2\/product_brand?post=6956"},{"taxonomy":"product_cat","embeddable":true,"href":"https:\/\/fengchashop.com\/be-fr\/wp-json\/wp\/v2\/product_cat?post=6956"},{"taxonomy":"product_tag","embeddable":true,"href":"https:\/\/fengchashop.com\/be-fr\/wp-json\/wp\/v2\/product_tag?post=6956"}],"curies":[{"name":"wp","href":"https:\/\/api.w.org\/{rel}","templated":true}]}}