{"id":6940,"date":"2022-10-01T08:26:55","date_gmt":"2022-10-01T06:26:55","guid":{"rendered":"https:\/\/fengchashop.com\/be-fr\/product\/shilajit-125-g\/"},"modified":"2026-04-18T00:56:29","modified_gmt":"2026-04-17T22:56:29","slug":"shilajit","status":"publish","type":"product","link":"https:\/\/fengchashop.com\/be-fr\/product\/shilajit\/","title":{"rendered":"Shilajit 125 g"},"content":{"rendered":"<h2 style=\"text-align: justify\"><span style=\"color: #000000\">Shilajit (Mumio)<\/span><\/h2>\n<p style=\"text-align: justify\"><span style=\"color: #000000\">Shijalit est un compl\u00e9ment alimentaire.<\/span><\/p>\n<p style=\"text-align: justify\"><span style=\"color: #000000\">Le Shilajit, ou <strong>Mumio<\/strong>, est une <strong>substance organique riche en min\u00e9raux<\/strong> qui s&rsquo;\u00e9coule pendant les mois d&rsquo;\u00e9t\u00e9 \u00e0 <strong>travers les falaises et les crevasses entre les rochers des hautes montagnes<\/strong> du nord-est de l&rsquo;Inde et d&rsquo;autres parties de l&rsquo;Asie et du sud-est de l&rsquo;Himalaya. Le shilajit est une <strong>r\u00e9sine de montagne<\/strong> dont on pense qu&rsquo;elle s&rsquo;est form\u00e9e il y a plus de 50 millions d&rsquo;ann\u00e9es lorsque l&rsquo;Asie est entr\u00e9e en collision avec le continent indien. Il est \u00e9galement connu sous le nom de r\u00e9sine min\u00e9rale. Le shilajit est utilis\u00e9 par les habitants du sud-est de l&rsquo;Himalaya depuis des milliers d&rsquo;ann\u00e9es. La r\u00e9sine de montagne se pr\u00e9sente sous diff\u00e9rentes teintes : or, argent, cuivre et noir, qui est la couleur la plus couramment utilis\u00e9e dans la m\u00e9decine ayurv\u00e9dique.<\/span><\/p>\n<h2 style=\"text-align: justify\"><span style=\"color: #000000\">Comment obtient-on le shilajit ?<\/span><\/h2>\n<p style=\"text-align: justify\"><span style=\"color: #000000\">Le shilajit est utilis\u00e9 dans la m\u00e9decine ayurv\u00e9dique <strong>depuis plus de 3000 ans<\/strong> comme rem\u00e8de \u00e0 divers probl\u00e8mes de sant\u00e9. La r\u00e9sine de shilajit est compos\u00e9e <strong>de diverses r\u00e9sines, de s\u00e9diments et d&rsquo;autres mat\u00e9riaux<\/strong> recueillis dans des montagnes situ\u00e9es \u00e0 3000 m d&rsquo;altitude, voire plus.<\/span><\/p>\n<p style=\"text-align: justify\"><span style=\"color: #000000\">Le processus d&rsquo;extraction du shilajit est tr\u00e8s exigeant, car apr\u00e8s avoir \u00e9t\u00e9 collect\u00e9, il est d&rsquo;abord <strong>purifi\u00e9 par des proc\u00e9d\u00e9s organiques<\/strong>, puis extrait par extrusion pour obtenir un <strong>extrait concentr\u00e9 de haute qualit\u00e9<\/strong>. Le shilajit est extrait selon une m\u00e9thode sp\u00e9ciale qui <strong>pr\u00e9serve la composition naturelle et la puret\u00e9 du shilajit<\/strong>. En outre, les <strong>nutriments cl\u00e9s sont<\/strong> pr\u00e9serv\u00e9s et son \u00e9nergie n&rsquo;est pas perdue. La r\u00e9sine utilis\u00e9e comme compl\u00e9ment alimentaire est l&rsquo;une des meilleures, car elle est soumise \u00e0 un <strong>processus de purification rigoureux pour garantir qu&rsquo;elle est propre \u00e0 la consommation<\/strong>.<\/span><\/p>\n<h2 style=\"text-align: justify\"><span style=\"color: #000000\">Quelles sont les principales propri\u00e9t\u00e9s du shilajit ?<\/span><\/h2>\n<p style=\"text-align: justify\"><span style=\"color: #000000\">Le shilajit est fabriqu\u00e9 \u00e0 partir d&rsquo;une substance naturelle, l&rsquo;humus, qui se forme lorsque des micro-organismes d\u00e9composent les d\u00e9chets v\u00e9g\u00e9taux et animaux. Le shilajit a des effets b\u00e9n\u00e9fiques sur notre corps et notre sant\u00e9.<\/span><\/p>\n<p style=\"text-align: justify\"><span style=\"color: #000000\"><em><strong>Des effets qui ont un effet positif sur notre sant\u00e9 et notre corps :<\/strong><\/em><\/span><\/p>\n<p><span style=\"color: #000000\"> \ud83d\udc9a Favorise les fonctions mentales et cognitives.<\/span><\/p>\n<p><span style=\"color: #000000\"> \ud83d\udc9a Favorise la fonction sexuelle chez les hommes et les femmes.<\/span><\/p>\n<p><span style=\"color: #000000\"> \ud83d\udc9a Favorise le m\u00e9tabolisme des graisses.<\/span><\/p>\n<p><span style=\"color: #000000\"> \ud83d\udc9a Favorise le m\u00e9tabolisme des sucres.<\/span><\/p>\n<p><span style=\"color: #000000\"> \ud83d\udc9a Contribue \u00e0 normaliser le poids corporel.<\/span><\/p>\n<p><span style=\"color: #000000\"> \ud83d\udc9a Contribue \u00e0 maintenir la sant\u00e9 des voies urinaires.<\/span><\/p>\n<p><span style=\"color: #000000\"> \ud83d\udc9a Contribue \u00e0 maintenir la sant\u00e9 de la prostate.<\/span><\/p>\n<p><span style=\"color: #000000\"> \ud83d\udc9a Aide \u00e0 maintenir l&rsquo;\u00e9quilibre et le confort du cycle menstruel.<\/span><\/p>\n<h2 style=\"text-align: justify\"><span style=\"color: #000000\">Stockage et avertissements<\/span><\/h2>\n<p style=\"text-align: justify\"><span style=\"color: #000000\">Conserver dans un endroit frais et sec \u00e0 une temp\u00e9rature maximale de 25 \u00b0C. Tenir le compl\u00e9ment alimentaire hors de port\u00e9e des enfants !<\/span><\/p>\n<p style=\"text-align: justify\"><span style=\"color: #000000\">N&rsquo;oubliez pas l&rsquo;importance d&rsquo;une alimentation vari\u00e9e et d&rsquo;un mode de vie sain, un compl\u00e9ment alimentaire ne peut donc pas se substituer \u00e0 une alimentation \u00e9quilibr\u00e9e et vari\u00e9e. La quantit\u00e9 ou la dose journali\u00e8re recommand\u00e9e ne doit pas \u00eatre d\u00e9pass\u00e9e. Il est d\u00e9conseill\u00e9 aux femmes enceintes et \u00e0 celles qui allaitent d&rsquo;utiliser ce produit.<\/span><\/p>\n<p style=\"text-align: justify\"><span style=\"color: #000000\">R\u00e9duire l&rsquo;utilisation du shilajit en cas d&rsquo;effets secondaires n\u00e9gatifs. Buvez plus d&rsquo;eau.<\/span><\/p>\n<p style=\"text-align: justify\"><span style=\"color: #000000\">Le shilajit \u00e9tant un compos\u00e9 enrichi en min\u00e9raux, il existe un risque de surcharge toxique due \u00e0 des min\u00e9raux tels que le fer, en particulier si vous prenez \u00e9galement des compl\u00e9ments contenant certains de ces min\u00e9raux. Il est donc toujours conseill\u00e9 de consulter votre m\u00e9decin pour plus d&rsquo;informations.<\/span><\/p>\n<h2 style=\"text-align: justify\"><span style=\"color: #000000\">Emballage<\/span><\/h2>\n<p style=\"text-align: justify\"><span style=\"color: #000000\">Sachet zip-lock non perm\u00e9able dans lequel le produit conserve toute sa fra\u00eecheur et son ar\u00f4me. L&#8217;emballage prot\u00e8ge le produit de la lumi\u00e8re et de l&rsquo;air, car il est constitu\u00e9 de plusieurs couches de protection afin de pr\u00e9server les propri\u00e9t\u00e9s du contenu.<\/span><\/p>\n<p style=\"text-align: justify\"><span style=\"color: #000000\">L&#8217;emballage est tr\u00e8s pratique et recyclable.<\/span><\/p>\n<h2 style=\"text-align: justify\"><span style=\"color: #000000\">L&rsquo;origine<\/span><\/h2>\n<p style=\"text-align: justify\"><span style=\"color: #000000\">Inde<\/span><\/p>\n","protected":false},"excerpt":{"rendered":"<p style=\"text-align: justify\"><span style=\"color: #000000\">Le Shilajit, ou Mumio, est une mati\u00e8re organique riche en min\u00e9raux qui s&rsquo;\u00e9coule pendant les mois d&rsquo;\u00e9t\u00e9 \u00e0 travers les falaises et les crevasses entre les rochers des hautes montagnes du nord-est de l&rsquo;Inde et d&rsquo;autres parties de l&rsquo;Asie et du sud-est de l&rsquo;Himalaya. Le shilajit est une r\u00e9sine de montagne dont on pense qu&rsquo;elle s&rsquo;est form\u00e9e il y a plus de 50 millions d&rsquo;ann\u00e9es lorsque l&rsquo;Asie est entr\u00e9e en collision avec le continent indien. Il est \u00e9galement connu sous le nom de r\u00e9sine min\u00e9rale. Le shilajit est utilis\u00e9 par les habitants du sud-est de l&rsquo;Himalaya depuis des milliers d&rsquo;ann\u00e9es. <\/span><span style=\"color: #000000\"><em>Des effets qui ont un effet positif sur notre sant\u00e9 et notre corps :<\/em><\/span><\/p>\n<p><span style=\"color: #000000\"> \ud83d\udc9a Favorise les fonctions mentales et cognitives.<\/span><\/p>\n<p><span style=\"color: #000000\"> \ud83d\udc9a Favorise la fonction sexuelle chez les hommes et les femmes.<\/span><\/p>\n<p><span style=\"color: #000000\"> \ud83d\udc9a Favorise le m\u00e9tabolisme des graisses et<\/span><span style=\"color: #000000\"> favorise le m\u00e9tabolisme des graisses et des sucres.<\/span><\/p>\n<p><span style=\"color: #000000\"> \ud83d\udc9a Contribue \u00e0 normaliser le poids corporel.<\/span><\/p>\n<p><span style=\"color: #000000\"> \ud83d\udc9a Aide \u00e0 maintenir la sant\u00e9 des voies urinaires.<\/span><\/p>\n<p><span style=\"color: #000000\"> \ud83d\udc9a Aide \u00e0 maintenir la sant\u00e9 de la prostate.<\/span><\/p>\n<p><span style=\"color: #000000\"> \ud83d\udc9a Aide \u00e0 maintenir l&rsquo;\u00e9quilibre et le confort du cycle menstruel.<\/span><\/p>\n","protected":false},"featured_media":6941,"comment_status":"open","ping_status":"closed","template":"","meta":{"_acf_changed":false},"product_brand":[],"product_cat":[15,194,224,231,225],"product_tag":[],"class_list":{"0":"post-6940","1":"product","2":"type-product","3":"status-publish","4":"has-post-thumbnail","6":"product_cat-uncategorized","7":"product_cat-ayurveda","8":"product_cat-offre","9":"product_cat-superaliments","10":"product_cat-tous-les-produits","12":"first","13":"instock","14":"sale","15":"taxable","16":"shipping-taxable","17":"purchasable","18":"product-type-simple"},"acf":[],"_links":{"self":[{"href":"https:\/\/fengchashop.com\/be-fr\/wp-json\/wp\/v2\/product\/6940","targetHints":{"allow":["GET"]}}],"collection":[{"href":"https:\/\/fengchashop.com\/be-fr\/wp-json\/wp\/v2\/product"}],"about":[{"href":"https:\/\/fengchashop.com\/be-fr\/wp-json\/wp\/v2\/types\/product"}],"replies":[{"embeddable":true,"href":"https:\/\/fengchashop.com\/be-fr\/wp-json\/wp\/v2\/comments?post=6940"}],"wp:featuredmedia":[{"embeddable":true,"href":"https:\/\/fengchashop.com\/be-fr\/wp-json\/wp\/v2\/media\/6941"}],"wp:attachment":[{"href":"https:\/\/fengchashop.com\/be-fr\/wp-json\/wp\/v2\/media?parent=6940"}],"wp:term":[{"taxonomy":"product_brand","embeddable":true,"href":"https:\/\/fengchashop.com\/be-fr\/wp-json\/wp\/v2\/product_brand?post=6940"},{"taxonomy":"product_cat","embeddable":true,"href":"https:\/\/fengchashop.com\/be-fr\/wp-json\/wp\/v2\/product_cat?post=6940"},{"taxonomy":"product_tag","embeddable":true,"href":"https:\/\/fengchashop.com\/be-fr\/wp-json\/wp\/v2\/product_tag?post=6940"}],"curies":[{"name":"wp","href":"https:\/\/api.w.org\/{rel}","templated":true}]}}