{"id":6921,"date":"2022-06-15T09:02:24","date_gmt":"2022-06-15T07:02:24","guid":{"rendered":"https:\/\/fengchashop.com\/be-fr\/product\/igname-sauvage-250-g\/"},"modified":"2026-04-30T16:47:12","modified_gmt":"2026-04-30T14:47:12","slug":"igname-sauvage","status":"publish","type":"product","link":"https:\/\/fengchashop.com\/be-fr\/product\/igname-sauvage\/","title":{"rendered":"Igname sauvage 250 g"},"content":{"rendered":"<h2><span style=\"color: #000000\">Poudre d&rsquo;igname sauvage<\/span><\/h2>\n<p style=\"text-align: justify\"><span style=\"color: #000000\">L&rsquo;igname sauvage<em>(Dioscorea polystachya<\/em>) est une grande plante grimpante originaire d&rsquo;Am\u00e9rique centrale. Elle poss\u00e8de de belles feuilles vertes en forme de c\u0153ur et son secret r\u00e9side dans sa racine allong\u00e9e avec une partie charnue blanche distincte. On l&rsquo;appelle aussi parfois igname sauvage mexicaine ou <strong>dioscorea<\/strong>.<\/span><\/p>\n<p style=\"text-align: justify\"><span style=\"color: #000000\">Il a \u00e9t\u00e9 d\u00e9montr\u00e9 qu&rsquo;elle r\u00e9gule les d\u00e9s\u00e9quilibres hormonaux de la progest\u00e9rone et de l&rsquo;\u0153strog\u00e8ne chez les hommes et les femmes. Par cons\u00e9quent, elle peut \u00e9galement aider \u00e0 r\u00e9soudre les probl\u00e8mes de foie, les douleurs menstruelles, les probl\u00e8mes m\u00e9taboliques et thyro\u00efdiens, le cholest\u00e9rol et le taux de sucre dans le sang.<\/span><\/p>\n<p style=\"text-align: justify\"><span style=\"color: #000000\">Les ignames sauvages contiennent une substance semblable aux \u0153strog\u00e8nes (phytoestrog\u00e8ne) appel\u00e9e <strong>diosg\u00e9nine<\/strong>. Il s&rsquo;agit d&rsquo;un ingr\u00e9dient enti\u00e8rement naturel qui peut compenser les d\u00e9ficiences hormonales de l&rsquo;organisme. La carence en progest\u00e9rone survient le plus souvent apr\u00e8s l&rsquo;\u00e2ge de 30 ans ou plus tard, au moment de la m\u00e9nopause, et peut \u00e9galement \u00eatre \u00e0 l&rsquo;origine d&rsquo;une m\u00e9nopause pr\u00e9coce.<\/span><\/p>\n<p style=\"text-align: justify\"><span style=\"color: #000000\">La diosg\u00e9nine est chimiquement tr\u00e8s proche du cholest\u00e9rol, de la progest\u00e9rone et de l&rsquo;hormone DHEA. Elle <strong>imite l&rsquo;activit\u00e9 de l&rsquo;hormone progest\u00e9rone<\/strong> dans l&rsquo;organisme <strong>et a un effet positif sur l&rsquo;\u00e9quilibre hormonal<\/strong>.<\/span><\/p>\n<p style=\"text-align: justify\"><span style=\"color: #000000\">L&rsquo;igname sauvage est populaire dans notre pays depuis de nombreuses ann\u00e9es sous forme de comprim\u00e9s et de cr\u00e8mes. Il s&rsquo;agit d&rsquo;une pratique courante en herboristerie, car son effet positif sur l&rsquo;\u00e9quilibre hormonal a \u00e9galement \u00e9t\u00e9 confirm\u00e9 scientifiquement.<\/span><\/p>\n<h2><span style=\"color: #000000\">Qui est recommand\u00e9 de prendre<\/span><\/h2>\n<p><span style=\"color: #000000\">Aujourd&rsquo;hui, l&rsquo;igname sauvage est surtout utilis\u00e9e en cas d&rsquo;<strong> inflammations de<\/strong> toutes sortes<strong>, de crampes musculaires, d&rsquo;irritabilit\u00e9 et de manque d&rsquo;\u00e9nergie<\/strong>. Les femmes l&rsquo;utilisent le plus souvent en cas de r\u00e8gles douloureuses et de syndrome pr\u00e9menstruel, ainsi que pour les probl\u00e8mes courants qui surviennent lors de la transition et de la m\u00e9nopause.<\/span><\/p>\n<p><span style=\"color: #000000\">Dans le pass\u00e9, il a \u00e9galement \u00e9t\u00e9 utilis\u00e9 pour traiter les indigestions. Il s&rsquo;agit notamment de l&rsquo;inflammation de la v\u00e9sicule biliaire et du syndrome du c\u00f4lon irritable. On pense \u00e9galement qu&rsquo;il aide \u00e0 r\u00e9soudre les probl\u00e8mes li\u00e9s aux voies urinaires.<\/span><\/p>\n<h2><span style=\"color: #000000\">Quels sont les avantages de la prise d&rsquo;yogourt sauvage ?<\/span><\/h2>\n<p style=\"text-align: justify\"><span style=\"color: #000000\">En plus de ce qui pr\u00e9c\u00e8de, l&rsquo;igname sauvage poss\u00e8de \u00e9galement :<\/span><\/p>\n<p><span style=\"color: #000000\"> \ud83d\udc9a Un compl\u00e9ment alimentaire appr\u00e9ci\u00e9 des femmes m\u00e9nopaus\u00e9es (bouff\u00e9es de chaleur, fatigue, anxi\u00e9t\u00e9) et des femmes qui ont des probl\u00e8mes de syndrome pr\u00e9menstruel (irritabilit\u00e9 et fortes douleurs).<\/span><br \/>\n<span style=\"color: #000000\">\ud83d\udc9a Pendant le cycle menstruel, il att\u00e9nue les saignements abondants.<\/span><br \/>\n<span style=\"color: #000000\"> \ud83d\udc9a Elle est aussi souvent utilis\u00e9e comme aide pour les troubles auto-immuns.<\/span><br \/>\n<span style=\"color: #000000\"> \ud83d\udc9a Les d\u00e9s\u00e9quilibres hormonaux entra\u00eenant \u00e9galement une s\u00e9cheresse de la peau et des cheveux, des ongles cassants et de la cellulite, ce sont surtout les femmes qui le prennent pour ces probl\u00e8mes.<\/span><br \/>\n<span style=\"color: #000000\"> \ud83d\udc9a L&rsquo;igname sauvage contient des substances hormonales qui se comportent comme la progest\u00e9rone dans l&rsquo;organisme ; celle-ci commence \u00e0 diminuer fortement chez toutes les femmes apr\u00e8s l&rsquo;\u00e2ge de 30 ans. Les sympt\u00f4mes d&rsquo;une carence en progest\u00e9rone commencent \u00e0 appara\u00eetre, comme une baisse de la libido, une prise de poids et des probl\u00e8mes psychologiques, notamment la d\u00e9pression.<\/span><br \/>\n<span style=\"color: #000000\">\ud83d\udc9a La progest\u00e9rone a un effet b\u00e9n\u00e9fique sur l&rsquo;inflammation, l&rsquo;arthrite et d&rsquo;autres maladies rhumatismales ainsi que sur les allergies.<\/span><\/p>\n<h2><span style=\"color: #000000\">Stockage et avertissements<\/span><\/h2>\n<p style=\"text-align: justify\"><span style=\"color: #000000\">Conserver dans un endroit frais et sec \u00e0 une temp\u00e9rature maximale de 25 \u00b0C. Tenir le compl\u00e9ment alimentaire hors de port\u00e9e des enfants !<\/span><\/p>\n<p style=\"text-align: justify\"><span style=\"color: #000000\">N&rsquo;oubliez pas l&rsquo;importance d&rsquo;une alimentation vari\u00e9e et d&rsquo;un mode de vie sain. Un compl\u00e9ment alimentaire ne peut donc pas se substituer \u00e0 une alimentation \u00e9quilibr\u00e9e et vari\u00e9e. La quantit\u00e9 ou la dose journali\u00e8re recommand\u00e9e ne doit pas \u00eatre d\u00e9pass\u00e9e. L&rsquo;igname sauvage ne convient pas aux femmes enceintes, aux femmes qui allaitent et aux enfants. Elle est \u00e9galement d\u00e9conseill\u00e9e aux femmes souffrant de maladies hormonales telles que l&rsquo;endom\u00e9triose, le cancer des ovaires, du sein ou de l&rsquo;ut\u00e9rus, etc. Elle est \u00e9galement d\u00e9conseill\u00e9e aux hommes souffrant d&rsquo;un cancer de la prostate.<\/span><\/p>\n<h2><span style=\"color: #000000\">Conditionnement<\/span><\/h2>\n<p style=\"text-align: justify\"><span style=\"color: #000000\">Sachet zipp\u00e9 non perm\u00e9able o\u00f9 le produit conserve toute sa fra\u00eecheur et son ar\u00f4me. L&#8217;emballage prot\u00e8ge le produit de la lumi\u00e8re et de l&rsquo;air, car il est compos\u00e9 de plusieurs couches de protection pour pr\u00e9server les propri\u00e9t\u00e9s du contenu.<\/span><\/p>\n<p style=\"text-align: justify\"><span style=\"color: #000000\">L&#8217;emballage est tr\u00e8s pratique et recyclable.<\/span><\/p>\n<h2><span style=\"color: #000000\">Origine<\/span><\/h2>\n<p style=\"text-align: justify\"><span style=\"color: #000000\">Chine. Nous avons des fournisseurs tr\u00e8s fiables qui nous envoient une analyse chimique d\u00e9taill\u00e9e de la denr\u00e9e alimentaire pour chaque lot. En plus de dix ans, nous n&rsquo;avons eu aucun rappel ou autre probl\u00e8me avec cet article, ni avec d&rsquo;autres articles du m\u00eame fournisseur.<\/span><\/p>\n","protected":false},"excerpt":{"rendered":"<p>Il a \u00e9t\u00e9 d\u00e9montr\u00e9 qu&rsquo;il r\u00e9gulait les d\u00e9s\u00e9quilibres hormonaux de la progest\u00e9rone et de l&rsquo;\u0153strog\u00e8ne chez les hommes et les femmes. Par cons\u00e9quent, elle peut \u00e9galement aider \u00e0 r\u00e9soudre les probl\u00e8mes de foie, les douleurs menstruelles, les probl\u00e8mes m\u00e9taboliques et thyro\u00efdiens, le cholest\u00e9rol et le taux de sucre dans le sang. Les ignames sauvages contiennent une substance semblable aux \u0153strog\u00e8nes (phytoestrog\u00e8ne) appel\u00e9e diosg\u00e9nine. Il s&rsquo;agit d&rsquo;un ingr\u00e9dient enti\u00e8rement naturel qui peut compenser les d\u00e9ficiences hormonales de l&rsquo;organisme. La carence en progest\u00e9rone survient le plus souvent apr\u00e8s l&rsquo;\u00e2ge de 30 ans ou plus tard, au moment de la m\u00e9nopause, et peut \u00e9galement \u00eatre \u00e0 l&rsquo;origine d&rsquo;une m\u00e9nopause pr\u00e9matur\u00e9e.<\/p>\n<p><span style=\"color: #000000\">\ud83d\udc9a <\/span>Anti-inflammatoire.<br \/>\n<span style=\"color: #000000\">\ud83d\udc9a <\/span>Pour les femmes m\u00e9nopaus\u00e9es et les femmes qui ont des probl\u00e8mes de syndrome pr\u00e9menstruel .<br \/>\n<span style=\"color: #000000\">\ud83d\udc9a <\/span>Soulage les probl\u00e8mes menstruels.<\/p>\n","protected":false},"featured_media":6922,"comment_status":"open","ping_status":"closed","template":"","meta":{"_acf_changed":false},"product_brand":[],"product_cat":[15,224,231,225],"product_tag":[],"class_list":{"0":"post-6921","1":"product","2":"type-product","3":"status-publish","4":"has-post-thumbnail","6":"product_cat-uncategorized","7":"product_cat-offre","8":"product_cat-superaliments","9":"product_cat-tous-les-produits","11":"first","12":"instock","13":"sale","14":"taxable","15":"shipping-taxable","16":"purchasable","17":"product-type-simple"},"acf":[],"_links":{"self":[{"href":"https:\/\/fengchashop.com\/be-fr\/wp-json\/wp\/v2\/product\/6921","targetHints":{"allow":["GET"]}}],"collection":[{"href":"https:\/\/fengchashop.com\/be-fr\/wp-json\/wp\/v2\/product"}],"about":[{"href":"https:\/\/fengchashop.com\/be-fr\/wp-json\/wp\/v2\/types\/product"}],"replies":[{"embeddable":true,"href":"https:\/\/fengchashop.com\/be-fr\/wp-json\/wp\/v2\/comments?post=6921"}],"wp:featuredmedia":[{"embeddable":true,"href":"https:\/\/fengchashop.com\/be-fr\/wp-json\/wp\/v2\/media\/6922"}],"wp:attachment":[{"href":"https:\/\/fengchashop.com\/be-fr\/wp-json\/wp\/v2\/media?parent=6921"}],"wp:term":[{"taxonomy":"product_brand","embeddable":true,"href":"https:\/\/fengchashop.com\/be-fr\/wp-json\/wp\/v2\/product_brand?post=6921"},{"taxonomy":"product_cat","embeddable":true,"href":"https:\/\/fengchashop.com\/be-fr\/wp-json\/wp\/v2\/product_cat?post=6921"},{"taxonomy":"product_tag","embeddable":true,"href":"https:\/\/fengchashop.com\/be-fr\/wp-json\/wp\/v2\/product_tag?post=6921"}],"curies":[{"name":"wp","href":"https:\/\/api.w.org\/{rel}","templated":true}]}}