{"id":6911,"date":"2024-07-04T08:55:00","date_gmt":"2024-07-04T06:55:00","guid":{"rendered":"https:\/\/fengchashop.com\/be-fr\/product\/conseils-sur-les-gouttes-de-bach\/"},"modified":"2026-01-28T09:35:41","modified_gmt":"2026-01-28T08:35:41","slug":"conseils-sur-les-gouttes-de-bach","status":"publish","type":"product","link":"https:\/\/fengchashop.com\/be-fr\/product\/conseils-sur-les-gouttes-de-bach\/","title":{"rendered":"Fleur de Bach Gouttes Conseil"},"content":{"rendered":"<h2 style=\"text-align: justify;\"><span style=\"color: #000000;\">Gouttes de Bach &#8211; conseils individuels<\/span><\/h2>\n<p style=\"text-align: justify;\"><span style=\"color: #000000;\">Voulez-vous prendre le contr\u00f4le de vos \u00e9motions, trouver l&rsquo;harmonie et la paix int\u00e9rieure ? Si vous avez r\u00e9pondu oui au moins une fois, la th\u00e9rapie par les fleurs de Bach peut \u00eatre la solution \u00e0 vos probl\u00e8mes. <\/span><\/p>\n<p style=\"text-align: justify;\"><span style=\"color: #000000;\"><strong>Veuillez nous envoyer une br\u00e8ve description du probl\u00e8me que vous souhaitez r\u00e9soudre.<\/strong><\/span><\/p>\n<p style=\"text-align: justify;\"><span style=\"color: #000000;\">Dans les ann\u00e9es 1930, le Dr Edvard Bach, m\u00e9decin et hom\u00e9opathe, a d\u00e9couvert 38 essences de fleurs pour des \u00e9tats \u00e9motionnels sp\u00e9cifiques. Les gouttes de Bach agissent efficacement sur les diff\u00e9rents troubles \u00e9motionnels de l&rsquo;individu. Elles sont <strong>sans effets secondaires<\/strong> et faciles \u00e0 utiliser. Elles aident \u00e0 surmonter les crises et les situations difficiles de la vie.<\/span><\/p>\n<p style=\"text-align: justify;\"><span style=\"color: #000000;\">Elles conviennent \u00e0 toutes les personnes (femmes enceintes, personnes \u00e2g\u00e9es, enfants, etc.) et aux animaux. Ils n&rsquo;ont pas d&rsquo;effets secondaires, ne peuvent pas \u00eatre surdos\u00e9s et ne cr\u00e9ent pas de d\u00e9pendance. <\/span><\/p>\n<p style=\"text-align: justify;\"><span style=\"color: #000000;\">Les premiers r\u00e9sultats peuvent \u00eatre observ\u00e9s apr\u00e8s quelques jours ou semaines, cela d\u00e9pend de chaque individu.<\/span><\/p>\n<p style=\"text-align: justify;\"><span style=\"color: #000000;\">Elles n&rsquo;interf\u00e8rent pas avec d&rsquo;autres m\u00e9dicaments.<\/span><\/p>\n<p style=\"text-align: justify;\"><span style=\"color: #000000;\">Avec l&rsquo;aide des gouttes de Bach, nous prenons le contr\u00f4le de nos \u00e9motions, nous trouvons l&rsquo;harmonie et la paix int\u00e9rieure. Les gouttes de Bach sont pr\u00e9par\u00e9es selon la m\u00e9thode du Dr Bach, en utilisant<b> uniquement<\/b> des<b> essences originales de Bach<\/b>.<\/span><\/p>\n<p style=\"text-align: justify;\"><span style=\"color: #000000;\"><strong>Le prix de 19,00 \u20ac comprend d\u00e9j\u00e0 les gouttes personnalis\u00e9es.<\/strong> Si vous souhaitez recevoir le m\u00eame m\u00e9lange \u00e0 l&rsquo;avenir, veuillez s\u00e9lectionner vos <a style=\"color: #000000;\" href=\"http:\/\/www.fengcha.si\/index.php\/bachove-kapljice.html\" target=\"_self\" rel=\"noopener\">gouttes de Bach<\/a> personnalis\u00e9es avec la mention \u00ab\u00a0Je souhaite le m\u00eame m\u00e9lange\u00a0\u00bb.<\/span><\/p>\n<h2 style=\"text-align: justify;\"><span style=\"color: #000000;\">Choix des gouttes<\/span><\/h2>\n<p style=\"text-align: justify;\"><span style=\"color: #000000;\">Votre m\u00e9lange sp\u00e9cial sera pr\u00e9par\u00e9 par un conseiller Bach certifi\u00e9 selon la description que vous nous aurez envoy\u00e9e. Envoyez-nous un e-mail (info@fengcha.si) ou remplissez la case ci-dessus et ajoutez l&rsquo;article \u00e0 votre panier. Apr\u00e8s avoir pass\u00e9 votre commande, nous pr\u00e9parerons votre m\u00e9lange personnalis\u00e9.<\/span><br \/>\n<span style=\"color: #000000;\">Les gouttes sont pr\u00e9par\u00e9es<strong> manuellement et \u00e0 temps le jour de l&rsquo;envoi<\/strong>.<\/span><\/p>\n<h2 style=\"text-align: justify;\"><span style=\"color: #000000;\">Conservation<\/span><\/h2>\n<p style=\"text-align: justify;\"><span style=\"color: #000000;\">Conserver dans un endroit sec et sombre \u00e0 une temp\u00e9rature allant jusqu&rsquo;\u00e0 +25 \u00b0C.<\/span><\/p>\n<h2 style=\"text-align: justify;\"><span style=\"color: #000000;\">Quantit\u00e9<\/span><\/h2>\n<p style=\"text-align: justify;\"><span style=\"color: #000000;\">30 ml (suffisant pour 30 jours d&rsquo;utilisation r\u00e9guli\u00e8re)<\/span><\/p>\n","protected":false},"excerpt":{"rendered":"<p>Les gouttes de Bach sont efficaces contre divers troubles \u00e9motionnels. Elles aident \u00e0 surmonter les crises et les situations difficiles de la vie. Elles aident \u00e0 se calmer et \u00e0 garder la t\u00eate froide. Elles agissent sur notre \u00e9tat \u00e9motionnel et aident \u00e0 l&rsquo;harmoniser.<\/p>\n<p>\ud83d\udc9a Les gouttes sont emball\u00e9es \u00e0 la main, le jour de l&rsquo;exp\u00e9dition.<br \/>\n\ud83d\udc9a Elles conviennent \u00e0 toutes les personnes (femmes enceintes, personnes \u00e2g\u00e9es, enfants,&#8230;) et aux animaux.<br \/>\n\ud83d\udc9a Ils n&rsquo;ont pas d&rsquo;effets secondaires, ne cr\u00e9ent pas de d\u00e9pendance et ne peuvent pas \u00eatre surdos\u00e9s.<br \/>\n\ud83d\udc9a Les premiers r\u00e9sultats peuvent se faire sentir apr\u00e8s quelques jours ou semaines, cela d\u00e9pend de chaque individu.<br \/>\n\ud83d\udc9a Ils n&rsquo;interagissent pas avec d&rsquo;autres m\u00e9dicaments.<\/p>\n","protected":false},"featured_media":6889,"comment_status":"open","ping_status":"closed","template":"","meta":{"_acf_changed":false},"product_brand":[],"product_cat":[15,243,224,225],"product_tag":[],"class_list":{"0":"post-6911","1":"product","2":"type-product","3":"status-publish","4":"has-post-thumbnail","6":"product_cat-uncategorized","7":"product_cat-fleurs-de-bach","8":"product_cat-offre","9":"product_cat-tous-les-produits","11":"first","12":"instock","13":"taxable","14":"shipping-taxable","15":"purchasable","16":"product-type-simple"},"acf":[],"_links":{"self":[{"href":"https:\/\/fengchashop.com\/be-fr\/wp-json\/wp\/v2\/product\/6911","targetHints":{"allow":["GET"]}}],"collection":[{"href":"https:\/\/fengchashop.com\/be-fr\/wp-json\/wp\/v2\/product"}],"about":[{"href":"https:\/\/fengchashop.com\/be-fr\/wp-json\/wp\/v2\/types\/product"}],"replies":[{"embeddable":true,"href":"https:\/\/fengchashop.com\/be-fr\/wp-json\/wp\/v2\/comments?post=6911"}],"wp:featuredmedia":[{"embeddable":true,"href":"https:\/\/fengchashop.com\/be-fr\/wp-json\/wp\/v2\/media\/6889"}],"wp:attachment":[{"href":"https:\/\/fengchashop.com\/be-fr\/wp-json\/wp\/v2\/media?parent=6911"}],"wp:term":[{"taxonomy":"product_brand","embeddable":true,"href":"https:\/\/fengchashop.com\/be-fr\/wp-json\/wp\/v2\/product_brand?post=6911"},{"taxonomy":"product_cat","embeddable":true,"href":"https:\/\/fengchashop.com\/be-fr\/wp-json\/wp\/v2\/product_cat?post=6911"},{"taxonomy":"product_tag","embeddable":true,"href":"https:\/\/fengchashop.com\/be-fr\/wp-json\/wp\/v2\/product_tag?post=6911"}],"curies":[{"name":"wp","href":"https:\/\/api.w.org\/{rel}","templated":true}]}}