{"id":6908,"date":"2024-07-04T08:55:00","date_gmt":"2024-07-04T06:55:00","guid":{"rendered":"https:\/\/fengchashop.com\/be-fr\/product\/anxiete-fleur-de-bach\/"},"modified":"2026-01-28T17:48:04","modified_gmt":"2026-01-28T16:48:04","slug":"anxiete-fleur-de-bach","status":"publish","type":"product","link":"https:\/\/fengchashop.com\/be-fr\/product\/anxiete-fleur-de-bach\/","title":{"rendered":"Fleur de Bach Bach Gouttes Anxi\u00e9t\u00e9"},"content":{"rendered":"<h2 style=\"text-align: justify;\"><span style=\"color: #000000;\">Gouttes de Bach contre l&rsquo;anxi\u00e9t\u00e9<\/span><\/h2>\n<p style=\"text-align: justify;\"><span style=\"color: #000000;\">L&rsquo;anxi\u00e9t\u00e9 est un \u00e9tat \u00e9motionnel accompagn\u00e9 de sentiments de malaise, de peur et de tension. Il s&rsquo;agit d&rsquo;une <strong>r\u00e9ponse naturelle<\/strong> aux dangers de l&rsquo;environnement. C&rsquo;est cette r\u00e9action qui nous permet de survivre dans des situations cruciales. Cependant, l&rsquo;anxi\u00e9t\u00e9 se manifeste de plus en plus souvent dans des situations non mena\u00e7antes. Elle est \u00e9galement la cons\u00e9quence du stress et d&rsquo;un mode de vie rempli d&rsquo;inqui\u00e9tudes. Notre corps est en proie \u00e0 des spasmes constants. Nous sommes nous-m\u00eames physiquement et mentalement d\u00e9pass\u00e9s. Notre corps est pr\u00eat \u00e0 fuir ou \u00e0 se battre gr\u00e2ce \u00e0 une pouss\u00e9e d&rsquo;adr\u00e9naline, mais cela ne nous aide en rien dans une situation donn\u00e9e. Il existe plusieurs types d&rsquo;anxi\u00e9t\u00e9, dont la plupart peuvent \u00eatre associ\u00e9s \u00e0 des crises de panique et\/ou d&rsquo;angoisse, qui sont des exp\u00e9riences physiques et psychologiques extr\u00eamement d\u00e9sagr\u00e9ables.<\/span><\/p>\n<p style=\"text-align: justify;\"><span style=\"color: #000000;\">Vous avez peur et vous vous sentez <strong>anxieux<\/strong>? Vous n&rsquo;avez pas confiance en vous ? Vous avez des probl\u00e8mes au travail ? Vous souffrez d&rsquo;un trouble li\u00e9 \u00e0 l&rsquo;anxi\u00e9t\u00e9, d&rsquo;une <strong>phobie<\/strong>? Vous voulez vous sentir calme et am\u00e9liorer votre \u00e9nergie vitale ? Nous avons la solution pour vous.<\/span><\/p>\n<p style=\"text-align: justify;\"><span style=\"color: #000000;\">Les premiers r\u00e9sultats peuvent appara\u00eetre au bout de quelques jours ou de quelques semaines, cela d\u00e9pend de chacun. Le m\u00e9lange pr\u00e9par\u00e9 durera 30 jours, il suffit de l&rsquo;appliquer directement dans la bouche ou de le verser dans un verre d&rsquo;eau. <\/span><\/p>\n<h2 style=\"text-align: justify;\"><span style=\"color: #000000;\">Comment les gouttes de Bach agissent-elles ?<\/span><\/h2>\n<p style=\"text-align: justify;\"><span style=\"color: #000000;\">Les gouttes de Bach agissent efficacement contre les diff\u00e9rents <strong>troubles \u00e9motionnels de l&rsquo;individu<\/strong>. L&rsquo;<strong>anxi\u00e9t\u00e9 sous toutes ses formes est certainement l&rsquo;une de ces affections<\/strong>. Les gouttes de Bach nous aident dans diverses crises et situations difficiles de la vie, des \u00e9preuves. Elles nous aident \u00e0 nous calmer et \u00e0 garder la t\u00eate froide, car elles agissent sur notre \u00e9tat \u00e9motionnel et contribuent \u00e0 l&rsquo;harmoniser. Gr\u00e2ce aux gouttes de Bach, nous prenons le contr\u00f4le de <strong>nos \u00e9motions<\/strong> et ce n&rsquo;est qu&rsquo;ainsi que nous cr\u00e9ons l&rsquo;harmonie et trouvons notre paix int\u00e9rieure.<\/span><\/p>\n<p style=\"text-align: justify;\"><span style=\"color: #000000;\">La th\u00e9rapie de Bach favorise l&rsquo;autogu\u00e9rison et la d\u00e9tente spirituelle. Selon la th\u00e9orie du Dr Bach, la cause de la maladie r\u00e9side dans un \u00e9tat inharmonieux ou dans un manque d&rsquo;harmonie entre le corps et l&rsquo;\u00e2me. Avec l&rsquo;aide des essences de fleurs, nous essayons de gu\u00e9rir la maladie en exploitant les <strong>propri\u00e9t\u00e9s positives des fleurs<\/strong> pour nous aider \u00e0 r\u00e9tablir l&rsquo;\u00e9quilibre en nous-m\u00eames.<\/span><\/p>\n<p style=\"text-align: justify;\"><span style=\"color: #000000;\">Les gouttes de Bach sont pr\u00e9par\u00e9es selon la m\u00e9thode du Dr Bach, en utilisant<strong> uniquement les essences originales de Bach<\/strong>.<\/span><\/p>\n<p style=\"text-align: justify;\"><span style=\"color: #000000;\">Les gouttes de Bach se pr\u00e9sentent sous la forme d&rsquo;un flacon muni d&rsquo;une pipette, ce qui facilite grandement le dosage. Prenez 4 gouttes 4 fois par jour, r\u00e9parties tout au long de la journ\u00e9e. Le flacon que vous recevez est suffisant pour 1 mois de th\u00e9rapie. <\/span><\/p>\n<p style=\"text-align: justify;\"><span style=\"color: #000000;\">Chaque flacon du m\u00e9lange s\u00e9lectionn\u00e9 <strong>est pr\u00e9par\u00e9 \u00e0 la main et en temps r\u00e9el<\/strong>. Pour conserver la fra\u00eecheur du m\u00e9lange plus longtemps, nous utilisons un peu d&rsquo;alcool (cognac). Le m\u00e9lange se conserve 1 mois \u00e0 partir de la date d&rsquo;achat.<\/span><\/p>\n<p style=\"text-align: justify;\"><span style=\"color: #000000;\">Les gouttes de Bach <strong>n&rsquo;ayant pas d&rsquo;effets secondaires<\/strong>, elles ne peuvent pas \u00eatre surdos\u00e9es et ne cr\u00e9ent pas de d\u00e9pendance. Elles conviennent \u00e0 tout le monde &#8211; femmes enceintes, m\u00e8res allaitantes, personnes \u00e2g\u00e9es, enfants et animaux.<\/span><\/p>\n<p style=\"text-align: justify;\"><span style=\"color: #000000;\">Elles n&rsquo;interagissent pas avec d&rsquo;autres m\u00e9dicaments.<\/span><\/p>\n<h2 style=\"text-align: justify;\"><span style=\"color: #000000;\">Conservation<\/span><\/h2>\n<p style=\"text-align: justify;\"><span style=\"color: #000000;\">Conserver dans un endroit sec et sombre \u00e0 une temp\u00e9rature allant jusqu&rsquo;\u00e0 +25 \u00b0C.<\/span><\/p>\n<h2 style=\"text-align: justify;\"><span style=\"color: #000000;\">Quantit\u00e9<\/span><\/h2>\n<p style=\"text-align: justify;\"><span style=\"color: #000000;\">30 ml (suffisant pour 30 jours d&rsquo;utilisation r\u00e9guli\u00e8re)<\/span><\/p>\n","protected":false},"excerpt":{"rendered":"<p>Les gouttes de Bach sont efficaces contre divers troubles \u00e9motionnels. Elles aident \u00e0 surmonter les crises et les situations difficiles de la vie. Elles aident \u00e0 se calmer et \u00e0 garder la t\u00eate froide. Elles agissent sur notre \u00e9tat \u00e9motionnel et aident \u00e0 l&rsquo;harmoniser.<\/p>\n<p>\ud83d\udc9a Les gouttes sont emball\u00e9es \u00e0 la main, le jour de l&rsquo;exp\u00e9dition.<br \/>\n\ud83d\udc9a Elles conviennent \u00e0 toutes les personnes (femmes enceintes, personnes \u00e2g\u00e9es, enfants,&#8230;) et aux animaux.<br \/>\n\ud83d\udc9a Ils n&rsquo;ont pas d&rsquo;effets secondaires, ne cr\u00e9ent pas de d\u00e9pendance et ne peuvent pas \u00eatre surdos\u00e9s.<br \/>\n\ud83d\udc9a Les premiers r\u00e9sultats peuvent se faire sentir apr\u00e8s quelques jours ou semaines, cela d\u00e9pend de chaque individu.<br \/>\n\ud83d\udc9a Ils n&rsquo;interagissent pas avec d&rsquo;autres m\u00e9dicaments.<\/p>\n","protected":false},"featured_media":6889,"comment_status":"open","ping_status":"closed","template":"","meta":{"_acf_changed":false},"product_brand":[],"product_cat":[15,243,224,225],"product_tag":[],"class_list":{"0":"post-6908","1":"product","2":"type-product","3":"status-publish","4":"has-post-thumbnail","6":"product_cat-uncategorized","7":"product_cat-fleurs-de-bach","8":"product_cat-offre","9":"product_cat-tous-les-produits","11":"first","12":"instock","13":"sale","14":"taxable","15":"shipping-taxable","16":"purchasable","17":"product-type-simple"},"acf":[],"_links":{"self":[{"href":"https:\/\/fengchashop.com\/be-fr\/wp-json\/wp\/v2\/product\/6908","targetHints":{"allow":["GET"]}}],"collection":[{"href":"https:\/\/fengchashop.com\/be-fr\/wp-json\/wp\/v2\/product"}],"about":[{"href":"https:\/\/fengchashop.com\/be-fr\/wp-json\/wp\/v2\/types\/product"}],"replies":[{"embeddable":true,"href":"https:\/\/fengchashop.com\/be-fr\/wp-json\/wp\/v2\/comments?post=6908"}],"wp:featuredmedia":[{"embeddable":true,"href":"https:\/\/fengchashop.com\/be-fr\/wp-json\/wp\/v2\/media\/6889"}],"wp:attachment":[{"href":"https:\/\/fengchashop.com\/be-fr\/wp-json\/wp\/v2\/media?parent=6908"}],"wp:term":[{"taxonomy":"product_brand","embeddable":true,"href":"https:\/\/fengchashop.com\/be-fr\/wp-json\/wp\/v2\/product_brand?post=6908"},{"taxonomy":"product_cat","embeddable":true,"href":"https:\/\/fengchashop.com\/be-fr\/wp-json\/wp\/v2\/product_cat?post=6908"},{"taxonomy":"product_tag","embeddable":true,"href":"https:\/\/fengchashop.com\/be-fr\/wp-json\/wp\/v2\/product_tag?post=6908"}],"curies":[{"name":"wp","href":"https:\/\/api.w.org\/{rel}","templated":true}]}}