{"id":6902,"date":"2024-07-04T08:55:00","date_gmt":"2024-07-04T06:55:00","guid":{"rendered":"https:\/\/fengchashop.com\/be-fr\/product\/premiers-soins-pour-les-animaux-fleur-de-bach\/"},"modified":"2026-01-28T17:48:04","modified_gmt":"2026-01-28T16:48:04","slug":"premiers-soins-pour-les-animaux-fleur-de-bach","status":"publish","type":"product","link":"https:\/\/fengchashop.com\/be-fr\/product\/premiers-soins-pour-les-animaux-fleur-de-bach\/","title":{"rendered":"Fleur de Bach Gouttes Premiers secours pour animaux"},"content":{"rendered":"<h2 style=\"text-align: justify;\"><span style=\"color: #000000;\">Gouttes de Bach : premiers soins pour les animaux<\/span><\/h2>\n<p style=\"text-align: justify;\"><span style=\"color: #000000;\">Pour une raison ou une autre, de nombreux animaux de compagnie ont des difficult\u00e9s \u00e0 faire face \u00e0 des situations normales. Qu&rsquo;il s&rsquo;agisse d&rsquo;une visite chez le v\u00e9t\u00e9rinaire, de l&rsquo;angoisse d&rsquo;\u00eatre seul, de l&rsquo;explosion d&rsquo;un p\u00e9tard ou simplement d&rsquo;\u00eatre lav\u00e9 et toilett\u00e9. Le probl\u00e8me peut s&rsquo;aggraver au fil du temps. Pour \u00e9viter qu&rsquo;il ne devienne ing\u00e9rable et accablant pour l&rsquo;animal et son ma\u00eetre, la pr\u00e9paration des essences de fleurs de Bach est la premi\u00e8re aide \u00e0 apporter dans une telle situation. Avec l&rsquo;aide des gouttes de Bach <strong>, vous pouvez aider<\/strong> votre animal <strong>\u00e0 r\u00e9duire la tension, le stress, l&rsquo;anxi\u00e9t\u00e9 et \u00e0 mieux contr\u00f4ler son comportement<\/strong>.<\/span><\/p>\n<p style=\"text-align: justify;\"><span style=\"color: #000000;\">Un th\u00e9rapeute Bach pr\u00e9pare un <b>m\u00e9lange sp\u00e9cial d&rsquo;<\/b> essences de fleurs en concertation avec le propri\u00e9taire de l&rsquo;animal ou la personne qui s&rsquo;en occupe. Il s&rsquo;agit donc d&rsquo;un m\u00e9lange frais<strong> pour les premiers soins<\/strong> (rescue remedy, \u00e9galement rescue remedy). Le m\u00e9lange dure 1 mois et ne contient pas de conservateur. En cas de crise, les gouttes de Bach doivent \u00eatre <strong>appliqu\u00e9es sur la langue <\/strong><strong>ou le<\/strong><strong> nez de<\/strong> <strong>l&rsquo;animal <\/strong>.<\/span><\/p>\n<h2 style=\"text-align: justify;\"><span style=\"color: #000000;\">Action des gouttes de Bach<\/span><\/h2>\n<p style=\"text-align: justify;\"><span style=\"color: #000000;\">Les gouttes de Bach sont efficaces contre les diff\u00e9rents <strong>troubles \u00e9motionnels chez les animaux<\/strong>. Elles aident \u00e9galement dans diverses crises et situations de vie difficiles, telles que la maladie et l&rsquo;adaptation \u00e0 un nouvel environnement, \u00e0 de nouveaux propri\u00e9taires. Elles aident l&rsquo;animal \u00e0 se calmer. Les gouttes agissent sur l&rsquo;\u00e9tat \u00e9motionnel de l&rsquo;animal et contribuent \u00e0 l&rsquo;harmoniser.<\/span><\/p>\n<p style=\"text-align: justify;\"><span style=\"color: #000000;\">Les premiers soins aux animaux <strong>sont efficaces si l&rsquo;animal :<\/strong><\/span><\/p>\n<ul>\n<li><span style=\"color: #000000;\"><em>est en proie \u00e0 la panique ou \u00e0 l&rsquo;anxi\u00e9t\u00e9,<\/em><\/span><\/li>\n<li><span style=\"color: #000000;\"><em>est soudainement inquiet,<\/em><\/span><\/li>\n<li><span style=\"color: #000000;\"><em>confront\u00e9 \u00e0 une situation stressante (bruit, orage, craquement, feu d&rsquo;artifice, etc.) ; ou<\/em><\/span><\/li>\n<li><span style=\"color: #000000;\"><em>a v\u00e9cu une exp\u00e9rience traumatisante (d\u00e9m\u00e9nagement, crise d&rsquo;\u00e9pilepsie, visite chez le v\u00e9t\u00e9rinaire, etc.)<\/em> <\/span><\/li>\n<\/ul>\n<p style=\"text-align: justify;\"><span style=\"color: #000000;\">Les m\u00e9langes de gouttes de Bach sont pr\u00e9par\u00e9s selon la m\u00e9thode du Dr Bach, en utilisant<b> uniquement<\/b> des<b> essences de Bach originales<\/b>. Les gouttes de Bach se pr\u00e9sentent sous la forme d&rsquo;un flacon muni d&rsquo;une pipette, ce qui facilite grandement le dosage. Elles conviennent \u00e0 tous les animaux (chiens, chats, chevaux, oiseaux, hamsters, etc.). Elles n&rsquo;ont pas d&rsquo;<strong>effets secondaires<\/strong> et ne peuvent pas \u00eatre surdos\u00e9es. <\/span><\/p>\n<p style=\"text-align: justify;\"><span style=\"color: #000000;\">Chaque flacon<b> <\/b>du m\u00e9lange choisi <b>est pr\u00e9par\u00e9 manuellement et en temps r\u00e9el<\/b>.<\/span><\/p>\n<h2 style=\"text-align: justify;\"><span style=\"color: #000000;\">Conservation<\/span><\/h2>\n<p style=\"text-align: justify;\"><span style=\"color: #000000;\">Conserver dans un endroit sec et sombre, \u00e0 une temp\u00e9rature allant jusqu&rsquo;\u00e0 +25 \u00b0C.<\/span><\/p>\n<h2 style=\"text-align: justify;\"><span style=\"color: #000000;\">Quantit\u00e9<\/span><\/h2>\n<p style=\"text-align: justify;\"><span style=\"color: #000000;\">30 ml<\/span><\/p>\n","protected":false},"excerpt":{"rendered":"<p>Les gouttes de Bach sont efficaces contre divers troubles \u00e9motionnels. Elles aident \u00e0 surmonter les crises et les situations difficiles de la vie. Elles aident \u00e0 se calmer et \u00e0 garder la t\u00eate froide. Elles agissent sur notre \u00e9tat \u00e9motionnel et aident \u00e0 l&rsquo;harmoniser.<\/p>\n<p>\ud83d\udc9a Les gouttes sont emball\u00e9es \u00e0 la main, le jour de l&rsquo;exp\u00e9dition.<br \/>\n\ud83d\udc9a Elles conviennent \u00e0 toutes les personnes (femmes enceintes, personnes \u00e2g\u00e9es, enfants,&#8230;) et aux animaux.<br \/>\n\ud83d\udc9a Ils n&rsquo;ont pas d&rsquo;effets secondaires, ne cr\u00e9ent pas de d\u00e9pendance et ne peuvent pas \u00eatre surdos\u00e9s.<br \/>\n\ud83d\udc9a Les premiers r\u00e9sultats peuvent se faire sentir apr\u00e8s quelques jours ou semaines, cela d\u00e9pend de chaque individu.<br \/>\n\ud83d\udc9a Ils n&rsquo;interagissent pas avec d&rsquo;autres m\u00e9dicaments.<\/p>\n","protected":false},"featured_media":6889,"comment_status":"open","ping_status":"closed","template":"","meta":{"_acf_changed":false},"product_brand":[],"product_cat":[15,243,224,225],"product_tag":[],"class_list":{"0":"post-6902","1":"product","2":"type-product","3":"status-publish","4":"has-post-thumbnail","6":"product_cat-uncategorized","7":"product_cat-fleurs-de-bach","8":"product_cat-offre","9":"product_cat-tous-les-produits","11":"first","12":"instock","13":"sale","14":"taxable","15":"shipping-taxable","16":"purchasable","17":"product-type-simple"},"acf":[],"_links":{"self":[{"href":"https:\/\/fengchashop.com\/be-fr\/wp-json\/wp\/v2\/product\/6902","targetHints":{"allow":["GET"]}}],"collection":[{"href":"https:\/\/fengchashop.com\/be-fr\/wp-json\/wp\/v2\/product"}],"about":[{"href":"https:\/\/fengchashop.com\/be-fr\/wp-json\/wp\/v2\/types\/product"}],"replies":[{"embeddable":true,"href":"https:\/\/fengchashop.com\/be-fr\/wp-json\/wp\/v2\/comments?post=6902"}],"wp:featuredmedia":[{"embeddable":true,"href":"https:\/\/fengchashop.com\/be-fr\/wp-json\/wp\/v2\/media\/6889"}],"wp:attachment":[{"href":"https:\/\/fengchashop.com\/be-fr\/wp-json\/wp\/v2\/media?parent=6902"}],"wp:term":[{"taxonomy":"product_brand","embeddable":true,"href":"https:\/\/fengchashop.com\/be-fr\/wp-json\/wp\/v2\/product_brand?post=6902"},{"taxonomy":"product_cat","embeddable":true,"href":"https:\/\/fengchashop.com\/be-fr\/wp-json\/wp\/v2\/product_cat?post=6902"},{"taxonomy":"product_tag","embeddable":true,"href":"https:\/\/fengchashop.com\/be-fr\/wp-json\/wp\/v2\/product_tag?post=6902"}],"curies":[{"name":"wp","href":"https:\/\/api.w.org\/{rel}","templated":true}]}}