{"id":6898,"date":"2024-07-04T08:55:00","date_gmt":"2024-07-04T06:55:00","guid":{"rendered":"https:\/\/fengchashop.com\/be-fr\/product\/perte-de-poids-fleur-de-bach\/"},"modified":"2026-01-28T17:48:04","modified_gmt":"2026-01-28T16:48:04","slug":"perte-de-poids-fleur-de-bach","status":"publish","type":"product","link":"https:\/\/fengchashop.com\/be-fr\/product\/perte-de-poids-fleur-de-bach\/","title":{"rendered":"Fleur de Bach Gouttes Perte de poids"},"content":{"rendered":"<h2 style=\"text-align: justify;\"><span style=\"color: #000000;\">Gouttes de Bach pour la perte de poids<\/span><\/h2>\n<p style=\"text-align: justify;\"><span style=\"color: #000000;\">Chaque femme (et chaque homme aussi) a essay\u00e9 de perdre du poids au moins une fois dans sa vie. Et m\u00eame si les tendances de la mode nous y poussent le plus souvent, la sant\u00e9 et le bien-\u00eatre passent toujours avant tout. Cependant, lorsque nous nous entra\u00eenons dur et\/ou que nous contr\u00f4lons notre alimentation, nous sommes souvent confront\u00e9s \u00e0 des difficult\u00e9s \u00e9motionnelles, car la perte de poids est souvent la chose la plus difficile \u00e0 faire sur le plan mental et psychologique. Vous voulez savoir comment <strong>vous aider \u00e9motionnellement \u00e0 perdre du poids<\/strong> et \u00e0<strong>avoir plus d&rsquo;\u00e9nergie<\/strong> et, surtout, <strong>de motivation<\/strong> pour tenir votre objectif ? Nous avons la solution pour vous.<\/span><\/p>\n<p style=\"text-align: justify;\"><span style=\"color: #000000;\">Vous remarquerez les premiers r\u00e9sultats apr\u00e8s quelques jours ou quelques semaines, cela d\u00e9pend de chaque individu. Le m\u00e9lange pr\u00e9par\u00e9 vous durera 30 jours, il suffit de le mettre directement dans la bouche ou de le verser dans un verre d&rsquo;eau. <\/span><\/p>\n<p style=\"text-align: justify;\"><span style=\"color: #000000;\">Ce m\u00e9lange sp\u00e9cial vous aidera \u00e0<\/span><\/p>\n<ul style=\"text-align: justify;\">\n<li><span style=\"color: #000000;\"><em>changer vos habitudes alimentaires,<\/em><\/span><\/li>\n<li><span style=\"color: #000000;\"><em>surmonter la culpabilit\u00e9 en cas d&rsquo;\u00e9chec,<\/em><\/span><\/li>\n<li><span style=\"color: #000000;\"><em>garder la patience si les r\u00e9sultats ne sont pas visibles rapidement,<\/em><\/span><\/li>\n<li><span style=\"color: #000000;\"><em>pers\u00e9v\u00e9rer m\u00eame en l&rsquo;absence de r\u00e9sultats,<\/em><\/span><\/li>\n<li><span style=\"color: #000000;\"><em>se ma\u00eetriser dans les moments difficiles.<\/em><\/span><\/li>\n<\/ul>\n<h2 style=\"text-align: justify;\"><span style=\"color: #000000;\"><b> L&rsquo;action des gouttes de Bach<\/b><\/span><\/h2>\n<p style=\"text-align: justify;\"><span style=\"color: #000000;\">Les gouttes de Bach sont efficaces pour un large \u00e9ventail de <b>troubles \u00e9motionnels<\/b>.<b> Lors d&rsquo;une perte de poids, nous sommes forc\u00e9ment confront\u00e9s \u00e0 des \u00e9tats \u00e9motionnels qui nous affectent de diff\u00e9rentes mani\u00e8res et peuvent nous emp\u00eacher d&rsquo;atteindre nos objectifs.<\/b> Les gouttes de Bach nous aident dans diff\u00e9rentes crises et situations difficiles de la vie. Elles nous aident \u00e0 nous calmer et \u00e0 garder la t\u00eate froide, car elles agissent sur notre \u00e9tat \u00e9motionnel et contribuent \u00e0 l&rsquo;harmoniser. Gr\u00e2ce aux gouttes de Bach, nous prenons le contr\u00f4le de <b>nos \u00e9motions<\/b> et ce n&rsquo;est qu&rsquo;ainsi que nous pouvons cr\u00e9er l&rsquo;harmonie et trouver la paix int\u00e9rieure.<\/span><\/p>\n<p style=\"text-align: justify;\"><span style=\"color: #000000;\">La th\u00e9rapie de Bach favorise l&rsquo;autogu\u00e9rison et la d\u00e9tente spirituelle. Selon la th\u00e9orie du Dr Bach, la cause des maladies et des affections r\u00e9side dans un \u00e9tat inharmonieux ou dans un manque d&rsquo;harmonie entre le corps et l&rsquo;\u00e2me. Avec l&rsquo;aide des \u00e9lixirs floraux, nous essayons de gu\u00e9rir cet \u00e9tat en exploitant les <b>propri\u00e9t\u00e9s positives des fleurs<\/b> pour nous aider \u00e0 r\u00e9tablir l&rsquo;\u00e9quilibre \u00e0 l&rsquo;int\u00e9rieur de nous-m\u00eames.<\/span><\/p>\n<p style=\"text-align: justify;\"><span style=\"color: #000000;\">Les gouttes de Bach sont pr\u00e9par\u00e9es selon la m\u00e9thode du Dr Bach, en utilisant<b> uniquement les essences originales de Bach<\/b>.<\/span><\/p>\n<p style=\"text-align: justify;\"><span style=\"color: #000000;\">Les gouttes de Bach se pr\u00e9sentent sous la forme d&rsquo;un flacon muni d&rsquo;une pipette, ce qui facilite grandement le dosage. Prenez 4 gouttes 4 fois par jour, r\u00e9parties tout au long de la journ\u00e9e. Le flacon que vous recevez est suffisant pour 1 mois de th\u00e9rapie. <\/span><\/p>\n<p style=\"text-align: justify;\"><span style=\"color: #000000;\">Chaque flacon<b> <\/b>du m\u00e9lange choisi <b>est pr\u00e9par\u00e9 manuellement et sur place<\/b>. Pour conserver la fra\u00eecheur du m\u00e9lange plus longtemps, nous utilisons un peu d&rsquo;alcool (cognac). Le m\u00e9lange se conserve 1 mois \u00e0 partir de la date d&rsquo;achat.<\/span><\/p>\n<p style=\"text-align: justify;\"><span style=\"color: #000000;\">Les gouttes de Bach<strong> n&rsquo;ayant pas <\/strong> d&rsquo;<b>effets secondaires<\/b>, elles ne peuvent pas \u00eatre surdos\u00e9es et ne cr\u00e9ent pas de d\u00e9pendance. Elles conviennent \u00e0 tout le monde &#8211; femmes enceintes, m\u00e8res allaitantes, personnes \u00e2g\u00e9es, enfants et animaux.<\/span><\/p>\n<p style=\"text-align: justify;\"><span style=\"color: #000000;\">Elles n&rsquo;interagissent pas avec d&rsquo;autres m\u00e9dicaments.<\/span><\/p>\n<h2 style=\"text-align: justify;\"><span style=\"color: #000000;\"><b>Conservation<\/b><\/span><\/h2>\n<p style=\"text-align: justify;\"><span style=\"color: #000000;\">Conserver dans un endroit sec et sombre \u00e0 une temp\u00e9rature allant jusqu&rsquo;\u00e0 +25 \u00b0C.<\/span><\/p>\n<h2 style=\"text-align: justify;\"><span style=\"color: #000000;\"><b>Quantit\u00e9<\/b><\/span><\/h2>\n<p style=\"text-align: justify;\"><span style=\"color: #000000;\">30 ml (suffisant pour 30 jours d&rsquo;utilisation r\u00e9guli\u00e8re)<\/span><\/p>\n","protected":false},"excerpt":{"rendered":"<p>Les gouttes de Bach sont efficaces contre divers troubles \u00e9motionnels. Elles aident \u00e0 surmonter les crises et les situations difficiles de la vie. Elles aident \u00e0 se calmer et \u00e0 garder la t\u00eate froide. Elles agissent sur notre \u00e9tat \u00e9motionnel et aident \u00e0 l&rsquo;harmoniser.<\/p>\n<p>\ud83d\udc9a Les gouttes sont emball\u00e9es \u00e0 la main, le jour de l&rsquo;exp\u00e9dition.<br \/>\n\ud83d\udc9a Elles conviennent \u00e0 toutes les personnes (femmes enceintes, personnes \u00e2g\u00e9es, enfants,&#8230;) et aux animaux.<br \/>\n\ud83d\udc9a Ils n&rsquo;ont pas d&rsquo;effets secondaires, ne cr\u00e9ent pas de d\u00e9pendance et ne peuvent pas \u00eatre surdos\u00e9s.<br \/>\n\ud83d\udc9a Les premiers r\u00e9sultats peuvent se faire sentir apr\u00e8s quelques jours ou semaines, cela d\u00e9pend de chaque individu.<br \/>\n\ud83d\udc9a Ils n&rsquo;interagissent pas avec d&rsquo;autres m\u00e9dicaments.<\/p>\n","protected":false},"featured_media":6889,"comment_status":"open","ping_status":"closed","template":"","meta":{"_acf_changed":false},"product_brand":[],"product_cat":[15,243,224,225],"product_tag":[],"class_list":{"0":"post-6898","1":"product","2":"type-product","3":"status-publish","4":"has-post-thumbnail","6":"product_cat-uncategorized","7":"product_cat-fleurs-de-bach","8":"product_cat-offre","9":"product_cat-tous-les-produits","11":"first","12":"instock","13":"sale","14":"taxable","15":"shipping-taxable","16":"purchasable","17":"product-type-simple"},"acf":[],"_links":{"self":[{"href":"https:\/\/fengchashop.com\/be-fr\/wp-json\/wp\/v2\/product\/6898","targetHints":{"allow":["GET"]}}],"collection":[{"href":"https:\/\/fengchashop.com\/be-fr\/wp-json\/wp\/v2\/product"}],"about":[{"href":"https:\/\/fengchashop.com\/be-fr\/wp-json\/wp\/v2\/types\/product"}],"replies":[{"embeddable":true,"href":"https:\/\/fengchashop.com\/be-fr\/wp-json\/wp\/v2\/comments?post=6898"}],"wp:featuredmedia":[{"embeddable":true,"href":"https:\/\/fengchashop.com\/be-fr\/wp-json\/wp\/v2\/media\/6889"}],"wp:attachment":[{"href":"https:\/\/fengchashop.com\/be-fr\/wp-json\/wp\/v2\/media?parent=6898"}],"wp:term":[{"taxonomy":"product_brand","embeddable":true,"href":"https:\/\/fengchashop.com\/be-fr\/wp-json\/wp\/v2\/product_brand?post=6898"},{"taxonomy":"product_cat","embeddable":true,"href":"https:\/\/fengchashop.com\/be-fr\/wp-json\/wp\/v2\/product_cat?post=6898"},{"taxonomy":"product_tag","embeddable":true,"href":"https:\/\/fengchashop.com\/be-fr\/wp-json\/wp\/v2\/product_tag?post=6898"}],"curies":[{"name":"wp","href":"https:\/\/api.w.org\/{rel}","templated":true}]}}