{"id":6897,"date":"2024-07-04T08:54:00","date_gmt":"2024-07-04T06:54:00","guid":{"rendered":"https:\/\/fengchashop.com\/be-fr\/product\/menopause-fleur-de-bach\/"},"modified":"2026-01-28T17:48:04","modified_gmt":"2026-01-28T16:48:04","slug":"menopause-fleur-de-bach","status":"publish","type":"product","link":"https:\/\/fengchashop.com\/be-fr\/product\/menopause-fleur-de-bach\/","title":{"rendered":"Fleur de Bach Gouttes M\u00e9nopause"},"content":{"rendered":"<h2 style=\"text-align: justify;\"><span style=\"color: #000000;\">Les gouttes de Bach pour soulager les sympt\u00f4mes de la m\u00e9nopause<\/span><\/h2>\n<p style=\"text-align: justify;\"><span style=\"color: #000000;\">La m\u00e9nopause est une p\u00e9riode in\u00e9vitable pour toutes les femmes. Et bien que de nombreuses femmes semblent la vivre sans probl\u00e8me, chacune d&rsquo;entre elles pr\u00e9sente au moins un sympt\u00f4me r\u00e9sultant de la modification de l&rsquo;\u00e9tat hormonal qui a conduit \u00e0 la m\u00e9nopause. Les premiers sympt\u00f4mes les plus fr\u00e9quents de la transition vers la m\u00e9nopause, lorsque le cycle menstruel est d\u00e9j\u00e0 perturb\u00e9, sont les bouff\u00e9es de chaleur. Les premiers sympt\u00f4mes comprennent \u00e9galement des sueurs nocturnes, des vertiges, des insomnies, des maux de t\u00eate, de la fatigue, des douleurs d&rsquo;estomac, une baisse du d\u00e9sir sexuel, ainsi que des troubles de l&rsquo;humeur et de la concentration. Pendant cette p\u00e9riode, il est donc extr\u00eamement important de vous apporter le soutien n\u00e9cessaire pour faciliter la transition et faire face \u00e0 la <strong>m\u00e9nopause<\/strong>.<\/span><\/p>\n<p style=\"text-align: justify;\"><span style=\"color: #000000;\">Les premiers r\u00e9sultats se font sentir apr\u00e8s quelques jours ou quelques semaines, cela d\u00e9pend de chaque individu. Le m\u00e9lange pr\u00e9par\u00e9 durera 30 jours. Il suffit de le mettre directement dans la bouche ou de le verser dans un verre d&rsquo;eau. Ce m\u00e9lange, sp\u00e9cialement pr\u00e9par\u00e9 pour les femmes m\u00e9nopaus\u00e9es, vous aidera :<\/span><\/p>\n<ul>\n<li><span style=\"color: #000000;\"><i>Un meilleur sommeil et moins de fatigue g\u00e9n\u00e9rale,<\/i><\/span><\/li>\n<li><span style=\"color: #000000;\"><i>\u00e0 rester plus calme et moins souvent irritable,<\/i><\/span><\/li>\n<li><span style=\"color: #000000;\"><i>augmenter votre vitalit\u00e9 et votre confiance en vous,<\/i><\/span><\/li>\n<li><span style=\"color: #000000;\"><i>r\u00e9guler vos habitudes alimentaires,<\/i><\/span><\/li>\n<li><span style=\"color: #000000;\"><i>\u00e0 r\u00e9duire vos sautes d&rsquo;humeur,<\/i><\/span><\/li>\n<li><span style=\"color: #000000;\"><i>profiter de la sexualit\u00e9.<\/i><\/span><\/li>\n<\/ul>\n<h2 style=\"text-align: justify;\"><span style=\"color: #000000;\">L&rsquo;action des gouttes de Bach<\/span><\/h2>\n<p style=\"text-align: justify;\"><span style=\"color: #000000;\">Les gouttes de Bach agissent efficacement contre les diverses <strong>d\u00e9tresses \u00e9motionnelles de l&rsquo;individu, telles que les sentiments de la m\u00e9nopause<\/strong><strong>, qui nous p\u00e8sent mentalement<\/strong>. Elles sont \u00e9galement utiles dans diverses crises et situations difficiles de la vie. Elles nous aident \u00e0 nous calmer, \u00e0 garder la t\u00eate froide et \u00e0 retrouver de l&rsquo;\u00e9nergie. Elles agissent sur notre \u00e9tat \u00e9motionnel et contribuent \u00e0 l&rsquo;harmoniser.<\/span><\/p>\n<p style=\"text-align: justify;\"><span style=\"color: #000000;\">La th\u00e9rapie de Bach favorise l&rsquo;autogu\u00e9rison et la relaxation spirituelle. Selon la th\u00e9orie du Dr Bach, la cause de la maladie r\u00e9side dans un \u00e9tat inharmonieux ou dans un manque d&rsquo;harmonie entre le corps et l&rsquo;\u00e2me. Avec l&rsquo;aide des essences de fleurs, nous essayons de gu\u00e9rir la maladie en exploitant les <b>propri\u00e9t\u00e9s positives des fleurs<\/b> pour nous aider \u00e0 r\u00e9tablir l&rsquo;\u00e9quilibre en nous-m\u00eames.<\/span><\/p>\n<p style=\"text-align: justify;\"><span style=\"color: #000000;\">Les gouttes de Bach sont pr\u00e9par\u00e9es selon la m\u00e9thode du Dr Bach, en utilisant<b> uniquement les essences originales de Bach<\/b>.<\/span><\/p>\n<p style=\"text-align: justify;\"><span style=\"color: #000000;\">Les gouttes de Bach se pr\u00e9sentent sous la forme d&rsquo;un flacon muni d&rsquo;une pipette, ce qui facilite grandement le dosage. Prenez 4 gouttes 4 fois par jour, r\u00e9parties tout au long de la journ\u00e9e. Le flacon que vous recevez est suffisant pour 1 mois de th\u00e9rapie. <\/span><\/p>\n<p style=\"text-align: justify;\"><span style=\"color: #000000;\">Chaque flacon<b> <\/b>du m\u00e9lange choisi <b>est pr\u00e9par\u00e9 manuellement et sur place<\/b>. Pour conserver la fra\u00eecheur du m\u00e9lange plus longtemps, nous utilisons un peu d&rsquo;alcool (cognac). Le m\u00e9lange se conserve 1 mois \u00e0 partir de la date d&rsquo;achat.<\/span><\/p>\n<p style=\"text-align: justify;\"><span style=\"color: #000000;\">Les gouttes de Bach <strong>n&rsquo;ayant pas <\/strong> d&rsquo;<b>effets secondaires<\/b>, elles ne peuvent pas \u00eatre surdos\u00e9es et ne cr\u00e9ent pas de d\u00e9pendance. Elles conviennent \u00e0 tout le monde &#8211; femmes enceintes, m\u00e8res allaitantes, personnes \u00e2g\u00e9es, enfants et animaux.<\/span><\/p>\n<p style=\"text-align: justify;\"><span style=\"color: #000000;\">Elles n&rsquo;interagissent pas avec d&rsquo;autres m\u00e9dicaments.<\/span><\/p>\n<h2 style=\"text-align: justify;\"><span style=\"color: #000000;\">Conservation<\/span><\/h2>\n<p style=\"text-align: justify;\"><span style=\"color: #000000;\">Conserver dans un endroit sec et sombre \u00e0 une temp\u00e9rature allant jusqu&rsquo;\u00e0 +25 \u00b0C.<\/span><\/p>\n<h2 style=\"text-align: justify;\"><span style=\"color: #000000;\">Quantit\u00e9<\/span><\/h2>\n<p style=\"text-align: justify;\"><span style=\"color: #000000;\">30 ml (suffisant pour 30 jours d&rsquo;utilisation r\u00e9guli\u00e8re) <\/span><\/p>\n","protected":false},"excerpt":{"rendered":"<p>Les gouttes de Bach sont efficaces contre divers troubles \u00e9motionnels. Elles aident \u00e0 surmonter les crises et les situations difficiles de la vie. Elles aident \u00e0 se calmer et \u00e0 garder la t\u00eate froide. Elles agissent sur notre \u00e9tat \u00e9motionnel et aident \u00e0 l&rsquo;harmoniser.<\/p>\n<p>\ud83d\udc9a Les gouttes sont emball\u00e9es \u00e0 la main, le jour de l&rsquo;exp\u00e9dition.<br \/>\n\ud83d\udc9a Elles conviennent \u00e0 toutes les personnes (femmes enceintes, personnes \u00e2g\u00e9es, enfants,&#8230;) et aux animaux.<br \/>\n\ud83d\udc9a Ils n&rsquo;ont pas d&rsquo;effets secondaires, ne cr\u00e9ent pas de d\u00e9pendance et ne peuvent pas \u00eatre surdos\u00e9s.<br \/>\n\ud83d\udc9a Les premiers r\u00e9sultats peuvent se faire sentir apr\u00e8s quelques jours ou semaines, cela d\u00e9pend de chaque individu.<br \/>\n\ud83d\udc9a Ils n&rsquo;interagissent pas avec d&rsquo;autres m\u00e9dicaments.<\/p>\n","protected":false},"featured_media":6889,"comment_status":"open","ping_status":"closed","template":"","meta":{"_acf_changed":false},"product_brand":[],"product_cat":[15,243,224,225],"product_tag":[],"class_list":{"0":"post-6897","1":"product","2":"type-product","3":"status-publish","4":"has-post-thumbnail","6":"product_cat-uncategorized","7":"product_cat-fleurs-de-bach","8":"product_cat-offre","9":"product_cat-tous-les-produits","11":"first","12":"instock","13":"sale","14":"taxable","15":"shipping-taxable","16":"purchasable","17":"product-type-simple"},"acf":[],"_links":{"self":[{"href":"https:\/\/fengchashop.com\/be-fr\/wp-json\/wp\/v2\/product\/6897","targetHints":{"allow":["GET"]}}],"collection":[{"href":"https:\/\/fengchashop.com\/be-fr\/wp-json\/wp\/v2\/product"}],"about":[{"href":"https:\/\/fengchashop.com\/be-fr\/wp-json\/wp\/v2\/types\/product"}],"replies":[{"embeddable":true,"href":"https:\/\/fengchashop.com\/be-fr\/wp-json\/wp\/v2\/comments?post=6897"}],"wp:featuredmedia":[{"embeddable":true,"href":"https:\/\/fengchashop.com\/be-fr\/wp-json\/wp\/v2\/media\/6889"}],"wp:attachment":[{"href":"https:\/\/fengchashop.com\/be-fr\/wp-json\/wp\/v2\/media?parent=6897"}],"wp:term":[{"taxonomy":"product_brand","embeddable":true,"href":"https:\/\/fengchashop.com\/be-fr\/wp-json\/wp\/v2\/product_brand?post=6897"},{"taxonomy":"product_cat","embeddable":true,"href":"https:\/\/fengchashop.com\/be-fr\/wp-json\/wp\/v2\/product_cat?post=6897"},{"taxonomy":"product_tag","embeddable":true,"href":"https:\/\/fengchashop.com\/be-fr\/wp-json\/wp\/v2\/product_tag?post=6897"}],"curies":[{"name":"wp","href":"https:\/\/api.w.org\/{rel}","templated":true}]}}