{"id":6896,"date":"2024-07-04T08:54:00","date_gmt":"2024-07-04T06:54:00","guid":{"rendered":"https:\/\/fengchashop.com\/be-fr\/product\/enuresie-nocturne-fleur-de-bach\/"},"modified":"2026-01-28T17:48:04","modified_gmt":"2026-01-28T16:48:04","slug":"enuresie-nocturne-fleur-de-bach","status":"publish","type":"product","link":"https:\/\/fengchashop.com\/be-fr\/product\/enuresie-nocturne-fleur-de-bach\/","title":{"rendered":"Fleur de Bach Gouttes Enur\u00e9sie nocturne"},"content":{"rendered":"<h2 style=\"text-align: justify;\"><span style=\"color: #000000;\">Gouttes de Bach pour l&rsquo;\u00e9nur\u00e9sie<\/span><\/h2>\n<p style=\"text-align: justify;\"><span style=\"color: #000000;\">L&rsquo;\u00e9nur\u00e9sie est une miction involontaire pendant le sommeil. Si elle est tout \u00e0 fait normale chez les enfants jusqu&rsquo;\u00e0 l&rsquo;\u00e2ge de 7 ans, les personnes plus \u00e2g\u00e9es ont des probl\u00e8mes de sant\u00e9 diff\u00e9rents. Bien qu&rsquo;il ne s&rsquo;agisse pas d&rsquo;une maladie mortelle, c&rsquo;est une exp\u00e9rience d\u00e9sagr\u00e9able \u00e0 laquelle de nombreuses personnes sont confront\u00e9es chaque jour. Comme l&rsquo;\u00e9nur\u00e9sie ne peut parfois pas \u00eatre gu\u00e9rie ou contr\u00f4l\u00e9e par une th\u00e9rapie, il est d&rsquo;autant plus important d&rsquo;affronter le <b>probl\u00e8me<\/b>. Surtout lorsque l&rsquo;\u00e9nur\u00e9sie est caus\u00e9e par le traitement d&rsquo;une maladie qui peut mettre la vie en danger. Les gouttes de Bach peuvent donc \u00eatre la bonne solution pour vous !<\/span><\/p>\n<p style=\"text-align: justify;\"><span style=\"color: #000000;\">Les premiers r\u00e9sultats se font sentir au bout de quelques jours ou de quelques semaines, cela d\u00e9pend de chacun. Le m\u00e9lange pr\u00e9par\u00e9 dure 30 jours. Il suffit de les mettre directement dans la bouche ou de les laisser tomber dans un verre d&rsquo;eau. <\/span><\/p>\n<p style=\"text-align: justify;\"><span style=\"color: #000000;\">Ce m\u00e9lange sp\u00e9cial vous aidera \u00e0<\/span><\/p>\n<p><span style=\"color: #000000;\"><em>\ud83d\udc9a arr\u00eater les mictions involontaires pendant le sommeil,<\/em><\/span><\/p>\n<p><span style=\"color: #000000;\"><em>\ud83d\udc9a r\u00e9duire l&rsquo;anxi\u00e9t\u00e9 et \u00e9liminer les traumatismes qui peuvent \u00eatre une cause ou une cons\u00e9quence de l&rsquo;\u00e9nur\u00e9sie,<\/em><\/span><\/p>\n<p><span style=\"color: #000000;\"><em>\ud83d\udc9a augmenter la confiance en soi,<\/em><\/span><\/p>\n<p><span style=\"color: #000000;\"><em>\ud83d\udc9a am\u00e9liorer la paix int\u00e9rieure,<\/em><\/span><\/p>\n<p><span style=\"color: #000000;\"><em>\ud83d\udc9a r\u00e9duire les sentiments de honte et de culpabilit\u00e9.<\/em><\/span><\/p>\n<h2 style=\"text-align: justify;\"><span style=\"color: #000000;\">Action des gouttes de Bach<\/span><\/h2>\n<p style=\"text-align: justify;\"><span style=\"color: #000000;\">Les gouttes de Bach agissent efficacement contre les diff\u00e9rentes <b>d\u00e9tresses \u00e9motionnelles de l&rsquo;individu, comme l&rsquo;\u00e9nur\u00e9sie<\/b>.<b> <\/b>Les gouttes de Bach nous aident \u00e9galement dans les diff\u00e9rentes crises et situations difficiles de la vie, les \u00e9preuves. Elles nous aident \u00e0 nous calmer et \u00e0 garder la t\u00eate froide, car elles agissent sur notre \u00e9tat \u00e9motionnel et contribuent \u00e0 l&rsquo;harmoniser. Gr\u00e2ce aux gouttes de Bach, nous prenons le contr\u00f4le de <b>nos \u00e9motions<\/b> et ce n&rsquo;est qu&rsquo;ainsi que nous pouvons cr\u00e9er l&rsquo;harmonie et trouver la paix int\u00e9rieure.<\/span><\/p>\n<p style=\"text-align: justify;\"><span style=\"color: #000000;\">La th\u00e9rapie de Bach favorise l&rsquo;autogu\u00e9rison et la d\u00e9tente spirituelle. Selon la th\u00e9orie du Dr Bach, la cause de la maladie r\u00e9side dans un \u00e9tat inharmonieux ou dans un manque d&rsquo;harmonie entre le corps et l&rsquo;\u00e2me. Avec l&rsquo;aide des essences de fleurs, nous essayons de gu\u00e9rir la maladie en exploitant les <b>propri\u00e9t\u00e9s positives des fleurs<\/b> pour nous aider \u00e0 r\u00e9tablir l&rsquo;\u00e9quilibre en nous-m\u00eames.<\/span><\/p>\n<p style=\"text-align: justify;\"><span style=\"color: #000000;\">Les gouttes de Bach sont pr\u00e9par\u00e9es selon la m\u00e9thode du Dr Bach, en utilisant<b> uniquement les essences originales de Bach<\/b>.<\/span><\/p>\n<p style=\"text-align: justify;\"><span style=\"color: #000000;\">Les gouttes de Bach se pr\u00e9sentent sous la forme d&rsquo;un flacon muni d&rsquo;une pipette, ce qui facilite grandement le dosage. Prenez 4 gouttes 4 fois par jour, r\u00e9parties tout au long de la journ\u00e9e. Le flacon que vous recevez est suffisant pour 1 mois de th\u00e9rapie. <\/span><\/p>\n<p style=\"text-align: justify;\"><span style=\"color: #000000;\">Chaque flacon<b> <\/b>du m\u00e9lange choisi <b>est pr\u00e9par\u00e9 manuellement et sur place<\/b>. Pour conserver la fra\u00eecheur du m\u00e9lange plus longtemps, nous utilisons un peu d&rsquo;alcool (cognac). Le m\u00e9lange se conserve 1 mois \u00e0 partir de la date d&rsquo;achat.<\/span><\/p>\n<p style=\"text-align: justify;\"><span style=\"color: #000000;\">Les gouttes de Bach n&rsquo;ayant <strong>pas <\/strong> d&rsquo;<b>effets secondaires<\/b>, elles ne cr\u00e9ent pas de d\u00e9pendance et ne peuvent pas \u00eatre surdos\u00e9es. Elles conviennent \u00e0 tout le monde &#8211; femmes enceintes, m\u00e8res allaitantes, personnes \u00e2g\u00e9es, enfants et animaux.<\/span><\/p>\n<p style=\"text-align: justify;\"><span style=\"color: #000000;\">Elles n&rsquo;interagissent pas avec d&rsquo;autres m\u00e9dicaments.<\/span><\/p>\n<h2 style=\"text-align: justify;\"><span style=\"color: #000000;\">Conservation<\/span><\/h2>\n<p style=\"text-align: justify;\"><span style=\"color: #000000;\">Conserver dans un endroit sec et sombre \u00e0 une temp\u00e9rature allant jusqu&rsquo;\u00e0 +25 \u00b0C.<\/span><\/p>\n<h2 style=\"text-align: justify;\"><span style=\"color: #000000;\">Quantit\u00e9<\/span><\/h2>\n<p style=\"text-align: justify;\"><span style=\"color: #000000;\">30 ml (suffisant pour 30 jours d&rsquo;utilisation r\u00e9guli\u00e8re).<\/span><\/p>\n","protected":false},"excerpt":{"rendered":"<p>Les gouttes de Bach sont efficaces contre divers troubles \u00e9motionnels. Elles aident \u00e0 surmonter les crises et les situations difficiles de la vie. Elles aident \u00e0 se calmer et \u00e0 garder la t\u00eate froide. Elles agissent sur notre \u00e9tat \u00e9motionnel et aident \u00e0 l&rsquo;harmoniser.<\/p>\n<p>\ud83d\udc9a Les gouttes sont emball\u00e9es \u00e0 la main, le jour de l&rsquo;exp\u00e9dition.<br \/>\n\ud83d\udc9a Elles conviennent \u00e0 toutes les personnes (femmes enceintes, personnes \u00e2g\u00e9es, enfants,&#8230;) et aux animaux.<br \/>\n\ud83d\udc9a Ils n&rsquo;ont pas d&rsquo;effets secondaires, ne cr\u00e9ent pas de d\u00e9pendance et ne peuvent pas \u00eatre surdos\u00e9s.<br \/>\n\ud83d\udc9a Les premiers r\u00e9sultats peuvent se faire sentir apr\u00e8s quelques jours ou semaines, cela d\u00e9pend de chaque individu.<br \/>\n\ud83d\udc9a Ils n&rsquo;interagissent pas avec d&rsquo;autres m\u00e9dicaments.<\/p>\n","protected":false},"featured_media":6889,"comment_status":"open","ping_status":"closed","template":"","meta":{"_acf_changed":false},"product_brand":[],"product_cat":[15,243,224,225],"product_tag":[],"class_list":{"0":"post-6896","1":"product","2":"type-product","3":"status-publish","4":"has-post-thumbnail","6":"product_cat-uncategorized","7":"product_cat-fleurs-de-bach","8":"product_cat-offre","9":"product_cat-tous-les-produits","11":"first","12":"instock","13":"sale","14":"taxable","15":"shipping-taxable","16":"purchasable","17":"product-type-simple"},"acf":[],"_links":{"self":[{"href":"https:\/\/fengchashop.com\/be-fr\/wp-json\/wp\/v2\/product\/6896","targetHints":{"allow":["GET"]}}],"collection":[{"href":"https:\/\/fengchashop.com\/be-fr\/wp-json\/wp\/v2\/product"}],"about":[{"href":"https:\/\/fengchashop.com\/be-fr\/wp-json\/wp\/v2\/types\/product"}],"replies":[{"embeddable":true,"href":"https:\/\/fengchashop.com\/be-fr\/wp-json\/wp\/v2\/comments?post=6896"}],"wp:featuredmedia":[{"embeddable":true,"href":"https:\/\/fengchashop.com\/be-fr\/wp-json\/wp\/v2\/media\/6889"}],"wp:attachment":[{"href":"https:\/\/fengchashop.com\/be-fr\/wp-json\/wp\/v2\/media?parent=6896"}],"wp:term":[{"taxonomy":"product_brand","embeddable":true,"href":"https:\/\/fengchashop.com\/be-fr\/wp-json\/wp\/v2\/product_brand?post=6896"},{"taxonomy":"product_cat","embeddable":true,"href":"https:\/\/fengchashop.com\/be-fr\/wp-json\/wp\/v2\/product_cat?post=6896"},{"taxonomy":"product_tag","embeddable":true,"href":"https:\/\/fengchashop.com\/be-fr\/wp-json\/wp\/v2\/product_tag?post=6896"}],"curies":[{"name":"wp","href":"https:\/\/api.w.org\/{rel}","templated":true}]}}