{"id":6627,"date":"2022-05-23T15:45:25","date_gmt":"2022-05-23T13:45:25","guid":{"rendered":"https:\/\/fengchashop.com\/be-fr\/product\/cannelle-de-ceylan-bio-en-poudre-250-g\/"},"modified":"2026-04-18T04:59:28","modified_gmt":"2026-04-18T02:59:28","slug":"cannelle-de-ceylan-bio-en-poudre","status":"publish","type":"product","link":"https:\/\/fengchashop.com\/be-fr\/product\/cannelle-de-ceylan-bio-en-poudre\/","title":{"rendered":"Cannelle de Ceylan BIO en poudre 250 g"},"content":{"rendered":"<h2 style=\"text-align: justify\"><span style=\"color: #000000\">Cannelle de Ceylan en poudre BIO<\/span><\/h2>\n<p style=\"text-align: justify\"><span style=\"color: #000000\">La cannelle de Ceylan est originaire du Sri Lanka (anciennement appel\u00e9 Ceylan, d&rsquo;o\u00f9 le nom de la cannelle). Compar\u00e9e \u00e0 la cannelle <strong>chinoise<\/strong> ou cassia, que la plupart d&rsquo;entre nous connaissent mieux et que l&rsquo;on trouve dans la plupart des magasins, cette <strong>v\u00e9ritable cannelle<\/strong> est plus rare et donc beaucoup plus pr\u00e9cieuse. Diff\u00e9rentes qualit\u00e9s de cannelle sont produites au Sri Lanka, et notre choix de cannelle de Ceylan a un parfum subtil et d\u00e9licat. Elle a un go\u00fbt l\u00e9g\u00e8rement sucr\u00e9 et est utilis\u00e9e pour accompagner les desserts, les compotes, les g\u00e2teaux, les tartes et les biscuits, le punch et le vin chaud. Elle est utilis\u00e9e pour aromatiser le miel, le chocolat, les noix, le piment, les produits laitiers, les canneberges, les pommes cuites et les bananes. La cannelle peut \u00eatre saupoudr\u00e9e sur les fruits (salades de fruits, rago\u00fbts) et les c\u00e9r\u00e9ales, ajout\u00e9e au yaourt, au riz laitier, au fromage blanc et \u00e0 diverses boissons lact\u00e9es et fruit\u00e9es. Elle se marie \u00e9galement tr\u00e8s bien avec le th\u00e9 et le caf\u00e9, ainsi qu&rsquo;avec le cacao et le chocolat chaud. La cannelle est \u00e9galement l&rsquo;\u00e9pice de No\u00ebl la plus populaire. En fait, la cannelle est l&rsquo;une des<strong> \u00e9pices<\/strong> les plus<strong> polyvalentes<\/strong>, se pr\u00eatant \u00e0 de nombreuses combinaisons diff\u00e9rentes et parfois inhabituelles, notamment dans les cuisines orientale et mexicaine (par exemple dans les currys). Elle est traditionnellement utilis\u00e9e <strong>pour rehausser les plats<\/strong>. <\/span><\/p>\n<p style=\"text-align: justify\"><span style=\"color: #000000\">Notre cannelle est issue de l&rsquo;agriculture biologique.<\/span><\/p>\n<h2 style=\"text-align: justify\"><span style=\"color: #000000\">Conservation<\/span><\/h2>\n<p style=\"text-align: justify\"><span style=\"color: #000000\">Conservez la cannelle dans un endroit sec, sombre et frais. Veillez \u00e0 ce que le sac ou la bo\u00eete soit bien ferm\u00e9.<\/span><\/p>\n<h2 style=\"text-align: justify\"><span style=\"color: #000000\">Emballage<\/span><\/h2>\n<p style=\"text-align: justify\"><span style=\"color: #000000\">Un sac \u00e0 fermeture \u00e9clair non perm\u00e9able dans lequel le produit conserve toute sa fra\u00eecheur et son ar\u00f4me. L&#8217;emballage prot\u00e8ge de la lumi\u00e8re et de l&rsquo;air, car il est compos\u00e9 de plusieurs couches de protection pour pr\u00e9server les propri\u00e9t\u00e9s du contenu.<\/span><\/p>\n<p style=\"text-align: justify\"><span style=\"color: #000000\">L&#8217;emballage est tr\u00e8s pratique et recyclable.<\/span><\/p>\n<h2><span style=\"color: #000000\">Origine du produit<\/span><\/h2>\n<p><span style=\"color: #000000\">Sri Lanka<\/span><\/p>\n","protected":false},"excerpt":{"rendered":"<p>La cannelle peut \u00eatre associ\u00e9e \u00e0 la vanille, \u00e0 la coriandre et \u00e0 la noix de muscade, et elle est particuli\u00e8rement savoureuse et b\u00e9n\u00e9fique pour la sant\u00e9 lorsqu&rsquo;elle est associ\u00e9e au clou de girofle ou au curcuma. Elle peut \u00e9galement \u00eatre utilis\u00e9e dans les cosm\u00e9tiques maison et comme compl\u00e9ment alimentaire, car elle contient de nombreux ingr\u00e9dients importants et b\u00e9n\u00e9fiques pour l&rsquo;homme, et elle peut \u00e9galement \u00eatre utilis\u00e9e en aromath\u00e9rapie et pour parfumer les pi\u00e8ces. Comme la cannelle de Ceylan contient le moins de coumarine, dont on pense qu&rsquo;elle a un effet n\u00e9faste sur le foie et qu&rsquo;elle fluidifie le sang, elle est beaucoup plus adapt\u00e9e \u00e0 une consommation r\u00e9guli\u00e8re.<\/p>\n<p>\ud83d\udc9a Un puissant antioxydant.<br \/>\n\ud83d\udc9a Gestion de la glyc\u00e9mie.<br \/>\n\ud83d\udc9a Poss\u00e8de des propri\u00e9t\u00e9s antifongiques et antimicrobiennes.<br \/>\n\ud83d\udc9a Produit de mani\u00e8re biologique.<\/p>\n","protected":false},"featured_media":6628,"comment_status":"open","ping_status":"closed","template":"","meta":{"_acf_changed":false},"product_brand":[],"product_cat":[15,244,224,236,225],"product_tag":[],"class_list":{"0":"post-6627","1":"product","2":"type-product","3":"status-publish","4":"has-post-thumbnail","6":"product_cat-uncategorized","7":"product_cat-bons-plans","8":"product_cat-offre","9":"product_cat-the-nourriture-et-epices","10":"product_cat-tous-les-produits","12":"first","13":"instock","14":"sale","15":"taxable","16":"shipping-taxable","17":"purchasable","18":"product-type-simple"},"acf":[],"_links":{"self":[{"href":"https:\/\/fengchashop.com\/be-fr\/wp-json\/wp\/v2\/product\/6627","targetHints":{"allow":["GET"]}}],"collection":[{"href":"https:\/\/fengchashop.com\/be-fr\/wp-json\/wp\/v2\/product"}],"about":[{"href":"https:\/\/fengchashop.com\/be-fr\/wp-json\/wp\/v2\/types\/product"}],"replies":[{"embeddable":true,"href":"https:\/\/fengchashop.com\/be-fr\/wp-json\/wp\/v2\/comments?post=6627"}],"wp:featuredmedia":[{"embeddable":true,"href":"https:\/\/fengchashop.com\/be-fr\/wp-json\/wp\/v2\/media\/6628"}],"wp:attachment":[{"href":"https:\/\/fengchashop.com\/be-fr\/wp-json\/wp\/v2\/media?parent=6627"}],"wp:term":[{"taxonomy":"product_brand","embeddable":true,"href":"https:\/\/fengchashop.com\/be-fr\/wp-json\/wp\/v2\/product_brand?post=6627"},{"taxonomy":"product_cat","embeddable":true,"href":"https:\/\/fengchashop.com\/be-fr\/wp-json\/wp\/v2\/product_cat?post=6627"},{"taxonomy":"product_tag","embeddable":true,"href":"https:\/\/fengchashop.com\/be-fr\/wp-json\/wp\/v2\/product_tag?post=6627"}],"curies":[{"name":"wp","href":"https:\/\/api.w.org\/{rel}","templated":true}]}}