{"id":6622,"date":"2022-05-23T15:20:59","date_gmt":"2022-05-23T13:20:59","guid":{"rendered":"https:\/\/fengchashop.com\/be-fr\/product\/gingembre-en-poudre-bio-250-g\/"},"modified":"2026-04-27T12:08:04","modified_gmt":"2026-04-27T10:08:04","slug":"gingembre-en-poudre-bio","status":"publish","type":"product","link":"https:\/\/fengchashop.com\/be-fr\/product\/gingembre-en-poudre-bio\/","title":{"rendered":"Gingembre en poudre BIO 250 g"},"content":{"rendered":"<h2 style=\"text-align: justify\"><span style=\"color: #000000\">Gingembre en poudre BIO<\/span><\/h2>\n<p style=\"text-align: justify\"><span style=\"color: #000000\">Le gingembre est une plante originaire d&rsquo;Asie. La partie que nous utilisons pour la consommation est en fait la <strong>tige souterraine \u00e9paissie<\/strong> ou rhizome. Il est utilis\u00e9 \u00e0 des fins m\u00e9dicinales et nutritionnelles depuis des <strong>milliers d&rsquo;ann\u00e9es<\/strong> et son efficacit\u00e9 continue d&rsquo;\u00e9tonner aujourd&rsquo;hui. Le gingembre est riche en antioxydants, en min\u00e9raux et en substances anti-inflammatoires, c&rsquo;est pourquoi il est le plus souvent utilis\u00e9 avec du citron et du miel pendant la saison de la grippe, des maux de gorge et du rhume, car il a un effet b\u00e9n\u00e9fique sur tous les sympt\u00f4mes de ces affections. Il est \u00e9galement bon pour lutter contre les naus\u00e9es, car il calme les maux d&rsquo;estomac et apaise les douleurs, en fait il r\u00e9chauffe l&rsquo;estomac et le corps d&rsquo;une mani\u00e8re agr\u00e9able. La poudre de gingembre s\u00e9ch\u00e9 a un go\u00fbt plein et aromatique, rappelant l\u00e9g\u00e8rement le citron, avec une note \u00e9pic\u00e9e caract\u00e9ristique. Par rapport au gingembre frais, le gingembre s\u00e9ch\u00e9 est <strong>plus aromatique et piquant<\/strong>, il faut donc faire attention au dosage. Il est utilis\u00e9 pour<\/span><\/p>\n<p><span style=\"color: #000000\">\ud83d\udc9a am\u00e9liorer la <strong>saveur des<\/strong> aliments et des boissons ;<\/span><\/p>\n<p><span style=\"color: #000000\">\ud83d\udc9a soulager les <strong>naus\u00e9es<\/strong> et les <strong>vomissements<\/strong>, les <strong>flatulences<\/strong> et les <strong>indigestions<\/strong>;<\/span><\/p>\n<p><span style=\"color: #000000\">\ud83d\udc9a renforcer le <strong>syst\u00e8me<\/strong> <strong>immunitaire<\/strong>;<\/span><\/p>\n<p><span style=\"color: #000000\">\ud83d\udc9a r\u00e9duire le cholest\u00e9rol, la glyc\u00e9mie et la pression art\u00e9rielle ;<\/span><\/p>\n<p><span style=\"color: #000000\">\ud83d\udc9a fluidifier le sang et pr\u00e9venir l&rsquo;obstruction des art\u00e8res &#8211; comme l&rsquo;aspirine,<\/span><\/p>\n<p><span style=\"color: #000000\">\ud83d\udc9a soulager les douleurs musculaires et articulaires sans effets secondaires &#8211; \u00e9galement pour soulager les <strong>douleurs menstruelles<\/strong>;<\/span><\/p>\n<p><span style=\"color: #000000\">\ud83d\udc9a selon certaines recherches, il serait \u00e9galement un agent anticanc\u00e9reux ;<\/span><\/p>\n<p><span style=\"color: #000000\">\ud83d\udc9a aide \u00e0 la <strong>perte de poids<\/strong>, car des recherches sugg\u00e8rent qu&rsquo;il r\u00e9gule les niveaux de leptine, qui sont responsables de la sati\u00e9t\u00e9. <\/span><\/p>\n<p><span style=\"color: #000000\">\ud83d\udc9a Ce gingembre moulu est<strong> issu de l&rsquo;agriculture biologique<\/strong>.<\/span><\/p>\n<h2 style=\"text-align: justify\"><span style=\"color: #000000\">Conservation<\/span><\/h2>\n<p style=\"text-align: justify\"><span style=\"color: #000000\">Conserver dans un endroit sec, sombre et frais. Veillez \u00e0 ce que le sac ou la bo\u00eete soit bien ferm\u00e9.<\/span><\/p>\n<h2 style=\"text-align: justify\"><span style=\"color: #000000\">Conditionnement<\/span><\/h2>\n<p style=\"text-align: justify\"><span style=\"color: #000000\">Un sac \u00e0 fermeture \u00e9clair non perm\u00e9able dans lequel le produit conserve toute sa fra\u00eecheur et son ar\u00f4me. L&#8217;emballage prot\u00e8ge de la lumi\u00e8re et de l&rsquo;air, car il est compos\u00e9 de plusieurs couches de protection pour pr\u00e9server les propri\u00e9t\u00e9s du contenu.<\/span><\/p>\n<p style=\"text-align: justify\"><span style=\"color: #000000\">L&#8217;emballage est tr\u00e8s pratique et recyclable.<\/span><\/p>\n<h2><span style=\"color: #000000\">Origine du produit<\/span><\/h2>\n<p><span style=\"color: #000000\">P\u00e9rou<\/span><\/p>\n","protected":false},"excerpt":{"rendered":"<p>Il est utilis\u00e9 \u00e0 des fins m\u00e9dicinales et nutritionnelles depuis des mill\u00e9naires et son efficacit\u00e9 continue de surprendre aujourd&rsquo;hui. Le gingembre est riche en antioxydants, en min\u00e9raux et en substances anti-inflammatoires, c&rsquo;est pourquoi il est le plus souvent utilis\u00e9 avec du citron et du miel pendant la saison de la grippe, des maux de gorge et du rhume, car il a un effet b\u00e9n\u00e9fique sur tous les sympt\u00f4mes de ces affections. Il est \u00e9galement bon pour lutter contre les naus\u00e9es, car il calme les maux d&rsquo;estomac et apaise les douleurs, en fait il r\u00e9chauffe l&rsquo;estomac et le corps d&rsquo;une mani\u00e8re agr\u00e9able.<\/p>\n<p>\ud83d\udc9a Anti-inflammatoire.<br \/>\n\ud83d\udc9a Il nettoie le foie.<br \/>\n\ud83d\udc9a Soulage les probl\u00e8mes menstruels.<br \/>\n\ud83d\udc9a Un puissant antioxydant.<\/p>\n","protected":false},"featured_media":6623,"comment_status":"open","ping_status":"closed","template":"","meta":{"_acf_changed":false},"product_brand":[],"product_cat":[15,194,224,236,225],"product_tag":[],"class_list":{"0":"post-6622","1":"product","2":"type-product","3":"status-publish","4":"has-post-thumbnail","6":"product_cat-uncategorized","7":"product_cat-ayurveda","8":"product_cat-offre","9":"product_cat-the-nourriture-et-epices","10":"product_cat-tous-les-produits","12":"first","13":"instock","14":"taxable","15":"shipping-taxable","16":"purchasable","17":"product-type-simple"},"acf":[],"_links":{"self":[{"href":"https:\/\/fengchashop.com\/be-fr\/wp-json\/wp\/v2\/product\/6622","targetHints":{"allow":["GET"]}}],"collection":[{"href":"https:\/\/fengchashop.com\/be-fr\/wp-json\/wp\/v2\/product"}],"about":[{"href":"https:\/\/fengchashop.com\/be-fr\/wp-json\/wp\/v2\/types\/product"}],"replies":[{"embeddable":true,"href":"https:\/\/fengchashop.com\/be-fr\/wp-json\/wp\/v2\/comments?post=6622"}],"wp:featuredmedia":[{"embeddable":true,"href":"https:\/\/fengchashop.com\/be-fr\/wp-json\/wp\/v2\/media\/6623"}],"wp:attachment":[{"href":"https:\/\/fengchashop.com\/be-fr\/wp-json\/wp\/v2\/media?parent=6622"}],"wp:term":[{"taxonomy":"product_brand","embeddable":true,"href":"https:\/\/fengchashop.com\/be-fr\/wp-json\/wp\/v2\/product_brand?post=6622"},{"taxonomy":"product_cat","embeddable":true,"href":"https:\/\/fengchashop.com\/be-fr\/wp-json\/wp\/v2\/product_cat?post=6622"},{"taxonomy":"product_tag","embeddable":true,"href":"https:\/\/fengchashop.com\/be-fr\/wp-json\/wp\/v2\/product_tag?post=6622"}],"curies":[{"name":"wp","href":"https:\/\/api.w.org\/{rel}","templated":true}]}}