{"id":6611,"date":"2022-05-23T14:49:05","date_gmt":"2022-05-23T12:49:05","guid":{"rendered":"https:\/\/fengchashop.com\/be-fr\/product\/hibiscus-bio-250-g\/"},"modified":"2026-04-14T18:09:02","modified_gmt":"2026-04-14T16:09:02","slug":"hibiscus-bio","status":"publish","type":"product","link":"https:\/\/fengchashop.com\/be-fr\/product\/hibiscus-bio\/","title":{"rendered":"Hibiscus BIO 250 g"},"content":{"rendered":"<h2 style=\"text-align: justify\"><span style=\"color: #000000\">Hibiscus bio<\/span><\/h2>\n<p style=\"text-align: justify\"><span style=\"color: #000000\">L&rsquo;hibiscus est une plante \u00e0 grandes fleurs rouges. L&rsquo;hibiscus <strong>est extr\u00eamement b\u00e9n\u00e9fique pour la sant\u00e9<\/strong>. Il contient de la vitamine A, de la vitamine C, du zinc, de la vitamine B, des fibres, du cuivre, des prot\u00e9ines et de la vitamine B2. Il est tr\u00e8s populaire comme <strong>plante ornementale<\/strong> et les fleurs d&rsquo;hibiscus sont l&rsquo;<strong>ingr\u00e9dient principal de la<\/strong> plupart des th\u00e9s aux fruits que l&rsquo;on trouve dans les rayons des \u00e9piceries.<\/span><\/p>\n<p style=\"text-align: justify\"><span style=\"color: #000000\">Bien que l&rsquo;on pense surtout au th\u00e9, les fleurs d&rsquo;hibiscus peuvent \u00eatre utilis\u00e9es \u00e0 bien d&rsquo;autres fins dans la cuisine.<\/span><\/p>\n<h2 style=\"text-align: justify\"><span style=\"color: #000000\">Conservation<\/span><\/h2>\n<p style=\"text-align: justify\"><span style=\"color: #000000\">Conserver dans un endroit sec, sombre et frais. Veiller \u00e0 ce que le sac ou la bo\u00eete soit bien ferm\u00e9.<\/span><\/p>\n<h2 style=\"text-align: justify\"><span style=\"color: #000000\">Emballage<\/span><\/h2>\n<p><span style=\"color: #000000\">Sachet zip-lock non perm\u00e9able o\u00f9 le produit conserve toute sa fra\u00eecheur et son ar\u00f4me. L&#8217;emballage prot\u00e8ge contre la lumi\u00e8re et l&rsquo;air, car il est compos\u00e9 de plusieurs couches de protection pour pr\u00e9server les propri\u00e9t\u00e9s du contenu.<\/span><\/p>\n<p><span style=\"color: #000000\">L&#8217;emballage est tr\u00e8s pratique et recyclable.<\/span><\/p>\n<h2><span style=\"color: #000000\">Origine du produit<\/span><\/h2>\n<p><span style=\"color: #000000\">Niger<\/span><\/p>\n","protected":false},"excerpt":{"rendered":"<p style=\"text-align: justify\">Les fleurs d&rsquo;hibiscus sont l&rsquo;ingr\u00e9dient principal de la plupart des th\u00e9s aux fruits. Les fleurs d&rsquo;hibiscus peuvent \u00e9galement \u00eatre ajout\u00e9es \u00e0 une vari\u00e9t\u00e9 de boissons alcoolis\u00e9es et non alcoolis\u00e9es. L&rsquo;hibiscus peut \u00eatre utilis\u00e9 pour fabriquer du gin, qui est color\u00e9 d&rsquo;un beau rose par l&rsquo;hibiscus et qui a une saveur particuli\u00e8re. L&rsquo;hibiscus peut \u00e9galement \u00eatre utilis\u00e9 dans les m\u00e9langes d&rsquo;\u00e9pices, les salades, les plats de l\u00e9gumes et de viande, les desserts et les cr\u00e8mes.<\/p>\n<p>\ud83d\udc9a L&rsquo;hibiscus est excellent pour r\u00e9duire l&rsquo;hypertension art\u00e9rielle.<\/p>\n<p>\ud83d\udc9a Il aide \u00e0 soulager les sympt\u00f4mes de la d\u00e9pression et de la nervosit\u00e9.<\/p>\n<p>\ud83d\udc9a La vitamine C et la vitamine A en font un excellent produit pour la peau.<\/p>\n<p>\ud83d\udc9a Il poss\u00e8de des propri\u00e9t\u00e9s antioxydantes.<\/p>\n","protected":false},"featured_media":6612,"comment_status":"open","ping_status":"closed","template":"","meta":{"_acf_changed":false},"product_brand":[],"product_cat":[15,224,242,236,225],"product_tag":[],"class_list":{"0":"post-6611","1":"product","2":"type-product","3":"status-publish","4":"has-post-thumbnail","6":"product_cat-uncategorized","7":"product_cat-offre","8":"product_cat-the","9":"product_cat-the-nourriture-et-epices","10":"product_cat-tous-les-produits","12":"first","13":"instock","14":"sale","15":"taxable","16":"shipping-taxable","17":"purchasable","18":"product-type-simple"},"acf":[],"_links":{"self":[{"href":"https:\/\/fengchashop.com\/be-fr\/wp-json\/wp\/v2\/product\/6611","targetHints":{"allow":["GET"]}}],"collection":[{"href":"https:\/\/fengchashop.com\/be-fr\/wp-json\/wp\/v2\/product"}],"about":[{"href":"https:\/\/fengchashop.com\/be-fr\/wp-json\/wp\/v2\/types\/product"}],"replies":[{"embeddable":true,"href":"https:\/\/fengchashop.com\/be-fr\/wp-json\/wp\/v2\/comments?post=6611"}],"wp:featuredmedia":[{"embeddable":true,"href":"https:\/\/fengchashop.com\/be-fr\/wp-json\/wp\/v2\/media\/6612"}],"wp:attachment":[{"href":"https:\/\/fengchashop.com\/be-fr\/wp-json\/wp\/v2\/media?parent=6611"}],"wp:term":[{"taxonomy":"product_brand","embeddable":true,"href":"https:\/\/fengchashop.com\/be-fr\/wp-json\/wp\/v2\/product_brand?post=6611"},{"taxonomy":"product_cat","embeddable":true,"href":"https:\/\/fengchashop.com\/be-fr\/wp-json\/wp\/v2\/product_cat?post=6611"},{"taxonomy":"product_tag","embeddable":true,"href":"https:\/\/fengchashop.com\/be-fr\/wp-json\/wp\/v2\/product_tag?post=6611"}],"curies":[{"name":"wp","href":"https:\/\/api.w.org\/{rel}","templated":true}]}}