{"id":6592,"date":"2022-05-23T13:50:42","date_gmt":"2022-05-23T11:50:42","guid":{"rendered":"https:\/\/fengchashop.com\/be-fr\/product\/jiaogulan-100-g\/"},"modified":"2026-04-18T12:25:03","modified_gmt":"2026-04-18T10:25:03","slug":"jiaogulan","status":"publish","type":"product","link":"https:\/\/fengchashop.com\/be-fr\/product\/jiaogulan\/","title":{"rendered":"Jiaogulan 100 g"},"content":{"rendered":"<h2 style=\"text-align: justify\"><span style=\"color: #000000\">Jiaogulan (tisane)<\/span><\/h2>\n<p style=\"text-align: justify\"><span style=\"color: #000000\">Le Jiaogulan est une tisane m\u00e9dicinale, \u00e9galement connue sous le nom de Jiao Gu Lan ou <strong>Gynostemma<\/strong>. Cette tisane a la r\u00e9putation d&rsquo;\u00eatre <strong>un th\u00e9 d&rsquo;immortalit\u00e9 ou de long\u00e9vit\u00e9<\/strong>, car elle contient de nombreux ingr\u00e9dients actifs importants pour une longue vie. Les premi\u00e8res mentions connues du th\u00e9 remontent au XIVe si\u00e8cle avant J.-C. et ont \u00e9t\u00e9 trouv\u00e9es en Chine, o\u00f9 cette plante est encore aujourd&rsquo;hui indispensable \u00e0 la m\u00e9decine traditionnelle.<\/span><\/p>\n<p style=\"text-align: justify\"><span style=\"color: #000000\">Le jiaogulan est \u00e9galement une plante qui a fait l&rsquo;objet d&rsquo;\u00e9tudes scientifiques approfondies et \u00e0 laquelle de nombreux effets positifs ont \u00e9t\u00e9 attribu\u00e9s. Il est notamment <strong>anti-inflammatoire<\/strong>, <strong>d\u00e9toxifiant<\/strong> et <strong>anti-vieillissement<\/strong>. En outre, le jiaogulan est un <strong>puissant antioxydant<\/strong>. Comme le ginseng, il <strong>renforce l&rsquo;\u00e9nergie<\/strong>, r\u00e9\u00e9quilibre l <strong>&lsquo;<\/strong> organisme et <strong>am\u00e9liore le bien-\u00eatre g\u00e9n\u00e9ral<\/strong>. Selon la m\u00e9decine traditionnelle chinoise, il a un effet b\u00e9n\u00e9fique sur le syndrome de fatigue chronique et les palpitations cardiaques (sensation de battement dans la poitrine). Il est \u00e9galement souvent utilis\u00e9 pour des probl\u00e8mes de sant\u00e9 tels que la pr\u00e9vention et le soulagement du <strong>diab\u00e8te<\/strong> et de l&rsquo;<strong>hypercholest\u00e9rol\u00e9mie<\/strong>, ainsi que la pr\u00e9vention des effets du stress qui conduisent \u00e0 l&rsquo;<strong>anxi\u00e9t\u00e9<\/strong>. Ainsi, avec une utilisation r\u00e9guli\u00e8re, ses effets peuvent \u00eatre pleinement exploit\u00e9s, et la mod\u00e9ration permet \u00e9galement une consommation s\u00fbre, sans effets secondaires ou ind\u00e9sirables.<\/span><\/p>\n<h2 style=\"text-align: justify\"><span style=\"color: #000000\">Il aide notre corps \u00e0 se r\u00e9\u00e9quilibrer<\/span><\/h2>\n<p style=\"text-align: justify\"><span style=\"color: #000000\">Le Jiaogulan est \u00e9galement un <strong>adaptog\u00e8ne<\/strong>. Les plantes adaptog\u00e8nes aident l&rsquo;organisme \u00e0 s&rsquo;adapter \u00e0 divers facteurs environnementaux n\u00e9gatifs. Elles ont la capacit\u00e9 de r\u00e9guler et de contr\u00f4ler les syst\u00e8mes glandulaires et hormonaux, les syst\u00e8mes nerveux et cardiovasculaire et les muscles.<\/span><\/p>\n<p><span style=\"color: #000000\">Les adaptog\u00e8nes soutiennent la sant\u00e9 des organes vitaux et aident \u00e0 r\u00e9guler la glyc\u00e9mie, \u00e0 am\u00e9liorer les fonctions h\u00e9patiques, gastro-intestinales et cutan\u00e9es. Ils renforcent et revigorent l&rsquo;organisme. Ils stimulent \u00e9galement les glandes surr\u00e9nales, aidant le corps \u00e0 faire face efficacement au stress caus\u00e9 par des facteurs physiques (infections, blessures, manque de sommeil) ou psychologiques (anxi\u00e9t\u00e9).<\/span><\/p>\n<h2 style=\"text-align: justify\"><span style=\"color: #000000\">Autres noms<\/span><\/h2>\n<p style=\"text-align: justify\"><span style=\"color: #000000\"><em>Gynostemma pentalhyllum<\/em>. Parfois appel\u00e9 ginseng <em>du sud<\/em> en raison de ses effets et de son go\u00fbt similaires \u00e0 ceux du ginseng, il est \u00e9galement connu sous le nom de <em>ginseng du sud<\/em>, car il provient des r\u00e9gions m\u00e9ridionales de la Chine.<\/span><\/p>\n<h2><span style=\"color: #000000\">Aspect<\/span><\/h2>\n<p style=\"text-align: justify\"><span style=\"color: #000000\">Feuilles vert fonc\u00e9 \u00e9troitement torsad\u00e9es et petits rameaux fins.<\/span><\/p>\n<h2 style=\"text-align: justify\"><span style=\"color: #000000\">Go\u00fbt et ar\u00f4me<\/span><\/h2>\n<p style=\"text-align: justify\"><span style=\"color: #000000\">Notre jiaogulan est r\u00e9colt\u00e9 dans une nature sauvage et intacte. Il a un <strong>go\u00fbt sucr\u00e9<\/strong> int\u00e9ressant, tr\u00e8s proche de celui du ginseng. Le jiaogulan est sans aucun doute un choix savoureux, mais surtout sain, pour les amateurs de tisanes.<\/span><\/p>\n<h2 style=\"text-align: justify\"><span style=\"color: #000000\">Conservation<\/span><\/h2>\n<p style=\"text-align: justify\"><span style=\"color: #000000\">Le Jiaogulan doit \u00eatre conserv\u00e9 dans un endroit sec, sombre et frais. Le r\u00e9cipient doit \u00eatre bien ferm\u00e9.<\/span><\/p>\n<h2 style=\"text-align: justify\"><span style=\"color: #000000\">Emballage<\/span><\/h2>\n<p style=\"text-align: justify\"><span style=\"color: #000000\">Dans un sac \u00e0 fermeture \u00e9clair non perm\u00e9able, o\u00f9 le produit conserve toute sa fra\u00eecheur et son ar\u00f4me. L&#8217;emballage prot\u00e8ge de la lumi\u00e8re et de l&rsquo;air, car il est compos\u00e9 de plusieurs couches de protection qui pr\u00e9servent les propri\u00e9t\u00e9s du contenu.<\/span><\/p>\n<p style=\"text-align: justify\"><span style=\"color: #000000\">L&#8217;emballage est tr\u00e8s pratique et recyclable.<\/span><\/p>\n<h2 style=\"text-align: justify\"><span style=\"color: #000000\">Origine<\/span><\/h2>\n<p style=\"text-align: justify\"><span style=\"color: #000000\">Chine. Nous avons des fournisseurs tr\u00e8s fiables qui nous envoient une analyse chimique d\u00e9taill\u00e9e de la denr\u00e9e alimentaire pour chaque lot. En plus de dix ans, nous n&rsquo;avons eu aucun rappel ni aucun autre probl\u00e8me avec cet article, pas plus qu&rsquo;avec d&rsquo;autres articles du m\u00eame fournisseur.<\/span><\/p>\n","protected":false},"excerpt":{"rendered":"<p>Cette plante a fait l&rsquo;objet d&rsquo;\u00e9tudes scientifiques approfondies et on lui attribue de nombreux effets positifs. Elle <strong>est notamment anti-inflammatoire<\/strong>, <strong>d\u00e9toxifiante<\/strong> et <strong>a un effet anti-\u00e2ge<\/strong>. Selon la m\u00e9decine traditionnelle chinoise, elle a un effet b\u00e9n\u00e9fique sur le syndrome de fatigue chronique et les palpitations cardiaques (sensation de battement dans la poitrine). Elle est \u00e9galement fr\u00e9quemment utilis\u00e9e pour des probl\u00e8mes de sant\u00e9 tels que la pr\u00e9vention et le soulagement du <strong>diab\u00e8te<\/strong> et de l&rsquo;<strong>hypercholest\u00e9rol\u00e9mie<\/strong>, ainsi que la pr\u00e9vention des effets du stress entra\u00eenant l&rsquo;<strong>anxi\u00e9t\u00e9<\/strong>.<\/p>\n<p>\ud83d\udc9a Il s&rsquo;agit d&rsquo;une tisane curative.<br \/>\n\ud83d\udc9a Th\u00e9 d&rsquo;immortalit\u00e9 ou de long\u00e9vit\u00e9.<br \/>\n\ud83d\udc9a C&rsquo;est un adaptog\u00e8ne.<br \/>\n\ud83d\udc9a Un puissant antioxydant.<\/p>\n","protected":false},"featured_media":6593,"comment_status":"open","ping_status":"closed","template":"","meta":{"_acf_changed":false},"product_brand":[],"product_cat":[15,224,242,236,225],"product_tag":[],"class_list":{"0":"post-6592","1":"product","2":"type-product","3":"status-publish","4":"has-post-thumbnail","6":"product_cat-uncategorized","7":"product_cat-offre","8":"product_cat-the","9":"product_cat-the-nourriture-et-epices","10":"product_cat-tous-les-produits","12":"first","13":"instock","14":"sale","15":"taxable","16":"shipping-taxable","17":"purchasable","18":"product-type-simple"},"acf":[],"_links":{"self":[{"href":"https:\/\/fengchashop.com\/be-fr\/wp-json\/wp\/v2\/product\/6592","targetHints":{"allow":["GET"]}}],"collection":[{"href":"https:\/\/fengchashop.com\/be-fr\/wp-json\/wp\/v2\/product"}],"about":[{"href":"https:\/\/fengchashop.com\/be-fr\/wp-json\/wp\/v2\/types\/product"}],"replies":[{"embeddable":true,"href":"https:\/\/fengchashop.com\/be-fr\/wp-json\/wp\/v2\/comments?post=6592"}],"wp:featuredmedia":[{"embeddable":true,"href":"https:\/\/fengchashop.com\/be-fr\/wp-json\/wp\/v2\/media\/6593"}],"wp:attachment":[{"href":"https:\/\/fengchashop.com\/be-fr\/wp-json\/wp\/v2\/media?parent=6592"}],"wp:term":[{"taxonomy":"product_brand","embeddable":true,"href":"https:\/\/fengchashop.com\/be-fr\/wp-json\/wp\/v2\/product_brand?post=6592"},{"taxonomy":"product_cat","embeddable":true,"href":"https:\/\/fengchashop.com\/be-fr\/wp-json\/wp\/v2\/product_cat?post=6592"},{"taxonomy":"product_tag","embeddable":true,"href":"https:\/\/fengchashop.com\/be-fr\/wp-json\/wp\/v2\/product_tag?post=6592"}],"curies":[{"name":"wp","href":"https:\/\/api.w.org\/{rel}","templated":true}]}}