{"id":6477,"date":"2022-05-20T18:33:35","date_gmt":"2022-05-20T16:33:35","guid":{"rendered":"https:\/\/fengchashop.com\/be-fr\/product\/dmso-100-ml\/"},"modified":"2026-04-16T14:17:20","modified_gmt":"2026-04-16T12:17:20","slug":"dmso","status":"publish","type":"product","link":"https:\/\/fengchashop.com\/be-fr\/product\/dmso\/","title":{"rendered":"DMSO 100 ml"},"content":{"rendered":"<h2><span style=\"color: #000000\">DMSO de qualit\u00e9 sup\u00e9rieure<\/span><\/h2>\n<p><span style=\"color: #000000\">Le<strong>sulfoxyde de dim\u00e9thyle<\/strong>, \u00e9galement connu sous le nom de <strong>DMSO<\/strong>, a une histoire unique. D\u00e9couvert en Allemagne \u00e0 la fin du XIXe si\u00e8cle, ce sous-produit de la <strong>fabrication du papier<\/strong> est utilis\u00e9 comme solvant et est d\u00e9riv\u00e9 d&rsquo;une substance chimique pr\u00e9sente dans le bois.<\/span><\/p>\n<p><span style=\"color: #000000\">Il s&rsquo;agit d&rsquo;un <strong>produit naturel<\/strong> fabriqu\u00e9 \u00e0 partir de la <strong>pulpe de bois<\/strong> et qui ne pr\u00e9sente aucun risque pour la sant\u00e9 s&rsquo;il est utilis\u00e9 correctement. Le DMSO est un <strong>liquide organique, incolore, naturel et non synth\u00e9tis\u00e9<\/strong>, d\u00e9riv\u00e9 de la lignine, qui est r\u00e9put\u00e9 pour sa capacit\u00e9 \u00e0 traverser les membranes biologiques telles que la peau.<\/span><\/p>\n<p><span style=\"color: #000000\">Les scientifiques ont commenc\u00e9 \u00e0 \u00e9tudier les effets anti-inflammatoires de cette substance au milieu du 20e si\u00e8cle. Le DMSO est un m\u00e9dicament de prescription approuv\u00e9 par la Food and Drug Administration <strong>(FDA<\/strong> ) <strong>pour traiter les signes et les sympt\u00f4mes du syndrome de la vessie douloureuse<\/strong>. Il est \u00e9galement utilis\u00e9 pour <strong>traiter une vari\u00e9t\u00e9 d&rsquo;autres troubles m\u00e9dicaux<\/strong> en cas de besoin. Il est disponible sans ordonnance et se pr\u00e9sente le plus souvent sous forme de gel ou de cr\u00e8me.<\/span><\/p>\n<p><span style=\"color: #000000\">Le DMSO est un solvant polyvalent. Il peut \u00eatre administr\u00e9 par <strong>voie intraveineuse ou orale<\/strong> et, comme il p\u00e9n\u00e8tre rapidement, il est <strong>bien absorb\u00e9 par la peau<\/strong>. Il est souvent utilis\u00e9 pour <strong>am\u00e9liorer l&rsquo;absorption d&rsquo;autres m\u00e9dicaments<\/strong> dans l&rsquo;organisme et pour <strong>traiter l&rsquo;amylose<\/strong>, une maladie dans laquelle certaines prot\u00e9ines sont mal repli\u00e9es dans les tissus et les organes.<\/span><\/p>\n<h2><span style=\"color: #000000\">Quelles sont les conditions m\u00e9dicales qui peuvent \u00eatre trait\u00e9es avec le DMSO ?<\/span><\/h2>\n<p><span style=\"color: #000000\"> <em> Topique<\/em>: <strong>appliqu\u00e9 sur les plaies, les br\u00fblures et les blessures musculo-squelettiques<\/strong>, il <strong>r\u00e9duit l&rsquo;inconfort et acc\u00e9l\u00e8re la cicatrisation, r\u00e9duisant ainsi l&rsquo;apparence des cicatrices<\/strong>.<\/span><\/p>\n<p><span style=\"color: #000000\"> <em> Pour le traitement de<\/em>: l&rsquo;<strong>inflammation, l&rsquo;arthrite rhumato\u00efde, l&rsquo;arthrose, la cataracte, le glaucome, les mycoses des ongles, les maladies de la peau<\/strong> (traitement de la scl\u00e9rodermie &#8211; une maladie qui provoque des cicatrices sur la peau), les <strong>effets secondaires de la chimioth\u00e9rapie et les maux de t\u00eate<\/strong>.<\/span><\/p>\n<p><span style=\"color: #000000\">Le fait que le DMSO puisse r\u00e9duire ou \u00e9liminer la douleur dans les minutes qui suivent son application, comme l&rsquo;ont d\u00e9montr\u00e9 de nombreuses \u00e9tudes, accro\u00eet son utilisation. Toutefois, les personnes trait\u00e9es au DMSO se plaignent principalement de l&rsquo;odeur accablante de la substance, qui ressemble \u00e0 de l&rsquo;ail.<\/span><\/p>\n<p><span style=\"color: #000000\">L&rsquo;utilisation du DMSO est s\u00fbre selon les instructions, car il <strong>agit comme un antioxydant dans le corps<\/strong> et n&rsquo;est absolument pas toxique.<\/span><\/p>\n<p><span style=\"color: #000000\"><em><strong>Comment fonctionne le DMSO ?<\/strong><\/em><\/span><\/p>\n<p><span style=\"color: #000000\"> \ud83d\udc9a\u00a0 contre la coagulation du sang,<\/span><br \/>\n<span style=\"color: #000000\"> \ud83d\udc9a anti-inflammatoire,<\/span><br \/>\n<span style=\"color: #000000\"> \ud83d\udc9a\u00a0 antiviral et antibact\u00e9rien,<\/span><br \/>\n<span style=\"color: #000000\">\ud83d\udc9a\u00a0 antifongique,<\/span><br \/>\n<span style=\"color: #000000\"> \ud83d\udc9a stimulant (en stimulant le syst\u00e8me immunitaire),<\/span><br \/>\n<span style=\"color: #000000\"> \ud83d\udc9a vasodilatateur et<\/span><br \/>\n<span style=\"color: #000000\"> \ud83d\udc9a analg\u00e9sique.<\/span><\/p>\n<h2><span style=\"color: #000000\">Faits int\u00e9ressants<\/span><\/h2>\n<p><span style=\"color: #000000\">La FDA a approuv\u00e9 le DMSO \u00e0 la fin des ann\u00e9es 1970 pour <strong>aider \u00e0 traiter la cystite interstitielle<\/strong> (maladie de la vessie). C&rsquo;est toujours la seule m\u00e9thode de lavage (ou de placement) de la vessie approuv\u00e9e par la FDA pour cette affection. Les effets du DMSO sur les personnes atteintes de cystite interstitielle sont les suivants:<\/span><\/p>\n<p><span style=\"color: #000000\"> \ud83d\udc9a r\u00e9duit la douleur dans cette affection,<\/span><br \/>\n<span style=\"color: #000000\"> \ud83d\udc9a d\u00e9tend la vessie, et<\/span><br \/>\n<span style=\"color: #000000\"> \ud83d\udc9a augmente la capacit\u00e9 de la vessie.<\/span><\/p>\n<p><span style=\"color: #000000\">La structure mol\u00e9culaire du DMSO permet \u00e0 de nombreuses mol\u00e9cules qu&rsquo;il contient de se dissoudre compl\u00e8tement, ce qui leur permet de traverser les membranes cellulaires sans les endommager, m\u00eame si les compos\u00e9s eux-m\u00eames ne peuvent pas traverser la membrane. C&rsquo;est pourquoi le DMSO est souvent pr\u00e9sent dans les cr\u00e8mes antibact\u00e9riennes, les traitements oculaires antimycosiques et m\u00eame les st\u00e9ro\u00efdes pour une th\u00e9rapie anti-inflammatoire cibl\u00e9e.<\/span><\/p>\n<h2><span style=\"color: #000000\">Quantit\u00e9 de DMSO<\/span><\/h2>\n<p><span style=\"color: #000000\">100 ml<\/span><\/p>\n<h2><span style=\"color: #000000\">Conditionnement<\/span><\/h2>\n<p><span style=\"color: #000000\"> Dans un r\u00e9cipient en verre avec un compte-gouttes pour faciliter le dosage.<\/span><\/p>\n<h2><span style=\"color: #000000\">Avertissement<\/span><\/h2>\n<p><span style=\"color: #000000\">Tenir hors de port\u00e9e des enfants dans un endroit sombre. \u00c9viter tout contact avec les yeux et les v\u00eatements. En cas de contact du liquide avec les yeux, rincer imm\u00e9diatement \u00e0 l&rsquo;eau. Conserver \u00e0 l&rsquo;abri de la lumi\u00e8re directe du soleil. Les femmes enceintes et les m\u00e8res qui allaitent ne doivent pas utiliser le produit. En cas de r\u00e9action allergique, cesser l&rsquo;utilisation.<\/span><\/p>\n<h2><span style=\"color: #000000\">Origine du produit<\/span><\/h2>\n<p><span style=\"color: #000000\">Allemagne<\/span><\/p>\n","protected":false},"excerpt":{"rendered":"<p>Le DMSO de qualit\u00e9 sup\u00e9rieure est souvent utilis\u00e9 pour am\u00e9liorer l&rsquo;absorption d&rsquo;autres m\u00e9dicaments dans l&rsquo;organisme et pour traiter l&rsquo;amylose, une maladie dans laquelle certaines prot\u00e9ines sont mal repli\u00e9es dans les tissus et les organes. Les scientifiques ont commenc\u00e9 \u00e0 \u00e9tudier les effets anti-inflammatoires de cette substance au milieu du 20e si\u00e8cle.<\/p>\n<p><span style=\"color: #000000\">\ud83d\udc9a <\/span>Elle est produite naturellement.<br \/>\n<span style=\"color: #000000\">\ud83d\udc9a <\/span>Elle peut \u00eatre administr\u00e9e par voie intraveineuse et orale.<br \/>\n<span style=\"color: #000000\">\ud83d\udc9a <\/span>Elle a des propri\u00e9t\u00e9s anti-coagulantes.<br \/>\n<span style=\"color: #000000\">\ud83d\udc9a <\/span>Augmente la capacit\u00e9 de la vessie.<\/p>\n","protected":false},"featured_media":6478,"comment_status":"open","ping_status":"closed","template":"","meta":{"_acf_changed":false},"product_brand":[],"product_cat":[15,240,229,224,225],"product_tag":[],"class_list":{"0":"post-6477","1":"product","2":"type-product","3":"status-publish","4":"has-post-thumbnail","6":"product_cat-uncategorized","7":"product_cat-autre","8":"product_cat-de-retour-en-stock","9":"product_cat-offre","10":"product_cat-tous-les-produits","12":"first","13":"instock","14":"taxable","15":"shipping-taxable","16":"purchasable","17":"product-type-simple"},"acf":[],"_links":{"self":[{"href":"https:\/\/fengchashop.com\/be-fr\/wp-json\/wp\/v2\/product\/6477","targetHints":{"allow":["GET"]}}],"collection":[{"href":"https:\/\/fengchashop.com\/be-fr\/wp-json\/wp\/v2\/product"}],"about":[{"href":"https:\/\/fengchashop.com\/be-fr\/wp-json\/wp\/v2\/types\/product"}],"replies":[{"embeddable":true,"href":"https:\/\/fengchashop.com\/be-fr\/wp-json\/wp\/v2\/comments?post=6477"}],"wp:featuredmedia":[{"embeddable":true,"href":"https:\/\/fengchashop.com\/be-fr\/wp-json\/wp\/v2\/media\/6478"}],"wp:attachment":[{"href":"https:\/\/fengchashop.com\/be-fr\/wp-json\/wp\/v2\/media?parent=6477"}],"wp:term":[{"taxonomy":"product_brand","embeddable":true,"href":"https:\/\/fengchashop.com\/be-fr\/wp-json\/wp\/v2\/product_brand?post=6477"},{"taxonomy":"product_cat","embeddable":true,"href":"https:\/\/fengchashop.com\/be-fr\/wp-json\/wp\/v2\/product_cat?post=6477"},{"taxonomy":"product_tag","embeddable":true,"href":"https:\/\/fengchashop.com\/be-fr\/wp-json\/wp\/v2\/product_tag?post=6477"}],"curies":[{"name":"wp","href":"https:\/\/api.w.org\/{rel}","templated":true}]}}