{"id":6473,"date":"2024-07-04T08:44:00","date_gmt":"2024-07-04T06:44:00","guid":{"rendered":"https:\/\/fengchashop.com\/be-fr\/product\/solution-de-lugol-50-ml\/"},"modified":"2025-09-16T13:02:39","modified_gmt":"2025-09-16T11:02:39","slug":"solution-de-lugol","status":"publish","type":"product","link":"https:\/\/fengchashop.com\/be-fr\/product\/solution-de-lugol\/","title":{"rendered":"Solution de Lugol 50 ml"},"content":{"rendered":"<h2><span style=\"color: #000000;\">Solution de Lugol (gouttes d&rsquo;iode de qualit\u00e9 sup\u00e9rieure &#8211; 5 %)<\/span><\/h2>\n<p><span style=\"color: #000000;\">L&rsquo;<strong>iode<\/strong> (I) et l&rsquo;<strong>iodure de potassium<\/strong> (KI) sont combin\u00e9s \u00e0 de l&rsquo;<strong>eau distill\u00e9e pour former la solution de Lugol<\/strong>, souvent connue sous le nom d&rsquo;<strong>iode de Lugol<\/strong>. Jean Fran\u00e7ois Coindet (1774-1834) a \u00e9t\u00e9 le premier \u00e0 utiliser l&rsquo;iode \u00e0 des <strong>fins th\u00e9rapeutiques<\/strong>.<\/span><\/p>\n<p><span style=\"color: #000000;\">La solution de Lugol a \u00e9t\u00e9 mise au point en <strong>1829<\/strong> par le m\u00e9decin fran\u00e7ais <strong>Jean Guillaume Auguste Lugol<\/strong>, qui a d\u00e9couvert que l&rsquo;iodure de potassium augmentait la solubilit\u00e9 de l&rsquo;iode dans l&rsquo;eau. La solution de Lugol est un m\u00e9lange 1:2 d&rsquo;iode et d&rsquo;iodure de potassium. Le Dr Lugol a \u00e9galement d\u00e9couvert que l&rsquo;iode \u00e9tait un produit chimique utilisable et prometteur dans le traitement des infections. La solution de Lugol a \u00e9t\u00e9 combin\u00e9e \u00e0 d&rsquo;autres substances et utilis\u00e9e comme mati\u00e8re premi\u00e8re pour divers produits pendant de nombreuses ann\u00e9es.<\/span><\/p>\n<h2><span style=\"color: #000000;\">Quelle est l&rsquo;importance de l&rsquo;iode pour la sant\u00e9 ?<\/span><\/h2>\n<p><span style=\"color: #000000;\">L&rsquo;iode est un<strong> min\u00e9ral<\/strong> dont<strong> tous les mammif\u00e8res ont besoin pour<\/strong> survivre. Il est \u00e9galement un \u00e9l\u00e9ment important des <strong>hormones thyro\u00efdiennes<\/strong>, qui<strong>influencent le m\u00e9tabolisme, la croissance et le d\u00e9veloppement<\/strong>. L&rsquo;iode est \u00e9galement crucial <strong>pour le d\u00e9veloppement du cerveau<\/strong>, en particulier <strong>pendant la grossesse et la petite enfance<\/strong>. Il contr\u00f4le un certain nombre de processus biochimiques importants, notamment la synth\u00e8se des prot\u00e9ines et l&rsquo;activit\u00e9 enzymatique, qui sont <strong>essentiels au m\u00e9tabolisme et \u00e0 la bonne croissance des os et du syst\u00e8me nerveux du f\u0153tus et de l&rsquo;enfant<\/strong>.<\/span><\/p>\n<p><span style=\"color: #000000;\">L&rsquo;iode est \u00e9galement essentiel au <strong>maintien d&rsquo;une peau, de cheveux et d&rsquo;ongles sains<\/strong>, ainsi qu&rsquo;au <strong>bon fonctionnement de la glande thyro\u00efde et \u00e0 la lib\u00e9ration d&rsquo;\u00e9nergie au cours du m\u00e9tabolisme<\/strong>, et il a des <strong>fonctions cognitives<\/strong>. Les <strong>effets antiviraux, antibact\u00e9riens, antiparasitaires et anticanc\u00e9reux<\/strong> de l&rsquo;iode sont essentiels.<\/span><\/p>\n<p><span style=\"color: #000000;\">La solution de Lugol est \u00e9galement essentielle pour la <strong>sant\u00e9 et l&rsquo;hydratation des yeux<\/strong>.<\/span><\/p>\n<p><span style=\"color: #000000;\">L&rsquo;iode est aussi sans doute le plus connu des <strong>d\u00e9sinfectants ou antiseptiques<\/strong>.<\/span><\/p>\n<h2><span style=\"color: #000000;\">\u00c0 qui recommande-t-on la solution de Lugol et pourquoi l&rsquo;utilise-t-on ?<\/span><\/h2>\n<p><span style=\"color: #000000;\">Tous les tissus et organes humains contiennent des traces de l&rsquo;\u00e9l\u00e9ment iode. L&rsquo;iode le plus abondant se trouve dans la glande thyro\u00efde, les grandes glandes salivaires, le pancr\u00e9as, les glandes lacrymales, les tissus reproducteurs tels que les seins, les ovaires et la prostate, ainsi que dans la muqueuse gastrique, le liquide c\u00e9phalo-rachidien et la peau humaine.<\/span><\/p>\n<p><span style=\"color: #000000;\">L&rsquo;iode est essentiel <strong>\u00e0 la production d&rsquo;hormones thyro\u00efdiennes et \u00e0 la r\u00e9gulation du m\u00e9tabolisme<\/strong>, ce qui influe sur les niveaux d&rsquo;\u00e9nergie et la clart\u00e9 mentale. <strong>Les effets d&rsquo;une carence en iode sont les suivants<\/strong><\/span><\/p>\n<p><span style=\"color: #000000;\">&#8211; Faible niveau d&rsquo;\u00e9nergie,<\/span><br \/>\n<span style=\"color: #000000;\">&#8211; prise de poids,<\/span><br \/>\n<span style=\"color: #000000;\">&#8211; calvitie et<\/span><br \/>\n<span style=\"color: #000000;\">&#8211; un risque accru de cancer.<\/span><\/p>\n<p><span style=\"color: #000000;\">L&rsquo;iode aide \u00e9galement l&rsquo;organisme \u00e0 <strong>\u00e9liminer le plomb et le mercure<\/strong> et le <strong>prot\u00e8ge contre les toxines courantes<\/strong> telles que le brome, le fluor et le chlore.<\/span><\/p>\n<p><span style=\"color: #000000;\"><em><strong>Les sympt\u00f4mes d&rsquo;une carence en iode sont les suivants<\/strong><\/em><\/span><\/p>\n<p><span style=\"color: #000000;\">&#8211; Crampes musculaires,<\/span><br \/>\n<span style=\"color: #000000;\">&#8211; risque accru d&rsquo;ob\u00e9sit\u00e9,<\/span><br \/>\n<span style=\"color: #000000;\">&#8211; d\u00e9pression,<\/span><br \/>\n<span style=\"color: #000000;\">&#8211; perte de m\u00e9moire,<\/span><br \/>\n<span style=\"color: #000000;\">&#8211; constipation,<\/span><br \/>\n<span style=\"color: #000000;\">&#8211; naus\u00e9es,<\/span><br \/>\n<span style=\"color: #000000;\">&#8211; ongles cassants et peau fissur\u00e9e,<\/span><br \/>\n<span style=\"color: #000000;\">&#8211; pieds et mains froids.<\/span><\/p>\n<p><span style=\"color: #000000;\"><em><strong>La consommation d&rsquo;iode peut pr\u00e9venir et traiter :<\/strong><\/em><\/span><\/p>\n<p><span style=\"color: #000000;\"> \ud83d\udc9a les probl\u00e8mes de prostate<\/span><br \/>\n<span style=\"color: #000000;\"> \ud83d\udc9a les maladies fibrokystiques et autres maladies du sein<\/span><br \/>\n<span style=\"color: #000000;\">\ud83d\udc9a les infections vaginales<\/span><br \/>\n<span style=\"color: #000000;\">\ud83d\udc9a les probl\u00e8mes de thyro\u00efde,<\/span><br \/>\n<span style=\"color: #000000;\"> \ud83d\udc9a les probl\u00e8mes de foie<\/span><br \/>\n<span style=\"color: #000000;\">\ud83d\udc9a tumeurs b\u00e9nignes,<\/span><br \/>\n<span style=\"color: #000000;\">\ud83d\udc9a la croissance et le d\u00e9veloppement mental des enfants,<\/span><br \/>\n<span style=\"color: #000000;\">\ud83d\udc9a les maux de t\u00eate (y compris les migraines),<\/span><br \/>\n<span style=\"color: #000000;\">\ud83d\udc9a la calvitie,<\/span><br \/>\n<span style=\"color: #000000;\"> \ud83d\udc9a h\u00e9morro\u00efdes,<\/span><br \/>\n<span style=\"color: #000000;\"> \ud83d\udc9a l&rsquo;hyperactivit\u00e9 et les troubles de l&rsquo;attention,<\/span><br \/>\n<span style=\"color: #000000;\"> \ud83d\udc9a ath\u00e9roscl\u00e9rose,<\/span><br \/>\n<span style=\"color: #000000;\"> \ud83d\udc9a d\u00e9pression<\/span><br \/>\n<span style=\"color: #000000;\">\ud83d\udc9a la fatigue,&#8230;<\/span><\/p>\n<h2><span style=\"color: #000000;\">Faits int\u00e9ressants<\/span><\/h2>\n<p><span style=\"color: #000000;\">De graves carences en iode ont \u00e9t\u00e9 constat\u00e9es par le pass\u00e9 chez des enfants et des adultes en Slov\u00e9nie, car la plupart des repas ne contiennent naturellement qu&rsquo;une quantit\u00e9 modeste d&rsquo;iode.<\/span><\/p>\n<p><span style=\"color: #000000;\">Apr\u00e8s l&rsquo;accident nucl\u00e9aire de Tchernobyl, la solution de Lugol a \u00e9galement \u00e9t\u00e9 utilis\u00e9e pour prot\u00e9ger les personnes des radiations radioactives.<\/span><\/p>\n<p><span style=\"color: #000000;\">Il peut \u00eatre difficile de trouver de l&rsquo;iode, mais de nombreux aliments en contiennent naturellement. Il s&rsquo;agit notamment du poisson, du porc, du fromage, des algues et du varech.<\/span><\/p>\n<p><span style=\"color: #000000;\">La carence en iode est un probl\u00e8me courant aujourd&rsquo;hui. L&rsquo;iode \u00e9tait souvent ajout\u00e9 aux pains et aux p\u00e2tisseries, mais on ne le trouve plus que dans quelques salades. L&rsquo;iode s&rsquo;\u00e9vapore du sel, ce qui est moins connu, et on ne sait pas exactement quelle quantit\u00e9 d&rsquo;iode \u00e9vapor\u00e9 p\u00e9n\u00e8tre dans l&rsquo;organisme. La teneur en iode du r\u00e9gime alimentaire est limit\u00e9e par l&rsquo;appauvrissement du sol r\u00e9sultant d&rsquo;une utilisation excessive et inappropri\u00e9e des terres.<\/span><\/p>\n<h2><span style=\"color: #000000;\">Quantit\u00e9<\/span><\/h2>\n<p><span style=\"color: #000000;\">50 ml<\/span><\/p>\n<h2 style=\"text-align: justify;\"><span style=\"color: #000000;\">Conditionnement<\/span><\/h2>\n<p><span style=\"color: #000000;\"> Dans un r\u00e9cipient en verre avec un compte-gouttes pour faciliter le dosage.<br \/>\n<\/span><\/p>\n<h2 style=\"text-align: justify;\"><span style=\"color: #000000;\">Avertissement<\/span><\/h2>\n<p style=\"text-align: justify;\"><span style=\"color: #000000;\">Tenir hors de port\u00e9e des enfants, \u00e0 l&rsquo;abri de la lumi\u00e8re. <\/span><\/p>\n<h2 style=\"text-align: justify;\"><span style=\"color: #000000;\">Origine<\/span><\/h2>\n<p style=\"text-align: justify;\"><span style=\"color: #000000;\">UE<\/span><\/p>\n","protected":false},"excerpt":{"rendered":"<p>Solution de Lugol &#8211; 5%. La solution de Lugol a \u00e9t\u00e9 mise au point en 1829 par le m\u00e9decin fran\u00e7ais Jean Guillaume Auguste Lugol, qui a d\u00e9couvert que l&rsquo;iodure de potassium augmentait la solubilit\u00e9 de l&rsquo;iode dans l&rsquo;eau. La solution de Lugol est un m\u00e9lange 1:2 d&rsquo;iode et d&rsquo;iodure de potassium. L&rsquo;iode est un min\u00e9ral dont tous les mammif\u00e8res ont besoin pour survivre. C&rsquo;est \u00e9galement un composant important des hormones thyro\u00efdiennes, qui affectent le m\u00e9tabolisme, la croissance et le d\u00e9veloppement.<\/p>\n<p>\ud83d\udc9a Pr\u00e9vient et traite les maux de t\u00eate (y compris les migraines).<br \/>\n\ud83d\udc9a Prot\u00e8ge contre les toxines courantes.<br \/>\n\ud83d\udc9a Il est essentiel \u00e0 la production d&rsquo;hormones thyro\u00efdiennes et \u00e0 la r\u00e9gulation du m\u00e9tabolisme.<br \/>\n\ud83d\udc9a Pr\u00e9vient le risque accru de cancer.<\/p>\n","protected":false},"featured_media":6474,"comment_status":"open","ping_status":"closed","template":"","meta":{"_acf_changed":false},"product_brand":[],"product_cat":[15,240,229,224,225],"product_tag":[],"class_list":{"0":"post-6473","1":"product","2":"type-product","3":"status-publish","4":"has-post-thumbnail","6":"product_cat-uncategorized","7":"product_cat-autre","8":"product_cat-de-retour-en-stock","9":"product_cat-offre","10":"product_cat-tous-les-produits","12":"first","13":"instock","14":"taxable","15":"shipping-taxable","16":"purchasable","17":"product-type-simple"},"acf":[],"_links":{"self":[{"href":"https:\/\/fengchashop.com\/be-fr\/wp-json\/wp\/v2\/product\/6473","targetHints":{"allow":["GET"]}}],"collection":[{"href":"https:\/\/fengchashop.com\/be-fr\/wp-json\/wp\/v2\/product"}],"about":[{"href":"https:\/\/fengchashop.com\/be-fr\/wp-json\/wp\/v2\/types\/product"}],"replies":[{"embeddable":true,"href":"https:\/\/fengchashop.com\/be-fr\/wp-json\/wp\/v2\/comments?post=6473"}],"wp:featuredmedia":[{"embeddable":true,"href":"https:\/\/fengchashop.com\/be-fr\/wp-json\/wp\/v2\/media\/6474"}],"wp:attachment":[{"href":"https:\/\/fengchashop.com\/be-fr\/wp-json\/wp\/v2\/media?parent=6473"}],"wp:term":[{"taxonomy":"product_brand","embeddable":true,"href":"https:\/\/fengchashop.com\/be-fr\/wp-json\/wp\/v2\/product_brand?post=6473"},{"taxonomy":"product_cat","embeddable":true,"href":"https:\/\/fengchashop.com\/be-fr\/wp-json\/wp\/v2\/product_cat?post=6473"},{"taxonomy":"product_tag","embeddable":true,"href":"https:\/\/fengchashop.com\/be-fr\/wp-json\/wp\/v2\/product_tag?post=6473"}],"curies":[{"name":"wp","href":"https:\/\/api.w.org\/{rel}","templated":true}]}}