{"id":6396,"date":"2025-07-25T06:05:06","date_gmt":"2025-07-25T04:05:06","guid":{"rendered":"https:\/\/fengchashop.com\/be-fr\/product\/glucomannane-bio-250-g\/"},"modified":"2025-09-10T10:40:07","modified_gmt":"2025-09-10T08:40:07","slug":"glucomannane-bio","status":"publish","type":"product","link":"https:\/\/fengchashop.com\/be-fr\/product\/glucomannane-bio\/","title":{"rendered":"Glucomannane BIO 250 g"},"content":{"rendered":"<h2 style=\"text-align: justify;\"><span style=\"color: #000000;\">Cognac Glucomannan en poudre BIO<\/span><\/h2>\n<p><span style=\"color: #000000;\">Le glucomannane a m\u00eame \u00e9t\u00e9 reconnu par l&rsquo;<strong>EFSA<\/strong> (Autorit\u00e9 europ\u00e9enne de s\u00e9curit\u00e9 des aliments) comme compl\u00e9ment alimentaire pour aider \u00e0 la perte de poids. Il <strong>contribue<\/strong> efficacement \u00e0 la <strong>perte de poids<\/strong> dans le cadre d&rsquo;un r\u00e9gime hypocalorique.<\/span><\/p>\n<p><span style=\"color: #000000;\">Le glucomannane agit <strong>sur la perte de poids \u00e0 plusieurs niveaux<\/strong>. Il a une tr\u00e8s faible valeur calorique. Il est pratiquement d\u00e9pourvu de glucides et de graisses. Il nous remplit de fibres, ce qui est tr\u00e8s important pour notre tube digestif. Il nous donne \u00e9galement une bonne composition bact\u00e9rienne (probiotique). Si nous consommons du glucomannane avant les repas, nous r\u00e9duisons simplement notre app\u00e9tit et mangeons moins. En outre, il ralentit la vidange de l&rsquo;estomac, de sorte que nous ressentons rapidement une sensation de sati\u00e9t\u00e9.<\/span><\/p>\n<p><span style=\"color: #000000;\">L&rsquo;EFSA a \u00e9galement confirm\u00e9 que le glucomannane contribue \u00e0 maintenir un <strong>taux de cholest\u00e9rol sanguin normal<\/strong>.<\/span><\/p>\n<p><span style=\"color: #000000;\">Le glucomannane est <strong>enti\u00e8rement naturel<\/strong> et est extrait du tubercule de la plante Konjac (Amorphophallus konjac). Il <strong>ne contient pas de gluten<\/strong>, s&rsquo;absorbe bien dans l&rsquo;eau et constitue une <strong>excellente source de fibres<\/strong>. Notre glucomannane est issu de la <strong>production biologique<\/strong>.<\/span><\/p>\n<p><span style=\"color: #000000;\"><strong>Autres effets :<\/strong><\/span><\/p>\n<p><span style=\"color: #000000;\"><strong>Anti-constipation<\/strong>. Si vous ne consommez pas assez de fibres, vous pouvez les remplacer par du glucomannane. Celui-ci augmente \u00e9galement la pr\u00e9sence de bonnes bact\u00e9ries dans les selles, ce qui contribue \u00e9galement \u00e0 un transit intestinal r\u00e9gulier.<\/span><\/p>\n<p><span style=\"color: #000000;\">Il r\u00e9duit le<strong> taux de sucre dans le sang<\/strong>. Des patients trait\u00e9s pour un taux de cholest\u00e9rol \u00e9lev\u00e9 ont \u00e9galement vu leur taux de glyc\u00e9mie diminuer apr\u00e8s avoir pris du glucomannane.<\/span><\/p>\n<p><span style=\"color: #000000;\">Le glucomannane agit \u00e9galement <strong>sur la peau<\/strong>. Il nous aide \u00e0 r\u00e9duire l&rsquo;acn\u00e9 et \u00e0 am\u00e9liorer la cicatrisation des plaies. Il a un effet positif sur les allergies et contribue g\u00e9n\u00e9ralement \u00e0 rendre la peau plus saine.<\/span><\/p>\n<h2 style=\"text-align: justify;\"><span style=\"color: #000000;\">Utilisations m\u00e9dicinales<\/span><\/h2>\n<p style=\"text-align: justify;\"><span style=\"color: #000000;\">Si nous voulons perdre du poids, nous devrions prendre <strong>3 grammes de glucomannane par jour<\/strong>. Prendre 1 gramme avant chaque repas (petit-d\u00e9jeuner, d\u00e9jeuner, d\u00eener), m\u00e9langer rapidement la poudre avec de l&rsquo;eau et boire imm\u00e9diatement.<\/span><\/p>\n<p><span style=\"color: #000000;\">En revanche, si vous souhaitez r\u00e9duire votre taux de cholest\u00e9rol sanguin, vous devez prendre <strong>4 grammes par jour<\/strong>. L\u00e0 encore, m\u00e9langez bien la poudre avec de l&rsquo;eau et buvez imm\u00e9diatement.<\/span><\/p>\n<h2 style=\"text-align: justify;\"><span style=\"color: #000000;\">Conditionnement<\/span><\/h2>\n<p style=\"text-align: justify;\"><span style=\"color: #000000;\">Sachet zip-lock non perm\u00e9able o\u00f9 le produit conserve toute sa fra\u00eecheur et son ar\u00f4me. L&#8217;emballage prot\u00e8ge le produit de la lumi\u00e8re et de l&rsquo;air, car il est compos\u00e9 de plusieurs couches de protection qui pr\u00e9servent les propri\u00e9t\u00e9s du contenu.<\/span><\/p>\n<p style=\"text-align: justify;\"><span style=\"color: #000000;\">L&#8217;emballage est tr\u00e8s pratique et recyclable.<\/span><\/p>\n<h2 style=\"text-align: justify;\"><span style=\"color: #000000;\">Origine<\/span><\/h2>\n<p style=\"text-align: justify;\"><span style=\"color: #000000;\">Chine. Nous avons des fournisseurs tr\u00e8s fiables qui nous envoient une analyse chimique d\u00e9taill\u00e9e de la denr\u00e9e alimentaire pour chaque lot. En plus de dix ans, nous n&rsquo;avons eu aucun rappel ou autre probl\u00e8me avec cet article, ni avec d&rsquo;autres articles du m\u00eame fournisseur.<\/span><\/p>\n<p style=\"text-align: justify;\"><span style=\"color: #000000;\">L&rsquo;article est certifi\u00e9 biologique \u00e0 100 %.<\/span><\/p>\n","protected":false},"excerpt":{"rendered":"<p>Le glucomannane a m\u00eame \u00e9t\u00e9 reconnu par l&rsquo;EFSA (Autorit\u00e9 europ\u00e9enne de s\u00e9curit\u00e9 des aliments) comme compl\u00e9ment alimentaire pour aider \u00e0 la perte de poids. Il contribue efficacement \u00e0 la perte de poids dans le cadre d&rsquo;un r\u00e9gime hypocalorique. L&rsquo;EFSA a \u00e9galement confirm\u00e9 que le glucomannane contribue \u00e0 maintenir un taux de cholest\u00e9rol sanguin normal.<\/p>\n<p>\ud83d\udc9a Il agit contre la constipation.<br \/>\n\ud83d\udc9a R\u00e9duit la glyc\u00e9mie.<br \/>\n\ud83d\udc9a Il est bon pour notre peau. Nous aide \u00e0 r\u00e9duire l&rsquo;acn\u00e9, am\u00e9liore la cicatrisation des plaies.<\/p>\n","protected":false},"featured_media":6390,"comment_status":"open","ping_status":"closed","template":"","meta":{"_acf_changed":false},"product_brand":[],"product_cat":[15,224,236,225],"product_tag":[],"class_list":{"0":"post-6396","1":"product","2":"type-product","3":"status-publish","4":"has-post-thumbnail","6":"product_cat-uncategorized","7":"product_cat-offre","8":"product_cat-the-nourriture-et-epices","9":"product_cat-tous-les-produits","11":"first","12":"instock","13":"taxable","14":"shipping-taxable","15":"purchasable","16":"product-type-simple"},"acf":[],"_links":{"self":[{"href":"https:\/\/fengchashop.com\/be-fr\/wp-json\/wp\/v2\/product\/6396","targetHints":{"allow":["GET"]}}],"collection":[{"href":"https:\/\/fengchashop.com\/be-fr\/wp-json\/wp\/v2\/product"}],"about":[{"href":"https:\/\/fengchashop.com\/be-fr\/wp-json\/wp\/v2\/types\/product"}],"replies":[{"embeddable":true,"href":"https:\/\/fengchashop.com\/be-fr\/wp-json\/wp\/v2\/comments?post=6396"}],"wp:featuredmedia":[{"embeddable":true,"href":"https:\/\/fengchashop.com\/be-fr\/wp-json\/wp\/v2\/media\/6390"}],"wp:attachment":[{"href":"https:\/\/fengchashop.com\/be-fr\/wp-json\/wp\/v2\/media?parent=6396"}],"wp:term":[{"taxonomy":"product_brand","embeddable":true,"href":"https:\/\/fengchashop.com\/be-fr\/wp-json\/wp\/v2\/product_brand?post=6396"},{"taxonomy":"product_cat","embeddable":true,"href":"https:\/\/fengchashop.com\/be-fr\/wp-json\/wp\/v2\/product_cat?post=6396"},{"taxonomy":"product_tag","embeddable":true,"href":"https:\/\/fengchashop.com\/be-fr\/wp-json\/wp\/v2\/product_tag?post=6396"}],"curies":[{"name":"wp","href":"https:\/\/api.w.org\/{rel}","templated":true}]}}